{"id":5476,"date":"2023-05-24T08:58:52","date_gmt":"2023-05-24T06:58:52","guid":{"rendered":"https:\/\/darkslategrey-ape-696608.hostingersite.com\/what-to-see\/heritage\/old-quarter\/ermita-humilladero-de-santo-cristo-del-amparo\/"},"modified":"2024-05-23T16:00:42","modified_gmt":"2024-05-23T14:00:42","slug":"chapel-of-the-shrine-of-the-holy-christ","status":"publish","type":"page","link":"https:\/\/visitplentzia.eus\/en\/what-to-see\/heritage\/old-quarter\/chapel-of-the-shrine-of-the-holy-christ\/","title":{"rendered":"Chapel of the Shrine of the Holy Christ"},"content":{"rendered":"\n<div class=\"wp-block-columns is-layout-flex wp-container-core-columns-is-layout-9d6595d7 wp-block-columns-is-layout-flex\">\n<div class=\"wp-block-column is-layout-flow wp-block-column-is-layout-flow\">\n<figure class=\"wp-block-image size-full\"><img loading=\"lazy\" decoding=\"async\" width=\"360\" height=\"480\" src=\"http:\/\/visitplentzia.eus\/wp-content\/uploads\/2023\/05\/ermitacristo-2-360x480-1.jpg\" alt=\"\" class=\"wp-image-267\" srcset=\"https:\/\/visitplentzia.eus\/wp-content\/uploads\/2023\/05\/ermitacristo-2-360x480-1.jpg 360w, https:\/\/visitplentzia.eus\/wp-content\/uploads\/2023\/05\/ermitacristo-2-360x480-1-225x300.jpg 225w\" sizes=\"auto, (max-width: 360px) 100vw, 360px\" \/><\/figure>\n<\/div>\n\n\n\n<div class=\"wp-block-column is-layout-flow wp-block-column-is-layout-flow\">\n<p>From an architectural viewpoint, the building consists of a rectangular floor plan with a single nave and choir that receive light from three round openings. The lintelled door has lost the metal cornicework which once protected it and is reached by a staircase leading up to it. It is built in plastered and whitewashed stone masonry, and the gable end of the fa\u00e7ade is topped with a belfry containing a bell.<\/p>\n\n\n\n<p>The original building was restored in 1906 under instruction from the master builder Jos\u00e9 Bilbao Lopategui. The work was executed by the local contractor Mart\u00edn Gonz\u00e1lez de Durana.<\/p>\n\n\n\n<p>The building was originally an old chapel. These were religious medieval buildings inside towns and outside the town walls, frequently at the entrance to villages or at crossroads to provide travellers with a place to pray during their journeys. They were of simple construction, consisting of a pedestal with a cross or image placed over it.<\/p>\n<\/div>\n<\/div>\n\n\n\n<p>Over time, they were converted into roofed chapels, which are commonly found in the region, such as the ones in Fruiz, Arrieta or Fika. In some cases, these buildings served as places where wakes were held, as the popular custom required the public to pay their respects in the presence of the deceased before their burial.<\/p>\n\n\n\n<iframe src=\"https:\/\/www.google.com\/maps\/embed?pb=!1m14!1m8!1m3!1d362.3377586977361!2d-2.9461825!3d43.4041562!3m2!1i1024!2i768!4f13.1!3m3!1m2!1s0xd4e5d7dd2538211%3A0xc5a79f88abf999fe!2sErmita%20humilladero%20del%20Santo%20Cristo!5e0!3m2!1ses!2ses!4v1684918772048!5m2!1ses!2ses\" width=\"1000\" height=\"400\" style=\"border:0;\" allowfullscreen=\"\" loading=\"lazy\" referrerpolicy=\"no-referrer-when-downgrade\"><\/iframe>\n","protected":false},"excerpt":{"rendered":"<p>From an architectural viewpoint, the building consists of a rectangular floor plan with a single nave and choir that receive light from three round openings. The lintelled door has lost the metal cornicework which once protected it and is reached by a staircase leading up to it. It is built in plastered and whitewashed stone [&hellip;]<\/p>\n","protected":false},"author":1,"featured_media":5477,"parent":5446,"menu_order":0,"comment_status":"closed","ping_status":"closed","template":"page-templates\/page-que-ver.php","meta":{"_genesis_hide_title":false,"_genesis_hide_breadcrumbs":false,"_genesis_hide_singular_image":false,"_genesis_hide_footer_widgets":false,"_genesis_custom_body_class":"","_genesis_custom_post_class":"","_genesis_layout":"","footnotes":""},"class_list":{"0":"post-5476","1":"page","2":"type-page","3":"status-publish","4":"has-post-thumbnail","6":"entry"},"acf":[],"yoast_head":"<!-- This site is optimized with the Yoast SEO plugin v27.4 - https:\/\/yoast.com\/product\/yoast-seo-wordpress\/ -->\n<title>Humilladero Hermitage of Santo Cristo del Amparo de Plentzia<\/title>\n<meta name=\"description\" content=\"The Humilladero Hermitage of Santo Cristo del Amparo de Plentzia from an architectural perspective has a rectangular plan.\" \/>\n<meta name=\"robots\" content=\"index, follow, max-snippet:-1, max-image-preview:large, max-video-preview:-1\" \/>\n<link rel=\"canonical\" href=\"https:\/\/visitplentzia.eus\/en\/what-to-see\/heritage\/old-quarter\/chapel-of-the-shrine-of-the-holy-christ\/\" \/>\n<meta property=\"og:locale\" content=\"en_US\" \/>\n<meta property=\"og:type\" content=\"article\" \/>\n<meta property=\"og:title\" content=\"Humilladero Hermitage of Santo Cristo del Amparo de Plentzia\" \/>\n<meta property=\"og:description\" content=\"The Humilladero Hermitage of Santo Cristo del Amparo de Plentzia from an architectural perspective has a rectangular plan.\" \/>\n<meta property=\"og:url\" content=\"https:\/\/visitplentzia.eus\/en\/what-to-see\/heritage\/old-quarter\/chapel-of-the-shrine-of-the-holy-christ\/\" \/>\n<meta property=\"og:site_name\" content=\"Turismo Plentzia\" \/>\n<meta property=\"article:modified_time\" content=\"2024-05-23T14:00:42+00:00\" \/>\n<meta property=\"og:image\" content=\"https:\/\/visitplentzia.eus\/wp-content\/uploads\/2023\/05\/ermitacristo-2-360x480-1.jpg\" \/>\n\t<meta property=\"og:image:width\" content=\"360\" \/>\n\t<meta property=\"og:image:height\" content=\"480\" \/>\n\t<meta property=\"og:image:type\" content=\"image\/jpeg\" \/>\n<meta name=\"twitter:card\" content=\"summary_large_image\" \/>\n<meta name=\"twitter:label1\" content=\"Est. reading time\" \/>\n\t<meta name=\"twitter:data1\" content=\"2 minutes\" \/>\n<script type=\"application\/ld+json\" class=\"yoast-schema-graph\">{\"@context\":\"https:\\\/\\\/schema.org\",\"@graph\":[{\"@type\":\"WebPage\",\"@id\":\"https:\\\/\\\/visitplentzia.eus\\\/en\\\/what-to-see\\\/heritage\\\/old-quarter\\\/chapel-of-the-shrine-of-the-holy-christ\\\/\",\"url\":\"https:\\\/\\\/visitplentzia.eus\\\/en\\\/what-to-see\\\/heritage\\\/old-quarter\\\/chapel-of-the-shrine-of-the-holy-christ\\\/\",\"name\":\"Humilladero Hermitage of Santo Cristo del Amparo de Plentzia\",\"isPartOf\":{\"@id\":\"https:\\\/\\\/visitplentzia.eus\\\/en\\\/#website\"},\"primaryImageOfPage\":{\"@id\":\"https:\\\/\\\/visitplentzia.eus\\\/en\\\/what-to-see\\\/heritage\\\/old-quarter\\\/chapel-of-the-shrine-of-the-holy-christ\\\/#primaryimage\"},\"image\":{\"@id\":\"https:\\\/\\\/visitplentzia.eus\\\/en\\\/what-to-see\\\/heritage\\\/old-quarter\\\/chapel-of-the-shrine-of-the-holy-christ\\\/#primaryimage\"},\"thumbnailUrl\":\"https:\\\/\\\/visitplentzia.eus\\\/wp-content\\\/uploads\\\/2023\\\/05\\\/ermitacristo-2-360x480-1.jpg\",\"datePublished\":\"2023-05-24T06:58:52+00:00\",\"dateModified\":\"2024-05-23T14:00:42+00:00\",\"description\":\"The Humilladero Hermitage of Santo Cristo del Amparo de Plentzia from an architectural perspective has a rectangular plan.\",\"breadcrumb\":{\"@id\":\"https:\\\/\\\/visitplentzia.eus\\\/en\\\/what-to-see\\\/heritage\\\/old-quarter\\\/chapel-of-the-shrine-of-the-holy-christ\\\/#breadcrumb\"},\"inLanguage\":\"en-US\",\"potentialAction\":[{\"@type\":\"ReadAction\",\"target\":[\"https:\\\/\\\/visitplentzia.eus\\\/en\\\/what-to-see\\\/heritage\\\/old-quarter\\\/chapel-of-the-shrine-of-the-holy-christ\\\/\"]}]},{\"@type\":\"ImageObject\",\"inLanguage\":\"en-US\",\"@id\":\"https:\\\/\\\/visitplentzia.eus\\\/en\\\/what-to-see\\\/heritage\\\/old-quarter\\\/chapel-of-the-shrine-of-the-holy-christ\\\/#primaryimage\",\"url\":\"https:\\\/\\\/visitplentzia.eus\\\/wp-content\\\/uploads\\\/2023\\\/05\\\/ermitacristo-2-360x480-1.jpg\",\"contentUrl\":\"https:\\\/\\\/visitplentzia.eus\\\/wp-content\\\/uploads\\\/2023\\\/05\\\/ermitacristo-2-360x480-1.jpg\",\"width\":360,\"height\":480},{\"@type\":\"BreadcrumbList\",\"@id\":\"https:\\\/\\\/visitplentzia.eus\\\/en\\\/what-to-see\\\/heritage\\\/old-quarter\\\/chapel-of-the-shrine-of-the-holy-christ\\\/#breadcrumb\",\"itemListElement\":[{\"@type\":\"ListItem\",\"position\":1,\"name\":\"Home\",\"item\":\"https:\\\/\\\/visitplentzia.eus\\\/en\\\/\"},{\"@type\":\"ListItem\",\"position\":2,\"name\":\"What to see\",\"item\":\"https:\\\/\\\/visitplentzia.eus\\\/en\\\/what-to-see\\\/\"},{\"@type\":\"ListItem\",\"position\":3,\"name\":\"Coast and Ocean\",\"item\":\"https:\\\/\\\/visitplentzia.eus\\\/en\\\/what-to-see\\\/heritage\\\/\"},{\"@type\":\"ListItem\",\"position\":4,\"name\":\"Old Quarter\",\"item\":\"https:\\\/\\\/visitplentzia.eus\\\/en\\\/what-to-see\\\/heritage\\\/old-quarter\\\/\"},{\"@type\":\"ListItem\",\"position\":5,\"name\":\"Chapel of the Shrine of the Holy Christ\"}]},{\"@type\":\"WebSite\",\"@id\":\"https:\\\/\\\/visitplentzia.eus\\\/en\\\/#website\",\"url\":\"https:\\\/\\\/visitplentzia.eus\\\/en\\\/\",\"name\":\"Turismo Plentzia\",\"description\":\"P\u00e1gina oficial de Turismo Plentzia. Visita su hermosa R\u00eda, su bella playa, su puerto y su pintoresco casco antiguo\",\"publisher\":{\"@id\":\"https:\\\/\\\/visitplentzia.eus\\\/en\\\/#organization\"},\"alternateName\":\"Turismo Plentzia\",\"potentialAction\":[{\"@type\":\"SearchAction\",\"target\":{\"@type\":\"EntryPoint\",\"urlTemplate\":\"https:\\\/\\\/visitplentzia.eus\\\/en\\\/?s={search_term_string}\"},\"query-input\":{\"@type\":\"PropertyValueSpecification\",\"valueRequired\":true,\"valueName\":\"search_term_string\"}}],\"inLanguage\":\"en-US\"},{\"@type\":\"Organization\",\"@id\":\"https:\\\/\\\/visitplentzia.eus\\\/en\\\/#organization\",\"name\":\"Plentzia turismo\",\"url\":\"https:\\\/\\\/visitplentzia.eus\\\/en\\\/\",\"logo\":{\"@type\":\"ImageObject\",\"inLanguage\":\"en-US\",\"@id\":\"https:\\\/\\\/visitplentzia.eus\\\/en\\\/#\\\/schema\\\/logo\\\/image\\\/\",\"url\":\"https:\\\/\\\/visitplentzia.eus\\\/wp-content\\\/uploads\\\/2023\\\/04\\\/logo-plentzia.png\",\"contentUrl\":\"https:\\\/\\\/visitplentzia.eus\\\/wp-content\\\/uploads\\\/2023\\\/04\\\/logo-plentzia.png\",\"width\":130,\"height\":117,\"caption\":\"Plentzia turismo\"},\"image\":{\"@id\":\"https:\\\/\\\/visitplentzia.eus\\\/en\\\/#\\\/schema\\\/logo\\\/image\\\/\"}}]}<\/script>\n<!-- \/ Yoast SEO plugin. -->","yoast_head_json":{"title":"Humilladero Hermitage of Santo Cristo del Amparo de Plentzia","description":"The Humilladero Hermitage of Santo Cristo del Amparo de Plentzia from an architectural perspective has a rectangular plan.","robots":{"index":"index","follow":"follow","max-snippet":"max-snippet:-1","max-image-preview":"max-image-preview:large","max-video-preview":"max-video-preview:-1"},"canonical":"https:\/\/visitplentzia.eus\/en\/what-to-see\/heritage\/old-quarter\/chapel-of-the-shrine-of-the-holy-christ\/","og_locale":"en_US","og_type":"article","og_title":"Humilladero Hermitage of Santo Cristo del Amparo de Plentzia","og_description":"The Humilladero Hermitage of Santo Cristo del Amparo de Plentzia from an architectural perspective has a rectangular plan.","og_url":"https:\/\/visitplentzia.eus\/en\/what-to-see\/heritage\/old-quarter\/chapel-of-the-shrine-of-the-holy-christ\/","og_site_name":"Turismo Plentzia","article_modified_time":"2024-05-23T14:00:42+00:00","og_image":[{"width":360,"height":480,"url":"https:\/\/visitplentzia.eus\/wp-content\/uploads\/2023\/05\/ermitacristo-2-360x480-1.jpg","type":"image\/jpeg"}],"twitter_card":"summary_large_image","twitter_misc":{"Est. reading time":"2 minutes"},"schema":{"@context":"https:\/\/schema.org","@graph":[{"@type":"WebPage","@id":"https:\/\/visitplentzia.eus\/en\/what-to-see\/heritage\/old-quarter\/chapel-of-the-shrine-of-the-holy-christ\/","url":"https:\/\/visitplentzia.eus\/en\/what-to-see\/heritage\/old-quarter\/chapel-of-the-shrine-of-the-holy-christ\/","name":"Humilladero Hermitage of Santo Cristo del Amparo de Plentzia","isPartOf":{"@id":"https:\/\/visitplentzia.eus\/en\/#website"},"primaryImageOfPage":{"@id":"https:\/\/visitplentzia.eus\/en\/what-to-see\/heritage\/old-quarter\/chapel-of-the-shrine-of-the-holy-christ\/#primaryimage"},"image":{"@id":"https:\/\/visitplentzia.eus\/en\/what-to-see\/heritage\/old-quarter\/chapel-of-the-shrine-of-the-holy-christ\/#primaryimage"},"thumbnailUrl":"https:\/\/visitplentzia.eus\/wp-content\/uploads\/2023\/05\/ermitacristo-2-360x480-1.jpg","datePublished":"2023-05-24T06:58:52+00:00","dateModified":"2024-05-23T14:00:42+00:00","description":"The Humilladero Hermitage of Santo Cristo del Amparo de Plentzia from an architectural perspective has a rectangular plan.","breadcrumb":{"@id":"https:\/\/visitplentzia.eus\/en\/what-to-see\/heritage\/old-quarter\/chapel-of-the-shrine-of-the-holy-christ\/#breadcrumb"},"inLanguage":"en-US","potentialAction":[{"@type":"ReadAction","target":["https:\/\/visitplentzia.eus\/en\/what-to-see\/heritage\/old-quarter\/chapel-of-the-shrine-of-the-holy-christ\/"]}]},{"@type":"ImageObject","inLanguage":"en-US","@id":"https:\/\/visitplentzia.eus\/en\/what-to-see\/heritage\/old-quarter\/chapel-of-the-shrine-of-the-holy-christ\/#primaryimage","url":"https:\/\/visitplentzia.eus\/wp-content\/uploads\/2023\/05\/ermitacristo-2-360x480-1.jpg","contentUrl":"https:\/\/visitplentzia.eus\/wp-content\/uploads\/2023\/05\/ermitacristo-2-360x480-1.jpg","width":360,"height":480},{"@type":"BreadcrumbList","@id":"https:\/\/visitplentzia.eus\/en\/what-to-see\/heritage\/old-quarter\/chapel-of-the-shrine-of-the-holy-christ\/#breadcrumb","itemListElement":[{"@type":"ListItem","position":1,"name":"Home","item":"https:\/\/visitplentzia.eus\/en\/"},{"@type":"ListItem","position":2,"name":"What to see","item":"https:\/\/visitplentzia.eus\/en\/what-to-see\/"},{"@type":"ListItem","position":3,"name":"Coast and Ocean","item":"https:\/\/visitplentzia.eus\/en\/what-to-see\/heritage\/"},{"@type":"ListItem","position":4,"name":"Old Quarter","item":"https:\/\/visitplentzia.eus\/en\/what-to-see\/heritage\/old-quarter\/"},{"@type":"ListItem","position":5,"name":"Chapel of the Shrine of the Holy Christ"}]},{"@type":"WebSite","@id":"https:\/\/visitplentzia.eus\/en\/#website","url":"https:\/\/visitplentzia.eus\/en\/","name":"Turismo Plentzia","description":"P\u00e1gina oficial de Turismo Plentzia. Visita su hermosa R\u00eda, su bella playa, su puerto y su pintoresco casco antiguo","publisher":{"@id":"https:\/\/visitplentzia.eus\/en\/#organization"},"alternateName":"Turismo Plentzia","potentialAction":[{"@type":"SearchAction","target":{"@type":"EntryPoint","urlTemplate":"https:\/\/visitplentzia.eus\/en\/?s={search_term_string}"},"query-input":{"@type":"PropertyValueSpecification","valueRequired":true,"valueName":"search_term_string"}}],"inLanguage":"en-US"},{"@type":"Organization","@id":"https:\/\/visitplentzia.eus\/en\/#organization","name":"Plentzia turismo","url":"https:\/\/visitplentzia.eus\/en\/","logo":{"@type":"ImageObject","inLanguage":"en-US","@id":"https:\/\/visitplentzia.eus\/en\/#\/schema\/logo\/image\/","url":"https:\/\/visitplentzia.eus\/wp-content\/uploads\/2023\/04\/logo-plentzia.png","contentUrl":"https:\/\/visitplentzia.eus\/wp-content\/uploads\/2023\/04\/logo-plentzia.png","width":130,"height":117,"caption":"Plentzia turismo"},"image":{"@id":"https:\/\/visitplentzia.eus\/en\/#\/schema\/logo\/image\/"}}]}},"featured_image_src":"https:\/\/visitplentzia.eus\/wp-content\/uploads\/2023\/05\/ermitacristo-2-360x480-1.jpg","featured_image_src_square":"https:\/\/visitplentzia.eus\/wp-content\/uploads\/2023\/05\/ermitacristo-2-360x480-1.jpg","publishpress_future_workflow_manual_trigger":{"enabledWorkflows":[]},"_links":{"self":[{"href":"https:\/\/visitplentzia.eus\/en\/wp-json\/wp\/v2\/pages\/5476","targetHints":{"allow":["GET"]}}],"collection":[{"href":"https:\/\/visitplentzia.eus\/en\/wp-json\/wp\/v2\/pages"}],"about":[{"href":"https:\/\/visitplentzia.eus\/en\/wp-json\/wp\/v2\/types\/page"}],"author":[{"embeddable":true,"href":"https:\/\/visitplentzia.eus\/en\/wp-json\/wp\/v2\/users\/1"}],"replies":[{"embeddable":true,"href":"https:\/\/visitplentzia.eus\/en\/wp-json\/wp\/v2\/comments?post=5476"}],"version-history":[{"count":4,"href":"https:\/\/visitplentzia.eus\/en\/wp-json\/wp\/v2\/pages\/5476\/revisions"}],"predecessor-version":[{"id":6899,"href":"https:\/\/visitplentzia.eus\/en\/wp-json\/wp\/v2\/pages\/5476\/revisions\/6899"}],"up":[{"embeddable":true,"href":"https:\/\/visitplentzia.eus\/en\/wp-json\/wp\/v2\/pages\/5446"}],"wp:featuredmedia":[{"embeddable":true,"href":"https:\/\/visitplentzia.eus\/en\/wp-json\/wp\/v2\/media\/5477"}],"wp:attachment":[{"href":"https:\/\/visitplentzia.eus\/en\/wp-json\/wp\/v2\/media?parent=5476"}],"curies":[{"name":"wp","href":"https:\/\/api.w.org\/{rel}","templated":true}]}}