{"id":1577,"date":"2023-05-16T07:38:35","date_gmt":"2023-05-16T05:38:35","guid":{"rendered":"https:\/\/darkslategrey-ape-696608.hostingersite.com\/zer-ikusi\/historia\/"},"modified":"2024-11-13T16:11:17","modified_gmt":"2024-11-13T15:11:17","slug":"historia","status":"publish","type":"page","link":"https:\/\/visitplentzia.eus\/eu\/zer-ikusi\/historia\/","title":{"rendered":"Historia"},"content":{"rendered":"\n<p class=\"has-text-align-left\">Lope Diaz Harok II.ak (1214 eta 1236 artean Bizkaiko jauna) eman zion maila hori Plentziako portuari 1236an. Hala ere, 1299ko urriaren 5era arte ez zion hiri-gutuna eman Diego L\u00f3pez de Haro bilobak.<\/p>\n\n\n\n<div class=\"wp-block-columns is-layout-flex wp-container-core-columns-is-layout-9d6595d7 wp-block-columns-is-layout-flex\">\n<div class=\"wp-block-column is-layout-flow wp-block-column-is-layout-flow\">\n<figure class=\"wp-block-image size-full\"><img loading=\"lazy\" decoding=\"async\" width=\"480\" height=\"320\" src=\"http:\/\/visitplentzia.eus\/wp-content\/uploads\/2023\/05\/Litografia-Plentzia-Delmas-480x320-1.jpg\" alt=\"\" class=\"wp-image-196\" srcset=\"https:\/\/visitplentzia.eus\/wp-content\/uploads\/2023\/05\/Litografia-Plentzia-Delmas-480x320-1.jpg 480w, https:\/\/visitplentzia.eus\/wp-content\/uploads\/2023\/05\/Litografia-Plentzia-Delmas-480x320-1-300x200.jpg 300w\" sizes=\"auto, (max-width: 480px) 100vw, 480px\" \/><\/figure>\n<\/div>\n\n\n\n<div class=\"wp-block-column is-layout-flow wp-block-column-is-layout-flow\">\n<p>Zenbait porturi hiribildu maila ematearen helburua merkataritza bultzatzea zen, batez ere Gaztelako artilearen garraioa aprobetxatuz, Flandriara manufakturatzeko esportatzen zena. Hiribildu horiei Logro\u00f1oko Forua aplikatu zitzaien, frankiziak eta salbuespenak eskaintzen zizkien pribilegio-multzo bat, ondasunak erosteko eta merkaturatzeko askatasunaz gain. Estatus honek hiribilduaren autonomia bermatzen zuen, erregearen babes zuzenaren pean jarriz, bertako nobleziaren eragin txikiagoarekin.<\/p>\n<\/div>\n<\/div>\n\n\n\n<p>Garai horretakoa da Torrebarriko dorretxea, eskualdeko leinu nagusi den Butroeko jaunen armarria duena. Hauek izaera militarreko dorretxe bat eraiki zuten herrian, 1603an berritu zena, egun ikus dezakegun armarria jarri zen eguna. Egungo eraikina Dorrearen eraldaketa baten emaitza da, bizitegi-etxebizitza gisa egokitzeko, elementu estilistiko eta apaingarri batzuk mantenduz. M\u00fagica-Butr\u00f3n leinuko armarri ederrak euskarazko inskripzio bat dauka grabatuta, 1603ko datarekin, euskeraz gordetzen den inskripzio epigrafiko zaharrenetako bat, hain zuzen ere. <\/p>\n\n\n\n<p>Urteetan zehar, Plentziako ekonomia arrantzan (batez ere bale arrantzan) eta itsas merkataritzan oinarritu zen. Ontziola familiarrak ere bazeuden. XIX. mendearen amaiera eta XX. mendearen hasieratik Plentziak izaera turistiko handia lortu zuen itsasadarra eta badiaren ingurunearen ondorioz, baita Bilbo handiarekin zuen loturagatik ere. Gaur egun, Plentzia Bilboko metroaren azkenengo geltoki bat da. Hainbat urbanizazio daude Plentzian,\u00a0 horien artean Isuskitza edo Plentziako Abanikoa nabarmentzen dira, airetik marrazten duen formagatik\u00a0 horrela deitua.<\/p>\n\n\n\n<p>Isuskiza menditik, hain zuzen ere, Antolintxu izeneko pertsonaia bat jaisten da itsasadarretik Astilleroko plazaraino, non herri osoa haren zain dagoen. Herriko jaiak irailaren 2an ospatzen dira San Antolinen omenez. Dena den, herriko zaindaria Kandelariako Ama Birjina da,\u00a0 otsailaren 2an bere santu eguna duena.<\/p>\n\n\n\n<div class=\"wp-block-columns is-layout-flex wp-container-core-columns-is-layout-9d6595d7 wp-block-columns-is-layout-flex\">\n<div class=\"wp-block-column is-layout-flow wp-block-column-is-layout-flow\">\n<figure class=\"wp-block-image size-full\"><img loading=\"lazy\" decoding=\"async\" width=\"480\" height=\"319\" src=\"http:\/\/visitplentzia.eus\/wp-content\/uploads\/2023\/05\/escudo-480x319-1.jpg\" alt=\"\" class=\"wp-image-197\" srcset=\"https:\/\/visitplentzia.eus\/wp-content\/uploads\/2023\/05\/escudo-480x319-1.jpg 480w, https:\/\/visitplentzia.eus\/wp-content\/uploads\/2023\/05\/escudo-480x319-1-300x199.jpg 300w\" sizes=\"auto, (max-width: 480px) 100vw, 480px\" \/><\/figure>\n<\/div>\n\n\n\n<div class=\"wp-block-column is-layout-flow wp-block-column-is-layout-flow\">\n<p>Antolintxu da txupinazoa jaurtiz jaiei hasiera ematen diena. Azken urteotan, &#8220;Antolintxu&#8221; ri Madalentxu elkartu zaio (Santa Maria Magdalena baita Hiribilduko elizaren zaindaria). Bi pertsonai hauek herriak aukeratzen ditu urtero. Ia astebete irauten duten jaia hauek abuztuaren amaiera eta irailaren hasiera bitartean ospatzen dira. Jarduera hauek egin ohi dira: playback, mozorro-lehiaketa, muble arrantza, marmitakoa, tortilla, zezensuzkoa, su artifizialak eta ehun urtetik gorako nekazaritza-azoka bat, tokiko hainbat produktuz betetako hainbat postu dituena.<\/p>\n<\/div>\n<\/div>\n\n\n\n<p>Jaien amaieran, taldeak puntuatzen dira, egindako jardueretan lortutako puntuazioen arabera, eta puntu gehien dituen taldeak \u00abUrrezko Alpargata\u00bb lortzen du, Antolintxuko festetan izandako parte-hartzearen aintzatespen gorena.<\/p>\n\n\n\n<p>Informazio gehiago: <a href=\"http:\/\/www.museoplentzia.org\/\" target=\"_blank\" rel=\"noreferrer noopener\">Plasentia de Butr\u00f3n museoa<\/a><\/p>\n\n\n\n<h2 class=\"wp-block-heading\">XII. mendea<\/h2>\n\n\n\n<p>1236. urtean, Lope D\u00edaz II.a Haro-k herria sortu zuen Gorlizko elizateko orubetan, Placencia de Butr\u00f3n izenarekin. Urte batzuk geroago, 1299an, Diego L\u00f3pez de Harok hiribildu gisa birfundatu zuen. Hirigune berria Butroe ibaiaren bokalean kokatutako portu txiki baten inguruan egituratu zen, eta laster hasi zen nabarmentzen izaera komertziala zuelako.<\/p>\n\n\n\n<p>Placencia de Butroeko itsasgizonak bale arrantzan berezitu ziren. Gainera, inguruko basoetako egurra oso ona eta oparoa zenez, laster garatu zen industria jarduera berri bat, hala nola ontziola.<\/p>\n\n\n\n<h2 class=\"wp-block-heading\">XV. mendetik XVII. mendera<\/h2>\n\n\n\n<p>1437. urtean sute batek herriaren zati handi bat suntsitu zuen, baina&nbsp; ez honek, ezta XVII. mendearen amaieran gertatutako beste sute batek ez zuten herriaren ospe eta aberastasun igoera oparoa zapuztu. XVI. mendean, bertako arrantzale eta marinelak San Pedro Jaunaren Itsasgizonen Kofradiaren inguruan bildu ziren eta, hurrengo mendean, Plentziak portuari eta bere bide-trazadurari eragin zioten hiri-birmoldaketa-lan batzuk egin zituen.<\/p>\n\n\n\n<h2 class=\"wp-block-heading\">XIX eta XX mendeak<\/h2>\n\n\n\n<p>Beste kasu askotan bezala, XIX. mendeko gerrek eta itsas zabaleko arrantzaren krisiak portuaren gainbehera ekarri zuten. Azkenean portuaren jarduera desagertu egin zen itsasadarraren bokalean hondar-banku handi bat pilatu zelako, beraz sakonera txikiko ontziak&nbsp; igaro zitezkeelarik bakarrik. Zorionez, eta Bilbo eta Algortatik gertu egoteari esker, herriak klase sozial berri bat erakarri zuen bere hondartzetara, aldi baterako opor garaian bertan finkatzen hasi zena. Horrela, Plentzia hiribildu turistiko bihurtzen hasi zen, gaur egun bere horretan mantentzen duen izaera, euskal itsasertzeko hondartzaren kalitateari esker, besteak beste. Anekdota gisa, Benito P\u00e9rez Gald\u00f3sen Fortunata y Jacinta eleberriaren eszena batzuk bere kaleetan zehar igarotzen direla esan dezakegu.<\/p>\n","protected":false},"excerpt":{"rendered":"<p>Lope Diaz Harok II.ak (1214 eta 1236 artean Bizkaiko jauna) eman zion maila hori Plentziako portuari 1236an. Hala ere, 1299ko urriaren 5era arte ez zion hiri-gutuna eman Diego L\u00f3pez de Haro bilobak. Zenbait porturi hiribildu maila ematearen helburua merkataritza bultzatzea zen, batez ere Gaztelako artilearen garraioa aprobetxatuz, Flandriara manufakturatzeko esportatzen zena. Hiribildu horiei Logro\u00f1oko Forua [&hellip;]<\/p>\n","protected":false},"author":1,"featured_media":0,"parent":1568,"menu_order":0,"comment_status":"closed","ping_status":"closed","template":"page-templates\/page-que-ver.php","meta":{"_genesis_hide_title":false,"_genesis_hide_breadcrumbs":false,"_genesis_hide_singular_image":false,"_genesis_hide_footer_widgets":false,"_genesis_custom_body_class":"","_genesis_custom_post_class":"","_genesis_layout":"","footnotes":""},"class_list":{"0":"post-1577","1":"page","2":"type-page","3":"status-publish","5":"entry"},"acf":[],"yoast_head":"<!-- This site is optimized with the Yoast SEO plugin v27.4 - https:\/\/yoast.com\/product\/yoast-seo-wordpress\/ -->\n<title>Plentziako historia<\/title>\n<meta name=\"description\" content=\"Plentziaren jatorria XIII. mendearen hasierakoa da. Hiri berriaren jatorrizko izena Placencia de Butr\u00f3n edo Plasencia de Butr\u00f3n izan zen.\" \/>\n<meta name=\"robots\" content=\"index, follow, max-snippet:-1, max-image-preview:large, max-video-preview:-1\" \/>\n<link rel=\"canonical\" href=\"https:\/\/visitplentzia.eus\/eu\/zer-ikusi\/historia\/\" \/>\n<meta property=\"og:locale\" content=\"eu_ES\" \/>\n<meta property=\"og:type\" content=\"article\" \/>\n<meta property=\"og:title\" content=\"Plentziako historia\" \/>\n<meta property=\"og:description\" content=\"Plentziaren jatorria XIII. mendearen hasierakoa da. Hiri berriaren jatorrizko izena Placencia de Butr\u00f3n edo Plasencia de Butr\u00f3n izan zen.\" \/>\n<meta property=\"og:url\" content=\"https:\/\/visitplentzia.eus\/eu\/zer-ikusi\/historia\/\" \/>\n<meta property=\"og:site_name\" content=\"Turismo Plentzia\" \/>\n<meta property=\"article:modified_time\" content=\"2024-11-13T15:11:17+00:00\" \/>\n<meta property=\"og:image\" content=\"http:\/\/visitplentzia.eus\/wp-content\/uploads\/2023\/05\/Litografia-Plentzia-Delmas-480x320-1.jpg\" \/>\n<meta name=\"twitter:card\" content=\"summary_large_image\" \/>\n<meta name=\"twitter:label1\" content=\"Est. reading time\" \/>\n\t<meta name=\"twitter:data1\" content=\"4 minutes\" \/>\n<script type=\"application\/ld+json\" class=\"yoast-schema-graph\">{\"@context\":\"https:\\\/\\\/schema.org\",\"@graph\":[{\"@type\":\"WebPage\",\"@id\":\"https:\\\/\\\/visitplentzia.eus\\\/eu\\\/zer-ikusi\\\/historia\\\/\",\"url\":\"https:\\\/\\\/visitplentzia.eus\\\/eu\\\/zer-ikusi\\\/historia\\\/\",\"name\":\"Plentziako historia\",\"isPartOf\":{\"@id\":\"https:\\\/\\\/visitplentzia.eus\\\/eu\\\/#website\"},\"primaryImageOfPage\":{\"@id\":\"https:\\\/\\\/visitplentzia.eus\\\/eu\\\/zer-ikusi\\\/historia\\\/#primaryimage\"},\"image\":{\"@id\":\"https:\\\/\\\/visitplentzia.eus\\\/eu\\\/zer-ikusi\\\/historia\\\/#primaryimage\"},\"thumbnailUrl\":\"http:\\\/\\\/visitplentzia.eus\\\/wp-content\\\/uploads\\\/2023\\\/05\\\/Litografia-Plentzia-Delmas-480x320-1.jpg\",\"datePublished\":\"2023-05-16T05:38:35+00:00\",\"dateModified\":\"2024-11-13T15:11:17+00:00\",\"description\":\"Plentziaren jatorria XIII. mendearen hasierakoa da. Hiri berriaren jatorrizko izena Placencia de Butr\u00f3n edo Plasencia de Butr\u00f3n izan zen.\",\"breadcrumb\":{\"@id\":\"https:\\\/\\\/visitplentzia.eus\\\/eu\\\/zer-ikusi\\\/historia\\\/#breadcrumb\"},\"inLanguage\":\"eu-ES\",\"potentialAction\":[{\"@type\":\"ReadAction\",\"target\":[\"https:\\\/\\\/visitplentzia.eus\\\/eu\\\/zer-ikusi\\\/historia\\\/\"]}]},{\"@type\":\"ImageObject\",\"inLanguage\":\"eu-ES\",\"@id\":\"https:\\\/\\\/visitplentzia.eus\\\/eu\\\/zer-ikusi\\\/historia\\\/#primaryimage\",\"url\":\"http:\\\/\\\/visitplentzia.eus\\\/wp-content\\\/uploads\\\/2023\\\/05\\\/Litografia-Plentzia-Delmas-480x320-1.jpg\",\"contentUrl\":\"http:\\\/\\\/visitplentzia.eus\\\/wp-content\\\/uploads\\\/2023\\\/05\\\/Litografia-Plentzia-Delmas-480x320-1.jpg\"},{\"@type\":\"BreadcrumbList\",\"@id\":\"https:\\\/\\\/visitplentzia.eus\\\/eu\\\/zer-ikusi\\\/historia\\\/#breadcrumb\",\"itemListElement\":[{\"@type\":\"ListItem\",\"position\":1,\"name\":\"Home\",\"item\":\"https:\\\/\\\/visitplentzia.eus\\\/eu\\\/\"},{\"@type\":\"ListItem\",\"position\":2,\"name\":\"Zer ikusi\",\"item\":\"https:\\\/\\\/visitplentzia.eus\\\/eu\\\/zer-ikusi\\\/\"},{\"@type\":\"ListItem\",\"position\":3,\"name\":\"Historia\"}]},{\"@type\":\"WebSite\",\"@id\":\"https:\\\/\\\/visitplentzia.eus\\\/eu\\\/#website\",\"url\":\"https:\\\/\\\/visitplentzia.eus\\\/eu\\\/\",\"name\":\"Turismo Plentzia\",\"description\":\"P\u00e1gina oficial de Turismo Plentzia. Visita su hermosa R\u00eda, su bella playa, su puerto y su pintoresco casco antiguo\",\"publisher\":{\"@id\":\"https:\\\/\\\/visitplentzia.eus\\\/eu\\\/#organization\"},\"alternateName\":\"Turismo Plentzia\",\"potentialAction\":[{\"@type\":\"SearchAction\",\"target\":{\"@type\":\"EntryPoint\",\"urlTemplate\":\"https:\\\/\\\/visitplentzia.eus\\\/eu\\\/?s={search_term_string}\"},\"query-input\":{\"@type\":\"PropertyValueSpecification\",\"valueRequired\":true,\"valueName\":\"search_term_string\"}}],\"inLanguage\":\"eu-ES\"},{\"@type\":\"Organization\",\"@id\":\"https:\\\/\\\/visitplentzia.eus\\\/eu\\\/#organization\",\"name\":\"Plentzia turismo\",\"url\":\"https:\\\/\\\/visitplentzia.eus\\\/eu\\\/\",\"logo\":{\"@type\":\"ImageObject\",\"inLanguage\":\"eu-ES\",\"@id\":\"https:\\\/\\\/visitplentzia.eus\\\/eu\\\/#\\\/schema\\\/logo\\\/image\\\/\",\"url\":\"https:\\\/\\\/visitplentzia.eus\\\/wp-content\\\/uploads\\\/2023\\\/04\\\/logo-plentzia.png\",\"contentUrl\":\"https:\\\/\\\/visitplentzia.eus\\\/wp-content\\\/uploads\\\/2023\\\/04\\\/logo-plentzia.png\",\"width\":130,\"height\":117,\"caption\":\"Plentzia turismo\"},\"image\":{\"@id\":\"https:\\\/\\\/visitplentzia.eus\\\/eu\\\/#\\\/schema\\\/logo\\\/image\\\/\"}}]}<\/script>\n<!-- \/ Yoast SEO plugin. -->","yoast_head_json":{"title":"Plentziako historia","description":"Plentziaren jatorria XIII. mendearen hasierakoa da. Hiri berriaren jatorrizko izena Placencia de Butr\u00f3n edo Plasencia de Butr\u00f3n izan zen.","robots":{"index":"index","follow":"follow","max-snippet":"max-snippet:-1","max-image-preview":"max-image-preview:large","max-video-preview":"max-video-preview:-1"},"canonical":"https:\/\/visitplentzia.eus\/eu\/zer-ikusi\/historia\/","og_locale":"eu_ES","og_type":"article","og_title":"Plentziako historia","og_description":"Plentziaren jatorria XIII. mendearen hasierakoa da. Hiri berriaren jatorrizko izena Placencia de Butr\u00f3n edo Plasencia de Butr\u00f3n izan zen.","og_url":"https:\/\/visitplentzia.eus\/eu\/zer-ikusi\/historia\/","og_site_name":"Turismo Plentzia","article_modified_time":"2024-11-13T15:11:17+00:00","og_image":[{"url":"http:\/\/visitplentzia.eus\/wp-content\/uploads\/2023\/05\/Litografia-Plentzia-Delmas-480x320-1.jpg","type":"","width":"","height":""}],"twitter_card":"summary_large_image","twitter_misc":{"Est. reading time":"4 minutes"},"schema":{"@context":"https:\/\/schema.org","@graph":[{"@type":"WebPage","@id":"https:\/\/visitplentzia.eus\/eu\/zer-ikusi\/historia\/","url":"https:\/\/visitplentzia.eus\/eu\/zer-ikusi\/historia\/","name":"Plentziako historia","isPartOf":{"@id":"https:\/\/visitplentzia.eus\/eu\/#website"},"primaryImageOfPage":{"@id":"https:\/\/visitplentzia.eus\/eu\/zer-ikusi\/historia\/#primaryimage"},"image":{"@id":"https:\/\/visitplentzia.eus\/eu\/zer-ikusi\/historia\/#primaryimage"},"thumbnailUrl":"http:\/\/visitplentzia.eus\/wp-content\/uploads\/2023\/05\/Litografia-Plentzia-Delmas-480x320-1.jpg","datePublished":"2023-05-16T05:38:35+00:00","dateModified":"2024-11-13T15:11:17+00:00","description":"Plentziaren jatorria XIII. mendearen hasierakoa da. Hiri berriaren jatorrizko izena Placencia de Butr\u00f3n edo Plasencia de Butr\u00f3n izan zen.","breadcrumb":{"@id":"https:\/\/visitplentzia.eus\/eu\/zer-ikusi\/historia\/#breadcrumb"},"inLanguage":"eu-ES","potentialAction":[{"@type":"ReadAction","target":["https:\/\/visitplentzia.eus\/eu\/zer-ikusi\/historia\/"]}]},{"@type":"ImageObject","inLanguage":"eu-ES","@id":"https:\/\/visitplentzia.eus\/eu\/zer-ikusi\/historia\/#primaryimage","url":"http:\/\/visitplentzia.eus\/wp-content\/uploads\/2023\/05\/Litografia-Plentzia-Delmas-480x320-1.jpg","contentUrl":"http:\/\/visitplentzia.eus\/wp-content\/uploads\/2023\/05\/Litografia-Plentzia-Delmas-480x320-1.jpg"},{"@type":"BreadcrumbList","@id":"https:\/\/visitplentzia.eus\/eu\/zer-ikusi\/historia\/#breadcrumb","itemListElement":[{"@type":"ListItem","position":1,"name":"Home","item":"https:\/\/visitplentzia.eus\/eu\/"},{"@type":"ListItem","position":2,"name":"Zer ikusi","item":"https:\/\/visitplentzia.eus\/eu\/zer-ikusi\/"},{"@type":"ListItem","position":3,"name":"Historia"}]},{"@type":"WebSite","@id":"https:\/\/visitplentzia.eus\/eu\/#website","url":"https:\/\/visitplentzia.eus\/eu\/","name":"Turismo Plentzia","description":"P\u00e1gina oficial de Turismo Plentzia. Visita su hermosa R\u00eda, su bella playa, su puerto y su pintoresco casco antiguo","publisher":{"@id":"https:\/\/visitplentzia.eus\/eu\/#organization"},"alternateName":"Turismo Plentzia","potentialAction":[{"@type":"SearchAction","target":{"@type":"EntryPoint","urlTemplate":"https:\/\/visitplentzia.eus\/eu\/?s={search_term_string}"},"query-input":{"@type":"PropertyValueSpecification","valueRequired":true,"valueName":"search_term_string"}}],"inLanguage":"eu-ES"},{"@type":"Organization","@id":"https:\/\/visitplentzia.eus\/eu\/#organization","name":"Plentzia turismo","url":"https:\/\/visitplentzia.eus\/eu\/","logo":{"@type":"ImageObject","inLanguage":"eu-ES","@id":"https:\/\/visitplentzia.eus\/eu\/#\/schema\/logo\/image\/","url":"https:\/\/visitplentzia.eus\/wp-content\/uploads\/2023\/04\/logo-plentzia.png","contentUrl":"https:\/\/visitplentzia.eus\/wp-content\/uploads\/2023\/04\/logo-plentzia.png","width":130,"height":117,"caption":"Plentzia turismo"},"image":{"@id":"https:\/\/visitplentzia.eus\/eu\/#\/schema\/logo\/image\/"}}]}},"featured_image_src":null,"featured_image_src_square":null,"publishpress_future_workflow_manual_trigger":{"enabledWorkflows":[]},"_links":{"self":[{"href":"https:\/\/visitplentzia.eus\/eu\/wp-json\/wp\/v2\/pages\/1577","targetHints":{"allow":["GET"]}}],"collection":[{"href":"https:\/\/visitplentzia.eus\/eu\/wp-json\/wp\/v2\/pages"}],"about":[{"href":"https:\/\/visitplentzia.eus\/eu\/wp-json\/wp\/v2\/types\/page"}],"author":[{"embeddable":true,"href":"https:\/\/visitplentzia.eus\/eu\/wp-json\/wp\/v2\/users\/1"}],"replies":[{"embeddable":true,"href":"https:\/\/visitplentzia.eus\/eu\/wp-json\/wp\/v2\/comments?post=1577"}],"version-history":[{"count":11,"href":"https:\/\/visitplentzia.eus\/eu\/wp-json\/wp\/v2\/pages\/1577\/revisions"}],"predecessor-version":[{"id":7969,"href":"https:\/\/visitplentzia.eus\/eu\/wp-json\/wp\/v2\/pages\/1577\/revisions\/7969"}],"up":[{"embeddable":true,"href":"https:\/\/visitplentzia.eus\/eu\/wp-json\/wp\/v2\/pages\/1568"}],"wp:attachment":[{"href":"https:\/\/visitplentzia.eus\/eu\/wp-json\/wp\/v2\/media?parent=1577"}],"curies":[{"name":"wp","href":"https:\/\/api.w.org\/{rel}","templated":true}]}}