{"id":5615,"date":"2023-06-06T07:38:51","date_gmt":"2023-06-06T05:38:51","guid":{"rendered":"https:\/\/darkslategrey-ape-696608.hostingersite.com\/contacto\/"},"modified":"2026-04-09T10:38:53","modified_gmt":"2026-04-09T08:38:53","slug":"contact","status":"publish","type":"page","link":"https:\/\/visitplentzia.eus\/fr\/contact\/","title":{"rendered":"Contact"},"content":{"rendered":"\n<div class=\"wp-block-group wrap\"><div class=\"wp-block-group__inner-container is-layout-constrained wp-block-group-is-layout-constrained\">\n<div style=\"height:60px\" aria-hidden=\"true\" class=\"wp-block-spacer\"><\/div>\n\n\n\n<div class=\"wp-block-columns is-layout-flex wp-container-core-columns-is-layout-9d6595d7 wp-block-columns-is-layout-flex\">\n<div class=\"wp-block-column is-layout-flow wp-block-column-is-layout-flow\" style=\"flex-basis:66.66%\">\n<iframe src=\"https:\/\/www.google.com\/maps\/embed?pb=!1m18!1m12!1m3!1d1449.3454690342069!2d-2.9509486816430983!3d43.404388836272396!2m3!1f0!2f0!3f0!3m2!1i1024!2i768!4f13.1!3m3!1m2!1s0xd4e5cd9c32f8969%3A0x4a1203d6c3e85dbf!2sPlentziako%20Turismo%20Bulegoa%20%2F%20Oficina%20de%20Turismo%20de%20Plentzia!5e0!3m2!1ses!2ses!4v1737100132031!5m2!1ses!2ses\" width=\"600\" height=\"450\" style=\"border:0;\" allowfullscreen=\"\" loading=\"lazy\" referrerpolicy=\"no-referrer-when-downgrade\"><\/iframe>\n<\/div>\n\n\n\n<div class=\"wp-block-column is-layout-flow wp-block-column-is-layout-flow\" style=\"flex-basis:33.33%\">\n<div class=\"wp-block-group contact-data\"><div class=\"wp-block-group__inner-container is-layout-constrained wp-block-group-is-layout-constrained\">\n<div class=\"wp-block-group\"><div class=\"wp-block-group__inner-container is-layout-constrained wp-block-group-is-layout-constrained\">\n<h2 class=\"wp-block-heading\">Coordonn\u00e9es<\/h2>\n\n\n\n<p class=\"address-icon\"><a href=\"https:\/\/maps.app.goo.gl\/zpqSDUy3ijWaDSSw9\" target=\"_blank\" rel=\"noreferrer noopener\">Astillero Enparantza 1, 48620 Plentzia<\/a><\/p>\n\n\n\n<p class=\"phone-icon\"><a href=\"tel:94 677 41 99\">94 677 41 99<\/a><\/p>\n\n\n\n<p class=\"mail-icon\"><a href=\"mailto:turismo@plentzia.eus\">turismo@plentzia.eus<\/a><\/p>\n<\/div><\/div>\n\n\n\n<div class=\"wp-block-group horario\"><div class=\"wp-block-group__inner-container is-layout-constrained wp-block-group-is-layout-constrained\">\n<p><strong>Horaire d&rsquo;hiver (du 16 septembre au 15 juin)<\/strong><\/p>\n\n\n\n<p>Du mardi au samedi : de 10h00 \u00e0 14h00 \/ de 15h00 \u00e0 18h00<\/p>\n\n\n\n<p>Dimanche : de 10h00 \u00e0 15h00<\/p>\n\n\n\n<p>Lundi : ferm\u00e9<\/p>\n\n\n\n<p><strong>Horaires d&rsquo;\u00e9t\u00e9<\/strong> <strong>(du 16 juin au 15 septembre):<\/strong><br>Du lundi \u00e0 dimanche: 10:00-15:00 \/ 16:00-19:00.<br><\/p>\n<\/div><\/div>\n\n\n\n<div class=\"wp-block-group social-data\"><div class=\"wp-block-group__inner-container is-layout-constrained wp-block-group-is-layout-constrained\">\n<h3 class=\"wp-block-heading\">R\u00e9seaux sociaux<\/h3>\n\n\n\n<div class=\"wp-block-group is-nowrap is-layout-flex wp-container-core-group-is-layout-ad2f72ca wp-block-group-is-layout-flex\">\n<div class=\"wp-block-group\"><div class=\"wp-block-group__inner-container is-layout-constrained wp-block-group-is-layout-constrained\">\n<a href=\"https:\/\/www.facebook.com\/plentziaturismo\" target=\"_blank\" rel=\"noopener\"><i class=\"fa-brands fa-facebook-f\"><\/i><\/a>\n<\/div><\/div>\n\n\n\n<div class=\"wp-block-group\"><div class=\"wp-block-group__inner-container is-layout-constrained wp-block-group-is-layout-constrained\">\n<a href=\"https:\/\/www.instagram.com\/visitplentzia\/\" target=\"_blank\" rel=\"noopener\"><i class=\"fa-brands fa-instagram\"><\/i><\/a>\n<\/div><\/div>\n<\/div>\n<\/div><\/div>\n<\/div><\/div>\n<\/div>\n<\/div>\n\n\n\n<p class=\"has-text-align-right\"><strong><a href=\"https:\/\/visitplentzia.eus\/wp-content\/uploads\/2025\/03\/PRODUKTU-KATALOGOA-PLENTZIA-CATALOGO-DE-PRODUCTOS.png\">Catalogue de produits<\/a><\/strong><\/p>\n<\/div><\/div>\n","protected":false},"excerpt":{"rendered":"<p>Coordonn\u00e9es Astillero Enparantza 1, 48620 Plentzia 94 677 41 99 turismo@plentzia.eus Horaire d&rsquo;hiver (du 16 septembre au 15 juin) Du mardi au samedi : de 10h00 \u00e0 14h00 \/ de 15h00 \u00e0 18h00 Dimanche : de 10h00 \u00e0 15h00 Lundi : ferm\u00e9 Horaires d&rsquo;\u00e9t\u00e9 (du 16 juin au 15 septembre):Du lundi \u00e0 dimanche: 10:00-15:00 \/ [&hellip;]<\/p>\n","protected":false},"author":1,"featured_media":0,"parent":0,"menu_order":0,"comment_status":"closed","ping_status":"closed","template":"page-templates\/page-full-banner.php","meta":{"_genesis_hide_title":false,"_genesis_hide_breadcrumbs":false,"_genesis_hide_singular_image":false,"_genesis_hide_footer_widgets":false,"_genesis_custom_body_class":"","_genesis_custom_post_class":"","_genesis_layout":"","footnotes":""},"class_list":{"0":"post-5615","1":"page","2":"type-page","3":"status-publish","5":"entry"},"acf":[],"yoast_head":"<!-- This site is optimized with the Yoast SEO plugin v24.9 - https:\/\/yoast.com\/wordpress\/plugins\/seo\/ -->\n<title>Contacter Plentzia tourisme<\/title>\n<meta name=\"description\" content=\"A travers notre blog, nous souhaitons donner la parole \u00e0 toutes les personnes qui connaissent ou exp\u00e9rimentent Plentzia. Contactez-nous.\" \/>\n<meta name=\"robots\" content=\"index, follow, max-snippet:-1, max-image-preview:large, max-video-preview:-1\" \/>\n<link rel=\"canonical\" href=\"https:\/\/visitplentzia.eus\/fr\/contact\/\" \/>\n<meta property=\"og:locale\" content=\"fr_FR\" \/>\n<meta property=\"og:type\" content=\"article\" \/>\n<meta property=\"og:title\" content=\"Contacter Plentzia tourisme\" \/>\n<meta property=\"og:description\" content=\"A travers notre blog, nous souhaitons donner la parole \u00e0 toutes les personnes qui connaissent ou exp\u00e9rimentent Plentzia. Contactez-nous.\" \/>\n<meta property=\"og:url\" content=\"https:\/\/visitplentzia.eus\/fr\/contact\/\" \/>\n<meta property=\"og:site_name\" content=\"Turismo Plentzia\" \/>\n<meta property=\"article:modified_time\" content=\"2026-04-09T08:38:53+00:00\" \/>\n<meta name=\"twitter:card\" content=\"summary_large_image\" \/>\n<meta name=\"twitter:label1\" content=\"Dur\u00e9e de lecture estim\u00e9e\" \/>\n\t<meta name=\"twitter:data1\" content=\"1 minute\" \/>\n<script type=\"application\/ld+json\" class=\"yoast-schema-graph\">{\"@context\":\"https:\/\/schema.org\",\"@graph\":[{\"@type\":\"WebPage\",\"@id\":\"https:\/\/visitplentzia.eus\/fr\/contact\/\",\"url\":\"https:\/\/visitplentzia.eus\/fr\/contact\/\",\"name\":\"Contacter Plentzia tourisme\",\"isPartOf\":{\"@id\":\"https:\/\/visitplentzia.eus\/fr\/#website\"},\"datePublished\":\"2023-06-06T05:38:51+00:00\",\"dateModified\":\"2026-04-09T08:38:53+00:00\",\"description\":\"A travers notre blog, nous souhaitons donner la parole \u00e0 toutes les personnes qui connaissent ou exp\u00e9rimentent Plentzia. Contactez-nous.\",\"breadcrumb\":{\"@id\":\"https:\/\/visitplentzia.eus\/fr\/contact\/#breadcrumb\"},\"inLanguage\":\"fr-FR\",\"potentialAction\":[{\"@type\":\"ReadAction\",\"target\":[\"https:\/\/visitplentzia.eus\/fr\/contact\/\"]}]},{\"@type\":\"BreadcrumbList\",\"@id\":\"https:\/\/visitplentzia.eus\/fr\/contact\/#breadcrumb\",\"itemListElement\":[{\"@type\":\"ListItem\",\"position\":1,\"name\":\"Home\",\"item\":\"https:\/\/visitplentzia.eus\/fr\/\"},{\"@type\":\"ListItem\",\"position\":2,\"name\":\"Contact\"}]},{\"@type\":\"WebSite\",\"@id\":\"https:\/\/visitplentzia.eus\/fr\/#website\",\"url\":\"https:\/\/visitplentzia.eus\/fr\/\",\"name\":\"Turismo Plentzia\",\"description\":\"P\u00e1gina oficial de Turismo Plentzia. Visita su hermosa R\u00eda, su bella playa, su puerto y su pintoresco casco antiguo\",\"publisher\":{\"@id\":\"https:\/\/visitplentzia.eus\/fr\/#organization\"},\"alternateName\":\"Turismo Plentzia\",\"potentialAction\":[{\"@type\":\"SearchAction\",\"target\":{\"@type\":\"EntryPoint\",\"urlTemplate\":\"https:\/\/visitplentzia.eus\/fr\/?s={search_term_string}\"},\"query-input\":{\"@type\":\"PropertyValueSpecification\",\"valueRequired\":true,\"valueName\":\"search_term_string\"}}],\"inLanguage\":\"fr-FR\"},{\"@type\":\"Organization\",\"@id\":\"https:\/\/visitplentzia.eus\/fr\/#organization\",\"name\":\"Plentzia turismo\",\"url\":\"https:\/\/visitplentzia.eus\/fr\/\",\"logo\":{\"@type\":\"ImageObject\",\"inLanguage\":\"fr-FR\",\"@id\":\"https:\/\/visitplentzia.eus\/fr\/#\/schema\/logo\/image\/\",\"url\":\"https:\/\/visitplentzia.eus\/wp-content\/uploads\/2023\/04\/logo-plentzia.png\",\"contentUrl\":\"https:\/\/visitplentzia.eus\/wp-content\/uploads\/2023\/04\/logo-plentzia.png\",\"width\":130,\"height\":117,\"caption\":\"Plentzia turismo\"},\"image\":{\"@id\":\"https:\/\/visitplentzia.eus\/fr\/#\/schema\/logo\/image\/\"}}]}<\/script>\n<!-- \/ Yoast SEO plugin. -->","yoast_head_json":{"title":"Contacter Plentzia tourisme","description":"A travers notre blog, nous souhaitons donner la parole \u00e0 toutes les personnes qui connaissent ou exp\u00e9rimentent Plentzia. Contactez-nous.","robots":{"index":"index","follow":"follow","max-snippet":"max-snippet:-1","max-image-preview":"max-image-preview:large","max-video-preview":"max-video-preview:-1"},"canonical":"https:\/\/visitplentzia.eus\/fr\/contact\/","og_locale":"fr_FR","og_type":"article","og_title":"Contacter Plentzia tourisme","og_description":"A travers notre blog, nous souhaitons donner la parole \u00e0 toutes les personnes qui connaissent ou exp\u00e9rimentent Plentzia. Contactez-nous.","og_url":"https:\/\/visitplentzia.eus\/fr\/contact\/","og_site_name":"Turismo Plentzia","article_modified_time":"2026-04-09T08:38:53+00:00","twitter_card":"summary_large_image","twitter_misc":{"Dur\u00e9e de lecture estim\u00e9e":"1 minute"},"schema":{"@context":"https:\/\/schema.org","@graph":[{"@type":"WebPage","@id":"https:\/\/visitplentzia.eus\/fr\/contact\/","url":"https:\/\/visitplentzia.eus\/fr\/contact\/","name":"Contacter Plentzia tourisme","isPartOf":{"@id":"https:\/\/visitplentzia.eus\/fr\/#website"},"datePublished":"2023-06-06T05:38:51+00:00","dateModified":"2026-04-09T08:38:53+00:00","description":"A travers notre blog, nous souhaitons donner la parole \u00e0 toutes les personnes qui connaissent ou exp\u00e9rimentent Plentzia. Contactez-nous.","breadcrumb":{"@id":"https:\/\/visitplentzia.eus\/fr\/contact\/#breadcrumb"},"inLanguage":"fr-FR","potentialAction":[{"@type":"ReadAction","target":["https:\/\/visitplentzia.eus\/fr\/contact\/"]}]},{"@type":"BreadcrumbList","@id":"https:\/\/visitplentzia.eus\/fr\/contact\/#breadcrumb","itemListElement":[{"@type":"ListItem","position":1,"name":"Home","item":"https:\/\/visitplentzia.eus\/fr\/"},{"@type":"ListItem","position":2,"name":"Contact"}]},{"@type":"WebSite","@id":"https:\/\/visitplentzia.eus\/fr\/#website","url":"https:\/\/visitplentzia.eus\/fr\/","name":"Turismo Plentzia","description":"P\u00e1gina oficial de Turismo Plentzia. Visita su hermosa R\u00eda, su bella playa, su puerto y su pintoresco casco antiguo","publisher":{"@id":"https:\/\/visitplentzia.eus\/fr\/#organization"},"alternateName":"Turismo Plentzia","potentialAction":[{"@type":"SearchAction","target":{"@type":"EntryPoint","urlTemplate":"https:\/\/visitplentzia.eus\/fr\/?s={search_term_string}"},"query-input":{"@type":"PropertyValueSpecification","valueRequired":true,"valueName":"search_term_string"}}],"inLanguage":"fr-FR"},{"@type":"Organization","@id":"https:\/\/visitplentzia.eus\/fr\/#organization","name":"Plentzia turismo","url":"https:\/\/visitplentzia.eus\/fr\/","logo":{"@type":"ImageObject","inLanguage":"fr-FR","@id":"https:\/\/visitplentzia.eus\/fr\/#\/schema\/logo\/image\/","url":"https:\/\/visitplentzia.eus\/wp-content\/uploads\/2023\/04\/logo-plentzia.png","contentUrl":"https:\/\/visitplentzia.eus\/wp-content\/uploads\/2023\/04\/logo-plentzia.png","width":130,"height":117,"caption":"Plentzia turismo"},"image":{"@id":"https:\/\/visitplentzia.eus\/fr\/#\/schema\/logo\/image\/"}}]}},"featured_image_src":null,"featured_image_src_square":null,"publishpress_future_workflow_manual_trigger":{"enabledWorkflows":[]},"_links":{"self":[{"href":"https:\/\/visitplentzia.eus\/fr\/wp-json\/wp\/v2\/pages\/5615","targetHints":{"allow":["GET"]}}],"collection":[{"href":"https:\/\/visitplentzia.eus\/fr\/wp-json\/wp\/v2\/pages"}],"about":[{"href":"https:\/\/visitplentzia.eus\/fr\/wp-json\/wp\/v2\/types\/page"}],"author":[{"embeddable":true,"href":"https:\/\/visitplentzia.eus\/fr\/wp-json\/wp\/v2\/users\/1"}],"replies":[{"embeddable":true,"href":"https:\/\/visitplentzia.eus\/fr\/wp-json\/wp\/v2\/comments?post=5615"}],"version-history":[{"count":7,"href":"https:\/\/visitplentzia.eus\/fr\/wp-json\/wp\/v2\/pages\/5615\/revisions"}],"predecessor-version":[{"id":8263,"href":"https:\/\/visitplentzia.eus\/fr\/wp-json\/wp\/v2\/pages\/5615\/revisions\/8263"}],"wp:attachment":[{"href":"https:\/\/visitplentzia.eus\/fr\/wp-json\/wp\/v2\/media?parent=5615"}],"curies":[{"name":"wp","href":"https:\/\/api.w.org\/{rel}","templated":true}]}}