{"id":5667,"date":"2023-06-01T08:52:52","date_gmt":"2023-06-01T06:52:52","guid":{"rendered":"https:\/\/darkslategrey-ape-696608.hostingersite.com\/que-faire\/actividades\/"},"modified":"2024-06-25T12:10:23","modified_gmt":"2024-06-25T10:10:23","slug":"tourisme-actif","status":"publish","type":"page","link":"https:\/\/visitplentzia.eus\/fr\/que-faire\/tourisme-actif\/","title":{"rendered":"Tourisme actif"},"content":{"rendered":"\n<div class=\"wp-block-group\"><div class=\"wp-block-group__inner-container is-layout-constrained wp-block-group-is-layout-constrained\">\n<p>La baie est orient\u00e9e de telle mani\u00e8re que la plage est agit\u00e9e par tr\u00e8s peu de courant, ce qui en fait l\u2019une des plus s\u00fbres et des plus belles du Pays basque. De plus, la petite vague qui se forme \u00e0 l\u2019embouchure de l\u2019estuaire est parfaite pour s\u2019initier au surf. Plentzia dispose \u00e9galement de plusieurs points d\u2019acc\u00e8s \u00e0 l\u2019estuaire, o\u00f9 vous pourrez vivre diff\u00e9rentes aventures en toute autonomie ou, si vous le pr\u00e9f\u00e9rez, en vous faisant accompagner par des experts en activit\u00e9s nautiques qui connaissent parfaitement la r\u00e9gion.<\/p>\n\n\n\n<p>Choisissez votre aventure :<\/p>\n\n\n\n<div style=\"height:30px\" aria-hidden=\"true\" class=\"wp-block-spacer\"><\/div>\n\n\n\n<div id=\"listado-cards-block_9d209629d94a0c7a96544459df82ccbc\" class=\"listado-cards \">\n\n                    <div class=\"control-cards-grid horizontal-block\">\n                    \n                                                <div class=\"single-card\">\n                            <div class=\"image\">\n                                <a href=\"https:\/\/visitplentzia.eus\/fr\/activit\u00e9\/randonnee\/\">\n                                    <img loading=\"lazy\" decoding=\"async\" width=\"1706\" height=\"1621\" src=\"https:\/\/visitplentzia.eus\/wp-content\/uploads\/2023\/06\/larrakoetxea-2-scaled-e1692175485599.jpg\" class=\"attachment-full size-full\" alt=\"\" srcset=\"https:\/\/visitplentzia.eus\/wp-content\/uploads\/2023\/06\/larrakoetxea-2-scaled-e1692175485599.jpg 1706w, https:\/\/visitplentzia.eus\/wp-content\/uploads\/2023\/06\/larrakoetxea-2-scaled-e1692175485599-300x285.jpg 300w, https:\/\/visitplentzia.eus\/wp-content\/uploads\/2023\/06\/larrakoetxea-2-scaled-e1692175485599-1024x973.jpg 1024w, https:\/\/visitplentzia.eus\/wp-content\/uploads\/2023\/06\/larrakoetxea-2-scaled-e1692175485599-768x730.jpg 768w, https:\/\/visitplentzia.eus\/wp-content\/uploads\/2023\/06\/larrakoetxea-2-scaled-e1692175485599-1536x1459.jpg 1536w\" sizes=\"auto, (max-width: 1706px) 100vw, 1706px\" \/>                                <\/a>\n                            <\/div>\n                            <div class=\"texto\">\n                                <p class=\"title\">\n                                    <a href=\"https:\/\/visitplentzia.eus\/fr\/activit\u00e9\/randonnee\/\">\n                                        Sentiers de randonn\u00e9e                                    <\/a>\n                                <\/p>\n                                <div class=\"resumen\">\n                                    <p><span style=\"font-weight: 400;\">Plentzia est le point de d\u00e9part et d\u2019arriv\u00e9e de divers itin\u00e9raires. Les itin\u00e9raires sont une activit\u00e9 parfaite \u00e0 faire en famille, entre amis ou pour profiter d\u2019un moment seul. Chaussez vos chaussures de trekking et d\u00e9couvrez les paysages vari\u00e9s d\u2019Uribe Kosta!<\/span><\/p>\n                                <\/div>\n                                <div class=\"button-container\">\n                                    <p>\n                                        <a class=\"button\" href=\"https:\/\/visitplentzia.eus\/fr\/activit\u00e9\/randonnee\/\">Plus d&rsquo;informations<\/a>\n                                    <\/p>\n                                <\/div>\n                            <\/div>\n                        <\/div>\n                \n                    \n                                                <div class=\"single-card\">\n                            <div class=\"image\">\n                                <a href=\"https:\/\/visitplentzia.eus\/fr\/activit\u00e9\/voile-et-bateau\/\">\n                                    <img loading=\"lazy\" decoding=\"async\" width=\"600\" height=\"200\" src=\"https:\/\/visitplentzia.eus\/wp-content\/uploads\/2023\/05\/Sliders-web-4.png\" class=\"attachment-full size-full\" alt=\"\" srcset=\"https:\/\/visitplentzia.eus\/wp-content\/uploads\/2023\/05\/Sliders-web-4.png 600w, https:\/\/visitplentzia.eus\/wp-content\/uploads\/2023\/05\/Sliders-web-4-300x100.png 300w\" sizes=\"auto, (max-width: 600px) 100vw, 600px\" \/>                                <\/a>\n                            <\/div>\n                            <div class=\"texto\">\n                                <p class=\"title\">\n                                    <a href=\"https:\/\/visitplentzia.eus\/fr\/activit\u00e9\/voile-et-bateau\/\">\n                                        Voile et bateau                                    <\/a>\n                                <\/p>\n                                <div class=\"resumen\">\n                                    <p><span style=\"font-weight: 400;\">D\u00e9couvrez la baie et l\u2019estuaire de Plentzia en bateau ! Faites une visite guid\u00e9e du Flysch de Biscaye ou louez un bateau pour une journ\u00e9e de d\u00e9tente et de plaisir.<\/span><\/p>\n                                <\/div>\n                                <div class=\"button-container\">\n                                    <p>\n                                        <a class=\"button\" href=\"https:\/\/visitplentzia.eus\/fr\/activit\u00e9\/voile-et-bateau\/\">Plus d&rsquo;informations<\/a>\n                                    <\/p>\n                                <\/div>\n                            <\/div>\n                        <\/div>\n                \n                    \n                                                <div class=\"single-card\">\n                            <div class=\"image\">\n                                <a href=\"https:\/\/visitplentzia.eus\/fr\/activit\u00e9\/surf\/\">\n                                    <img loading=\"lazy\" decoding=\"async\" width=\"358\" height=\"200\" src=\"https:\/\/visitplentzia.eus\/wp-content\/uploads\/2023\/06\/Sliders-web-3-e1692176515197.png\" class=\"attachment-full size-full\" alt=\"\" srcset=\"https:\/\/visitplentzia.eus\/wp-content\/uploads\/2023\/06\/Sliders-web-3-e1692176515197.png 358w, https:\/\/visitplentzia.eus\/wp-content\/uploads\/2023\/06\/Sliders-web-3-e1692176515197-300x168.png 300w\" sizes=\"auto, (max-width: 358px) 100vw, 358px\" \/>                                <\/a>\n                            <\/div>\n                            <div class=\"texto\">\n                                <p class=\"title\">\n                                    <a href=\"https:\/\/visitplentzia.eus\/fr\/activit\u00e9\/surf\/\">\n                                        Surf                                    <\/a>\n                                <\/p>\n                                <div class=\"resumen\">\n                                    <p><span style=\"font-weight: 400;\">Bien que la plage de Plentzia soit prot\u00e9g\u00e9e par la baie, une petite vague se forme \u00e0 l\u2019embouchure de l\u2019estuaire.<\/span><\/p>\n                                <\/div>\n                                <div class=\"button-container\">\n                                    <p>\n                                        <a class=\"button\" href=\"https:\/\/visitplentzia.eus\/fr\/activit\u00e9\/surf\/\">Plus d&rsquo;informations<\/a>\n                                    <\/p>\n                                <\/div>\n                            <\/div>\n                        <\/div>\n                \n                    \n                                                <div class=\"single-card\">\n                            <div class=\"image\">\n                                <a href=\"https:\/\/visitplentzia.eus\/fr\/activit\u00e9\/kayak\/\">\n                                    <img loading=\"lazy\" decoding=\"async\" width=\"600\" height=\"200\" src=\"https:\/\/visitplentzia.eus\/wp-content\/uploads\/2023\/06\/Sliders-web-2.png\" class=\"attachment-full size-full\" alt=\"\" srcset=\"https:\/\/visitplentzia.eus\/wp-content\/uploads\/2023\/06\/Sliders-web-2.png 600w, https:\/\/visitplentzia.eus\/wp-content\/uploads\/2023\/06\/Sliders-web-2-300x100.png 300w\" sizes=\"auto, (max-width: 600px) 100vw, 600px\" \/>                                <\/a>\n                            <\/div>\n                            <div class=\"texto\">\n                                <p class=\"title\">\n                                    <a href=\"https:\/\/visitplentzia.eus\/fr\/activit\u00e9\/kayak\/\">\n                                        Kayak                                    <\/a>\n                                <\/p>\n                                <div class=\"resumen\">\n                                    <p><span style=\"font-weight: 400;\">L\u2019estuaire est l\u2019endroit id\u00e9al pour la pratique du kayak. Avec plusieurs points d\u2019acc\u00e8s le long de l\u2019estuaire, vous pouvez remonter jusqu\u2019au quartier d\u2019Isuskiza ou continuer un peu plus loin jusqu\u2019au prochain quai.<\/span><\/p>\n                                <\/div>\n                                <div class=\"button-container\">\n                                    <p>\n                                        <a class=\"button\" href=\"https:\/\/visitplentzia.eus\/fr\/activit\u00e9\/kayak\/\">Plus d&rsquo;informations<\/a>\n                                    <\/p>\n                                <\/div>\n                            <\/div>\n                        <\/div>\n                \n                    \n                                                <div class=\"single-card\">\n                            <div class=\"image\">\n                                <a href=\"https:\/\/visitplentzia.eus\/fr\/activit\u00e9\/sup\/\">\n                                    <img loading=\"lazy\" decoding=\"async\" width=\"600\" height=\"200\" src=\"https:\/\/visitplentzia.eus\/wp-content\/uploads\/2023\/06\/Sliders-web-1.png\" class=\"attachment-full size-full\" alt=\"\" srcset=\"https:\/\/visitplentzia.eus\/wp-content\/uploads\/2023\/06\/Sliders-web-1.png 600w, https:\/\/visitplentzia.eus\/wp-content\/uploads\/2023\/06\/Sliders-web-1-300x100.png 300w\" sizes=\"auto, (max-width: 600px) 100vw, 600px\" \/>                                <\/a>\n                            <\/div>\n                            <div class=\"texto\">\n                                <p class=\"title\">\n                                    <a href=\"https:\/\/visitplentzia.eus\/fr\/activit\u00e9\/sup\/\">\n                                        SUP                                    <\/a>\n                                <\/p>\n                                <div class=\"resumen\">\n                                    <p><span style=\"font-weight: 400;\">L\u2019estuaire est l\u2019endroit id\u00e9al pour la pratique du SUP (stand up paddling). Avec plusieurs points d\u2019acc\u00e8s le long de l\u2019estuaire, vous pouvez remonter jusqu\u2019au quartier d\u2019Isuskiza ou continuer un peu plus loin jusqu\u2019au prochain quai.<\/span><\/p>\n                                <\/div>\n                                <div class=\"button-container\">\n                                    <p>\n                                        <a class=\"button\" href=\"https:\/\/visitplentzia.eus\/fr\/activit\u00e9\/sup\/\">Plus d&rsquo;informations<\/a>\n                                    <\/p>\n                                <\/div>\n                            <\/div>\n                        <\/div>\n                \n                                    <\/div>\n            \n    \n\n\n\n    \n    \n<\/div>\n\n<\/div><\/div>\n","protected":false},"excerpt":{"rendered":"<p>La baie est orient\u00e9e de telle mani\u00e8re que la plage est agit\u00e9e par tr\u00e8s peu de courant, ce qui en fait l\u2019une des plus s\u00fbres et des plus belles du Pays basque. De plus, la petite vague qui se forme \u00e0 l\u2019embouchure de l\u2019estuaire est parfaite pour s\u2019initier au surf. Plentzia dispose \u00e9galement de plusieurs [&hellip;]<\/p>\n","protected":false},"author":1,"featured_media":0,"parent":5661,"menu_order":0,"comment_status":"closed","ping_status":"closed","template":"page-templates\/page-que-hacer.php","meta":{"_genesis_hide_title":false,"_genesis_hide_breadcrumbs":false,"_genesis_hide_singular_image":false,"_genesis_hide_footer_widgets":false,"_genesis_custom_body_class":"","_genesis_custom_post_class":"","_genesis_layout":"","footnotes":""},"class_list":{"0":"post-5667","1":"page","2":"type-page","3":"status-publish","5":"entry"},"acf":[],"yoast_head":"<!-- This site is optimized with the Yoast SEO plugin v27.4 - https:\/\/yoast.com\/product\/yoast-seo-wordpress\/ -->\n<title>Tourisme actif<\/title>\n<meta name=\"description\" content=\"D\u00e9couvrez les activit\u00e9s \u00e0 faire \u00e0 Plentzia. De l\u2019\u0153notourisme aux sports nautiques comme le surf, le kayak, le sup, etc.\" \/>\n<meta name=\"robots\" content=\"index, follow, max-snippet:-1, max-image-preview:large, max-video-preview:-1\" \/>\n<link rel=\"canonical\" href=\"https:\/\/visitplentzia.eus\/fr\/que-faire\/tourisme-actif\/\" \/>\n<meta property=\"og:locale\" content=\"fr_FR\" \/>\n<meta property=\"og:type\" content=\"article\" \/>\n<meta property=\"og:title\" content=\"Tourisme actif\" \/>\n<meta property=\"og:description\" content=\"D\u00e9couvrez les activit\u00e9s \u00e0 faire \u00e0 Plentzia. De l\u2019\u0153notourisme aux sports nautiques comme le surf, le kayak, le sup, etc.\" \/>\n<meta property=\"og:url\" content=\"https:\/\/visitplentzia.eus\/fr\/que-faire\/tourisme-actif\/\" \/>\n<meta property=\"og:site_name\" content=\"Turismo Plentzia\" \/>\n<meta property=\"article:modified_time\" content=\"2024-06-25T10:10:23+00:00\" \/>\n<meta name=\"twitter:card\" content=\"summary_large_image\" \/>\n<meta name=\"twitter:label1\" content=\"Dur\u00e9e de lecture estim\u00e9e\" \/>\n\t<meta name=\"twitter:data1\" content=\"1 minute\" \/>\n<script type=\"application\/ld+json\" class=\"yoast-schema-graph\">{\"@context\":\"https:\\\/\\\/schema.org\",\"@graph\":[{\"@type\":\"WebPage\",\"@id\":\"https:\\\/\\\/visitplentzia.eus\\\/fr\\\/que-faire\\\/tourisme-actif\\\/\",\"url\":\"https:\\\/\\\/visitplentzia.eus\\\/fr\\\/que-faire\\\/tourisme-actif\\\/\",\"name\":\"Tourisme actif\",\"isPartOf\":{\"@id\":\"https:\\\/\\\/visitplentzia.eus\\\/fr\\\/#website\"},\"datePublished\":\"2023-06-01T06:52:52+00:00\",\"dateModified\":\"2024-06-25T10:10:23+00:00\",\"description\":\"D\u00e9couvrez les activit\u00e9s \u00e0 faire \u00e0 Plentzia. De l\u2019\u0153notourisme aux sports nautiques comme le surf, le kayak, le sup, etc.\",\"breadcrumb\":{\"@id\":\"https:\\\/\\\/visitplentzia.eus\\\/fr\\\/que-faire\\\/tourisme-actif\\\/#breadcrumb\"},\"inLanguage\":\"fr-FR\",\"potentialAction\":[{\"@type\":\"ReadAction\",\"target\":[\"https:\\\/\\\/visitplentzia.eus\\\/fr\\\/que-faire\\\/tourisme-actif\\\/\"]}]},{\"@type\":\"BreadcrumbList\",\"@id\":\"https:\\\/\\\/visitplentzia.eus\\\/fr\\\/que-faire\\\/tourisme-actif\\\/#breadcrumb\",\"itemListElement\":[{\"@type\":\"ListItem\",\"position\":1,\"name\":\"Home\",\"item\":\"https:\\\/\\\/visitplentzia.eus\\\/fr\\\/\"},{\"@type\":\"ListItem\",\"position\":2,\"name\":\"Que faire\",\"item\":\"https:\\\/\\\/visitplentzia.eus\\\/fr\\\/que-faire\\\/\"},{\"@type\":\"ListItem\",\"position\":3,\"name\":\"Tourisme actif\"}]},{\"@type\":\"WebSite\",\"@id\":\"https:\\\/\\\/visitplentzia.eus\\\/fr\\\/#website\",\"url\":\"https:\\\/\\\/visitplentzia.eus\\\/fr\\\/\",\"name\":\"Turismo Plentzia\",\"description\":\"P\u00e1gina oficial de Turismo Plentzia. Visita su hermosa R\u00eda, su bella playa, su puerto y su pintoresco casco antiguo\",\"publisher\":{\"@id\":\"https:\\\/\\\/visitplentzia.eus\\\/fr\\\/#organization\"},\"alternateName\":\"Turismo Plentzia\",\"potentialAction\":[{\"@type\":\"SearchAction\",\"target\":{\"@type\":\"EntryPoint\",\"urlTemplate\":\"https:\\\/\\\/visitplentzia.eus\\\/fr\\\/?s={search_term_string}\"},\"query-input\":{\"@type\":\"PropertyValueSpecification\",\"valueRequired\":true,\"valueName\":\"search_term_string\"}}],\"inLanguage\":\"fr-FR\"},{\"@type\":\"Organization\",\"@id\":\"https:\\\/\\\/visitplentzia.eus\\\/fr\\\/#organization\",\"name\":\"Plentzia turismo\",\"url\":\"https:\\\/\\\/visitplentzia.eus\\\/fr\\\/\",\"logo\":{\"@type\":\"ImageObject\",\"inLanguage\":\"fr-FR\",\"@id\":\"https:\\\/\\\/visitplentzia.eus\\\/fr\\\/#\\\/schema\\\/logo\\\/image\\\/\",\"url\":\"https:\\\/\\\/visitplentzia.eus\\\/wp-content\\\/uploads\\\/2023\\\/04\\\/logo-plentzia.png\",\"contentUrl\":\"https:\\\/\\\/visitplentzia.eus\\\/wp-content\\\/uploads\\\/2023\\\/04\\\/logo-plentzia.png\",\"width\":130,\"height\":117,\"caption\":\"Plentzia turismo\"},\"image\":{\"@id\":\"https:\\\/\\\/visitplentzia.eus\\\/fr\\\/#\\\/schema\\\/logo\\\/image\\\/\"}}]}<\/script>\n<!-- \/ Yoast SEO plugin. -->","yoast_head_json":{"title":"Tourisme actif","description":"D\u00e9couvrez les activit\u00e9s \u00e0 faire \u00e0 Plentzia. De l\u2019\u0153notourisme aux sports nautiques comme le surf, le kayak, le sup, etc.","robots":{"index":"index","follow":"follow","max-snippet":"max-snippet:-1","max-image-preview":"max-image-preview:large","max-video-preview":"max-video-preview:-1"},"canonical":"https:\/\/visitplentzia.eus\/fr\/que-faire\/tourisme-actif\/","og_locale":"fr_FR","og_type":"article","og_title":"Tourisme actif","og_description":"D\u00e9couvrez les activit\u00e9s \u00e0 faire \u00e0 Plentzia. De l\u2019\u0153notourisme aux sports nautiques comme le surf, le kayak, le sup, etc.","og_url":"https:\/\/visitplentzia.eus\/fr\/que-faire\/tourisme-actif\/","og_site_name":"Turismo Plentzia","article_modified_time":"2024-06-25T10:10:23+00:00","twitter_card":"summary_large_image","twitter_misc":{"Dur\u00e9e de lecture estim\u00e9e":"1 minute"},"schema":{"@context":"https:\/\/schema.org","@graph":[{"@type":"WebPage","@id":"https:\/\/visitplentzia.eus\/fr\/que-faire\/tourisme-actif\/","url":"https:\/\/visitplentzia.eus\/fr\/que-faire\/tourisme-actif\/","name":"Tourisme actif","isPartOf":{"@id":"https:\/\/visitplentzia.eus\/fr\/#website"},"datePublished":"2023-06-01T06:52:52+00:00","dateModified":"2024-06-25T10:10:23+00:00","description":"D\u00e9couvrez les activit\u00e9s \u00e0 faire \u00e0 Plentzia. De l\u2019\u0153notourisme aux sports nautiques comme le surf, le kayak, le sup, etc.","breadcrumb":{"@id":"https:\/\/visitplentzia.eus\/fr\/que-faire\/tourisme-actif\/#breadcrumb"},"inLanguage":"fr-FR","potentialAction":[{"@type":"ReadAction","target":["https:\/\/visitplentzia.eus\/fr\/que-faire\/tourisme-actif\/"]}]},{"@type":"BreadcrumbList","@id":"https:\/\/visitplentzia.eus\/fr\/que-faire\/tourisme-actif\/#breadcrumb","itemListElement":[{"@type":"ListItem","position":1,"name":"Home","item":"https:\/\/visitplentzia.eus\/fr\/"},{"@type":"ListItem","position":2,"name":"Que faire","item":"https:\/\/visitplentzia.eus\/fr\/que-faire\/"},{"@type":"ListItem","position":3,"name":"Tourisme actif"}]},{"@type":"WebSite","@id":"https:\/\/visitplentzia.eus\/fr\/#website","url":"https:\/\/visitplentzia.eus\/fr\/","name":"Turismo Plentzia","description":"P\u00e1gina oficial de Turismo Plentzia. Visita su hermosa R\u00eda, su bella playa, su puerto y su pintoresco casco antiguo","publisher":{"@id":"https:\/\/visitplentzia.eus\/fr\/#organization"},"alternateName":"Turismo Plentzia","potentialAction":[{"@type":"SearchAction","target":{"@type":"EntryPoint","urlTemplate":"https:\/\/visitplentzia.eus\/fr\/?s={search_term_string}"},"query-input":{"@type":"PropertyValueSpecification","valueRequired":true,"valueName":"search_term_string"}}],"inLanguage":"fr-FR"},{"@type":"Organization","@id":"https:\/\/visitplentzia.eus\/fr\/#organization","name":"Plentzia turismo","url":"https:\/\/visitplentzia.eus\/fr\/","logo":{"@type":"ImageObject","inLanguage":"fr-FR","@id":"https:\/\/visitplentzia.eus\/fr\/#\/schema\/logo\/image\/","url":"https:\/\/visitplentzia.eus\/wp-content\/uploads\/2023\/04\/logo-plentzia.png","contentUrl":"https:\/\/visitplentzia.eus\/wp-content\/uploads\/2023\/04\/logo-plentzia.png","width":130,"height":117,"caption":"Plentzia turismo"},"image":{"@id":"https:\/\/visitplentzia.eus\/fr\/#\/schema\/logo\/image\/"}}]}},"featured_image_src":null,"featured_image_src_square":null,"publishpress_future_workflow_manual_trigger":{"enabledWorkflows":[]},"_links":{"self":[{"href":"https:\/\/visitplentzia.eus\/fr\/wp-json\/wp\/v2\/pages\/5667","targetHints":{"allow":["GET"]}}],"collection":[{"href":"https:\/\/visitplentzia.eus\/fr\/wp-json\/wp\/v2\/pages"}],"about":[{"href":"https:\/\/visitplentzia.eus\/fr\/wp-json\/wp\/v2\/types\/page"}],"author":[{"embeddable":true,"href":"https:\/\/visitplentzia.eus\/fr\/wp-json\/wp\/v2\/users\/1"}],"replies":[{"embeddable":true,"href":"https:\/\/visitplentzia.eus\/fr\/wp-json\/wp\/v2\/comments?post=5667"}],"version-history":[{"count":9,"href":"https:\/\/visitplentzia.eus\/fr\/wp-json\/wp\/v2\/pages\/5667\/revisions"}],"predecessor-version":[{"id":7843,"href":"https:\/\/visitplentzia.eus\/fr\/wp-json\/wp\/v2\/pages\/5667\/revisions\/7843"}],"up":[{"embeddable":true,"href":"https:\/\/visitplentzia.eus\/fr\/wp-json\/wp\/v2\/pages\/5661"}],"wp:attachment":[{"href":"https:\/\/visitplentzia.eus\/fr\/wp-json\/wp\/v2\/media?parent=5667"}],"curies":[{"name":"wp","href":"https:\/\/api.w.org\/{rel}","templated":true}]}}