{"id":5676,"date":"2023-05-24T11:53:23","date_gmt":"2023-05-24T11:53:23","guid":{"rendered":"https:\/\/darkslategrey-ape-696608.hostingersite.com\/que-faire\/vida-marinera\/"},"modified":"2024-02-28T19:10:19","modified_gmt":"2024-02-28T19:10:19","slug":"vie-maritime","status":"publish","type":"page","link":"https:\/\/visitplentzia.eus\/fr\/que-faire\/vie-maritime\/","title":{"rendered":"Vie maritime"},"content":{"rendered":"\n<div id=\"listado-cards-block_649405e02cfa3\" class=\"listado-cards \">\n\n                    <div class=\"control-cards-grid horizontal-block\">\n                    \n                                                <div class=\"single-card\">\n                            <div class=\"image\">\n                                <a href=\"https:\/\/visitplentzia.eus\/fr\/que-faire\/vie-maritime\/estuaire-de-plentzia\/\">\n                                    <img loading=\"lazy\" decoding=\"async\" width=\"1000\" height=\"750\" src=\"https:\/\/visitplentzia.eus\/wp-content\/uploads\/2023\/05\/ria-de-plentzia.jpg\" class=\"attachment-full size-full\" alt=\"\" srcset=\"https:\/\/visitplentzia.eus\/wp-content\/uploads\/2023\/05\/ria-de-plentzia.jpg 1000w, https:\/\/visitplentzia.eus\/wp-content\/uploads\/2023\/05\/ria-de-plentzia-300x225.jpg 300w, https:\/\/visitplentzia.eus\/wp-content\/uploads\/2023\/05\/ria-de-plentzia-768x576.jpg 768w, https:\/\/visitplentzia.eus\/wp-content\/uploads\/2023\/05\/ria-de-plentzia-702x526.jpg 702w\" sizes=\"auto, (max-width: 1000px) 100vw, 1000px\" \/>                                <\/a>\n                            <\/div>\n                            <div class=\"texto\">\n                                <p class=\"title\">\n                                    <a href=\"https:\/\/visitplentzia.eus\/fr\/que-faire\/vie-maritime\/estuaire-de-plentzia\/\">\n                                        Estuaire de Plentzia                                    <\/a>\n                                <\/p>\n                                <div class=\"resumen\">\n                                    <p><span style=\"font-weight: 400;\">Il s\u2019agit de l\u2019embouchure de la rivi\u00e8re Butr\u00f3n, qui passe par la commune de Plentzia pour ensuite se jeter dans la mer Cantabrique.<\/span><\/p>\n                                <\/div>\n                                <div class=\"button-container\">\n                                    <p>\n                                        <a class=\"button\" href=\"https:\/\/visitplentzia.eus\/fr\/que-faire\/vie-maritime\/estuaire-de-plentzia\/\">Plus d&rsquo;informations<\/a>\n                                    <\/p>\n                                <\/div>\n                            <\/div>\n                        <\/div>\n                \n                    \n                                                <div class=\"single-card\">\n                            <div class=\"image\">\n                                <a href=\"https:\/\/visitplentzia.eus\/fr\/que-faire\/vie-maritime\/plage-de-plentzia\/\">\n                                    <img loading=\"lazy\" decoding=\"async\" width=\"1000\" height=\"561\" src=\"https:\/\/visitplentzia.eus\/wp-content\/uploads\/2023\/05\/playa-de-plentzia.jpg\" class=\"attachment-full size-full\" alt=\"\" srcset=\"https:\/\/visitplentzia.eus\/wp-content\/uploads\/2023\/05\/playa-de-plentzia.jpg 1000w, https:\/\/visitplentzia.eus\/wp-content\/uploads\/2023\/05\/playa-de-plentzia-300x168.jpg 300w, https:\/\/visitplentzia.eus\/wp-content\/uploads\/2023\/05\/playa-de-plentzia-768x431.jpg 768w\" sizes=\"auto, (max-width: 1000px) 100vw, 1000px\" \/>                                <\/a>\n                            <\/div>\n                            <div class=\"texto\">\n                                <p class=\"title\">\n                                    <a href=\"https:\/\/visitplentzia.eus\/fr\/que-faire\/vie-maritime\/plage-de-plentzia\/\">\n                                        Plage de Plentzia                                    <\/a>\n                                <\/p>\n                                <div class=\"resumen\">\n                                    <p><span style=\"font-weight: 400;\">La plage de Plentzia est l\u2019une des \u00e9tendues de sable les plus fr\u00e9quent\u00e9es dans la c\u00f4te bisca\u00efenne. Elle se trouve dans une magnifique baie, \u00e0 c\u00f4t\u00e9 de l\u2019embouchure estuaire et tout pr\u00e8s du centre-ville.<\/span><\/p>\n                                <\/div>\n                                <div class=\"button-container\">\n                                    <p>\n                                        <a class=\"button\" href=\"https:\/\/visitplentzia.eus\/fr\/que-faire\/vie-maritime\/plage-de-plentzia\/\">Plus d&rsquo;informations<\/a>\n                                    <\/p>\n                                <\/div>\n                            <\/div>\n                        <\/div>\n                \n                    \n                                                <div class=\"single-card\">\n                            <div class=\"image\">\n                                <a href=\"https:\/\/visitplentzia.eus\/fr\/que-faire\/vie-maritime\/plentzia-marine-station-pie\/\">\n                                    <img loading=\"lazy\" decoding=\"async\" width=\"768\" height=\"576\" src=\"https:\/\/visitplentzia.eus\/wp-content\/uploads\/2023\/05\/p1180931-768x576-1.jpg\" class=\"attachment-full size-full\" alt=\"\" srcset=\"https:\/\/visitplentzia.eus\/wp-content\/uploads\/2023\/05\/p1180931-768x576-1.jpg 768w, https:\/\/visitplentzia.eus\/wp-content\/uploads\/2023\/05\/p1180931-768x576-1-300x225.jpg 300w, https:\/\/visitplentzia.eus\/wp-content\/uploads\/2023\/05\/p1180931-768x576-1-702x526.jpg 702w\" sizes=\"auto, (max-width: 768px) 100vw, 768px\" \/>                                <\/a>\n                            <\/div>\n                            <div class=\"texto\">\n                                <p class=\"title\">\n                                    <a href=\"https:\/\/visitplentzia.eus\/fr\/que-faire\/vie-maritime\/plentzia-marine-station-pie\/\">\n                                        Plentzia Marine Station \u2013 PIE                                    <\/a>\n                                <\/p>\n                                <div class=\"resumen\">\n                                    <p><span style=\"font-weight: 400;\">Ce Centre de Recherche en Biologie Exp\u00e9rimentale Marine et Biotechnologie est une institution sans entit\u00e9 juridique cr\u00e9\u00e9e par l\u2019Universit\u00e9 du Pays Basque (UPV \/ EHU).<\/span><\/p>\n                                <\/div>\n                                <div class=\"button-container\">\n                                    <p>\n                                        <a class=\"button\" href=\"https:\/\/visitplentzia.eus\/fr\/que-faire\/vie-maritime\/plentzia-marine-station-pie\/\">Plus d&rsquo;informations<\/a>\n                                    <\/p>\n                                <\/div>\n                            <\/div>\n                        <\/div>\n                \n                    \n                                                <div class=\"single-card\">\n                            <div class=\"image\">\n                                <a href=\"https:\/\/visitplentzia.eus\/fr\/que-faire\/vie-maritime\/la-gallarda-port\/\">\n                                    <img loading=\"lazy\" decoding=\"async\" width=\"1000\" height=\"563\" src=\"https:\/\/visitplentzia.eus\/wp-content\/uploads\/2023\/05\/puerto-plentzia.jpg\" class=\"attachment-full size-full\" alt=\"\" srcset=\"https:\/\/visitplentzia.eus\/wp-content\/uploads\/2023\/05\/puerto-plentzia.jpg 1000w, https:\/\/visitplentzia.eus\/wp-content\/uploads\/2023\/05\/puerto-plentzia-300x169.jpg 300w, https:\/\/visitplentzia.eus\/wp-content\/uploads\/2023\/05\/puerto-plentzia-768x432.jpg 768w\" sizes=\"auto, (max-width: 1000px) 100vw, 1000px\" \/>                                <\/a>\n                            <\/div>\n                            <div class=\"texto\">\n                                <p class=\"title\">\n                                    <a href=\"https:\/\/visitplentzia.eus\/fr\/que-faire\/vie-maritime\/la-gallarda-port\/\">\n                                        La Gallarda port                                    <\/a>\n                                <\/p>\n                                <div class=\"resumen\">\n                                    <p><span style=\"font-weight: 400;\">Connu sous le nom de port du Plentzia, son histoire a d\u2019abord \u00e9t\u00e9 celle d\u2019un port commercial. L\u2019activit\u00e9 de la p\u00eache n\u2019a \u00e9t\u00e9 que post\u00e9rieure. De nos jours il s\u2019agit principalement d\u2019un port de plaisance.<\/span><\/p>\n                                <\/div>\n                                <div class=\"button-container\">\n                                    <p>\n                                        <a class=\"button\" href=\"https:\/\/visitplentzia.eus\/fr\/que-faire\/vie-maritime\/la-gallarda-port\/\">Plus d&rsquo;informations<\/a>\n                                    <\/p>\n                                <\/div>\n                            <\/div>\n                        <\/div>\n                \n                    \n                                                <div class=\"single-card\">\n                            <div class=\"image\">\n                                <a href=\"https:\/\/visitplentzia.eus\/fr\/que-faire\/vie-maritime\/cave-sous-marine-crusoe-treasure\/\">\n                                    <img loading=\"lazy\" decoding=\"async\" width=\"1200\" height=\"693\" src=\"https:\/\/visitplentzia.eus\/wp-content\/uploads\/2023\/05\/bodega-plentzia.jpg\" class=\"attachment-full size-full\" alt=\"\" srcset=\"https:\/\/visitplentzia.eus\/wp-content\/uploads\/2023\/05\/bodega-plentzia.jpg 1200w, https:\/\/visitplentzia.eus\/wp-content\/uploads\/2023\/05\/bodega-plentzia-300x173.jpg 300w, https:\/\/visitplentzia.eus\/wp-content\/uploads\/2023\/05\/bodega-plentzia-1024x591.jpg 1024w, https:\/\/visitplentzia.eus\/wp-content\/uploads\/2023\/05\/bodega-plentzia-768x444.jpg 768w\" sizes=\"auto, (max-width: 1200px) 100vw, 1200px\" \/>                                <\/a>\n                            <\/div>\n                            <div class=\"texto\">\n                                <p class=\"title\">\n                                    <a href=\"https:\/\/visitplentzia.eus\/fr\/que-faire\/vie-maritime\/cave-sous-marine-crusoe-treasure\/\">\n                                        Cave sous-marine Crusoe Treasure                                    <\/a>\n                                <\/p>\n                                <div class=\"resumen\">\n                                    <p><span style=\"font-weight: 400;\">Crusoe Treasure est une \u00e9dition limit\u00e9e boutique vin vieilli au fond de la mer dans la premi\u00e8re cave sous-marine et de r\u00e9cifs artificiels dans le monde.<\/span><\/p>\n                                <\/div>\n                                <div class=\"button-container\">\n                                    <p>\n                                        <a class=\"button\" href=\"https:\/\/visitplentzia.eus\/fr\/que-faire\/vie-maritime\/cave-sous-marine-crusoe-treasure\/\">Plus d&rsquo;informations<\/a>\n                                    <\/p>\n                                <\/div>\n                            <\/div>\n                        <\/div>\n                \n                                    <\/div>\n            \n    \n\n\n\n    \n    \n<\/div>\n\n","protected":false},"excerpt":{"rendered":"","protected":false},"author":1,"featured_media":0,"parent":5661,"menu_order":0,"comment_status":"closed","ping_status":"closed","template":"page-templates\/page-que-hacer.php","meta":{"_genesis_hide_title":false,"_genesis_hide_breadcrumbs":false,"_genesis_hide_singular_image":false,"_genesis_hide_footer_widgets":false,"_genesis_custom_body_class":"","_genesis_custom_post_class":"","_genesis_layout":"","footnotes":""},"class_list":{"0":"post-5676","1":"page","2":"type-page","3":"status-publish","5":"entry"},"acf":[],"yoast_head":"<!-- This site is optimized with the Yoast SEO plugin v27.4 - https:\/\/yoast.com\/product\/yoast-seo-wordpress\/ -->\n<title>D\u00e9couvrez la vie maritime de Plentzia<\/title>\n<meta name=\"description\" content=\"D\u00e9couvrez la vie maritime de Plentzia : Estuaire, plage, port, gare maritime, cave et restaurants de poissons.\" \/>\n<meta name=\"robots\" content=\"index, follow, max-snippet:-1, max-image-preview:large, max-video-preview:-1\" \/>\n<link rel=\"canonical\" href=\"https:\/\/visitplentzia.eus\/fr\/que-faire\/vie-maritime\/\" \/>\n<meta property=\"og:locale\" content=\"fr_FR\" \/>\n<meta property=\"og:type\" content=\"article\" \/>\n<meta property=\"og:title\" content=\"D\u00e9couvrez la vie maritime de Plentzia\" \/>\n<meta property=\"og:description\" content=\"D\u00e9couvrez la vie maritime de Plentzia : Estuaire, plage, port, gare maritime, cave et restaurants de poissons.\" \/>\n<meta property=\"og:url\" content=\"https:\/\/visitplentzia.eus\/fr\/que-faire\/vie-maritime\/\" \/>\n<meta property=\"og:site_name\" content=\"Turismo Plentzia\" \/>\n<meta property=\"article:modified_time\" content=\"2024-02-28T19:10:19+00:00\" \/>\n<meta name=\"twitter:card\" content=\"summary_large_image\" \/>\n<script type=\"application\/ld+json\" class=\"yoast-schema-graph\">{\"@context\":\"https:\\\/\\\/schema.org\",\"@graph\":[{\"@type\":\"WebPage\",\"@id\":\"https:\\\/\\\/visitplentzia.eus\\\/fr\\\/que-faire\\\/vie-maritime\\\/\",\"url\":\"https:\\\/\\\/visitplentzia.eus\\\/fr\\\/que-faire\\\/vie-maritime\\\/\",\"name\":\"D\u00e9couvrez la vie maritime de Plentzia\",\"isPartOf\":{\"@id\":\"https:\\\/\\\/visitplentzia.eus\\\/fr\\\/#website\"},\"datePublished\":\"2023-05-24T11:53:23+00:00\",\"dateModified\":\"2024-02-28T19:10:19+00:00\",\"description\":\"D\u00e9couvrez la vie maritime de Plentzia : Estuaire, plage, port, gare maritime, cave et restaurants de poissons.\",\"breadcrumb\":{\"@id\":\"https:\\\/\\\/visitplentzia.eus\\\/fr\\\/que-faire\\\/vie-maritime\\\/#breadcrumb\"},\"inLanguage\":\"fr-FR\",\"potentialAction\":[{\"@type\":\"ReadAction\",\"target\":[\"https:\\\/\\\/visitplentzia.eus\\\/fr\\\/que-faire\\\/vie-maritime\\\/\"]}]},{\"@type\":\"BreadcrumbList\",\"@id\":\"https:\\\/\\\/visitplentzia.eus\\\/fr\\\/que-faire\\\/vie-maritime\\\/#breadcrumb\",\"itemListElement\":[{\"@type\":\"ListItem\",\"position\":1,\"name\":\"Home\",\"item\":\"https:\\\/\\\/visitplentzia.eus\\\/fr\\\/\"},{\"@type\":\"ListItem\",\"position\":2,\"name\":\"Que faire\",\"item\":\"https:\\\/\\\/visitplentzia.eus\\\/fr\\\/que-faire\\\/\"},{\"@type\":\"ListItem\",\"position\":3,\"name\":\"Vie maritime\"}]},{\"@type\":\"WebSite\",\"@id\":\"https:\\\/\\\/visitplentzia.eus\\\/fr\\\/#website\",\"url\":\"https:\\\/\\\/visitplentzia.eus\\\/fr\\\/\",\"name\":\"Turismo Plentzia\",\"description\":\"P\u00e1gina oficial de Turismo Plentzia. Visita su hermosa R\u00eda, su bella playa, su puerto y su pintoresco casco antiguo\",\"publisher\":{\"@id\":\"https:\\\/\\\/visitplentzia.eus\\\/fr\\\/#organization\"},\"alternateName\":\"Turismo Plentzia\",\"potentialAction\":[{\"@type\":\"SearchAction\",\"target\":{\"@type\":\"EntryPoint\",\"urlTemplate\":\"https:\\\/\\\/visitplentzia.eus\\\/fr\\\/?s={search_term_string}\"},\"query-input\":{\"@type\":\"PropertyValueSpecification\",\"valueRequired\":true,\"valueName\":\"search_term_string\"}}],\"inLanguage\":\"fr-FR\"},{\"@type\":\"Organization\",\"@id\":\"https:\\\/\\\/visitplentzia.eus\\\/fr\\\/#organization\",\"name\":\"Plentzia turismo\",\"url\":\"https:\\\/\\\/visitplentzia.eus\\\/fr\\\/\",\"logo\":{\"@type\":\"ImageObject\",\"inLanguage\":\"fr-FR\",\"@id\":\"https:\\\/\\\/visitplentzia.eus\\\/fr\\\/#\\\/schema\\\/logo\\\/image\\\/\",\"url\":\"https:\\\/\\\/visitplentzia.eus\\\/wp-content\\\/uploads\\\/2023\\\/04\\\/logo-plentzia.png\",\"contentUrl\":\"https:\\\/\\\/visitplentzia.eus\\\/wp-content\\\/uploads\\\/2023\\\/04\\\/logo-plentzia.png\",\"width\":130,\"height\":117,\"caption\":\"Plentzia turismo\"},\"image\":{\"@id\":\"https:\\\/\\\/visitplentzia.eus\\\/fr\\\/#\\\/schema\\\/logo\\\/image\\\/\"}}]}<\/script>\n<!-- \/ Yoast SEO plugin. -->","yoast_head_json":{"title":"D\u00e9couvrez la vie maritime de Plentzia","description":"D\u00e9couvrez la vie maritime de Plentzia : Estuaire, plage, port, gare maritime, cave et restaurants de poissons.","robots":{"index":"index","follow":"follow","max-snippet":"max-snippet:-1","max-image-preview":"max-image-preview:large","max-video-preview":"max-video-preview:-1"},"canonical":"https:\/\/visitplentzia.eus\/fr\/que-faire\/vie-maritime\/","og_locale":"fr_FR","og_type":"article","og_title":"D\u00e9couvrez la vie maritime de Plentzia","og_description":"D\u00e9couvrez la vie maritime de Plentzia : Estuaire, plage, port, gare maritime, cave et restaurants de poissons.","og_url":"https:\/\/visitplentzia.eus\/fr\/que-faire\/vie-maritime\/","og_site_name":"Turismo Plentzia","article_modified_time":"2024-02-28T19:10:19+00:00","twitter_card":"summary_large_image","schema":{"@context":"https:\/\/schema.org","@graph":[{"@type":"WebPage","@id":"https:\/\/visitplentzia.eus\/fr\/que-faire\/vie-maritime\/","url":"https:\/\/visitplentzia.eus\/fr\/que-faire\/vie-maritime\/","name":"D\u00e9couvrez la vie maritime de Plentzia","isPartOf":{"@id":"https:\/\/visitplentzia.eus\/fr\/#website"},"datePublished":"2023-05-24T11:53:23+00:00","dateModified":"2024-02-28T19:10:19+00:00","description":"D\u00e9couvrez la vie maritime de Plentzia : Estuaire, plage, port, gare maritime, cave et restaurants de poissons.","breadcrumb":{"@id":"https:\/\/visitplentzia.eus\/fr\/que-faire\/vie-maritime\/#breadcrumb"},"inLanguage":"fr-FR","potentialAction":[{"@type":"ReadAction","target":["https:\/\/visitplentzia.eus\/fr\/que-faire\/vie-maritime\/"]}]},{"@type":"BreadcrumbList","@id":"https:\/\/visitplentzia.eus\/fr\/que-faire\/vie-maritime\/#breadcrumb","itemListElement":[{"@type":"ListItem","position":1,"name":"Home","item":"https:\/\/visitplentzia.eus\/fr\/"},{"@type":"ListItem","position":2,"name":"Que faire","item":"https:\/\/visitplentzia.eus\/fr\/que-faire\/"},{"@type":"ListItem","position":3,"name":"Vie maritime"}]},{"@type":"WebSite","@id":"https:\/\/visitplentzia.eus\/fr\/#website","url":"https:\/\/visitplentzia.eus\/fr\/","name":"Turismo Plentzia","description":"P\u00e1gina oficial de Turismo Plentzia. Visita su hermosa R\u00eda, su bella playa, su puerto y su pintoresco casco antiguo","publisher":{"@id":"https:\/\/visitplentzia.eus\/fr\/#organization"},"alternateName":"Turismo Plentzia","potentialAction":[{"@type":"SearchAction","target":{"@type":"EntryPoint","urlTemplate":"https:\/\/visitplentzia.eus\/fr\/?s={search_term_string}"},"query-input":{"@type":"PropertyValueSpecification","valueRequired":true,"valueName":"search_term_string"}}],"inLanguage":"fr-FR"},{"@type":"Organization","@id":"https:\/\/visitplentzia.eus\/fr\/#organization","name":"Plentzia turismo","url":"https:\/\/visitplentzia.eus\/fr\/","logo":{"@type":"ImageObject","inLanguage":"fr-FR","@id":"https:\/\/visitplentzia.eus\/fr\/#\/schema\/logo\/image\/","url":"https:\/\/visitplentzia.eus\/wp-content\/uploads\/2023\/04\/logo-plentzia.png","contentUrl":"https:\/\/visitplentzia.eus\/wp-content\/uploads\/2023\/04\/logo-plentzia.png","width":130,"height":117,"caption":"Plentzia turismo"},"image":{"@id":"https:\/\/visitplentzia.eus\/fr\/#\/schema\/logo\/image\/"}}]}},"featured_image_src":null,"featured_image_src_square":null,"publishpress_future_workflow_manual_trigger":{"enabledWorkflows":[]},"_links":{"self":[{"href":"https:\/\/visitplentzia.eus\/fr\/wp-json\/wp\/v2\/pages\/5676","targetHints":{"allow":["GET"]}}],"collection":[{"href":"https:\/\/visitplentzia.eus\/fr\/wp-json\/wp\/v2\/pages"}],"about":[{"href":"https:\/\/visitplentzia.eus\/fr\/wp-json\/wp\/v2\/types\/page"}],"author":[{"embeddable":true,"href":"https:\/\/visitplentzia.eus\/fr\/wp-json\/wp\/v2\/users\/1"}],"replies":[{"embeddable":true,"href":"https:\/\/visitplentzia.eus\/fr\/wp-json\/wp\/v2\/comments?post=5676"}],"version-history":[{"count":4,"href":"https:\/\/visitplentzia.eus\/fr\/wp-json\/wp\/v2\/pages\/5676\/revisions"}],"predecessor-version":[{"id":5716,"href":"https:\/\/visitplentzia.eus\/fr\/wp-json\/wp\/v2\/pages\/5676\/revisions\/5716"}],"up":[{"embeddable":true,"href":"https:\/\/visitplentzia.eus\/fr\/wp-json\/wp\/v2\/pages\/5661"}],"wp:attachment":[{"href":"https:\/\/visitplentzia.eus\/fr\/wp-json\/wp\/v2\/media?parent=5676"}],"curies":[{"name":"wp","href":"https:\/\/api.w.org\/{rel}","templated":true}]}}