{"id":5682,"date":"2023-05-24T12:10:18","date_gmt":"2023-05-24T12:10:18","guid":{"rendered":"https:\/\/darkslategrey-ape-696608.hostingersite.com\/que-faire\/vie-maritime\/bodega-submarina-crusoe-treasure\/"},"modified":"2024-02-28T21:09:09","modified_gmt":"2024-02-28T21:09:09","slug":"cave-sous-marine-crusoe-treasure","status":"publish","type":"page","link":"https:\/\/visitplentzia.eus\/fr\/que-faire\/vie-maritime\/cave-sous-marine-crusoe-treasure\/","title":{"rendered":"Cave sous-marine Crusoe Treasure"},"content":{"rendered":"\n<p>Crusoe Treasure est cr\u00e9\u00e9 pour les amateurs d\u2019aventure et passionn\u00e9s de vin qui souhaitent faire l\u2019exp\u00e9rience de vins fins et des spiritueux uniques ressemble \u00e0 rien sur terre. Contrairement \u00e0 d\u2019autres boissons, Crusoe tr\u00e9sor a perfectionn\u00e9 la science du vieillissement sous-marine du vin \u00e0 travers des ann\u00e9es de recherche et l\u2019innovation technologique. Ils sont d\u00e9di\u00e9s \u00e0 r\u00e9volutionner l\u2019industrie du vin \u00e0 travers des pratiques durables tout en cr\u00e9ant une plus grande prise de conscience \u00e0 propos de nos oc\u00e9ans<\/p>\n\n\n\n<p>Des visites r\u00e9guli\u00e8res \u00e0 la cave suivie d\u2019une d\u00e9gustation peuvent \u00eatre d\u00e9gust\u00e9s tout au long de la saison et de d\u00e9gustations et des visites sur mesure peuvent \u00eatre organis\u00e9es \u00e0 votre convenance.<\/p>\n\n\n\n<figure class=\"wp-block-image size-large\"><img loading=\"lazy\" decoding=\"async\" width=\"1024\" height=\"591\" src=\"http:\/\/visitplentzia.eus\/wp-content\/uploads\/2023\/05\/bodega-plentzia-1024x591.jpg\" alt=\"\" class=\"wp-image-356\" srcset=\"https:\/\/visitplentzia.eus\/wp-content\/uploads\/2023\/05\/bodega-plentzia-1024x591.jpg 1024w, https:\/\/visitplentzia.eus\/wp-content\/uploads\/2023\/05\/bodega-plentzia-300x173.jpg 300w, https:\/\/visitplentzia.eus\/wp-content\/uploads\/2023\/05\/bodega-plentzia-768x444.jpg 768w, https:\/\/visitplentzia.eus\/wp-content\/uploads\/2023\/05\/bodega-plentzia.jpg 1200w\" sizes=\"auto, (max-width: 1024px) 100vw, 1024px\" \/><\/figure>\n","protected":false},"excerpt":{"rendered":"<p>Crusoe Treasure est cr\u00e9\u00e9 pour les amateurs d\u2019aventure et passionn\u00e9s de vin qui souhaitent faire l\u2019exp\u00e9rience de vins fins et des spiritueux uniques ressemble \u00e0 rien sur terre. Contrairement \u00e0 d\u2019autres boissons, Crusoe tr\u00e9sor a perfectionn\u00e9 la science du vieillissement sous-marine du vin \u00e0 travers des ann\u00e9es de recherche et l\u2019innovation technologique. Ils sont d\u00e9di\u00e9s [&hellip;]<\/p>\n","protected":false},"author":1,"featured_media":0,"parent":5676,"menu_order":0,"comment_status":"closed","ping_status":"closed","template":"page-templates\/page-que-hacer.php","meta":{"_genesis_hide_title":false,"_genesis_hide_breadcrumbs":false,"_genesis_hide_singular_image":false,"_genesis_hide_footer_widgets":false,"_genesis_custom_body_class":"","_genesis_custom_post_class":"","_genesis_layout":"","footnotes":""},"class_list":{"0":"post-5682","1":"page","2":"type-page","3":"status-publish","5":"entry"},"acf":[],"yoast_head":"<!-- This site is optimized with the Yoast SEO plugin v27.4 - https:\/\/yoast.com\/product\/yoast-seo-wordpress\/ -->\n<title>Cave sous-marine Crusoe Treasure \u00e0 Plentzia<\/title>\n<meta name=\"description\" content=\"Tr\u00e9sor de Cruso\u00e9\u00a0: Cr\u00e9\u00e9 par des aventuriers et des passionn\u00e9s de vin qui voulaient cr\u00e9er des vins haut de gamme totalement diff\u00e9rents\" \/>\n<meta name=\"robots\" content=\"index, follow, max-snippet:-1, max-image-preview:large, max-video-preview:-1\" \/>\n<link rel=\"canonical\" href=\"https:\/\/visitplentzia.eus\/fr\/que-faire\/vie-maritime\/cave-sous-marine-crusoe-treasure\/\" \/>\n<meta property=\"og:locale\" content=\"fr_FR\" \/>\n<meta property=\"og:type\" content=\"article\" \/>\n<meta property=\"og:title\" content=\"Cave sous-marine Crusoe Treasure \u00e0 Plentzia\" \/>\n<meta property=\"og:description\" content=\"Tr\u00e9sor de Cruso\u00e9\u00a0: Cr\u00e9\u00e9 par des aventuriers et des passionn\u00e9s de vin qui voulaient cr\u00e9er des vins haut de gamme totalement diff\u00e9rents\" \/>\n<meta property=\"og:url\" content=\"https:\/\/visitplentzia.eus\/fr\/que-faire\/vie-maritime\/cave-sous-marine-crusoe-treasure\/\" \/>\n<meta property=\"og:site_name\" content=\"Turismo Plentzia\" \/>\n<meta property=\"article:modified_time\" content=\"2024-02-28T21:09:09+00:00\" \/>\n<meta property=\"og:image\" content=\"http:\/\/visitplentzia.eus\/wp-content\/uploads\/2023\/05\/bodega-plentzia-1024x591.jpg\" \/>\n<meta name=\"twitter:card\" content=\"summary_large_image\" \/>\n<meta name=\"twitter:label1\" content=\"Dur\u00e9e de lecture estim\u00e9e\" \/>\n\t<meta name=\"twitter:data1\" content=\"1 minute\" \/>\n<script type=\"application\/ld+json\" class=\"yoast-schema-graph\">{\"@context\":\"https:\\\/\\\/schema.org\",\"@graph\":[{\"@type\":\"WebPage\",\"@id\":\"https:\\\/\\\/visitplentzia.eus\\\/fr\\\/que-faire\\\/vie-maritime\\\/cave-sous-marine-crusoe-treasure\\\/\",\"url\":\"https:\\\/\\\/visitplentzia.eus\\\/fr\\\/que-faire\\\/vie-maritime\\\/cave-sous-marine-crusoe-treasure\\\/\",\"name\":\"Cave sous-marine Crusoe Treasure \u00e0 Plentzia\",\"isPartOf\":{\"@id\":\"https:\\\/\\\/visitplentzia.eus\\\/fr\\\/#website\"},\"primaryImageOfPage\":{\"@id\":\"https:\\\/\\\/visitplentzia.eus\\\/fr\\\/que-faire\\\/vie-maritime\\\/cave-sous-marine-crusoe-treasure\\\/#primaryimage\"},\"image\":{\"@id\":\"https:\\\/\\\/visitplentzia.eus\\\/fr\\\/que-faire\\\/vie-maritime\\\/cave-sous-marine-crusoe-treasure\\\/#primaryimage\"},\"thumbnailUrl\":\"http:\\\/\\\/visitplentzia.eus\\\/wp-content\\\/uploads\\\/2023\\\/05\\\/bodega-plentzia-1024x591.jpg\",\"datePublished\":\"2023-05-24T12:10:18+00:00\",\"dateModified\":\"2024-02-28T21:09:09+00:00\",\"description\":\"Tr\u00e9sor de Cruso\u00e9\u00a0: Cr\u00e9\u00e9 par des aventuriers et des passionn\u00e9s de vin qui voulaient cr\u00e9er des vins haut de gamme totalement diff\u00e9rents\",\"breadcrumb\":{\"@id\":\"https:\\\/\\\/visitplentzia.eus\\\/fr\\\/que-faire\\\/vie-maritime\\\/cave-sous-marine-crusoe-treasure\\\/#breadcrumb\"},\"inLanguage\":\"fr-FR\",\"potentialAction\":[{\"@type\":\"ReadAction\",\"target\":[\"https:\\\/\\\/visitplentzia.eus\\\/fr\\\/que-faire\\\/vie-maritime\\\/cave-sous-marine-crusoe-treasure\\\/\"]}]},{\"@type\":\"ImageObject\",\"inLanguage\":\"fr-FR\",\"@id\":\"https:\\\/\\\/visitplentzia.eus\\\/fr\\\/que-faire\\\/vie-maritime\\\/cave-sous-marine-crusoe-treasure\\\/#primaryimage\",\"url\":\"http:\\\/\\\/visitplentzia.eus\\\/wp-content\\\/uploads\\\/2023\\\/05\\\/bodega-plentzia-1024x591.jpg\",\"contentUrl\":\"http:\\\/\\\/visitplentzia.eus\\\/wp-content\\\/uploads\\\/2023\\\/05\\\/bodega-plentzia-1024x591.jpg\"},{\"@type\":\"BreadcrumbList\",\"@id\":\"https:\\\/\\\/visitplentzia.eus\\\/fr\\\/que-faire\\\/vie-maritime\\\/cave-sous-marine-crusoe-treasure\\\/#breadcrumb\",\"itemListElement\":[{\"@type\":\"ListItem\",\"position\":1,\"name\":\"Home\",\"item\":\"https:\\\/\\\/visitplentzia.eus\\\/fr\\\/\"},{\"@type\":\"ListItem\",\"position\":2,\"name\":\"Que faire\",\"item\":\"https:\\\/\\\/visitplentzia.eus\\\/fr\\\/que-faire\\\/\"},{\"@type\":\"ListItem\",\"position\":3,\"name\":\"Vie maritime\",\"item\":\"https:\\\/\\\/visitplentzia.eus\\\/fr\\\/que-faire\\\/vie-maritime\\\/\"},{\"@type\":\"ListItem\",\"position\":4,\"name\":\"Cave sous-marine Crusoe Treasure\"}]},{\"@type\":\"WebSite\",\"@id\":\"https:\\\/\\\/visitplentzia.eus\\\/fr\\\/#website\",\"url\":\"https:\\\/\\\/visitplentzia.eus\\\/fr\\\/\",\"name\":\"Turismo Plentzia\",\"description\":\"P\u00e1gina oficial de Turismo Plentzia. Visita su hermosa R\u00eda, su bella playa, su puerto y su pintoresco casco antiguo\",\"publisher\":{\"@id\":\"https:\\\/\\\/visitplentzia.eus\\\/fr\\\/#organization\"},\"alternateName\":\"Turismo Plentzia\",\"potentialAction\":[{\"@type\":\"SearchAction\",\"target\":{\"@type\":\"EntryPoint\",\"urlTemplate\":\"https:\\\/\\\/visitplentzia.eus\\\/fr\\\/?s={search_term_string}\"},\"query-input\":{\"@type\":\"PropertyValueSpecification\",\"valueRequired\":true,\"valueName\":\"search_term_string\"}}],\"inLanguage\":\"fr-FR\"},{\"@type\":\"Organization\",\"@id\":\"https:\\\/\\\/visitplentzia.eus\\\/fr\\\/#organization\",\"name\":\"Plentzia turismo\",\"url\":\"https:\\\/\\\/visitplentzia.eus\\\/fr\\\/\",\"logo\":{\"@type\":\"ImageObject\",\"inLanguage\":\"fr-FR\",\"@id\":\"https:\\\/\\\/visitplentzia.eus\\\/fr\\\/#\\\/schema\\\/logo\\\/image\\\/\",\"url\":\"https:\\\/\\\/visitplentzia.eus\\\/wp-content\\\/uploads\\\/2023\\\/04\\\/logo-plentzia.png\",\"contentUrl\":\"https:\\\/\\\/visitplentzia.eus\\\/wp-content\\\/uploads\\\/2023\\\/04\\\/logo-plentzia.png\",\"width\":130,\"height\":117,\"caption\":\"Plentzia turismo\"},\"image\":{\"@id\":\"https:\\\/\\\/visitplentzia.eus\\\/fr\\\/#\\\/schema\\\/logo\\\/image\\\/\"}}]}<\/script>\n<!-- \/ Yoast SEO plugin. -->","yoast_head_json":{"title":"Cave sous-marine Crusoe Treasure \u00e0 Plentzia","description":"Tr\u00e9sor de Cruso\u00e9\u00a0: Cr\u00e9\u00e9 par des aventuriers et des passionn\u00e9s de vin qui voulaient cr\u00e9er des vins haut de gamme totalement diff\u00e9rents","robots":{"index":"index","follow":"follow","max-snippet":"max-snippet:-1","max-image-preview":"max-image-preview:large","max-video-preview":"max-video-preview:-1"},"canonical":"https:\/\/visitplentzia.eus\/fr\/que-faire\/vie-maritime\/cave-sous-marine-crusoe-treasure\/","og_locale":"fr_FR","og_type":"article","og_title":"Cave sous-marine Crusoe Treasure \u00e0 Plentzia","og_description":"Tr\u00e9sor de Cruso\u00e9\u00a0: Cr\u00e9\u00e9 par des aventuriers et des passionn\u00e9s de vin qui voulaient cr\u00e9er des vins haut de gamme totalement diff\u00e9rents","og_url":"https:\/\/visitplentzia.eus\/fr\/que-faire\/vie-maritime\/cave-sous-marine-crusoe-treasure\/","og_site_name":"Turismo Plentzia","article_modified_time":"2024-02-28T21:09:09+00:00","og_image":[{"url":"http:\/\/visitplentzia.eus\/wp-content\/uploads\/2023\/05\/bodega-plentzia-1024x591.jpg","type":"","width":"","height":""}],"twitter_card":"summary_large_image","twitter_misc":{"Dur\u00e9e de lecture estim\u00e9e":"1 minute"},"schema":{"@context":"https:\/\/schema.org","@graph":[{"@type":"WebPage","@id":"https:\/\/visitplentzia.eus\/fr\/que-faire\/vie-maritime\/cave-sous-marine-crusoe-treasure\/","url":"https:\/\/visitplentzia.eus\/fr\/que-faire\/vie-maritime\/cave-sous-marine-crusoe-treasure\/","name":"Cave sous-marine Crusoe Treasure \u00e0 Plentzia","isPartOf":{"@id":"https:\/\/visitplentzia.eus\/fr\/#website"},"primaryImageOfPage":{"@id":"https:\/\/visitplentzia.eus\/fr\/que-faire\/vie-maritime\/cave-sous-marine-crusoe-treasure\/#primaryimage"},"image":{"@id":"https:\/\/visitplentzia.eus\/fr\/que-faire\/vie-maritime\/cave-sous-marine-crusoe-treasure\/#primaryimage"},"thumbnailUrl":"http:\/\/visitplentzia.eus\/wp-content\/uploads\/2023\/05\/bodega-plentzia-1024x591.jpg","datePublished":"2023-05-24T12:10:18+00:00","dateModified":"2024-02-28T21:09:09+00:00","description":"Tr\u00e9sor de Cruso\u00e9\u00a0: Cr\u00e9\u00e9 par des aventuriers et des passionn\u00e9s de vin qui voulaient cr\u00e9er des vins haut de gamme totalement diff\u00e9rents","breadcrumb":{"@id":"https:\/\/visitplentzia.eus\/fr\/que-faire\/vie-maritime\/cave-sous-marine-crusoe-treasure\/#breadcrumb"},"inLanguage":"fr-FR","potentialAction":[{"@type":"ReadAction","target":["https:\/\/visitplentzia.eus\/fr\/que-faire\/vie-maritime\/cave-sous-marine-crusoe-treasure\/"]}]},{"@type":"ImageObject","inLanguage":"fr-FR","@id":"https:\/\/visitplentzia.eus\/fr\/que-faire\/vie-maritime\/cave-sous-marine-crusoe-treasure\/#primaryimage","url":"http:\/\/visitplentzia.eus\/wp-content\/uploads\/2023\/05\/bodega-plentzia-1024x591.jpg","contentUrl":"http:\/\/visitplentzia.eus\/wp-content\/uploads\/2023\/05\/bodega-plentzia-1024x591.jpg"},{"@type":"BreadcrumbList","@id":"https:\/\/visitplentzia.eus\/fr\/que-faire\/vie-maritime\/cave-sous-marine-crusoe-treasure\/#breadcrumb","itemListElement":[{"@type":"ListItem","position":1,"name":"Home","item":"https:\/\/visitplentzia.eus\/fr\/"},{"@type":"ListItem","position":2,"name":"Que faire","item":"https:\/\/visitplentzia.eus\/fr\/que-faire\/"},{"@type":"ListItem","position":3,"name":"Vie maritime","item":"https:\/\/visitplentzia.eus\/fr\/que-faire\/vie-maritime\/"},{"@type":"ListItem","position":4,"name":"Cave sous-marine Crusoe Treasure"}]},{"@type":"WebSite","@id":"https:\/\/visitplentzia.eus\/fr\/#website","url":"https:\/\/visitplentzia.eus\/fr\/","name":"Turismo Plentzia","description":"P\u00e1gina oficial de Turismo Plentzia. Visita su hermosa R\u00eda, su bella playa, su puerto y su pintoresco casco antiguo","publisher":{"@id":"https:\/\/visitplentzia.eus\/fr\/#organization"},"alternateName":"Turismo Plentzia","potentialAction":[{"@type":"SearchAction","target":{"@type":"EntryPoint","urlTemplate":"https:\/\/visitplentzia.eus\/fr\/?s={search_term_string}"},"query-input":{"@type":"PropertyValueSpecification","valueRequired":true,"valueName":"search_term_string"}}],"inLanguage":"fr-FR"},{"@type":"Organization","@id":"https:\/\/visitplentzia.eus\/fr\/#organization","name":"Plentzia turismo","url":"https:\/\/visitplentzia.eus\/fr\/","logo":{"@type":"ImageObject","inLanguage":"fr-FR","@id":"https:\/\/visitplentzia.eus\/fr\/#\/schema\/logo\/image\/","url":"https:\/\/visitplentzia.eus\/wp-content\/uploads\/2023\/04\/logo-plentzia.png","contentUrl":"https:\/\/visitplentzia.eus\/wp-content\/uploads\/2023\/04\/logo-plentzia.png","width":130,"height":117,"caption":"Plentzia turismo"},"image":{"@id":"https:\/\/visitplentzia.eus\/fr\/#\/schema\/logo\/image\/"}}]}},"featured_image_src":null,"featured_image_src_square":null,"publishpress_future_workflow_manual_trigger":{"enabledWorkflows":[]},"_links":{"self":[{"href":"https:\/\/visitplentzia.eus\/fr\/wp-json\/wp\/v2\/pages\/5682","targetHints":{"allow":["GET"]}}],"collection":[{"href":"https:\/\/visitplentzia.eus\/fr\/wp-json\/wp\/v2\/pages"}],"about":[{"href":"https:\/\/visitplentzia.eus\/fr\/wp-json\/wp\/v2\/types\/page"}],"author":[{"embeddable":true,"href":"https:\/\/visitplentzia.eus\/fr\/wp-json\/wp\/v2\/users\/1"}],"replies":[{"embeddable":true,"href":"https:\/\/visitplentzia.eus\/fr\/wp-json\/wp\/v2\/comments?post=5682"}],"version-history":[{"count":3,"href":"https:\/\/visitplentzia.eus\/fr\/wp-json\/wp\/v2\/pages\/5682\/revisions"}],"predecessor-version":[{"id":5853,"href":"https:\/\/visitplentzia.eus\/fr\/wp-json\/wp\/v2\/pages\/5682\/revisions\/5853"}],"up":[{"embeddable":true,"href":"https:\/\/visitplentzia.eus\/fr\/wp-json\/wp\/v2\/pages\/5676"}],"wp:attachment":[{"href":"https:\/\/visitplentzia.eus\/fr\/wp-json\/wp\/v2\/media?parent=5682"}],"curies":[{"name":"wp","href":"https:\/\/api.w.org\/{rel}","templated":true}]}}