{"id":5688,"date":"2023-05-24T12:05:36","date_gmt":"2023-05-24T10:05:36","guid":{"rendered":"https:\/\/darkslategrey-ape-696608.hostingersite.com\/que-faire\/vie-maritime\/estacion-marina-de-plentzia-pie\/"},"modified":"2024-06-01T13:23:26","modified_gmt":"2024-06-01T11:23:26","slug":"plentzia-marine-station-pie","status":"publish","type":"page","link":"https:\/\/visitplentzia.eus\/fr\/que-faire\/vie-maritime\/plentzia-marine-station-pie\/","title":{"rendered":"Plentzia Marine Station \u2013 PIE"},"content":{"rendered":"\n<div class=\"wp-block-columns is-layout-flex wp-container-core-columns-is-layout-9d6595d7 wp-block-columns-is-layout-flex\">\n<div class=\"wp-block-column is-layout-flow wp-block-column-is-layout-flow\">\n<figure class=\"wp-block-image size-full\"><img loading=\"lazy\" decoding=\"async\" width=\"768\" height=\"576\" src=\"http:\/\/visitplentzia.eus\/wp-content\/uploads\/2023\/05\/p1180931-768x576-1.jpg\" alt=\"\" class=\"wp-image-349\" srcset=\"https:\/\/visitplentzia.eus\/wp-content\/uploads\/2023\/05\/p1180931-768x576-1.jpg 768w, https:\/\/visitplentzia.eus\/wp-content\/uploads\/2023\/05\/p1180931-768x576-1-300x225.jpg 300w, https:\/\/visitplentzia.eus\/wp-content\/uploads\/2023\/05\/p1180931-768x576-1-702x526.jpg 702w\" sizes=\"auto, (max-width: 768px) 100vw, 768px\" \/><\/figure>\n<\/div>\n\n\n\n<div class=\"wp-block-column is-layout-flow wp-block-column-is-layout-flow\">\n<div class=\"wp-block-group\"><div class=\"wp-block-group__inner-container is-layout-constrained wp-block-group-is-layout-constrained\">\n<p>Occup\u00e9 jusqu\u2019en 1923 par une clinique d\u2019h\u00e9lioth\u00e9rapie pour les patients atteints de tuberculose osseuse, le b\u00e2timent est c\u00e9d\u00e9 gratuitement en 2005 par la banque d\u2019\u00e9pargne BBK \u00e0 l\u2019UPV (Universit\u00e9 du Pays basque) pour le d\u00e9veloppement d\u2019un centre de recherche. Apr\u00e8s quelques ann\u00e9es de r\u00e9novation, et tout en conservant sa structure ainsi que son aspect ext\u00e9rieur, le PIE-UPV\/EHU est inaugur\u00e9 en 2012. De son nom complet Plentziako Itsas Estazioa (station marine de Plentzia), il s\u2019agit \u00e0 l\u2019\u00e9poque d\u2019un centre d\u2019enseignement et de recherche sur l\u2019environnement marin. <\/p>\n\n\n\n<p>Aujourd\u2019hui, le b\u00e2timent se consacre principalement \u00e0 la recherche scientifique et \u00e0 l\u2019\u00e9tude de la sant\u00e9 des \u00e9cosyst\u00e8mes marins par le biais d\u2019une approche bio(technologique) exp\u00e9rimentale. Le centre propose \u00e9galement des formations et sp\u00e9cialisations de troisi\u00e8me cycle et de doctorat, ainsi que des programmes de vulgarisation, de sensibilisation et d\u2019\u00e9ducation \u00e0 l\u2019environnement.<\/p>\n\n\n\n<p>Plus d&rsquo;informations dans&nbsp;<a href=\"http:\/\/www.ehu.eus\/PIE\/\" target=\"_blank\" rel=\"noreferrer noopener\">Plentzia Marine Station<\/a><\/p>\n<\/div><\/div>\n<\/div>\n<\/div>\n","protected":false},"excerpt":{"rendered":"<p>Occup\u00e9 jusqu\u2019en 1923 par une clinique d\u2019h\u00e9lioth\u00e9rapie pour les patients atteints de tuberculose osseuse, le b\u00e2timent est c\u00e9d\u00e9 gratuitement en 2005 par la banque d\u2019\u00e9pargne BBK \u00e0 l\u2019UPV (Universit\u00e9 du Pays basque) pour le d\u00e9veloppement d\u2019un centre de recherche. Apr\u00e8s quelques ann\u00e9es de r\u00e9novation, et tout en conservant sa structure ainsi que son aspect ext\u00e9rieur, [&hellip;]<\/p>\n","protected":false},"author":1,"featured_media":5689,"parent":5676,"menu_order":0,"comment_status":"closed","ping_status":"closed","template":"page-templates\/page-que-hacer.php","meta":{"_genesis_hide_title":false,"_genesis_hide_breadcrumbs":false,"_genesis_hide_singular_image":false,"_genesis_hide_footer_widgets":false,"_genesis_custom_body_class":"","_genesis_custom_post_class":"","_genesis_layout":"","footnotes":""},"class_list":{"0":"post-5688","1":"page","2":"type-page","3":"status-publish","4":"has-post-thumbnail","6":"entry"},"acf":[],"yoast_head":"<!-- This site is optimized with the Yoast SEO plugin v27.4 - https:\/\/yoast.com\/product\/yoast-seo-wordpress\/ -->\n<title>Station Marine de Plentzia \u2013 PIE<\/title>\n<meta name=\"description\" content=\"Le Centre de Recherche Exp\u00e9rimentale en Biologie Marine et Biotechnologie est une institution cr\u00e9\u00e9e par l&#039;Universit\u00e9 du Pays Basque.\" \/>\n<meta name=\"robots\" content=\"index, follow, max-snippet:-1, max-image-preview:large, max-video-preview:-1\" \/>\n<link rel=\"canonical\" href=\"https:\/\/visitplentzia.eus\/fr\/que-faire\/vie-maritime\/plentzia-marine-station-pie\/\" \/>\n<meta property=\"og:locale\" content=\"fr_FR\" \/>\n<meta property=\"og:type\" content=\"article\" \/>\n<meta property=\"og:title\" content=\"Station Marine de Plentzia \u2013 PIE\" \/>\n<meta property=\"og:description\" content=\"Le Centre de Recherche Exp\u00e9rimentale en Biologie Marine et Biotechnologie est une institution cr\u00e9\u00e9e par l&#039;Universit\u00e9 du Pays Basque.\" \/>\n<meta property=\"og:url\" content=\"https:\/\/visitplentzia.eus\/fr\/que-faire\/vie-maritime\/plentzia-marine-station-pie\/\" \/>\n<meta property=\"og:site_name\" content=\"Turismo Plentzia\" \/>\n<meta property=\"article:modified_time\" content=\"2024-06-01T11:23:26+00:00\" \/>\n<meta property=\"og:image\" content=\"https:\/\/visitplentzia.eus\/wp-content\/uploads\/2023\/05\/p1180931-768x576-1.jpg\" \/>\n\t<meta property=\"og:image:width\" content=\"768\" \/>\n\t<meta property=\"og:image:height\" content=\"576\" \/>\n\t<meta property=\"og:image:type\" content=\"image\/jpeg\" \/>\n<meta name=\"twitter:card\" content=\"summary_large_image\" \/>\n<meta name=\"twitter:label1\" content=\"Dur\u00e9e de lecture estim\u00e9e\" \/>\n\t<meta name=\"twitter:data1\" content=\"2 minutes\" \/>\n<script type=\"application\/ld+json\" class=\"yoast-schema-graph\">{\"@context\":\"https:\\\/\\\/schema.org\",\"@graph\":[{\"@type\":\"WebPage\",\"@id\":\"https:\\\/\\\/visitplentzia.eus\\\/fr\\\/que-faire\\\/vie-maritime\\\/plentzia-marine-station-pie\\\/\",\"url\":\"https:\\\/\\\/visitplentzia.eus\\\/fr\\\/que-faire\\\/vie-maritime\\\/plentzia-marine-station-pie\\\/\",\"name\":\"Station Marine de Plentzia \u2013 PIE\",\"isPartOf\":{\"@id\":\"https:\\\/\\\/visitplentzia.eus\\\/fr\\\/#website\"},\"primaryImageOfPage\":{\"@id\":\"https:\\\/\\\/visitplentzia.eus\\\/fr\\\/que-faire\\\/vie-maritime\\\/plentzia-marine-station-pie\\\/#primaryimage\"},\"image\":{\"@id\":\"https:\\\/\\\/visitplentzia.eus\\\/fr\\\/que-faire\\\/vie-maritime\\\/plentzia-marine-station-pie\\\/#primaryimage\"},\"thumbnailUrl\":\"https:\\\/\\\/visitplentzia.eus\\\/wp-content\\\/uploads\\\/2023\\\/05\\\/p1180931-768x576-1.jpg\",\"datePublished\":\"2023-05-24T10:05:36+00:00\",\"dateModified\":\"2024-06-01T11:23:26+00:00\",\"description\":\"Le Centre de Recherche Exp\u00e9rimentale en Biologie Marine et Biotechnologie est une institution cr\u00e9\u00e9e par l'Universit\u00e9 du Pays Basque.\",\"breadcrumb\":{\"@id\":\"https:\\\/\\\/visitplentzia.eus\\\/fr\\\/que-faire\\\/vie-maritime\\\/plentzia-marine-station-pie\\\/#breadcrumb\"},\"inLanguage\":\"fr-FR\",\"potentialAction\":[{\"@type\":\"ReadAction\",\"target\":[\"https:\\\/\\\/visitplentzia.eus\\\/fr\\\/que-faire\\\/vie-maritime\\\/plentzia-marine-station-pie\\\/\"]}]},{\"@type\":\"ImageObject\",\"inLanguage\":\"fr-FR\",\"@id\":\"https:\\\/\\\/visitplentzia.eus\\\/fr\\\/que-faire\\\/vie-maritime\\\/plentzia-marine-station-pie\\\/#primaryimage\",\"url\":\"https:\\\/\\\/visitplentzia.eus\\\/wp-content\\\/uploads\\\/2023\\\/05\\\/p1180931-768x576-1.jpg\",\"contentUrl\":\"https:\\\/\\\/visitplentzia.eus\\\/wp-content\\\/uploads\\\/2023\\\/05\\\/p1180931-768x576-1.jpg\",\"width\":768,\"height\":576},{\"@type\":\"BreadcrumbList\",\"@id\":\"https:\\\/\\\/visitplentzia.eus\\\/fr\\\/que-faire\\\/vie-maritime\\\/plentzia-marine-station-pie\\\/#breadcrumb\",\"itemListElement\":[{\"@type\":\"ListItem\",\"position\":1,\"name\":\"Home\",\"item\":\"https:\\\/\\\/visitplentzia.eus\\\/fr\\\/\"},{\"@type\":\"ListItem\",\"position\":2,\"name\":\"Que faire\",\"item\":\"https:\\\/\\\/visitplentzia.eus\\\/fr\\\/que-faire\\\/\"},{\"@type\":\"ListItem\",\"position\":3,\"name\":\"Vie maritime\",\"item\":\"https:\\\/\\\/visitplentzia.eus\\\/fr\\\/que-faire\\\/vie-maritime\\\/\"},{\"@type\":\"ListItem\",\"position\":4,\"name\":\"Plentzia Marine Station \u2013 PIE\"}]},{\"@type\":\"WebSite\",\"@id\":\"https:\\\/\\\/visitplentzia.eus\\\/fr\\\/#website\",\"url\":\"https:\\\/\\\/visitplentzia.eus\\\/fr\\\/\",\"name\":\"Turismo Plentzia\",\"description\":\"P\u00e1gina oficial de Turismo Plentzia. Visita su hermosa R\u00eda, su bella playa, su puerto y su pintoresco casco antiguo\",\"publisher\":{\"@id\":\"https:\\\/\\\/visitplentzia.eus\\\/fr\\\/#organization\"},\"alternateName\":\"Turismo Plentzia\",\"potentialAction\":[{\"@type\":\"SearchAction\",\"target\":{\"@type\":\"EntryPoint\",\"urlTemplate\":\"https:\\\/\\\/visitplentzia.eus\\\/fr\\\/?s={search_term_string}\"},\"query-input\":{\"@type\":\"PropertyValueSpecification\",\"valueRequired\":true,\"valueName\":\"search_term_string\"}}],\"inLanguage\":\"fr-FR\"},{\"@type\":\"Organization\",\"@id\":\"https:\\\/\\\/visitplentzia.eus\\\/fr\\\/#organization\",\"name\":\"Plentzia turismo\",\"url\":\"https:\\\/\\\/visitplentzia.eus\\\/fr\\\/\",\"logo\":{\"@type\":\"ImageObject\",\"inLanguage\":\"fr-FR\",\"@id\":\"https:\\\/\\\/visitplentzia.eus\\\/fr\\\/#\\\/schema\\\/logo\\\/image\\\/\",\"url\":\"https:\\\/\\\/visitplentzia.eus\\\/wp-content\\\/uploads\\\/2023\\\/04\\\/logo-plentzia.png\",\"contentUrl\":\"https:\\\/\\\/visitplentzia.eus\\\/wp-content\\\/uploads\\\/2023\\\/04\\\/logo-plentzia.png\",\"width\":130,\"height\":117,\"caption\":\"Plentzia turismo\"},\"image\":{\"@id\":\"https:\\\/\\\/visitplentzia.eus\\\/fr\\\/#\\\/schema\\\/logo\\\/image\\\/\"}}]}<\/script>\n<!-- \/ Yoast SEO plugin. -->","yoast_head_json":{"title":"Station Marine de Plentzia \u2013 PIE","description":"Le Centre de Recherche Exp\u00e9rimentale en Biologie Marine et Biotechnologie est une institution cr\u00e9\u00e9e par l'Universit\u00e9 du Pays Basque.","robots":{"index":"index","follow":"follow","max-snippet":"max-snippet:-1","max-image-preview":"max-image-preview:large","max-video-preview":"max-video-preview:-1"},"canonical":"https:\/\/visitplentzia.eus\/fr\/que-faire\/vie-maritime\/plentzia-marine-station-pie\/","og_locale":"fr_FR","og_type":"article","og_title":"Station Marine de Plentzia \u2013 PIE","og_description":"Le Centre de Recherche Exp\u00e9rimentale en Biologie Marine et Biotechnologie est une institution cr\u00e9\u00e9e par l'Universit\u00e9 du Pays Basque.","og_url":"https:\/\/visitplentzia.eus\/fr\/que-faire\/vie-maritime\/plentzia-marine-station-pie\/","og_site_name":"Turismo Plentzia","article_modified_time":"2024-06-01T11:23:26+00:00","og_image":[{"width":768,"height":576,"url":"https:\/\/visitplentzia.eus\/wp-content\/uploads\/2023\/05\/p1180931-768x576-1.jpg","type":"image\/jpeg"}],"twitter_card":"summary_large_image","twitter_misc":{"Dur\u00e9e de lecture estim\u00e9e":"2 minutes"},"schema":{"@context":"https:\/\/schema.org","@graph":[{"@type":"WebPage","@id":"https:\/\/visitplentzia.eus\/fr\/que-faire\/vie-maritime\/plentzia-marine-station-pie\/","url":"https:\/\/visitplentzia.eus\/fr\/que-faire\/vie-maritime\/plentzia-marine-station-pie\/","name":"Station Marine de Plentzia \u2013 PIE","isPartOf":{"@id":"https:\/\/visitplentzia.eus\/fr\/#website"},"primaryImageOfPage":{"@id":"https:\/\/visitplentzia.eus\/fr\/que-faire\/vie-maritime\/plentzia-marine-station-pie\/#primaryimage"},"image":{"@id":"https:\/\/visitplentzia.eus\/fr\/que-faire\/vie-maritime\/plentzia-marine-station-pie\/#primaryimage"},"thumbnailUrl":"https:\/\/visitplentzia.eus\/wp-content\/uploads\/2023\/05\/p1180931-768x576-1.jpg","datePublished":"2023-05-24T10:05:36+00:00","dateModified":"2024-06-01T11:23:26+00:00","description":"Le Centre de Recherche Exp\u00e9rimentale en Biologie Marine et Biotechnologie est une institution cr\u00e9\u00e9e par l'Universit\u00e9 du Pays Basque.","breadcrumb":{"@id":"https:\/\/visitplentzia.eus\/fr\/que-faire\/vie-maritime\/plentzia-marine-station-pie\/#breadcrumb"},"inLanguage":"fr-FR","potentialAction":[{"@type":"ReadAction","target":["https:\/\/visitplentzia.eus\/fr\/que-faire\/vie-maritime\/plentzia-marine-station-pie\/"]}]},{"@type":"ImageObject","inLanguage":"fr-FR","@id":"https:\/\/visitplentzia.eus\/fr\/que-faire\/vie-maritime\/plentzia-marine-station-pie\/#primaryimage","url":"https:\/\/visitplentzia.eus\/wp-content\/uploads\/2023\/05\/p1180931-768x576-1.jpg","contentUrl":"https:\/\/visitplentzia.eus\/wp-content\/uploads\/2023\/05\/p1180931-768x576-1.jpg","width":768,"height":576},{"@type":"BreadcrumbList","@id":"https:\/\/visitplentzia.eus\/fr\/que-faire\/vie-maritime\/plentzia-marine-station-pie\/#breadcrumb","itemListElement":[{"@type":"ListItem","position":1,"name":"Home","item":"https:\/\/visitplentzia.eus\/fr\/"},{"@type":"ListItem","position":2,"name":"Que faire","item":"https:\/\/visitplentzia.eus\/fr\/que-faire\/"},{"@type":"ListItem","position":3,"name":"Vie maritime","item":"https:\/\/visitplentzia.eus\/fr\/que-faire\/vie-maritime\/"},{"@type":"ListItem","position":4,"name":"Plentzia Marine Station \u2013 PIE"}]},{"@type":"WebSite","@id":"https:\/\/visitplentzia.eus\/fr\/#website","url":"https:\/\/visitplentzia.eus\/fr\/","name":"Turismo Plentzia","description":"P\u00e1gina oficial de Turismo Plentzia. Visita su hermosa R\u00eda, su bella playa, su puerto y su pintoresco casco antiguo","publisher":{"@id":"https:\/\/visitplentzia.eus\/fr\/#organization"},"alternateName":"Turismo Plentzia","potentialAction":[{"@type":"SearchAction","target":{"@type":"EntryPoint","urlTemplate":"https:\/\/visitplentzia.eus\/fr\/?s={search_term_string}"},"query-input":{"@type":"PropertyValueSpecification","valueRequired":true,"valueName":"search_term_string"}}],"inLanguage":"fr-FR"},{"@type":"Organization","@id":"https:\/\/visitplentzia.eus\/fr\/#organization","name":"Plentzia turismo","url":"https:\/\/visitplentzia.eus\/fr\/","logo":{"@type":"ImageObject","inLanguage":"fr-FR","@id":"https:\/\/visitplentzia.eus\/fr\/#\/schema\/logo\/image\/","url":"https:\/\/visitplentzia.eus\/wp-content\/uploads\/2023\/04\/logo-plentzia.png","contentUrl":"https:\/\/visitplentzia.eus\/wp-content\/uploads\/2023\/04\/logo-plentzia.png","width":130,"height":117,"caption":"Plentzia turismo"},"image":{"@id":"https:\/\/visitplentzia.eus\/fr\/#\/schema\/logo\/image\/"}}]}},"featured_image_src":"https:\/\/visitplentzia.eus\/wp-content\/uploads\/2023\/05\/p1180931-768x576-1.jpg","featured_image_src_square":"https:\/\/visitplentzia.eus\/wp-content\/uploads\/2023\/05\/p1180931-768x576-1.jpg","publishpress_future_workflow_manual_trigger":{"enabledWorkflows":[]},"_links":{"self":[{"href":"https:\/\/visitplentzia.eus\/fr\/wp-json\/wp\/v2\/pages\/5688","targetHints":{"allow":["GET"]}}],"collection":[{"href":"https:\/\/visitplentzia.eus\/fr\/wp-json\/wp\/v2\/pages"}],"about":[{"href":"https:\/\/visitplentzia.eus\/fr\/wp-json\/wp\/v2\/types\/page"}],"author":[{"embeddable":true,"href":"https:\/\/visitplentzia.eus\/fr\/wp-json\/wp\/v2\/users\/1"}],"replies":[{"embeddable":true,"href":"https:\/\/visitplentzia.eus\/fr\/wp-json\/wp\/v2\/comments?post=5688"}],"version-history":[{"count":4,"href":"https:\/\/visitplentzia.eus\/fr\/wp-json\/wp\/v2\/pages\/5688\/revisions"}],"predecessor-version":[{"id":7218,"href":"https:\/\/visitplentzia.eus\/fr\/wp-json\/wp\/v2\/pages\/5688\/revisions\/7218"}],"up":[{"embeddable":true,"href":"https:\/\/visitplentzia.eus\/fr\/wp-json\/wp\/v2\/pages\/5676"}],"wp:featuredmedia":[{"embeddable":true,"href":"https:\/\/visitplentzia.eus\/fr\/wp-json\/wp\/v2\/media\/5689"}],"wp:attachment":[{"href":"https:\/\/visitplentzia.eus\/fr\/wp-json\/wp\/v2\/media?parent=5688"}],"curies":[{"name":"wp","href":"https:\/\/api.w.org\/{rel}","templated":true}]}}