{"id":5694,"date":"2023-05-24T11:54:52","date_gmt":"2023-05-24T09:54:52","guid":{"rendered":"https:\/\/darkslategrey-ape-696608.hostingersite.com\/que-faire\/vie-maritime\/playa-de-plentzia\/"},"modified":"2024-05-14T13:46:50","modified_gmt":"2024-05-14T11:46:50","slug":"plage-de-plentzia","status":"publish","type":"page","link":"https:\/\/visitplentzia.eus\/fr\/que-faire\/vie-maritime\/plage-de-plentzia\/","title":{"rendered":"Plage de Plentzia"},"content":{"rendered":"\n<figure class=\"wp-block-image size-full\"><img loading=\"lazy\" decoding=\"async\" width=\"1000\" height=\"561\" src=\"http:\/\/visitplentzia.eus\/wp-content\/uploads\/2023\/05\/playa-de-plentzia.jpg\" alt=\"\" class=\"wp-image-328\" srcset=\"https:\/\/visitplentzia.eus\/wp-content\/uploads\/2023\/05\/playa-de-plentzia.jpg 1000w, https:\/\/visitplentzia.eus\/wp-content\/uploads\/2023\/05\/playa-de-plentzia-300x168.jpg 300w, https:\/\/visitplentzia.eus\/wp-content\/uploads\/2023\/05\/playa-de-plentzia-768x431.jpg 768w\" sizes=\"auto, (max-width: 1000px) 100vw, 1000px\" \/><\/figure>\n\n\n\n<p>Jouxtant la plage de Gorliz, il s\u2019agit de l\u2019une des \u00e9tendues de sable les plus fr\u00e9quent\u00e9es de la c\u00f4te de Biscaye. La baie est orient\u00e9e de telle mani\u00e8re que la plage est agit\u00e9e par tr\u00e8s peu de courant, ce qui en fait l\u2019une des plus s\u00fbres et des plus belles du Pays basque. Sa caract\u00e9ristique la plus remarquable r\u00e9side donc dans le calme de ses eaux, qui contraste avec la plupart des plages voisines. De plus, la petite vague qui se forme \u00e0 l\u2019embouchure de l\u2019estuaire est id\u00e9ale pour les personnes souhaitant s\u2019initier au surf ou au kayak. Nous avons donc affaire \u00e0 une plage parfaite pour les familles et leurs enfants, mais aussi pour la pratique de sports tels que le surf, le paddle et le kayak. Surveill\u00e9e par des ma\u00eetres-nageurs, elle est \u00e9quip\u00e9e d\u2019un syst\u00e8me de sonorisation, de toilettes, de douches, de vestiaires, de fontaines et de poubelles. En \u00e9t\u00e9, un service de baignade pour les personnes \u00e0 mobilit\u00e9 r\u00e9duite y est propos\u00e9 et l\u2019endroit est accessible \u00e0 pied, en voiture et en bus.<\/p>\n\n\n\n<p><a href=\"https:\/\/tablademareas.com\/es\/vizcaya\/plentzia\" target=\"_blank\" rel=\"noreferrer noopener\">Ici<\/a>&nbsp;vous pouvez consulter table des mar\u00e9es.<\/p>\n\n\n\n<iframe src=\"https:\/\/www.google.com\/maps\/embed?pb=!1m14!1m8!1m3!1d2898.3765062355915!2d-2.9463688!3d43.4109597!3m2!1i1024!2i768!4f13.1!3m3!1m2!1s0xd4e5d3d8f6bdd87%3A0x5b23a56e6876738c!2sPlentziako%20Hondartza%20%2F%20Playa%20De%20Plentzia!5e0!3m2!1ses!2ses!4v1684929338843!5m2!1ses!2ses\" width=\"1000\" height=\"400\" style=\"border:0;\" allowfullscreen=\"\" loading=\"lazy\" referrerpolicy=\"no-referrer-when-downgrade\"><\/iframe>\n","protected":false},"excerpt":{"rendered":"<p>Jouxtant la plage de Gorliz, il s\u2019agit de l\u2019une des \u00e9tendues de sable les plus fr\u00e9quent\u00e9es de la c\u00f4te de Biscaye. La baie est orient\u00e9e de telle mani\u00e8re que la plage est agit\u00e9e par tr\u00e8s peu de courant, ce qui en fait l\u2019une des plus s\u00fbres et des plus belles du Pays basque. Sa caract\u00e9ristique [&hellip;]<\/p>\n","protected":false},"author":1,"featured_media":5695,"parent":5676,"menu_order":0,"comment_status":"closed","ping_status":"closed","template":"page-templates\/page-que-hacer.php","meta":{"_genesis_hide_title":false,"_genesis_hide_breadcrumbs":false,"_genesis_hide_singular_image":false,"_genesis_hide_footer_widgets":false,"_genesis_custom_body_class":"","_genesis_custom_post_class":"","_genesis_layout":"","footnotes":""},"class_list":{"0":"post-5694","1":"page","2":"type-page","3":"status-publish","4":"has-post-thumbnail","6":"entry"},"acf":[],"yoast_head":"<!-- This site is optimized with the Yoast SEO plugin v27.4 - https:\/\/yoast.com\/product\/yoast-seo-wordpress\/ -->\n<title>Plage de Plentzia, sur la c\u00f4te biscayenne<\/title>\n<meta name=\"description\" content=\"La plage de Plentzia est l&#039;une des zones sableuses les plus fr\u00e9quent\u00e9es de la c\u00f4te biscayenne. La plage est situ\u00e9e dans une magnifique baie\" \/>\n<meta name=\"robots\" content=\"index, follow, max-snippet:-1, max-image-preview:large, max-video-preview:-1\" \/>\n<link rel=\"canonical\" href=\"https:\/\/visitplentzia.eus\/fr\/que-faire\/vie-maritime\/plage-de-plentzia\/\" \/>\n<meta property=\"og:locale\" content=\"fr_FR\" \/>\n<meta property=\"og:type\" content=\"article\" \/>\n<meta property=\"og:title\" content=\"Plage de Plentzia, sur la c\u00f4te biscayenne\" \/>\n<meta property=\"og:description\" content=\"La plage de Plentzia est l&#039;une des zones sableuses les plus fr\u00e9quent\u00e9es de la c\u00f4te biscayenne. La plage est situ\u00e9e dans une magnifique baie\" \/>\n<meta property=\"og:url\" content=\"https:\/\/visitplentzia.eus\/fr\/que-faire\/vie-maritime\/plage-de-plentzia\/\" \/>\n<meta property=\"og:site_name\" content=\"Turismo Plentzia\" \/>\n<meta property=\"article:modified_time\" content=\"2024-05-14T11:46:50+00:00\" \/>\n<meta property=\"og:image\" content=\"https:\/\/visitplentzia.eus\/wp-content\/uploads\/2023\/05\/playa-de-plentzia.jpg\" \/>\n\t<meta property=\"og:image:width\" content=\"1000\" \/>\n\t<meta property=\"og:image:height\" content=\"561\" \/>\n\t<meta property=\"og:image:type\" content=\"image\/jpeg\" \/>\n<meta name=\"twitter:card\" content=\"summary_large_image\" \/>\n<meta name=\"twitter:label1\" content=\"Dur\u00e9e de lecture estim\u00e9e\" \/>\n\t<meta name=\"twitter:data1\" content=\"2 minutes\" \/>\n<script type=\"application\/ld+json\" class=\"yoast-schema-graph\">{\"@context\":\"https:\\\/\\\/schema.org\",\"@graph\":[{\"@type\":\"WebPage\",\"@id\":\"https:\\\/\\\/visitplentzia.eus\\\/fr\\\/que-faire\\\/vie-maritime\\\/plage-de-plentzia\\\/\",\"url\":\"https:\\\/\\\/visitplentzia.eus\\\/fr\\\/que-faire\\\/vie-maritime\\\/plage-de-plentzia\\\/\",\"name\":\"Plage de Plentzia, sur la c\u00f4te biscayenne\",\"isPartOf\":{\"@id\":\"https:\\\/\\\/visitplentzia.eus\\\/fr\\\/#website\"},\"primaryImageOfPage\":{\"@id\":\"https:\\\/\\\/visitplentzia.eus\\\/fr\\\/que-faire\\\/vie-maritime\\\/plage-de-plentzia\\\/#primaryimage\"},\"image\":{\"@id\":\"https:\\\/\\\/visitplentzia.eus\\\/fr\\\/que-faire\\\/vie-maritime\\\/plage-de-plentzia\\\/#primaryimage\"},\"thumbnailUrl\":\"https:\\\/\\\/visitplentzia.eus\\\/wp-content\\\/uploads\\\/2023\\\/05\\\/playa-de-plentzia.jpg\",\"datePublished\":\"2023-05-24T09:54:52+00:00\",\"dateModified\":\"2024-05-14T11:46:50+00:00\",\"description\":\"La plage de Plentzia est l'une des zones sableuses les plus fr\u00e9quent\u00e9es de la c\u00f4te biscayenne. La plage est situ\u00e9e dans une magnifique baie\",\"breadcrumb\":{\"@id\":\"https:\\\/\\\/visitplentzia.eus\\\/fr\\\/que-faire\\\/vie-maritime\\\/plage-de-plentzia\\\/#breadcrumb\"},\"inLanguage\":\"fr-FR\",\"potentialAction\":[{\"@type\":\"ReadAction\",\"target\":[\"https:\\\/\\\/visitplentzia.eus\\\/fr\\\/que-faire\\\/vie-maritime\\\/plage-de-plentzia\\\/\"]}]},{\"@type\":\"ImageObject\",\"inLanguage\":\"fr-FR\",\"@id\":\"https:\\\/\\\/visitplentzia.eus\\\/fr\\\/que-faire\\\/vie-maritime\\\/plage-de-plentzia\\\/#primaryimage\",\"url\":\"https:\\\/\\\/visitplentzia.eus\\\/wp-content\\\/uploads\\\/2023\\\/05\\\/playa-de-plentzia.jpg\",\"contentUrl\":\"https:\\\/\\\/visitplentzia.eus\\\/wp-content\\\/uploads\\\/2023\\\/05\\\/playa-de-plentzia.jpg\",\"width\":1000,\"height\":561},{\"@type\":\"BreadcrumbList\",\"@id\":\"https:\\\/\\\/visitplentzia.eus\\\/fr\\\/que-faire\\\/vie-maritime\\\/plage-de-plentzia\\\/#breadcrumb\",\"itemListElement\":[{\"@type\":\"ListItem\",\"position\":1,\"name\":\"Home\",\"item\":\"https:\\\/\\\/visitplentzia.eus\\\/fr\\\/\"},{\"@type\":\"ListItem\",\"position\":2,\"name\":\"Que faire\",\"item\":\"https:\\\/\\\/visitplentzia.eus\\\/fr\\\/que-faire\\\/\"},{\"@type\":\"ListItem\",\"position\":3,\"name\":\"Vie maritime\",\"item\":\"https:\\\/\\\/visitplentzia.eus\\\/fr\\\/que-faire\\\/vie-maritime\\\/\"},{\"@type\":\"ListItem\",\"position\":4,\"name\":\"Plage de Plentzia\"}]},{\"@type\":\"WebSite\",\"@id\":\"https:\\\/\\\/visitplentzia.eus\\\/fr\\\/#website\",\"url\":\"https:\\\/\\\/visitplentzia.eus\\\/fr\\\/\",\"name\":\"Turismo Plentzia\",\"description\":\"P\u00e1gina oficial de Turismo Plentzia. Visita su hermosa R\u00eda, su bella playa, su puerto y su pintoresco casco antiguo\",\"publisher\":{\"@id\":\"https:\\\/\\\/visitplentzia.eus\\\/fr\\\/#organization\"},\"alternateName\":\"Turismo Plentzia\",\"potentialAction\":[{\"@type\":\"SearchAction\",\"target\":{\"@type\":\"EntryPoint\",\"urlTemplate\":\"https:\\\/\\\/visitplentzia.eus\\\/fr\\\/?s={search_term_string}\"},\"query-input\":{\"@type\":\"PropertyValueSpecification\",\"valueRequired\":true,\"valueName\":\"search_term_string\"}}],\"inLanguage\":\"fr-FR\"},{\"@type\":\"Organization\",\"@id\":\"https:\\\/\\\/visitplentzia.eus\\\/fr\\\/#organization\",\"name\":\"Plentzia turismo\",\"url\":\"https:\\\/\\\/visitplentzia.eus\\\/fr\\\/\",\"logo\":{\"@type\":\"ImageObject\",\"inLanguage\":\"fr-FR\",\"@id\":\"https:\\\/\\\/visitplentzia.eus\\\/fr\\\/#\\\/schema\\\/logo\\\/image\\\/\",\"url\":\"https:\\\/\\\/visitplentzia.eus\\\/wp-content\\\/uploads\\\/2023\\\/04\\\/logo-plentzia.png\",\"contentUrl\":\"https:\\\/\\\/visitplentzia.eus\\\/wp-content\\\/uploads\\\/2023\\\/04\\\/logo-plentzia.png\",\"width\":130,\"height\":117,\"caption\":\"Plentzia turismo\"},\"image\":{\"@id\":\"https:\\\/\\\/visitplentzia.eus\\\/fr\\\/#\\\/schema\\\/logo\\\/image\\\/\"}}]}<\/script>\n<!-- \/ Yoast SEO plugin. -->","yoast_head_json":{"title":"Plage de Plentzia, sur la c\u00f4te biscayenne","description":"La plage de Plentzia est l'une des zones sableuses les plus fr\u00e9quent\u00e9es de la c\u00f4te biscayenne. La plage est situ\u00e9e dans une magnifique baie","robots":{"index":"index","follow":"follow","max-snippet":"max-snippet:-1","max-image-preview":"max-image-preview:large","max-video-preview":"max-video-preview:-1"},"canonical":"https:\/\/visitplentzia.eus\/fr\/que-faire\/vie-maritime\/plage-de-plentzia\/","og_locale":"fr_FR","og_type":"article","og_title":"Plage de Plentzia, sur la c\u00f4te biscayenne","og_description":"La plage de Plentzia est l'une des zones sableuses les plus fr\u00e9quent\u00e9es de la c\u00f4te biscayenne. La plage est situ\u00e9e dans une magnifique baie","og_url":"https:\/\/visitplentzia.eus\/fr\/que-faire\/vie-maritime\/plage-de-plentzia\/","og_site_name":"Turismo Plentzia","article_modified_time":"2024-05-14T11:46:50+00:00","og_image":[{"width":1000,"height":561,"url":"https:\/\/visitplentzia.eus\/wp-content\/uploads\/2023\/05\/playa-de-plentzia.jpg","type":"image\/jpeg"}],"twitter_card":"summary_large_image","twitter_misc":{"Dur\u00e9e de lecture estim\u00e9e":"2 minutes"},"schema":{"@context":"https:\/\/schema.org","@graph":[{"@type":"WebPage","@id":"https:\/\/visitplentzia.eus\/fr\/que-faire\/vie-maritime\/plage-de-plentzia\/","url":"https:\/\/visitplentzia.eus\/fr\/que-faire\/vie-maritime\/plage-de-plentzia\/","name":"Plage de Plentzia, sur la c\u00f4te biscayenne","isPartOf":{"@id":"https:\/\/visitplentzia.eus\/fr\/#website"},"primaryImageOfPage":{"@id":"https:\/\/visitplentzia.eus\/fr\/que-faire\/vie-maritime\/plage-de-plentzia\/#primaryimage"},"image":{"@id":"https:\/\/visitplentzia.eus\/fr\/que-faire\/vie-maritime\/plage-de-plentzia\/#primaryimage"},"thumbnailUrl":"https:\/\/visitplentzia.eus\/wp-content\/uploads\/2023\/05\/playa-de-plentzia.jpg","datePublished":"2023-05-24T09:54:52+00:00","dateModified":"2024-05-14T11:46:50+00:00","description":"La plage de Plentzia est l'une des zones sableuses les plus fr\u00e9quent\u00e9es de la c\u00f4te biscayenne. La plage est situ\u00e9e dans une magnifique baie","breadcrumb":{"@id":"https:\/\/visitplentzia.eus\/fr\/que-faire\/vie-maritime\/plage-de-plentzia\/#breadcrumb"},"inLanguage":"fr-FR","potentialAction":[{"@type":"ReadAction","target":["https:\/\/visitplentzia.eus\/fr\/que-faire\/vie-maritime\/plage-de-plentzia\/"]}]},{"@type":"ImageObject","inLanguage":"fr-FR","@id":"https:\/\/visitplentzia.eus\/fr\/que-faire\/vie-maritime\/plage-de-plentzia\/#primaryimage","url":"https:\/\/visitplentzia.eus\/wp-content\/uploads\/2023\/05\/playa-de-plentzia.jpg","contentUrl":"https:\/\/visitplentzia.eus\/wp-content\/uploads\/2023\/05\/playa-de-plentzia.jpg","width":1000,"height":561},{"@type":"BreadcrumbList","@id":"https:\/\/visitplentzia.eus\/fr\/que-faire\/vie-maritime\/plage-de-plentzia\/#breadcrumb","itemListElement":[{"@type":"ListItem","position":1,"name":"Home","item":"https:\/\/visitplentzia.eus\/fr\/"},{"@type":"ListItem","position":2,"name":"Que faire","item":"https:\/\/visitplentzia.eus\/fr\/que-faire\/"},{"@type":"ListItem","position":3,"name":"Vie maritime","item":"https:\/\/visitplentzia.eus\/fr\/que-faire\/vie-maritime\/"},{"@type":"ListItem","position":4,"name":"Plage de Plentzia"}]},{"@type":"WebSite","@id":"https:\/\/visitplentzia.eus\/fr\/#website","url":"https:\/\/visitplentzia.eus\/fr\/","name":"Turismo Plentzia","description":"P\u00e1gina oficial de Turismo Plentzia. Visita su hermosa R\u00eda, su bella playa, su puerto y su pintoresco casco antiguo","publisher":{"@id":"https:\/\/visitplentzia.eus\/fr\/#organization"},"alternateName":"Turismo Plentzia","potentialAction":[{"@type":"SearchAction","target":{"@type":"EntryPoint","urlTemplate":"https:\/\/visitplentzia.eus\/fr\/?s={search_term_string}"},"query-input":{"@type":"PropertyValueSpecification","valueRequired":true,"valueName":"search_term_string"}}],"inLanguage":"fr-FR"},{"@type":"Organization","@id":"https:\/\/visitplentzia.eus\/fr\/#organization","name":"Plentzia turismo","url":"https:\/\/visitplentzia.eus\/fr\/","logo":{"@type":"ImageObject","inLanguage":"fr-FR","@id":"https:\/\/visitplentzia.eus\/fr\/#\/schema\/logo\/image\/","url":"https:\/\/visitplentzia.eus\/wp-content\/uploads\/2023\/04\/logo-plentzia.png","contentUrl":"https:\/\/visitplentzia.eus\/wp-content\/uploads\/2023\/04\/logo-plentzia.png","width":130,"height":117,"caption":"Plentzia turismo"},"image":{"@id":"https:\/\/visitplentzia.eus\/fr\/#\/schema\/logo\/image\/"}}]}},"featured_image_src":"https:\/\/visitplentzia.eus\/wp-content\/uploads\/2023\/05\/playa-de-plentzia.jpg","featured_image_src_square":"https:\/\/visitplentzia.eus\/wp-content\/uploads\/2023\/05\/playa-de-plentzia.jpg","publishpress_future_workflow_manual_trigger":{"enabledWorkflows":[]},"_links":{"self":[{"href":"https:\/\/visitplentzia.eus\/fr\/wp-json\/wp\/v2\/pages\/5694","targetHints":{"allow":["GET"]}}],"collection":[{"href":"https:\/\/visitplentzia.eus\/fr\/wp-json\/wp\/v2\/pages"}],"about":[{"href":"https:\/\/visitplentzia.eus\/fr\/wp-json\/wp\/v2\/types\/page"}],"author":[{"embeddable":true,"href":"https:\/\/visitplentzia.eus\/fr\/wp-json\/wp\/v2\/users\/1"}],"replies":[{"embeddable":true,"href":"https:\/\/visitplentzia.eus\/fr\/wp-json\/wp\/v2\/comments?post=5694"}],"version-history":[{"count":4,"href":"https:\/\/visitplentzia.eus\/fr\/wp-json\/wp\/v2\/pages\/5694\/revisions"}],"predecessor-version":[{"id":6884,"href":"https:\/\/visitplentzia.eus\/fr\/wp-json\/wp\/v2\/pages\/5694\/revisions\/6884"}],"up":[{"embeddable":true,"href":"https:\/\/visitplentzia.eus\/fr\/wp-json\/wp\/v2\/pages\/5676"}],"wp:featuredmedia":[{"embeddable":true,"href":"https:\/\/visitplentzia.eus\/fr\/wp-json\/wp\/v2\/media\/5695"}],"wp:attachment":[{"href":"https:\/\/visitplentzia.eus\/fr\/wp-json\/wp\/v2\/media?parent=5694"}],"curies":[{"name":"wp","href":"https:\/\/api.w.org\/{rel}","templated":true}]}}