{"id":5706,"date":"2023-05-24T11:58:44","date_gmt":"2023-05-24T09:58:44","guid":{"rendered":"https:\/\/darkslategrey-ape-696608.hostingersite.com\/que-faire\/vie-maritime\/ria-de-plentzia\/"},"modified":"2024-02-28T21:08:48","modified_gmt":"2024-02-28T21:08:48","slug":"estuaire-de-plentzia","status":"publish","type":"page","link":"https:\/\/visitplentzia.eus\/fr\/que-faire\/vie-maritime\/estuaire-de-plentzia\/","title":{"rendered":"Estuaire de Plentzia"},"content":{"rendered":"\n<p>L\u2019un des r\u00e9f\u00e9rents architecturaux qui soulignent le paysage de cette ria est le \u00ab puente nuevo \u00bb ou pont neuf , une passerelle bow-string de couleur blanche d\u2019une longueur d\u2019environ 150 m\u00e8tres con\u00e7ue par l\u2019ing\u00e9nieur Javier Manterola et construite en 1991, pour remplacer l\u2019ancien pont qui a \u00e9t\u00e9 endommag\u00e9 par les nombreuses crues de la rivi\u00e8re Butr\u00f3n puis arrach\u00e9 par les inondations de Bilbao et sa r\u00e9gion en ao\u00fbt 1983.<\/p>\n\n\n\n<p>Sur toute la rive droite de la ria serpente une agr\u00e9able promenade au bord de laquelle les petites embarcations color\u00e9es semblent vouloir tracer un tableau pointilliste. \u00c0 l\u2019embouchure de cette jolie rivi\u00e8re se forme une splendide baie naturelle o\u00f9 se trouvent les plages de Gorliz et de Plentzia. \u00c0 Gorliz, tout au bout de la promenade de la plage, se trouvent les Dunes P\u00e9trifi\u00e9es, un ensemble d\u2019une grande valeur g\u00e9ologique. C\u2019est de l\u00e0 que part le chemin qui m\u00e8ne au Cap Billano et \u00e0 son phare, qui veille, outre sur la mer, sur une ancienne batterie d\u00e9fensive, avec ses bunkers et son canon oxyd\u00e9.<\/p>\n\n\n\n<figure class=\"wp-block-image size-full\"><img loading=\"lazy\" decoding=\"async\" width=\"1000\" height=\"750\" src=\"http:\/\/visitplentzia.eus\/wp-content\/uploads\/2023\/05\/ria-de-plentzia-1.jpg\" alt=\"\" class=\"wp-image-336\" srcset=\"https:\/\/visitplentzia.eus\/wp-content\/uploads\/2023\/05\/ria-de-plentzia-1.jpg 1000w, https:\/\/visitplentzia.eus\/wp-content\/uploads\/2023\/05\/ria-de-plentzia-1-300x225.jpg 300w, https:\/\/visitplentzia.eus\/wp-content\/uploads\/2023\/05\/ria-de-plentzia-1-768x576.jpg 768w, https:\/\/visitplentzia.eus\/wp-content\/uploads\/2023\/05\/ria-de-plentzia-1-702x526.jpg 702w\" sizes=\"auto, (max-width: 1000px) 100vw, 1000px\" \/><\/figure>\n","protected":false},"excerpt":{"rendered":"<p>L\u2019un des r\u00e9f\u00e9rents architecturaux qui soulignent le paysage de cette ria est le \u00ab puente nuevo \u00bb ou pont neuf , une passerelle bow-string de couleur blanche d\u2019une longueur d\u2019environ 150 m\u00e8tres con\u00e7ue par l\u2019ing\u00e9nieur Javier Manterola et construite en 1991, pour remplacer l\u2019ancien pont qui a \u00e9t\u00e9 endommag\u00e9 par les nombreuses crues de la [&hellip;]<\/p>\n","protected":false},"author":1,"featured_media":5707,"parent":5676,"menu_order":0,"comment_status":"closed","ping_status":"closed","template":"page-templates\/page-que-hacer.php","meta":{"_genesis_hide_title":false,"_genesis_hide_breadcrumbs":false,"_genesis_hide_singular_image":false,"_genesis_hide_footer_widgets":false,"_genesis_custom_body_class":"","_genesis_custom_post_class":"","_genesis_layout":"","footnotes":""},"class_list":{"0":"post-5706","1":"page","2":"type-page","3":"status-publish","4":"has-post-thumbnail","6":"entry"},"acf":[],"yoast_head":"<!-- This site is optimized with the Yoast SEO plugin v27.4 - https:\/\/yoast.com\/product\/yoast-seo-wordpress\/ -->\n<title>Estuaire de Plentzia et le nouveau pont<\/title>\n<meta name=\"description\" content=\"Le long de la rive droite de l&#039;estuaire s&#039;\u00e9tend une agr\u00e9able promenade agr\u00e9ment\u00e9e de petites embarcations. A son embouchure, se forme une belle baie naturelle\" \/>\n<meta name=\"robots\" content=\"index, follow, max-snippet:-1, max-image-preview:large, max-video-preview:-1\" \/>\n<link rel=\"canonical\" href=\"https:\/\/visitplentzia.eus\/fr\/que-faire\/vie-maritime\/estuaire-de-plentzia\/\" \/>\n<meta property=\"og:locale\" content=\"fr_FR\" \/>\n<meta property=\"og:type\" content=\"article\" \/>\n<meta property=\"og:title\" content=\"Estuaire de Plentzia et le nouveau pont\" \/>\n<meta property=\"og:description\" content=\"Le long de la rive droite de l&#039;estuaire s&#039;\u00e9tend une agr\u00e9able promenade agr\u00e9ment\u00e9e de petites embarcations. A son embouchure, se forme une belle baie naturelle\" \/>\n<meta property=\"og:url\" content=\"https:\/\/visitplentzia.eus\/fr\/que-faire\/vie-maritime\/estuaire-de-plentzia\/\" \/>\n<meta property=\"og:site_name\" content=\"Turismo Plentzia\" \/>\n<meta property=\"article:modified_time\" content=\"2024-02-28T21:08:48+00:00\" \/>\n<meta property=\"og:image\" content=\"https:\/\/visitplentzia.eus\/wp-content\/uploads\/2023\/05\/ria-de-plentzia.jpg\" \/>\n\t<meta property=\"og:image:width\" content=\"1000\" \/>\n\t<meta property=\"og:image:height\" content=\"750\" \/>\n\t<meta property=\"og:image:type\" content=\"image\/jpeg\" \/>\n<meta name=\"twitter:card\" content=\"summary_large_image\" \/>\n<meta name=\"twitter:label1\" content=\"Dur\u00e9e de lecture estim\u00e9e\" \/>\n\t<meta name=\"twitter:data1\" content=\"2 minutes\" \/>\n<script type=\"application\/ld+json\" class=\"yoast-schema-graph\">{\"@context\":\"https:\\\/\\\/schema.org\",\"@graph\":[{\"@type\":\"WebPage\",\"@id\":\"https:\\\/\\\/visitplentzia.eus\\\/fr\\\/que-faire\\\/vie-maritime\\\/estuaire-de-plentzia\\\/\",\"url\":\"https:\\\/\\\/visitplentzia.eus\\\/fr\\\/que-faire\\\/vie-maritime\\\/estuaire-de-plentzia\\\/\",\"name\":\"Estuaire de Plentzia et le nouveau pont\",\"isPartOf\":{\"@id\":\"https:\\\/\\\/visitplentzia.eus\\\/fr\\\/#website\"},\"primaryImageOfPage\":{\"@id\":\"https:\\\/\\\/visitplentzia.eus\\\/fr\\\/que-faire\\\/vie-maritime\\\/estuaire-de-plentzia\\\/#primaryimage\"},\"image\":{\"@id\":\"https:\\\/\\\/visitplentzia.eus\\\/fr\\\/que-faire\\\/vie-maritime\\\/estuaire-de-plentzia\\\/#primaryimage\"},\"thumbnailUrl\":\"https:\\\/\\\/visitplentzia.eus\\\/wp-content\\\/uploads\\\/2023\\\/05\\\/ria-de-plentzia.jpg\",\"datePublished\":\"2023-05-24T09:58:44+00:00\",\"dateModified\":\"2024-02-28T21:08:48+00:00\",\"description\":\"Le long de la rive droite de l'estuaire s'\u00e9tend une agr\u00e9able promenade agr\u00e9ment\u00e9e de petites embarcations. A son embouchure, se forme une belle baie naturelle\",\"breadcrumb\":{\"@id\":\"https:\\\/\\\/visitplentzia.eus\\\/fr\\\/que-faire\\\/vie-maritime\\\/estuaire-de-plentzia\\\/#breadcrumb\"},\"inLanguage\":\"fr-FR\",\"potentialAction\":[{\"@type\":\"ReadAction\",\"target\":[\"https:\\\/\\\/visitplentzia.eus\\\/fr\\\/que-faire\\\/vie-maritime\\\/estuaire-de-plentzia\\\/\"]}]},{\"@type\":\"ImageObject\",\"inLanguage\":\"fr-FR\",\"@id\":\"https:\\\/\\\/visitplentzia.eus\\\/fr\\\/que-faire\\\/vie-maritime\\\/estuaire-de-plentzia\\\/#primaryimage\",\"url\":\"https:\\\/\\\/visitplentzia.eus\\\/wp-content\\\/uploads\\\/2023\\\/05\\\/ria-de-plentzia.jpg\",\"contentUrl\":\"https:\\\/\\\/visitplentzia.eus\\\/wp-content\\\/uploads\\\/2023\\\/05\\\/ria-de-plentzia.jpg\",\"width\":1000,\"height\":750},{\"@type\":\"BreadcrumbList\",\"@id\":\"https:\\\/\\\/visitplentzia.eus\\\/fr\\\/que-faire\\\/vie-maritime\\\/estuaire-de-plentzia\\\/#breadcrumb\",\"itemListElement\":[{\"@type\":\"ListItem\",\"position\":1,\"name\":\"Home\",\"item\":\"https:\\\/\\\/visitplentzia.eus\\\/fr\\\/\"},{\"@type\":\"ListItem\",\"position\":2,\"name\":\"Que faire\",\"item\":\"https:\\\/\\\/visitplentzia.eus\\\/fr\\\/que-faire\\\/\"},{\"@type\":\"ListItem\",\"position\":3,\"name\":\"Vie maritime\",\"item\":\"https:\\\/\\\/visitplentzia.eus\\\/fr\\\/que-faire\\\/vie-maritime\\\/\"},{\"@type\":\"ListItem\",\"position\":4,\"name\":\"Estuaire de Plentzia\"}]},{\"@type\":\"WebSite\",\"@id\":\"https:\\\/\\\/visitplentzia.eus\\\/fr\\\/#website\",\"url\":\"https:\\\/\\\/visitplentzia.eus\\\/fr\\\/\",\"name\":\"Turismo Plentzia\",\"description\":\"P\u00e1gina oficial de Turismo Plentzia. Visita su hermosa R\u00eda, su bella playa, su puerto y su pintoresco casco antiguo\",\"publisher\":{\"@id\":\"https:\\\/\\\/visitplentzia.eus\\\/fr\\\/#organization\"},\"alternateName\":\"Turismo Plentzia\",\"potentialAction\":[{\"@type\":\"SearchAction\",\"target\":{\"@type\":\"EntryPoint\",\"urlTemplate\":\"https:\\\/\\\/visitplentzia.eus\\\/fr\\\/?s={search_term_string}\"},\"query-input\":{\"@type\":\"PropertyValueSpecification\",\"valueRequired\":true,\"valueName\":\"search_term_string\"}}],\"inLanguage\":\"fr-FR\"},{\"@type\":\"Organization\",\"@id\":\"https:\\\/\\\/visitplentzia.eus\\\/fr\\\/#organization\",\"name\":\"Plentzia turismo\",\"url\":\"https:\\\/\\\/visitplentzia.eus\\\/fr\\\/\",\"logo\":{\"@type\":\"ImageObject\",\"inLanguage\":\"fr-FR\",\"@id\":\"https:\\\/\\\/visitplentzia.eus\\\/fr\\\/#\\\/schema\\\/logo\\\/image\\\/\",\"url\":\"https:\\\/\\\/visitplentzia.eus\\\/wp-content\\\/uploads\\\/2023\\\/04\\\/logo-plentzia.png\",\"contentUrl\":\"https:\\\/\\\/visitplentzia.eus\\\/wp-content\\\/uploads\\\/2023\\\/04\\\/logo-plentzia.png\",\"width\":130,\"height\":117,\"caption\":\"Plentzia turismo\"},\"image\":{\"@id\":\"https:\\\/\\\/visitplentzia.eus\\\/fr\\\/#\\\/schema\\\/logo\\\/image\\\/\"}}]}<\/script>\n<!-- \/ Yoast SEO plugin. -->","yoast_head_json":{"title":"Estuaire de Plentzia et le nouveau pont","description":"Le long de la rive droite de l'estuaire s'\u00e9tend une agr\u00e9able promenade agr\u00e9ment\u00e9e de petites embarcations. A son embouchure, se forme une belle baie naturelle","robots":{"index":"index","follow":"follow","max-snippet":"max-snippet:-1","max-image-preview":"max-image-preview:large","max-video-preview":"max-video-preview:-1"},"canonical":"https:\/\/visitplentzia.eus\/fr\/que-faire\/vie-maritime\/estuaire-de-plentzia\/","og_locale":"fr_FR","og_type":"article","og_title":"Estuaire de Plentzia et le nouveau pont","og_description":"Le long de la rive droite de l'estuaire s'\u00e9tend une agr\u00e9able promenade agr\u00e9ment\u00e9e de petites embarcations. A son embouchure, se forme une belle baie naturelle","og_url":"https:\/\/visitplentzia.eus\/fr\/que-faire\/vie-maritime\/estuaire-de-plentzia\/","og_site_name":"Turismo Plentzia","article_modified_time":"2024-02-28T21:08:48+00:00","og_image":[{"width":1000,"height":750,"url":"https:\/\/visitplentzia.eus\/wp-content\/uploads\/2023\/05\/ria-de-plentzia.jpg","type":"image\/jpeg"}],"twitter_card":"summary_large_image","twitter_misc":{"Dur\u00e9e de lecture estim\u00e9e":"2 minutes"},"schema":{"@context":"https:\/\/schema.org","@graph":[{"@type":"WebPage","@id":"https:\/\/visitplentzia.eus\/fr\/que-faire\/vie-maritime\/estuaire-de-plentzia\/","url":"https:\/\/visitplentzia.eus\/fr\/que-faire\/vie-maritime\/estuaire-de-plentzia\/","name":"Estuaire de Plentzia et le nouveau pont","isPartOf":{"@id":"https:\/\/visitplentzia.eus\/fr\/#website"},"primaryImageOfPage":{"@id":"https:\/\/visitplentzia.eus\/fr\/que-faire\/vie-maritime\/estuaire-de-plentzia\/#primaryimage"},"image":{"@id":"https:\/\/visitplentzia.eus\/fr\/que-faire\/vie-maritime\/estuaire-de-plentzia\/#primaryimage"},"thumbnailUrl":"https:\/\/visitplentzia.eus\/wp-content\/uploads\/2023\/05\/ria-de-plentzia.jpg","datePublished":"2023-05-24T09:58:44+00:00","dateModified":"2024-02-28T21:08:48+00:00","description":"Le long de la rive droite de l'estuaire s'\u00e9tend une agr\u00e9able promenade agr\u00e9ment\u00e9e de petites embarcations. A son embouchure, se forme une belle baie naturelle","breadcrumb":{"@id":"https:\/\/visitplentzia.eus\/fr\/que-faire\/vie-maritime\/estuaire-de-plentzia\/#breadcrumb"},"inLanguage":"fr-FR","potentialAction":[{"@type":"ReadAction","target":["https:\/\/visitplentzia.eus\/fr\/que-faire\/vie-maritime\/estuaire-de-plentzia\/"]}]},{"@type":"ImageObject","inLanguage":"fr-FR","@id":"https:\/\/visitplentzia.eus\/fr\/que-faire\/vie-maritime\/estuaire-de-plentzia\/#primaryimage","url":"https:\/\/visitplentzia.eus\/wp-content\/uploads\/2023\/05\/ria-de-plentzia.jpg","contentUrl":"https:\/\/visitplentzia.eus\/wp-content\/uploads\/2023\/05\/ria-de-plentzia.jpg","width":1000,"height":750},{"@type":"BreadcrumbList","@id":"https:\/\/visitplentzia.eus\/fr\/que-faire\/vie-maritime\/estuaire-de-plentzia\/#breadcrumb","itemListElement":[{"@type":"ListItem","position":1,"name":"Home","item":"https:\/\/visitplentzia.eus\/fr\/"},{"@type":"ListItem","position":2,"name":"Que faire","item":"https:\/\/visitplentzia.eus\/fr\/que-faire\/"},{"@type":"ListItem","position":3,"name":"Vie maritime","item":"https:\/\/visitplentzia.eus\/fr\/que-faire\/vie-maritime\/"},{"@type":"ListItem","position":4,"name":"Estuaire de Plentzia"}]},{"@type":"WebSite","@id":"https:\/\/visitplentzia.eus\/fr\/#website","url":"https:\/\/visitplentzia.eus\/fr\/","name":"Turismo Plentzia","description":"P\u00e1gina oficial de Turismo Plentzia. Visita su hermosa R\u00eda, su bella playa, su puerto y su pintoresco casco antiguo","publisher":{"@id":"https:\/\/visitplentzia.eus\/fr\/#organization"},"alternateName":"Turismo Plentzia","potentialAction":[{"@type":"SearchAction","target":{"@type":"EntryPoint","urlTemplate":"https:\/\/visitplentzia.eus\/fr\/?s={search_term_string}"},"query-input":{"@type":"PropertyValueSpecification","valueRequired":true,"valueName":"search_term_string"}}],"inLanguage":"fr-FR"},{"@type":"Organization","@id":"https:\/\/visitplentzia.eus\/fr\/#organization","name":"Plentzia turismo","url":"https:\/\/visitplentzia.eus\/fr\/","logo":{"@type":"ImageObject","inLanguage":"fr-FR","@id":"https:\/\/visitplentzia.eus\/fr\/#\/schema\/logo\/image\/","url":"https:\/\/visitplentzia.eus\/wp-content\/uploads\/2023\/04\/logo-plentzia.png","contentUrl":"https:\/\/visitplentzia.eus\/wp-content\/uploads\/2023\/04\/logo-plentzia.png","width":130,"height":117,"caption":"Plentzia turismo"},"image":{"@id":"https:\/\/visitplentzia.eus\/fr\/#\/schema\/logo\/image\/"}}]}},"featured_image_src":"https:\/\/visitplentzia.eus\/wp-content\/uploads\/2023\/05\/ria-de-plentzia.jpg","featured_image_src_square":"https:\/\/visitplentzia.eus\/wp-content\/uploads\/2023\/05\/ria-de-plentzia.jpg","publishpress_future_workflow_manual_trigger":{"enabledWorkflows":[]},"_links":{"self":[{"href":"https:\/\/visitplentzia.eus\/fr\/wp-json\/wp\/v2\/pages\/5706","targetHints":{"allow":["GET"]}}],"collection":[{"href":"https:\/\/visitplentzia.eus\/fr\/wp-json\/wp\/v2\/pages"}],"about":[{"href":"https:\/\/visitplentzia.eus\/fr\/wp-json\/wp\/v2\/types\/page"}],"author":[{"embeddable":true,"href":"https:\/\/visitplentzia.eus\/fr\/wp-json\/wp\/v2\/users\/1"}],"replies":[{"embeddable":true,"href":"https:\/\/visitplentzia.eus\/fr\/wp-json\/wp\/v2\/comments?post=5706"}],"version-history":[{"count":4,"href":"https:\/\/visitplentzia.eus\/fr\/wp-json\/wp\/v2\/pages\/5706\/revisions"}],"predecessor-version":[{"id":5713,"href":"https:\/\/visitplentzia.eus\/fr\/wp-json\/wp\/v2\/pages\/5706\/revisions\/5713"}],"up":[{"embeddable":true,"href":"https:\/\/visitplentzia.eus\/fr\/wp-json\/wp\/v2\/pages\/5676"}],"wp:featuredmedia":[{"embeddable":true,"href":"https:\/\/visitplentzia.eus\/fr\/wp-json\/wp\/v2\/media\/5707"}],"wp:attachment":[{"href":"https:\/\/visitplentzia.eus\/fr\/wp-json\/wp\/v2\/media?parent=5706"}],"curies":[{"name":"wp","href":"https:\/\/api.w.org\/{rel}","templated":true}]}}