{"id":5731,"date":"2023-05-24T08:10:12","date_gmt":"2023-05-24T06:10:12","guid":{"rendered":"https:\/\/darkslategrey-ape-696608.hostingersite.com\/que-voir\/patrimonio\/"},"modified":"2024-02-28T21:10:34","modified_gmt":"2024-02-28T21:10:34","slug":"patrimoine","status":"publish","type":"page","link":"https:\/\/visitplentzia.eus\/fr\/que-voir\/patrimoine\/","title":{"rendered":"Patrimoine"},"content":{"rendered":"\n<p>Fond\u00e9e en 1299, cette ville conserve encore une partie de son h\u00e9ritage historique. Son vieux quartier pittoresque, d\u2019origine m\u00e9di\u00e9vale, conjugue brillamment architecture populaire sp\u00e9cifique \u00e0 la mer et constructions plus nobles copiant le style typique des demeures bourgeoises. Il vaut la peine de se promener dans ses rues \u00e9troites et de contempler des joyaux authentiques comme l\u2019\u00e9glise de Santa Mar\u00eda Magdalena, qui se distingue par sa superbe tour du xvi<sup>e<\/sup>&nbsp;si\u00e8cle, ou encore l\u2019ancien h\u00f4tel de ville en pierre de taille qui abrite le mus\u00e9e Plasentia Butr\u00f3n, o\u00f9 sont expos\u00e9s des \u00e9l\u00e9ments de l\u2019histoire de cette commune du littoral.<\/p>\n\n\n\n<p>Autrefois, comme beaucoup d\u2019autres villes, Plentzia \u00e9tait \u00e9galement entour\u00e9e d\u2019une muraille. Aujourd\u2019hui, le seul vestige de cette structure d\u00e9fensive est l\u2019arche de Santiago. Torrebarri, la maison-tour de la lign\u00e9e Butr\u00f3n, est un autre b\u00e2timent int\u00e9ressant, caract\u00e9ris\u00e9 par les armoiries grav\u00e9es dans la pierre sur sa fa\u00e7ade.<\/p>\n\n\n\n<h2 class=\"wp-block-heading\"><strong>Estuaire et plage<\/strong><\/h2>\n\n\n\n<p>Apr\u00e8s avoir visit\u00e9 quelques-uns de ces points d\u2019int\u00e9r\u00eat, une agr\u00e9able promenade le long des rives de l\u2019estuaire, tapiss\u00e9es de petites embarcations, vous m\u00e8nera \u00e0 la paisible plage de Plentzia, l\u2019un des principaux attraits de la ville. Cette vaste \u00e9tendue de sable aux eaux calmes, tr\u00e8s appr\u00e9ci\u00e9e des baigneurs en \u00e9t\u00e9, pr\u00e9sente des caract\u00e9ristiques exceptionnelles pour la pratique de diff\u00e9rents sports nautiques tels que le cano\u00eb, la plong\u00e9e sous-marine et la planche \u00e0 voile. La promenade du front de mer m\u00e8ne \u00e0 la ville voisine de Gorliz.<\/p>\n\n\n\n<p>Pour les plus enjou\u00e9s, Plentzia offre \u00e9galement un calendrier de festivit\u00e9s \u00e9toff\u00e9, m\u00eame si les principales f\u00eates ont lieu d\u00e9but septembre, en l\u2019honneur de Saint Antolin, et comprennent un programme vari\u00e9 et riche en \u00e9v\u00e9nements pour tous les go\u00fbts et tous les publics.<\/p>\n\n\n\n<figure class=\"wp-block-embed is-type-video is-provider-youtube wp-block-embed-youtube wp-embed-aspect-16-9 wp-has-aspect-ratio\"><div class=\"wp-block-embed__wrapper\">\n<iframe loading=\"lazy\" title=\"turismo edificios\" width=\"500\" height=\"281\" src=\"https:\/\/www.youtube.com\/embed\/2RjkXSAz6kM?feature=oembed\" frameborder=\"0\" allow=\"accelerometer; autoplay; clipboard-write; encrypted-media; gyroscope; picture-in-picture; web-share\" referrerpolicy=\"strict-origin-when-cross-origin\" allowfullscreen><\/iframe>\n<\/div><\/figure>\n\n\n\n<div id=\"listado-cards-block_64941cc8db2ad\" class=\"listado-cards \">\n\n                    <div class=\"control-cards-grid horizontal-block\">\n                    \n                                                <div class=\"single-card\">\n                            <div class=\"image\">\n                                <a href=\"https:\/\/visitplentzia.eus\/que-ver\/patrimonio\/casco-historico\/\">\n                                                                    <\/a>\n                            <\/div>\n                            <div class=\"texto\">\n                                <p class=\"title\">\n                                    <a href=\"https:\/\/visitplentzia.eus\/que-ver\/patrimonio\/casco-historico\/\">\n                                        Casco hist\u00f3rico                                    <\/a>\n                                <\/p>\n                                <div class=\"resumen\">\n                                    <p>Cualquier visita al municipio de Plentzia requiere inevitablemente de un paseo por entre las estrechas calles de su casco antiguo, que pese a las profundas transformaciones sufridas por el municipio durante el \u00faltimo siglo, conserva a\u00fan ese encanto propio de los lugares hist\u00f3ricos.<\/p>\n                                <\/div>\n                                <div class=\"button-container\">\n                                    <p>\n                                        <a class=\"button\" href=\"https:\/\/visitplentzia.eus\/que-ver\/patrimonio\/casco-historico\/\">Plus d&rsquo;informations<\/a>\n                                    <\/p>\n                                <\/div>\n                            <\/div>\n                        <\/div>\n                \n                    \n                                                <div class=\"single-card\">\n                            <div class=\"image\">\n                                <a href=\"https:\/\/visitplentzia.eus\/que-ver\/patrimonio\/pasarela-de-plentzia\/\">\n                                    <img loading=\"lazy\" decoding=\"async\" width=\"480\" height=\"344\" src=\"https:\/\/visitplentzia.eus\/wp-content\/uploads\/2023\/05\/dsc2385-1-480x344-1.jpg\" class=\"attachment-full size-full\" alt=\"\" srcset=\"https:\/\/visitplentzia.eus\/wp-content\/uploads\/2023\/05\/dsc2385-1-480x344-1.jpg 480w, https:\/\/visitplentzia.eus\/wp-content\/uploads\/2023\/05\/dsc2385-1-480x344-1-300x215.jpg 300w\" sizes=\"auto, (max-width: 480px) 100vw, 480px\" \/>                                <\/a>\n                            <\/div>\n                            <div class=\"texto\">\n                                <p class=\"title\">\n                                    <a href=\"https:\/\/visitplentzia.eus\/que-ver\/patrimonio\/pasarela-de-plentzia\/\">\n                                        Pasarela de Plentzia                                    <\/a>\n                                <\/p>\n                                <div class=\"resumen\">\n                                    <p>Construida entre los a\u00f1os 1991 y 1992 para sustituir al puente viejo, cuyos cimientos quedaron maltrechos como consecuencia de la riada de agosto de 1983.<\/p>\n                                <\/div>\n                                <div class=\"button-container\">\n                                    <p>\n                                        <a class=\"button\" href=\"https:\/\/visitplentzia.eus\/que-ver\/patrimonio\/pasarela-de-plentzia\/\">Plus d&rsquo;informations<\/a>\n                                    <\/p>\n                                <\/div>\n                            <\/div>\n                        <\/div>\n                \n                    \n                                                <div class=\"single-card\">\n                            <div class=\"image\">\n                                <a href=\"https:\/\/visitplentzia.eus\/que-ver\/patrimonio\/farmacia-museo-aramburu\/\">\n                                    <img loading=\"lazy\" decoding=\"async\" width=\"979\" height=\"400\" src=\"https:\/\/visitplentzia.eus\/wp-content\/uploads\/2023\/05\/farmacia-museo.jpeg\" class=\"attachment-full size-full\" alt=\"\" srcset=\"https:\/\/visitplentzia.eus\/wp-content\/uploads\/2023\/05\/farmacia-museo.jpeg 979w, https:\/\/visitplentzia.eus\/wp-content\/uploads\/2023\/05\/farmacia-museo-300x123.jpeg 300w, https:\/\/visitplentzia.eus\/wp-content\/uploads\/2023\/05\/farmacia-museo-768x314.jpeg 768w\" sizes=\"auto, (max-width: 979px) 100vw, 979px\" \/>                                <\/a>\n                            <\/div>\n                            <div class=\"texto\">\n                                <p class=\"title\">\n                                    <a href=\"https:\/\/visitplentzia.eus\/que-ver\/patrimonio\/farmacia-museo-aramburu\/\">\n                                        Farmacia-Museo Aramburu                                    <\/a>\n                                <\/p>\n                                <div class=\"resumen\">\n                                    <p>Farmacia familiar fundada en 1888 que adem\u00e1s de farmacia es museo. Cuenta con una exposici\u00f3n que ocupa los espacios originales de la botica, el primitivo laboratorio y la antigua rebotica.<\/p>\n                                <\/div>\n                                <div class=\"button-container\">\n                                    <p>\n                                        <a class=\"button\" href=\"https:\/\/visitplentzia.eus\/que-ver\/patrimonio\/farmacia-museo-aramburu\/\">Plus d&rsquo;informations<\/a>\n                                    <\/p>\n                                <\/div>\n                            <\/div>\n                        <\/div>\n                \n                    \n                                                <div class=\"single-card\">\n                            <div class=\"image\">\n                                <a href=\"https:\/\/visitplentzia.eus\/que-ver\/patrimonio\/parque-legarrondo\/\">\n                                    <img loading=\"lazy\" decoding=\"async\" width=\"768\" height=\"1024\" src=\"https:\/\/visitplentzia.eus\/wp-content\/uploads\/2023\/05\/plencia-039-768x1024-1.jpg\" class=\"attachment-full size-full\" alt=\"\" srcset=\"https:\/\/visitplentzia.eus\/wp-content\/uploads\/2023\/05\/plencia-039-768x1024-1.jpg 768w, https:\/\/visitplentzia.eus\/wp-content\/uploads\/2023\/05\/plencia-039-768x1024-1-225x300.jpg 225w\" sizes=\"auto, (max-width: 768px) 100vw, 768px\" \/>                                <\/a>\n                            <\/div>\n                            <div class=\"texto\">\n                                <p class=\"title\">\n                                    <a href=\"https:\/\/visitplentzia.eus\/que-ver\/patrimonio\/parque-legarrondo\/\">\n                                        Parque Legarrondo                                    <\/a>\n                                <\/p>\n                                <div class=\"resumen\">\n                                    <p>Zona de esparcimiento con acceso a la r\u00eda donde poder practicar kayak o SUP<\/p>\n                                <\/div>\n                                <div class=\"button-container\">\n                                    <p>\n                                        <a class=\"button\" href=\"https:\/\/visitplentzia.eus\/que-ver\/patrimonio\/parque-legarrondo\/\">Plus d&rsquo;informations<\/a>\n                                    <\/p>\n                                <\/div>\n                            <\/div>\n                        <\/div>\n                \n                    \n                                                <div class=\"single-card\">\n                            <div class=\"image\">\n                                <a href=\"https:\/\/visitplentzia.eus\/que-ver\/patrimonio\/isuskiza\/\">\n                                    <img loading=\"lazy\" decoding=\"async\" width=\"768\" height=\"565\" src=\"https:\/\/visitplentzia.eus\/wp-content\/uploads\/2023\/05\/isuskiza-1-1-768x565-1.jpg\" class=\"attachment-full size-full\" alt=\"\" srcset=\"https:\/\/visitplentzia.eus\/wp-content\/uploads\/2023\/05\/isuskiza-1-1-768x565-1.jpg 768w, https:\/\/visitplentzia.eus\/wp-content\/uploads\/2023\/05\/isuskiza-1-1-768x565-1-300x221.jpg 300w\" sizes=\"auto, (max-width: 768px) 100vw, 768px\" \/>                                <\/a>\n                            <\/div>\n                            <div class=\"texto\">\n                                <p class=\"title\">\n                                    <a href=\"https:\/\/visitplentzia.eus\/que-ver\/patrimonio\/isuskiza\/\">\n                                        Isuskiza                                    <\/a>\n                                <\/p>\n                                <div class=\"resumen\">\n                                    <p>Isuskiza, tambi\u00e9n conocido como el abanico de Plentzia, es uno de los rincones secretos\u00a0 del municipio.<\/p>\n                                <\/div>\n                                <div class=\"button-container\">\n                                    <p>\n                                        <a class=\"button\" href=\"https:\/\/visitplentzia.eus\/que-ver\/patrimonio\/isuskiza\/\">Plus d&rsquo;informations<\/a>\n                                    <\/p>\n                                <\/div>\n                            <\/div>\n                        <\/div>\n                \n                                    <\/div>\n            \n    \n\n\n\n    \n    \n<\/div>\n\n","protected":false},"excerpt":{"rendered":"<p>Fond\u00e9e en 1299, cette ville conserve encore une partie de son h\u00e9ritage historique. Son vieux quartier pittoresque, d\u2019origine m\u00e9di\u00e9vale, conjugue brillamment architecture populaire sp\u00e9cifique \u00e0 la mer et constructions plus nobles copiant le style typique des demeures bourgeoises. Il vaut la peine de se promener dans ses rues \u00e9troites et de contempler des joyaux authentiques [&hellip;]<\/p>\n","protected":false},"author":1,"featured_media":0,"parent":5718,"menu_order":0,"comment_status":"closed","ping_status":"closed","template":"page-templates\/page-que-ver.php","meta":{"_genesis_hide_title":false,"_genesis_hide_breadcrumbs":false,"_genesis_hide_singular_image":false,"_genesis_hide_footer_widgets":false,"_genesis_custom_body_class":"","_genesis_custom_post_class":"","_genesis_layout":"","footnotes":""},"class_list":{"0":"post-5731","1":"page","2":"type-page","3":"status-publish","5":"entry"},"acf":[],"yoast_head":"<!-- This site is optimized with the Yoast SEO plugin v27.4 - https:\/\/yoast.com\/product\/yoast-seo-wordpress\/ -->\n<title>Patrimoine culturel et naturel de Plentzia<\/title>\n<meta name=\"description\" content=\"Avec l&#039;estuaire comme \u00e9l\u00e9ment central et la plage comme attraction touristique, Plentzia est une ville c\u00f4ti\u00e8re agr\u00e9able et accueillante.\" \/>\n<meta name=\"robots\" content=\"index, follow, max-snippet:-1, max-image-preview:large, max-video-preview:-1\" \/>\n<link rel=\"canonical\" href=\"https:\/\/visitplentzia.eus\/fr\/que-voir\/patrimoine\/\" \/>\n<meta property=\"og:locale\" content=\"fr_FR\" \/>\n<meta property=\"og:type\" content=\"article\" \/>\n<meta property=\"og:title\" content=\"Patrimoine culturel et naturel de Plentzia\" \/>\n<meta property=\"og:description\" content=\"Avec l&#039;estuaire comme \u00e9l\u00e9ment central et la plage comme attraction touristique, Plentzia est une ville c\u00f4ti\u00e8re agr\u00e9able et accueillante.\" \/>\n<meta property=\"og:url\" content=\"https:\/\/visitplentzia.eus\/fr\/que-voir\/patrimoine\/\" \/>\n<meta property=\"og:site_name\" content=\"Turismo Plentzia\" \/>\n<meta property=\"article:modified_time\" content=\"2024-02-28T21:10:34+00:00\" \/>\n<meta name=\"twitter:card\" content=\"summary_large_image\" \/>\n<meta name=\"twitter:label1\" content=\"Dur\u00e9e de lecture estim\u00e9e\" \/>\n\t<meta name=\"twitter:data1\" content=\"2 minutes\" \/>\n<script type=\"application\/ld+json\" class=\"yoast-schema-graph\">{\"@context\":\"https:\\\/\\\/schema.org\",\"@graph\":[{\"@type\":\"WebPage\",\"@id\":\"https:\\\/\\\/visitplentzia.eus\\\/fr\\\/que-voir\\\/patrimoine\\\/\",\"url\":\"https:\\\/\\\/visitplentzia.eus\\\/fr\\\/que-voir\\\/patrimoine\\\/\",\"name\":\"Patrimoine culturel et naturel de Plentzia\",\"isPartOf\":{\"@id\":\"https:\\\/\\\/visitplentzia.eus\\\/fr\\\/#website\"},\"datePublished\":\"2023-05-24T06:10:12+00:00\",\"dateModified\":\"2024-02-28T21:10:34+00:00\",\"description\":\"Avec l'estuaire comme \u00e9l\u00e9ment central et la plage comme attraction touristique, Plentzia est une ville c\u00f4ti\u00e8re agr\u00e9able et accueillante.\",\"breadcrumb\":{\"@id\":\"https:\\\/\\\/visitplentzia.eus\\\/fr\\\/que-voir\\\/patrimoine\\\/#breadcrumb\"},\"inLanguage\":\"fr-FR\",\"potentialAction\":[{\"@type\":\"ReadAction\",\"target\":[\"https:\\\/\\\/visitplentzia.eus\\\/fr\\\/que-voir\\\/patrimoine\\\/\"]}]},{\"@type\":\"BreadcrumbList\",\"@id\":\"https:\\\/\\\/visitplentzia.eus\\\/fr\\\/que-voir\\\/patrimoine\\\/#breadcrumb\",\"itemListElement\":[{\"@type\":\"ListItem\",\"position\":1,\"name\":\"Home\",\"item\":\"https:\\\/\\\/visitplentzia.eus\\\/fr\\\/\"},{\"@type\":\"ListItem\",\"position\":2,\"name\":\"Que voir\",\"item\":\"https:\\\/\\\/visitplentzia.eus\\\/fr\\\/que-voir\\\/\"},{\"@type\":\"ListItem\",\"position\":3,\"name\":\"Patrimoine\"}]},{\"@type\":\"WebSite\",\"@id\":\"https:\\\/\\\/visitplentzia.eus\\\/fr\\\/#website\",\"url\":\"https:\\\/\\\/visitplentzia.eus\\\/fr\\\/\",\"name\":\"Turismo Plentzia\",\"description\":\"P\u00e1gina oficial de Turismo Plentzia. Visita su hermosa R\u00eda, su bella playa, su puerto y su pintoresco casco antiguo\",\"publisher\":{\"@id\":\"https:\\\/\\\/visitplentzia.eus\\\/fr\\\/#organization\"},\"alternateName\":\"Turismo Plentzia\",\"potentialAction\":[{\"@type\":\"SearchAction\",\"target\":{\"@type\":\"EntryPoint\",\"urlTemplate\":\"https:\\\/\\\/visitplentzia.eus\\\/fr\\\/?s={search_term_string}\"},\"query-input\":{\"@type\":\"PropertyValueSpecification\",\"valueRequired\":true,\"valueName\":\"search_term_string\"}}],\"inLanguage\":\"fr-FR\"},{\"@type\":\"Organization\",\"@id\":\"https:\\\/\\\/visitplentzia.eus\\\/fr\\\/#organization\",\"name\":\"Plentzia turismo\",\"url\":\"https:\\\/\\\/visitplentzia.eus\\\/fr\\\/\",\"logo\":{\"@type\":\"ImageObject\",\"inLanguage\":\"fr-FR\",\"@id\":\"https:\\\/\\\/visitplentzia.eus\\\/fr\\\/#\\\/schema\\\/logo\\\/image\\\/\",\"url\":\"https:\\\/\\\/visitplentzia.eus\\\/wp-content\\\/uploads\\\/2023\\\/04\\\/logo-plentzia.png\",\"contentUrl\":\"https:\\\/\\\/visitplentzia.eus\\\/wp-content\\\/uploads\\\/2023\\\/04\\\/logo-plentzia.png\",\"width\":130,\"height\":117,\"caption\":\"Plentzia turismo\"},\"image\":{\"@id\":\"https:\\\/\\\/visitplentzia.eus\\\/fr\\\/#\\\/schema\\\/logo\\\/image\\\/\"}}]}<\/script>\n<!-- \/ Yoast SEO plugin. -->","yoast_head_json":{"title":"Patrimoine culturel et naturel de Plentzia","description":"Avec l'estuaire comme \u00e9l\u00e9ment central et la plage comme attraction touristique, Plentzia est une ville c\u00f4ti\u00e8re agr\u00e9able et accueillante.","robots":{"index":"index","follow":"follow","max-snippet":"max-snippet:-1","max-image-preview":"max-image-preview:large","max-video-preview":"max-video-preview:-1"},"canonical":"https:\/\/visitplentzia.eus\/fr\/que-voir\/patrimoine\/","og_locale":"fr_FR","og_type":"article","og_title":"Patrimoine culturel et naturel de Plentzia","og_description":"Avec l'estuaire comme \u00e9l\u00e9ment central et la plage comme attraction touristique, Plentzia est une ville c\u00f4ti\u00e8re agr\u00e9able et accueillante.","og_url":"https:\/\/visitplentzia.eus\/fr\/que-voir\/patrimoine\/","og_site_name":"Turismo Plentzia","article_modified_time":"2024-02-28T21:10:34+00:00","twitter_card":"summary_large_image","twitter_misc":{"Dur\u00e9e de lecture estim\u00e9e":"2 minutes"},"schema":{"@context":"https:\/\/schema.org","@graph":[{"@type":"WebPage","@id":"https:\/\/visitplentzia.eus\/fr\/que-voir\/patrimoine\/","url":"https:\/\/visitplentzia.eus\/fr\/que-voir\/patrimoine\/","name":"Patrimoine culturel et naturel de Plentzia","isPartOf":{"@id":"https:\/\/visitplentzia.eus\/fr\/#website"},"datePublished":"2023-05-24T06:10:12+00:00","dateModified":"2024-02-28T21:10:34+00:00","description":"Avec l'estuaire comme \u00e9l\u00e9ment central et la plage comme attraction touristique, Plentzia est une ville c\u00f4ti\u00e8re agr\u00e9able et accueillante.","breadcrumb":{"@id":"https:\/\/visitplentzia.eus\/fr\/que-voir\/patrimoine\/#breadcrumb"},"inLanguage":"fr-FR","potentialAction":[{"@type":"ReadAction","target":["https:\/\/visitplentzia.eus\/fr\/que-voir\/patrimoine\/"]}]},{"@type":"BreadcrumbList","@id":"https:\/\/visitplentzia.eus\/fr\/que-voir\/patrimoine\/#breadcrumb","itemListElement":[{"@type":"ListItem","position":1,"name":"Home","item":"https:\/\/visitplentzia.eus\/fr\/"},{"@type":"ListItem","position":2,"name":"Que voir","item":"https:\/\/visitplentzia.eus\/fr\/que-voir\/"},{"@type":"ListItem","position":3,"name":"Patrimoine"}]},{"@type":"WebSite","@id":"https:\/\/visitplentzia.eus\/fr\/#website","url":"https:\/\/visitplentzia.eus\/fr\/","name":"Turismo Plentzia","description":"P\u00e1gina oficial de Turismo Plentzia. Visita su hermosa R\u00eda, su bella playa, su puerto y su pintoresco casco antiguo","publisher":{"@id":"https:\/\/visitplentzia.eus\/fr\/#organization"},"alternateName":"Turismo Plentzia","potentialAction":[{"@type":"SearchAction","target":{"@type":"EntryPoint","urlTemplate":"https:\/\/visitplentzia.eus\/fr\/?s={search_term_string}"},"query-input":{"@type":"PropertyValueSpecification","valueRequired":true,"valueName":"search_term_string"}}],"inLanguage":"fr-FR"},{"@type":"Organization","@id":"https:\/\/visitplentzia.eus\/fr\/#organization","name":"Plentzia turismo","url":"https:\/\/visitplentzia.eus\/fr\/","logo":{"@type":"ImageObject","inLanguage":"fr-FR","@id":"https:\/\/visitplentzia.eus\/fr\/#\/schema\/logo\/image\/","url":"https:\/\/visitplentzia.eus\/wp-content\/uploads\/2023\/04\/logo-plentzia.png","contentUrl":"https:\/\/visitplentzia.eus\/wp-content\/uploads\/2023\/04\/logo-plentzia.png","width":130,"height":117,"caption":"Plentzia turismo"},"image":{"@id":"https:\/\/visitplentzia.eus\/fr\/#\/schema\/logo\/image\/"}}]}},"featured_image_src":null,"featured_image_src_square":null,"publishpress_future_workflow_manual_trigger":{"enabledWorkflows":[]},"_links":{"self":[{"href":"https:\/\/visitplentzia.eus\/fr\/wp-json\/wp\/v2\/pages\/5731","targetHints":{"allow":["GET"]}}],"collection":[{"href":"https:\/\/visitplentzia.eus\/fr\/wp-json\/wp\/v2\/pages"}],"about":[{"href":"https:\/\/visitplentzia.eus\/fr\/wp-json\/wp\/v2\/types\/page"}],"author":[{"embeddable":true,"href":"https:\/\/visitplentzia.eus\/fr\/wp-json\/wp\/v2\/users\/1"}],"replies":[{"embeddable":true,"href":"https:\/\/visitplentzia.eus\/fr\/wp-json\/wp\/v2\/comments?post=5731"}],"version-history":[{"count":4,"href":"https:\/\/visitplentzia.eus\/fr\/wp-json\/wp\/v2\/pages\/5731\/revisions"}],"predecessor-version":[{"id":5863,"href":"https:\/\/visitplentzia.eus\/fr\/wp-json\/wp\/v2\/pages\/5731\/revisions\/5863"}],"up":[{"embeddable":true,"href":"https:\/\/visitplentzia.eus\/fr\/wp-json\/wp\/v2\/pages\/5718"}],"wp:attachment":[{"href":"https:\/\/visitplentzia.eus\/fr\/wp-json\/wp\/v2\/media?parent=5731"}],"curies":[{"name":"wp","href":"https:\/\/api.w.org\/{rel}","templated":true}]}}