{"id":5742,"date":"2023-05-24T08:52:55","date_gmt":"2023-05-24T06:52:55","guid":{"rendered":"https:\/\/darkslategrey-ape-696608.hostingersite.com\/que-voir\/patrimoine\/vieille-ville\/antiguo-consistorio\/"},"modified":"2024-05-21T17:10:18","modified_gmt":"2024-05-21T15:10:18","slug":"ancien-consistoire","status":"publish","type":"page","link":"https:\/\/visitplentzia.eus\/fr\/que-voir\/patrimoine\/vieille-ville\/ancien-consistoire\/","title":{"rendered":"Ancien consistoire"},"content":{"rendered":"\n<div class=\"wp-block-columns is-layout-flex wp-container-core-columns-is-layout-9d6595d7 wp-block-columns-is-layout-flex\">\n<div class=\"wp-block-column is-layout-flow wp-block-column-is-layout-flow\">\n<figure class=\"wp-block-image size-full\"><img loading=\"lazy\" decoding=\"async\" width=\"336\" height=\"480\" src=\"http:\/\/visitplentzia.eus\/wp-content\/uploads\/2023\/05\/antiguo-consistorio-336x480-1.jpg\" alt=\"\" class=\"wp-image-250\" srcset=\"https:\/\/visitplentzia.eus\/wp-content\/uploads\/2023\/05\/antiguo-consistorio-336x480-1.jpg 336w, https:\/\/visitplentzia.eus\/wp-content\/uploads\/2023\/05\/antiguo-consistorio-336x480-1-210x300.jpg 210w\" sizes=\"auto, (max-width: 336px) 100vw, 336px\" \/><\/figure>\n<\/div>\n\n\n\n<div class=\"wp-block-column is-layout-flow wp-block-column-is-layout-flow\" style=\"flex-basis:60%\">\n<p>Cet \u00e9difice noble se distingue par sa splendide ma\u00e7onnerie en pierre de taille, avec une porte d\u2019entr\u00e9e en arc en plein cintre sur laquelle s\u2019ouvre un balcon. Il s\u2019agit sans nul doute de l\u2019un des attraits les plus remarquables de l\u2019architecture historique de la ville.<\/p>\n\n\n\n<p>Deux armoiries (celle de la cit\u00e9 et celle des Rois catholiques) sont grav\u00e9es sur la fa\u00e7ade ext\u00e9rieure et, au-dessus de l\u2019entr\u00e9e, une inscription, datant de 1562 et faisant r\u00e9f\u00e9rence au donateur Don Mart\u00edn P\u00e9rez de Plasencia, est appos\u00e9e.<\/p>\n\n\n\n<p>Ce b\u00e2timent a \u00e9t\u00e9 utilis\u00e9 comme palais de justice, donjon et bureau de poste.<\/p>\n\n\n\n<p>Plus d\u2019information<strong>&nbsp;<a href=\"http:\/\/www.museoplentzia.org\/\" target=\"_blank\" rel=\"noreferrer noopener\">museoplentzia.org<\/a><\/strong><\/p>\n<\/div>\n<\/div>\n\n\n\n<iframe src=\"https:\/\/www.google.com\/maps\/embed?pb=!1m14!1m8!1m3!1d362.3336884886152!2d-2.9482052!3d43.4048367!3m2!1i1024!2i768!4f13.1!3m3!1m2!1s0xd4e5cd9d2971ab3%3A0x13afdd2fad87f293!2sMuseo%20Plasentia%20Butr%C3%B3n!5e0!3m2!1ses!2ses!4v1684918391771!5m2!1ses!2ses\" width=\"1000\" height=\"400\" style=\"border:0;\" allowfullscreen=\"\" loading=\"lazy\" referrerpolicy=\"no-referrer-when-downgrade\"><\/iframe>\n","protected":false},"excerpt":{"rendered":"<p>Cet \u00e9difice noble se distingue par sa splendide ma\u00e7onnerie en pierre de taille, avec une porte d\u2019entr\u00e9e en arc en plein cintre sur laquelle s\u2019ouvre un balcon. Il s\u2019agit sans nul doute de l\u2019un des attraits les plus remarquables de l\u2019architecture historique de la ville. Deux armoiries (celle de la cit\u00e9 et celle des Rois [&hellip;]<\/p>\n","protected":false},"author":1,"featured_media":5743,"parent":5736,"menu_order":0,"comment_status":"closed","ping_status":"closed","template":"page-templates\/page-que-ver.php","meta":{"_genesis_hide_title":false,"_genesis_hide_breadcrumbs":false,"_genesis_hide_singular_image":false,"_genesis_hide_footer_widgets":false,"_genesis_custom_body_class":"","_genesis_custom_post_class":"","_genesis_layout":"","footnotes":""},"class_list":{"0":"post-5742","1":"page","2":"type-page","3":"status-publish","4":"has-post-thumbnail","6":"entry"},"acf":[],"yoast_head":"<!-- This site is optimized with the Yoast SEO plugin v27.4 - https:\/\/yoast.com\/product\/yoast-seo-wordpress\/ -->\n<title>Ancien H\u00f4tel de Ville | Mus\u00e9e Plasentia de Butr\u00f3n<\/title>\n<meta name=\"description\" content=\"Connu sous le nom de Torre\u00f3n, la typologie du b\u00e2timent correspond \u00e0 celle d&#039;une maison-tour. Actuellement si\u00e8ge du mus\u00e9e Plasentia de Butr\u00f3n.\" \/>\n<meta name=\"robots\" content=\"index, follow, max-snippet:-1, max-image-preview:large, max-video-preview:-1\" \/>\n<link rel=\"canonical\" href=\"https:\/\/visitplentzia.eus\/fr\/que-voir\/patrimoine\/vieille-ville\/ancien-consistoire\/\" \/>\n<meta property=\"og:locale\" content=\"fr_FR\" \/>\n<meta property=\"og:type\" content=\"article\" \/>\n<meta property=\"og:title\" content=\"Ancien H\u00f4tel de Ville | Mus\u00e9e Plasentia de Butr\u00f3n\" \/>\n<meta property=\"og:description\" content=\"Connu sous le nom de Torre\u00f3n, la typologie du b\u00e2timent correspond \u00e0 celle d&#039;une maison-tour. Actuellement si\u00e8ge du mus\u00e9e Plasentia de Butr\u00f3n.\" \/>\n<meta property=\"og:url\" content=\"https:\/\/visitplentzia.eus\/fr\/que-voir\/patrimoine\/vieille-ville\/ancien-consistoire\/\" \/>\n<meta property=\"og:site_name\" content=\"Turismo Plentzia\" \/>\n<meta property=\"article:modified_time\" content=\"2024-05-21T15:10:18+00:00\" \/>\n<meta property=\"og:image\" content=\"https:\/\/visitplentzia.eus\/wp-content\/uploads\/2023\/05\/antiguo-consistorio-336x480-1.jpg\" \/>\n\t<meta property=\"og:image:width\" content=\"336\" \/>\n\t<meta property=\"og:image:height\" content=\"480\" \/>\n\t<meta property=\"og:image:type\" content=\"image\/jpeg\" \/>\n<meta name=\"twitter:card\" content=\"summary_large_image\" \/>\n<meta name=\"twitter:label1\" content=\"Dur\u00e9e de lecture estim\u00e9e\" \/>\n\t<meta name=\"twitter:data1\" content=\"1 minute\" \/>\n<script type=\"application\/ld+json\" class=\"yoast-schema-graph\">{\"@context\":\"https:\\\/\\\/schema.org\",\"@graph\":[{\"@type\":\"WebPage\",\"@id\":\"https:\\\/\\\/visitplentzia.eus\\\/fr\\\/que-voir\\\/patrimoine\\\/vieille-ville\\\/ancien-consistoire\\\/\",\"url\":\"https:\\\/\\\/visitplentzia.eus\\\/fr\\\/que-voir\\\/patrimoine\\\/vieille-ville\\\/ancien-consistoire\\\/\",\"name\":\"Ancien H\u00f4tel de Ville | Mus\u00e9e Plasentia de Butr\u00f3n\",\"isPartOf\":{\"@id\":\"https:\\\/\\\/visitplentzia.eus\\\/fr\\\/#website\"},\"primaryImageOfPage\":{\"@id\":\"https:\\\/\\\/visitplentzia.eus\\\/fr\\\/que-voir\\\/patrimoine\\\/vieille-ville\\\/ancien-consistoire\\\/#primaryimage\"},\"image\":{\"@id\":\"https:\\\/\\\/visitplentzia.eus\\\/fr\\\/que-voir\\\/patrimoine\\\/vieille-ville\\\/ancien-consistoire\\\/#primaryimage\"},\"thumbnailUrl\":\"https:\\\/\\\/visitplentzia.eus\\\/wp-content\\\/uploads\\\/2023\\\/05\\\/antiguo-consistorio-336x480-1.jpg\",\"datePublished\":\"2023-05-24T06:52:55+00:00\",\"dateModified\":\"2024-05-21T15:10:18+00:00\",\"description\":\"Connu sous le nom de Torre\u00f3n, la typologie du b\u00e2timent correspond \u00e0 celle d'une maison-tour. Actuellement si\u00e8ge du mus\u00e9e Plasentia de Butr\u00f3n.\",\"breadcrumb\":{\"@id\":\"https:\\\/\\\/visitplentzia.eus\\\/fr\\\/que-voir\\\/patrimoine\\\/vieille-ville\\\/ancien-consistoire\\\/#breadcrumb\"},\"inLanguage\":\"fr-FR\",\"potentialAction\":[{\"@type\":\"ReadAction\",\"target\":[\"https:\\\/\\\/visitplentzia.eus\\\/fr\\\/que-voir\\\/patrimoine\\\/vieille-ville\\\/ancien-consistoire\\\/\"]}]},{\"@type\":\"ImageObject\",\"inLanguage\":\"fr-FR\",\"@id\":\"https:\\\/\\\/visitplentzia.eus\\\/fr\\\/que-voir\\\/patrimoine\\\/vieille-ville\\\/ancien-consistoire\\\/#primaryimage\",\"url\":\"https:\\\/\\\/visitplentzia.eus\\\/wp-content\\\/uploads\\\/2023\\\/05\\\/antiguo-consistorio-336x480-1.jpg\",\"contentUrl\":\"https:\\\/\\\/visitplentzia.eus\\\/wp-content\\\/uploads\\\/2023\\\/05\\\/antiguo-consistorio-336x480-1.jpg\",\"width\":336,\"height\":480},{\"@type\":\"BreadcrumbList\",\"@id\":\"https:\\\/\\\/visitplentzia.eus\\\/fr\\\/que-voir\\\/patrimoine\\\/vieille-ville\\\/ancien-consistoire\\\/#breadcrumb\",\"itemListElement\":[{\"@type\":\"ListItem\",\"position\":1,\"name\":\"Home\",\"item\":\"https:\\\/\\\/visitplentzia.eus\\\/fr\\\/\"},{\"@type\":\"ListItem\",\"position\":2,\"name\":\"Que voir\",\"item\":\"https:\\\/\\\/visitplentzia.eus\\\/fr\\\/que-voir\\\/\"},{\"@type\":\"ListItem\",\"position\":3,\"name\":\"Patrimoine\",\"item\":\"https:\\\/\\\/visitplentzia.eus\\\/fr\\\/que-voir\\\/patrimoine\\\/\"},{\"@type\":\"ListItem\",\"position\":4,\"name\":\"Vieille ville\",\"item\":\"https:\\\/\\\/visitplentzia.eus\\\/fr\\\/que-voir\\\/patrimoine\\\/vieille-ville\\\/\"},{\"@type\":\"ListItem\",\"position\":5,\"name\":\"Ancien consistoire\"}]},{\"@type\":\"WebSite\",\"@id\":\"https:\\\/\\\/visitplentzia.eus\\\/fr\\\/#website\",\"url\":\"https:\\\/\\\/visitplentzia.eus\\\/fr\\\/\",\"name\":\"Turismo Plentzia\",\"description\":\"P\u00e1gina oficial de Turismo Plentzia. Visita su hermosa R\u00eda, su bella playa, su puerto y su pintoresco casco antiguo\",\"publisher\":{\"@id\":\"https:\\\/\\\/visitplentzia.eus\\\/fr\\\/#organization\"},\"alternateName\":\"Turismo Plentzia\",\"potentialAction\":[{\"@type\":\"SearchAction\",\"target\":{\"@type\":\"EntryPoint\",\"urlTemplate\":\"https:\\\/\\\/visitplentzia.eus\\\/fr\\\/?s={search_term_string}\"},\"query-input\":{\"@type\":\"PropertyValueSpecification\",\"valueRequired\":true,\"valueName\":\"search_term_string\"}}],\"inLanguage\":\"fr-FR\"},{\"@type\":\"Organization\",\"@id\":\"https:\\\/\\\/visitplentzia.eus\\\/fr\\\/#organization\",\"name\":\"Plentzia turismo\",\"url\":\"https:\\\/\\\/visitplentzia.eus\\\/fr\\\/\",\"logo\":{\"@type\":\"ImageObject\",\"inLanguage\":\"fr-FR\",\"@id\":\"https:\\\/\\\/visitplentzia.eus\\\/fr\\\/#\\\/schema\\\/logo\\\/image\\\/\",\"url\":\"https:\\\/\\\/visitplentzia.eus\\\/wp-content\\\/uploads\\\/2023\\\/04\\\/logo-plentzia.png\",\"contentUrl\":\"https:\\\/\\\/visitplentzia.eus\\\/wp-content\\\/uploads\\\/2023\\\/04\\\/logo-plentzia.png\",\"width\":130,\"height\":117,\"caption\":\"Plentzia turismo\"},\"image\":{\"@id\":\"https:\\\/\\\/visitplentzia.eus\\\/fr\\\/#\\\/schema\\\/logo\\\/image\\\/\"}}]}<\/script>\n<!-- \/ Yoast SEO plugin. -->","yoast_head_json":{"title":"Ancien H\u00f4tel de Ville | Mus\u00e9e Plasentia de Butr\u00f3n","description":"Connu sous le nom de Torre\u00f3n, la typologie du b\u00e2timent correspond \u00e0 celle d'une maison-tour. Actuellement si\u00e8ge du mus\u00e9e Plasentia de Butr\u00f3n.","robots":{"index":"index","follow":"follow","max-snippet":"max-snippet:-1","max-image-preview":"max-image-preview:large","max-video-preview":"max-video-preview:-1"},"canonical":"https:\/\/visitplentzia.eus\/fr\/que-voir\/patrimoine\/vieille-ville\/ancien-consistoire\/","og_locale":"fr_FR","og_type":"article","og_title":"Ancien H\u00f4tel de Ville | Mus\u00e9e Plasentia de Butr\u00f3n","og_description":"Connu sous le nom de Torre\u00f3n, la typologie du b\u00e2timent correspond \u00e0 celle d'une maison-tour. Actuellement si\u00e8ge du mus\u00e9e Plasentia de Butr\u00f3n.","og_url":"https:\/\/visitplentzia.eus\/fr\/que-voir\/patrimoine\/vieille-ville\/ancien-consistoire\/","og_site_name":"Turismo Plentzia","article_modified_time":"2024-05-21T15:10:18+00:00","og_image":[{"width":336,"height":480,"url":"https:\/\/visitplentzia.eus\/wp-content\/uploads\/2023\/05\/antiguo-consistorio-336x480-1.jpg","type":"image\/jpeg"}],"twitter_card":"summary_large_image","twitter_misc":{"Dur\u00e9e de lecture estim\u00e9e":"1 minute"},"schema":{"@context":"https:\/\/schema.org","@graph":[{"@type":"WebPage","@id":"https:\/\/visitplentzia.eus\/fr\/que-voir\/patrimoine\/vieille-ville\/ancien-consistoire\/","url":"https:\/\/visitplentzia.eus\/fr\/que-voir\/patrimoine\/vieille-ville\/ancien-consistoire\/","name":"Ancien H\u00f4tel de Ville | Mus\u00e9e Plasentia de Butr\u00f3n","isPartOf":{"@id":"https:\/\/visitplentzia.eus\/fr\/#website"},"primaryImageOfPage":{"@id":"https:\/\/visitplentzia.eus\/fr\/que-voir\/patrimoine\/vieille-ville\/ancien-consistoire\/#primaryimage"},"image":{"@id":"https:\/\/visitplentzia.eus\/fr\/que-voir\/patrimoine\/vieille-ville\/ancien-consistoire\/#primaryimage"},"thumbnailUrl":"https:\/\/visitplentzia.eus\/wp-content\/uploads\/2023\/05\/antiguo-consistorio-336x480-1.jpg","datePublished":"2023-05-24T06:52:55+00:00","dateModified":"2024-05-21T15:10:18+00:00","description":"Connu sous le nom de Torre\u00f3n, la typologie du b\u00e2timent correspond \u00e0 celle d'une maison-tour. Actuellement si\u00e8ge du mus\u00e9e Plasentia de Butr\u00f3n.","breadcrumb":{"@id":"https:\/\/visitplentzia.eus\/fr\/que-voir\/patrimoine\/vieille-ville\/ancien-consistoire\/#breadcrumb"},"inLanguage":"fr-FR","potentialAction":[{"@type":"ReadAction","target":["https:\/\/visitplentzia.eus\/fr\/que-voir\/patrimoine\/vieille-ville\/ancien-consistoire\/"]}]},{"@type":"ImageObject","inLanguage":"fr-FR","@id":"https:\/\/visitplentzia.eus\/fr\/que-voir\/patrimoine\/vieille-ville\/ancien-consistoire\/#primaryimage","url":"https:\/\/visitplentzia.eus\/wp-content\/uploads\/2023\/05\/antiguo-consistorio-336x480-1.jpg","contentUrl":"https:\/\/visitplentzia.eus\/wp-content\/uploads\/2023\/05\/antiguo-consistorio-336x480-1.jpg","width":336,"height":480},{"@type":"BreadcrumbList","@id":"https:\/\/visitplentzia.eus\/fr\/que-voir\/patrimoine\/vieille-ville\/ancien-consistoire\/#breadcrumb","itemListElement":[{"@type":"ListItem","position":1,"name":"Home","item":"https:\/\/visitplentzia.eus\/fr\/"},{"@type":"ListItem","position":2,"name":"Que voir","item":"https:\/\/visitplentzia.eus\/fr\/que-voir\/"},{"@type":"ListItem","position":3,"name":"Patrimoine","item":"https:\/\/visitplentzia.eus\/fr\/que-voir\/patrimoine\/"},{"@type":"ListItem","position":4,"name":"Vieille ville","item":"https:\/\/visitplentzia.eus\/fr\/que-voir\/patrimoine\/vieille-ville\/"},{"@type":"ListItem","position":5,"name":"Ancien consistoire"}]},{"@type":"WebSite","@id":"https:\/\/visitplentzia.eus\/fr\/#website","url":"https:\/\/visitplentzia.eus\/fr\/","name":"Turismo Plentzia","description":"P\u00e1gina oficial de Turismo Plentzia. Visita su hermosa R\u00eda, su bella playa, su puerto y su pintoresco casco antiguo","publisher":{"@id":"https:\/\/visitplentzia.eus\/fr\/#organization"},"alternateName":"Turismo Plentzia","potentialAction":[{"@type":"SearchAction","target":{"@type":"EntryPoint","urlTemplate":"https:\/\/visitplentzia.eus\/fr\/?s={search_term_string}"},"query-input":{"@type":"PropertyValueSpecification","valueRequired":true,"valueName":"search_term_string"}}],"inLanguage":"fr-FR"},{"@type":"Organization","@id":"https:\/\/visitplentzia.eus\/fr\/#organization","name":"Plentzia turismo","url":"https:\/\/visitplentzia.eus\/fr\/","logo":{"@type":"ImageObject","inLanguage":"fr-FR","@id":"https:\/\/visitplentzia.eus\/fr\/#\/schema\/logo\/image\/","url":"https:\/\/visitplentzia.eus\/wp-content\/uploads\/2023\/04\/logo-plentzia.png","contentUrl":"https:\/\/visitplentzia.eus\/wp-content\/uploads\/2023\/04\/logo-plentzia.png","width":130,"height":117,"caption":"Plentzia turismo"},"image":{"@id":"https:\/\/visitplentzia.eus\/fr\/#\/schema\/logo\/image\/"}}]}},"featured_image_src":"https:\/\/visitplentzia.eus\/wp-content\/uploads\/2023\/05\/antiguo-consistorio-336x480-1.jpg","featured_image_src_square":"https:\/\/visitplentzia.eus\/wp-content\/uploads\/2023\/05\/antiguo-consistorio-336x480-1.jpg","publishpress_future_workflow_manual_trigger":{"enabledWorkflows":[]},"_links":{"self":[{"href":"https:\/\/visitplentzia.eus\/fr\/wp-json\/wp\/v2\/pages\/5742","targetHints":{"allow":["GET"]}}],"collection":[{"href":"https:\/\/visitplentzia.eus\/fr\/wp-json\/wp\/v2\/pages"}],"about":[{"href":"https:\/\/visitplentzia.eus\/fr\/wp-json\/wp\/v2\/types\/page"}],"author":[{"embeddable":true,"href":"https:\/\/visitplentzia.eus\/fr\/wp-json\/wp\/v2\/users\/1"}],"replies":[{"embeddable":true,"href":"https:\/\/visitplentzia.eus\/fr\/wp-json\/wp\/v2\/comments?post=5742"}],"version-history":[{"count":5,"href":"https:\/\/visitplentzia.eus\/fr\/wp-json\/wp\/v2\/pages\/5742\/revisions"}],"predecessor-version":[{"id":6904,"href":"https:\/\/visitplentzia.eus\/fr\/wp-json\/wp\/v2\/pages\/5742\/revisions\/6904"}],"up":[{"embeddable":true,"href":"https:\/\/visitplentzia.eus\/fr\/wp-json\/wp\/v2\/pages\/5736"}],"wp:featuredmedia":[{"embeddable":true,"href":"https:\/\/visitplentzia.eus\/fr\/wp-json\/wp\/v2\/media\/5743"}],"wp:attachment":[{"href":"https:\/\/visitplentzia.eus\/fr\/wp-json\/wp\/v2\/media?parent=5742"}],"curies":[{"name":"wp","href":"https:\/\/api.w.org\/{rel}","templated":true}]}}