{"id":5749,"date":"2023-05-24T08:28:50","date_gmt":"2023-05-24T07:28:50","guid":{"rendered":"https:\/\/darkslategrey-ape-696608.hostingersite.com\/que-voir\/patrimoine\/vieille-ville\/arco-de-santiago\/"},"modified":"2024-02-28T21:13:52","modified_gmt":"2024-02-28T21:13:52","slug":"arche-de-santiago","status":"publish","type":"page","link":"https:\/\/visitplentzia.eus\/fr\/que-voir\/patrimoine\/vieille-ville\/arche-de-santiago\/","title":{"rendered":"Arche de Santiago"},"content":{"rendered":"\n<div class=\"wp-block-columns is-layout-flex wp-container-core-columns-is-layout-9d6595d7 wp-block-columns-is-layout-flex\">\n<div class=\"wp-block-column is-layout-flow wp-block-column-is-layout-flow\" style=\"flex-basis:60%\">\n<p>Il s\u2019agit du seul vestige de la muraille qui entourait la cit\u00e9. Aucune autre trace de ces fortifications n\u2019est visible aujourd\u2019hui, \u00e0 l\u2019exception d\u2019un document municipal dans lequel il est fait mention de l\u2019utilisation de l\u2019espace occup\u00e9 par ce mur d\u2019enceinte pour la construction de la maison Arrartena (aujourd\u2019hui Batzoki) au XVIIIe si\u00e8cle et d\u2019une autre \u00e0 l\u2019entr\u00e9e d\u2019Artekale.<\/p>\n\n\n\n<p>Malgr\u00e9 son int\u00e9r\u00eat esth\u00e9tique relativement discret (il s\u2019agit d\u2019un arche simple b\u00e2ti entre deux b\u00e2timents \u00e0 l\u2019angle sup\u00e9rieur de la place), il faut tenir compte de sa valeur historique incalculable, puisque nous avons affaire au seul vestige de la muraille qui entourait la cit\u00e9 de Plentzia (peupl\u00e9e vers 1236) qui, sous la pression du temps et des constructions, a fini par tomber en ruine ou a disparu dans les murs des maisons.<\/p>\n<\/div>\n\n\n\n<div class=\"wp-block-column is-layout-flow wp-block-column-is-layout-flow\">\n<figure class=\"wp-block-image size-full\"><img loading=\"lazy\" decoding=\"async\" width=\"338\" height=\"480\" src=\"http:\/\/visitplentzia.eus\/wp-content\/uploads\/2023\/05\/arco-de-santiago-2-338x480-2.jpg\" alt=\"\" class=\"wp-image-219\" srcset=\"https:\/\/visitplentzia.eus\/wp-content\/uploads\/2023\/05\/arco-de-santiago-2-338x480-2.jpg 338w, https:\/\/visitplentzia.eus\/wp-content\/uploads\/2023\/05\/arco-de-santiago-2-338x480-2-211x300.jpg 211w\" sizes=\"auto, (max-width: 338px) 100vw, 338px\" \/><\/figure>\n<\/div>\n<\/div>\n\n\n\n<iframe src=\"https:\/\/www.google.com\/maps\/embed?pb=!1m14!1m8!1m3!1d362.33065598511126!2d-2.9475674!3d43.4053437!3m2!1i1024!2i768!4f13.1!3m3!1m2!1s0xd4e5d6837f733d7%3A0x26bf04a6ec1a9bc4!2sArco%20de%20Santiago!5e0!3m2!1ses!2ses!4v1684917970283!5m2!1ses!2ses\" width=\"1000\" height=\"400\" style=\"border:0;\" allowfullscreen=\"\" loading=\"lazy\" referrerpolicy=\"no-referrer-when-downgrade\"><\/iframe>\n","protected":false},"excerpt":{"rendered":"<p>Il s\u2019agit du seul vestige de la muraille qui entourait la cit\u00e9. Aucune autre trace de ces fortifications n\u2019est visible aujourd\u2019hui, \u00e0 l\u2019exception d\u2019un document municipal dans lequel il est fait mention de l\u2019utilisation de l\u2019espace occup\u00e9 par ce mur d\u2019enceinte pour la construction de la maison Arrartena (aujourd\u2019hui Batzoki) au XVIIIe si\u00e8cle et d\u2019une [&hellip;]<\/p>\n","protected":false},"author":1,"featured_media":5750,"parent":5736,"menu_order":0,"comment_status":"closed","ping_status":"closed","template":"page-templates\/page-que-ver.php","meta":{"_genesis_hide_title":false,"_genesis_hide_breadcrumbs":false,"_genesis_hide_singular_image":false,"_genesis_hide_footer_widgets":false,"_genesis_custom_body_class":"","_genesis_custom_post_class":"","_genesis_layout":"","footnotes":""},"class_list":{"0":"post-5749","1":"page","2":"type-page","3":"status-publish","4":"has-post-thumbnail","6":"entry"},"acf":[],"yoast_head":"<!-- This site is optimized with the Yoast SEO plugin v24.9 - https:\/\/yoast.com\/wordpress\/plugins\/seo\/ -->\n<title>Arc de Santiago de Plentzia<\/title>\n<meta name=\"description\" content=\"L&#039;Arc de Santiago de Plentzia est le seul vestige visible de la muraille qui fermait la ville, et dont aucun autre vestige n&#039;est connu.\" \/>\n<meta name=\"robots\" content=\"index, follow, max-snippet:-1, max-image-preview:large, max-video-preview:-1\" \/>\n<link rel=\"canonical\" href=\"https:\/\/visitplentzia.eus\/fr\/que-voir\/patrimoine\/vieille-ville\/arche-de-santiago\/\" \/>\n<meta property=\"og:locale\" content=\"fr_FR\" \/>\n<meta property=\"og:type\" content=\"article\" \/>\n<meta property=\"og:title\" content=\"Arc de Santiago de Plentzia\" \/>\n<meta property=\"og:description\" content=\"L&#039;Arc de Santiago de Plentzia est le seul vestige visible de la muraille qui fermait la ville, et dont aucun autre vestige n&#039;est connu.\" \/>\n<meta property=\"og:url\" content=\"https:\/\/visitplentzia.eus\/fr\/que-voir\/patrimoine\/vieille-ville\/arche-de-santiago\/\" \/>\n<meta property=\"og:site_name\" content=\"Turismo Plentzia\" \/>\n<meta property=\"article:modified_time\" content=\"2024-02-28T21:13:52+00:00\" \/>\n<meta property=\"og:image\" content=\"https:\/\/visitplentzia.eus\/wp-content\/uploads\/2023\/05\/arco-de-santiago-2-338x480-1.jpg\" \/>\n\t<meta property=\"og:image:width\" content=\"338\" \/>\n\t<meta property=\"og:image:height\" content=\"480\" \/>\n\t<meta property=\"og:image:type\" content=\"image\/jpeg\" \/>\n<meta name=\"twitter:card\" content=\"summary_large_image\" \/>\n<meta name=\"twitter:label1\" content=\"Dur\u00e9e de lecture estim\u00e9e\" \/>\n\t<meta name=\"twitter:data1\" content=\"2 minutes\" \/>\n<script type=\"application\/ld+json\" class=\"yoast-schema-graph\">{\"@context\":\"https:\/\/schema.org\",\"@graph\":[{\"@type\":\"WebPage\",\"@id\":\"https:\/\/visitplentzia.eus\/fr\/que-voir\/patrimoine\/vieille-ville\/arche-de-santiago\/\",\"url\":\"https:\/\/visitplentzia.eus\/fr\/que-voir\/patrimoine\/vieille-ville\/arche-de-santiago\/\",\"name\":\"Arc de Santiago de Plentzia\",\"isPartOf\":{\"@id\":\"https:\/\/visitplentzia.eus\/fr\/#website\"},\"primaryImageOfPage\":{\"@id\":\"https:\/\/visitplentzia.eus\/fr\/que-voir\/patrimoine\/vieille-ville\/arche-de-santiago\/#primaryimage\"},\"image\":{\"@id\":\"https:\/\/visitplentzia.eus\/fr\/que-voir\/patrimoine\/vieille-ville\/arche-de-santiago\/#primaryimage\"},\"thumbnailUrl\":\"https:\/\/visitplentzia.eus\/wp-content\/uploads\/2023\/05\/arco-de-santiago-2-338x480-1.jpg\",\"datePublished\":\"2023-05-24T07:28:50+00:00\",\"dateModified\":\"2024-02-28T21:13:52+00:00\",\"description\":\"L'Arc de Santiago de Plentzia est le seul vestige visible de la muraille qui fermait la ville, et dont aucun autre vestige n'est connu.\",\"breadcrumb\":{\"@id\":\"https:\/\/visitplentzia.eus\/fr\/que-voir\/patrimoine\/vieille-ville\/arche-de-santiago\/#breadcrumb\"},\"inLanguage\":\"fr-FR\",\"potentialAction\":[{\"@type\":\"ReadAction\",\"target\":[\"https:\/\/visitplentzia.eus\/fr\/que-voir\/patrimoine\/vieille-ville\/arche-de-santiago\/\"]}]},{\"@type\":\"ImageObject\",\"inLanguage\":\"fr-FR\",\"@id\":\"https:\/\/visitplentzia.eus\/fr\/que-voir\/patrimoine\/vieille-ville\/arche-de-santiago\/#primaryimage\",\"url\":\"https:\/\/visitplentzia.eus\/wp-content\/uploads\/2023\/05\/arco-de-santiago-2-338x480-1.jpg\",\"contentUrl\":\"https:\/\/visitplentzia.eus\/wp-content\/uploads\/2023\/05\/arco-de-santiago-2-338x480-1.jpg\",\"width\":338,\"height\":480},{\"@type\":\"BreadcrumbList\",\"@id\":\"https:\/\/visitplentzia.eus\/fr\/que-voir\/patrimoine\/vieille-ville\/arche-de-santiago\/#breadcrumb\",\"itemListElement\":[{\"@type\":\"ListItem\",\"position\":1,\"name\":\"Home\",\"item\":\"https:\/\/visitplentzia.eus\/fr\/\"},{\"@type\":\"ListItem\",\"position\":2,\"name\":\"Que voir\",\"item\":\"https:\/\/visitplentzia.eus\/fr\/que-voir\/\"},{\"@type\":\"ListItem\",\"position\":3,\"name\":\"Patrimoine\",\"item\":\"https:\/\/visitplentzia.eus\/fr\/que-voir\/patrimoine\/\"},{\"@type\":\"ListItem\",\"position\":4,\"name\":\"Vieille ville\",\"item\":\"https:\/\/visitplentzia.eus\/fr\/que-voir\/patrimoine\/vieille-ville\/\"},{\"@type\":\"ListItem\",\"position\":5,\"name\":\"Arche de Santiago\"}]},{\"@type\":\"WebSite\",\"@id\":\"https:\/\/visitplentzia.eus\/fr\/#website\",\"url\":\"https:\/\/visitplentzia.eus\/fr\/\",\"name\":\"Turismo Plentzia\",\"description\":\"P\u00e1gina oficial de Turismo Plentzia. Visita su hermosa R\u00eda, su bella playa, su puerto y su pintoresco casco antiguo\",\"publisher\":{\"@id\":\"https:\/\/visitplentzia.eus\/fr\/#organization\"},\"alternateName\":\"Turismo Plentzia\",\"potentialAction\":[{\"@type\":\"SearchAction\",\"target\":{\"@type\":\"EntryPoint\",\"urlTemplate\":\"https:\/\/visitplentzia.eus\/fr\/?s={search_term_string}\"},\"query-input\":{\"@type\":\"PropertyValueSpecification\",\"valueRequired\":true,\"valueName\":\"search_term_string\"}}],\"inLanguage\":\"fr-FR\"},{\"@type\":\"Organization\",\"@id\":\"https:\/\/visitplentzia.eus\/fr\/#organization\",\"name\":\"Plentzia turismo\",\"url\":\"https:\/\/visitplentzia.eus\/fr\/\",\"logo\":{\"@type\":\"ImageObject\",\"inLanguage\":\"fr-FR\",\"@id\":\"https:\/\/visitplentzia.eus\/fr\/#\/schema\/logo\/image\/\",\"url\":\"https:\/\/visitplentzia.eus\/wp-content\/uploads\/2023\/04\/logo-plentzia.png\",\"contentUrl\":\"https:\/\/visitplentzia.eus\/wp-content\/uploads\/2023\/04\/logo-plentzia.png\",\"width\":130,\"height\":117,\"caption\":\"Plentzia turismo\"},\"image\":{\"@id\":\"https:\/\/visitplentzia.eus\/fr\/#\/schema\/logo\/image\/\"}}]}<\/script>\n<!-- \/ Yoast SEO plugin. -->","yoast_head_json":{"title":"Arc de Santiago de Plentzia","description":"L'Arc de Santiago de Plentzia est le seul vestige visible de la muraille qui fermait la ville, et dont aucun autre vestige n'est connu.","robots":{"index":"index","follow":"follow","max-snippet":"max-snippet:-1","max-image-preview":"max-image-preview:large","max-video-preview":"max-video-preview:-1"},"canonical":"https:\/\/visitplentzia.eus\/fr\/que-voir\/patrimoine\/vieille-ville\/arche-de-santiago\/","og_locale":"fr_FR","og_type":"article","og_title":"Arc de Santiago de Plentzia","og_description":"L'Arc de Santiago de Plentzia est le seul vestige visible de la muraille qui fermait la ville, et dont aucun autre vestige n'est connu.","og_url":"https:\/\/visitplentzia.eus\/fr\/que-voir\/patrimoine\/vieille-ville\/arche-de-santiago\/","og_site_name":"Turismo Plentzia","article_modified_time":"2024-02-28T21:13:52+00:00","og_image":[{"width":338,"height":480,"url":"https:\/\/visitplentzia.eus\/wp-content\/uploads\/2023\/05\/arco-de-santiago-2-338x480-1.jpg","type":"image\/jpeg"}],"twitter_card":"summary_large_image","twitter_misc":{"Dur\u00e9e de lecture estim\u00e9e":"2 minutes"},"schema":{"@context":"https:\/\/schema.org","@graph":[{"@type":"WebPage","@id":"https:\/\/visitplentzia.eus\/fr\/que-voir\/patrimoine\/vieille-ville\/arche-de-santiago\/","url":"https:\/\/visitplentzia.eus\/fr\/que-voir\/patrimoine\/vieille-ville\/arche-de-santiago\/","name":"Arc de Santiago de Plentzia","isPartOf":{"@id":"https:\/\/visitplentzia.eus\/fr\/#website"},"primaryImageOfPage":{"@id":"https:\/\/visitplentzia.eus\/fr\/que-voir\/patrimoine\/vieille-ville\/arche-de-santiago\/#primaryimage"},"image":{"@id":"https:\/\/visitplentzia.eus\/fr\/que-voir\/patrimoine\/vieille-ville\/arche-de-santiago\/#primaryimage"},"thumbnailUrl":"https:\/\/visitplentzia.eus\/wp-content\/uploads\/2023\/05\/arco-de-santiago-2-338x480-1.jpg","datePublished":"2023-05-24T07:28:50+00:00","dateModified":"2024-02-28T21:13:52+00:00","description":"L'Arc de Santiago de Plentzia est le seul vestige visible de la muraille qui fermait la ville, et dont aucun autre vestige n'est connu.","breadcrumb":{"@id":"https:\/\/visitplentzia.eus\/fr\/que-voir\/patrimoine\/vieille-ville\/arche-de-santiago\/#breadcrumb"},"inLanguage":"fr-FR","potentialAction":[{"@type":"ReadAction","target":["https:\/\/visitplentzia.eus\/fr\/que-voir\/patrimoine\/vieille-ville\/arche-de-santiago\/"]}]},{"@type":"ImageObject","inLanguage":"fr-FR","@id":"https:\/\/visitplentzia.eus\/fr\/que-voir\/patrimoine\/vieille-ville\/arche-de-santiago\/#primaryimage","url":"https:\/\/visitplentzia.eus\/wp-content\/uploads\/2023\/05\/arco-de-santiago-2-338x480-1.jpg","contentUrl":"https:\/\/visitplentzia.eus\/wp-content\/uploads\/2023\/05\/arco-de-santiago-2-338x480-1.jpg","width":338,"height":480},{"@type":"BreadcrumbList","@id":"https:\/\/visitplentzia.eus\/fr\/que-voir\/patrimoine\/vieille-ville\/arche-de-santiago\/#breadcrumb","itemListElement":[{"@type":"ListItem","position":1,"name":"Home","item":"https:\/\/visitplentzia.eus\/fr\/"},{"@type":"ListItem","position":2,"name":"Que voir","item":"https:\/\/visitplentzia.eus\/fr\/que-voir\/"},{"@type":"ListItem","position":3,"name":"Patrimoine","item":"https:\/\/visitplentzia.eus\/fr\/que-voir\/patrimoine\/"},{"@type":"ListItem","position":4,"name":"Vieille ville","item":"https:\/\/visitplentzia.eus\/fr\/que-voir\/patrimoine\/vieille-ville\/"},{"@type":"ListItem","position":5,"name":"Arche de Santiago"}]},{"@type":"WebSite","@id":"https:\/\/visitplentzia.eus\/fr\/#website","url":"https:\/\/visitplentzia.eus\/fr\/","name":"Turismo Plentzia","description":"P\u00e1gina oficial de Turismo Plentzia. Visita su hermosa R\u00eda, su bella playa, su puerto y su pintoresco casco antiguo","publisher":{"@id":"https:\/\/visitplentzia.eus\/fr\/#organization"},"alternateName":"Turismo Plentzia","potentialAction":[{"@type":"SearchAction","target":{"@type":"EntryPoint","urlTemplate":"https:\/\/visitplentzia.eus\/fr\/?s={search_term_string}"},"query-input":{"@type":"PropertyValueSpecification","valueRequired":true,"valueName":"search_term_string"}}],"inLanguage":"fr-FR"},{"@type":"Organization","@id":"https:\/\/visitplentzia.eus\/fr\/#organization","name":"Plentzia turismo","url":"https:\/\/visitplentzia.eus\/fr\/","logo":{"@type":"ImageObject","inLanguage":"fr-FR","@id":"https:\/\/visitplentzia.eus\/fr\/#\/schema\/logo\/image\/","url":"https:\/\/visitplentzia.eus\/wp-content\/uploads\/2023\/04\/logo-plentzia.png","contentUrl":"https:\/\/visitplentzia.eus\/wp-content\/uploads\/2023\/04\/logo-plentzia.png","width":130,"height":117,"caption":"Plentzia turismo"},"image":{"@id":"https:\/\/visitplentzia.eus\/fr\/#\/schema\/logo\/image\/"}}]}},"featured_image_src":"https:\/\/visitplentzia.eus\/wp-content\/uploads\/2023\/05\/arco-de-santiago-2-338x480-1.jpg","featured_image_src_square":"https:\/\/visitplentzia.eus\/wp-content\/uploads\/2023\/05\/arco-de-santiago-2-338x480-1.jpg","publishpress_future_workflow_manual_trigger":{"enabledWorkflows":[]},"_links":{"self":[{"href":"https:\/\/visitplentzia.eus\/fr\/wp-json\/wp\/v2\/pages\/5749","targetHints":{"allow":["GET"]}}],"collection":[{"href":"https:\/\/visitplentzia.eus\/fr\/wp-json\/wp\/v2\/pages"}],"about":[{"href":"https:\/\/visitplentzia.eus\/fr\/wp-json\/wp\/v2\/types\/page"}],"author":[{"embeddable":true,"href":"https:\/\/visitplentzia.eus\/fr\/wp-json\/wp\/v2\/users\/1"}],"replies":[{"embeddable":true,"href":"https:\/\/visitplentzia.eus\/fr\/wp-json\/wp\/v2\/comments?post=5749"}],"version-history":[{"count":4,"href":"https:\/\/visitplentzia.eus\/fr\/wp-json\/wp\/v2\/pages\/5749\/revisions"}],"predecessor-version":[{"id":5873,"href":"https:\/\/visitplentzia.eus\/fr\/wp-json\/wp\/v2\/pages\/5749\/revisions\/5873"}],"up":[{"embeddable":true,"href":"https:\/\/visitplentzia.eus\/fr\/wp-json\/wp\/v2\/pages\/5736"}],"wp:featuredmedia":[{"embeddable":true,"href":"https:\/\/visitplentzia.eus\/fr\/wp-json\/wp\/v2\/media\/5750"}],"wp:attachment":[{"href":"https:\/\/visitplentzia.eus\/fr\/wp-json\/wp\/v2\/media?parent=5749"}],"curies":[{"name":"wp","href":"https:\/\/api.w.org\/{rel}","templated":true}]}}