{"id":5762,"date":"2023-05-24T08:56:23","date_gmt":"2023-05-24T06:56:23","guid":{"rendered":"https:\/\/darkslategrey-ape-696608.hostingersite.com\/que-voir\/patrimoine\/vieille-ville\/caserio-goni-portal\/"},"modified":"2024-05-23T17:43:00","modified_gmt":"2024-05-23T15:43:00","slug":"ferme-goni-portal","status":"publish","type":"page","link":"https:\/\/visitplentzia.eus\/fr\/que-voir\/patrimoine\/vieille-ville\/ferme-goni-portal\/","title":{"rendered":"Ferme Go\u00f1i Portal"},"content":{"rendered":"\n<div class=\"wp-block-columns is-layout-flex wp-container-core-columns-is-layout-9d6595d7 wp-block-columns-is-layout-flex\">\n<div class=\"wp-block-column is-layout-flow wp-block-column-is-layout-flow\">\n<p>Le mas rustique ou caserio Go\u00f1i Portal, comme son nom l\u2019indique, se trouvait \u00e0 proximit\u00e9 imm\u00e9diate du porche ou arc de Santiago perc\u00e9 dans la muraille entourant la ville. Point de d\u00e9part du chemin qui nous permet de gagner l\u2019ancienne paroisse de Gorliz en empruntant la rue Portaleta, dont le nom fait aussi allusion \u00e0 ce portail.<\/p>\n\n\n\n<p>La d\u00e9gradation du caserio s\u2019accentue au cours du si\u00e8cle pass\u00e9. Mena\u00e7ant ruine, il est m\u00eame d\u00e9saffect\u00e9 dans les ann\u00e9es 1980. Ce qui obligea \u00e0 une intervention urgente de la part de la Ville pour pr\u00e9server cet exemplaire singulier d\u2019architecture rurale dans le c\u0153ur historique de la ville. D\u00e9clar\u00e9 bien culturel dans la cat\u00e9gorie des ensembles architecturaux de l\u2019Inventaire g\u00e9n\u00e9ral du patrimoine culturel basque, ce b\u00e2timent est notamment reconnu site arch\u00e9ologique,<\/p>\n<\/div>\n\n\n\n<div class=\"wp-block-column is-layout-flow wp-block-column-is-layout-flow\">\n<figure class=\"wp-block-image size-full\"><img loading=\"lazy\" decoding=\"async\" width=\"768\" height=\"518\" src=\"http:\/\/visitplentzia.eus\/wp-content\/uploads\/2023\/05\/goni-portal3-768x518-1.jpg\" alt=\"\" class=\"wp-image-261\" srcset=\"https:\/\/visitplentzia.eus\/wp-content\/uploads\/2023\/05\/goni-portal3-768x518-1.jpg 768w, https:\/\/visitplentzia.eus\/wp-content\/uploads\/2023\/05\/goni-portal3-768x518-1-300x202.jpg 300w\" sizes=\"auto, (max-width: 768px) 100vw, 768px\" \/><\/figure>\n<\/div>\n<\/div>\n\n\n\n<p>tout en \u00e9tant consid\u00e9r\u00e9 d\u2019int\u00e9r\u00eat architectural de premier ordre dans le Plan sp\u00e9cial de restauration du quartier historique. Il r\u00e9unit une s\u00e9rie de valeurs historiques, architecturales et urbanistiques qui le rendent id\u00e9al pour l\u2019organisation d\u2019activit\u00e9s culturelles.<\/p>\n\n\n\n<p>On dispose de documents datant la construction de cet \u00e9difice de la seconde moiti\u00e9 du XVII\u00e8me si\u00e8cle. De son anciennet\u00e9 t\u00e9moignent \u00e9galement des \u00e9l\u00e9ments de construction, comme les pi\u00e9droits de sa structure, sur lesquels s\u2019appuie le linteau du porche. La premi\u00e8re construction, destin\u00e9e \u00e0 un usage agricole en dehors des limites de la ville et au pied de la borne marquant la s\u00e9paration avec Gorliz, poss\u00e9dait un corps \u00e0 plan quadrangulaire. Le rez-de-chauss\u00e9e abritait l\u2019\u00e9curie et la cage d\u2019escalier centrale, tandis que les pi\u00e8ces d\u2019habitation se trouvaient \u00e0 l\u2019\u00e9tage principal ainsi que dans un grenier continu sous la toiture \u00e0 deux pans. Le b\u00e2timent est agrandi au XVIII<sup>e<\/sup>\u00a0si\u00e8cle par la construction de trav\u00e9es lat\u00e9rales dans le but d\u2019am\u00e9nager deux logements, ces derniers b\u00e9n\u00e9ficiant d\u2019un acc\u00e8s ind\u00e9pendant par un escalier ext\u00e9rieur. Cet agrandissement n\u2019est pas sans rapport avec la demande de logements cons\u00e9cutive \u00e0 l\u2019augmentation de la navigation et \u00e0 l\u2019essor d\u00e9mographique qui s\u2019ensuivit. Ces travaux entra\u00een\u00e8rent la perte du caract\u00e8re rural marqu\u00e9 du b\u00e2timent qui finit par se fondre dans l\u2019environnement urbain.<\/p>\n\n\n\n<iframe src=\"https:\/\/www.google.com\/maps\/embed?pb=!1m14!1m8!1m3!1d362.3319515314996!2d-2.9472198!3d43.4051271!3m2!1i1024!2i768!4f13.1!3m3!1m2!1s0xd4e5cd7832df19d%3A0x6715224cfc231c7d!2sGo%C3%B1i%20Portal!5e0!3m2!1ses!2ses!4v1684918572571!5m2!1ses!2ses\" width=\"1000\" height=\"400\" style=\"border:0;\" allowfullscreen=\"\" loading=\"lazy\" referrerpolicy=\"no-referrer-when-downgrade\"><\/iframe>\n","protected":false},"excerpt":{"rendered":"<p>Le mas rustique ou caserio Go\u00f1i Portal, comme son nom l\u2019indique, se trouvait \u00e0 proximit\u00e9 imm\u00e9diate du porche ou arc de Santiago perc\u00e9 dans la muraille entourant la ville. Point de d\u00e9part du chemin qui nous permet de gagner l\u2019ancienne paroisse de Gorliz en empruntant la rue Portaleta, dont le nom fait aussi allusion \u00e0 [&hellip;]<\/p>\n","protected":false},"author":1,"featured_media":5763,"parent":5736,"menu_order":0,"comment_status":"closed","ping_status":"closed","template":"page-templates\/page-que-ver.php","meta":{"_genesis_hide_title":false,"_genesis_hide_breadcrumbs":false,"_genesis_hide_singular_image":false,"_genesis_hide_footer_widgets":false,"_genesis_custom_body_class":"","_genesis_custom_post_class":"","_genesis_layout":"","footnotes":""},"class_list":{"0":"post-5762","1":"page","2":"type-page","3":"status-publish","4":"has-post-thumbnail","6":"entry"},"acf":[],"yoast_head":"<!-- This site is optimized with the Yoast SEO plugin v27.4 - https:\/\/yoast.com\/product\/yoast-seo-wordpress\/ -->\n<title>Ferme Go\u00f1i Portal \u00e0 Plentzia<\/title>\n<meta name=\"description\" content=\"La Ferme Go\u00f1i Portal \u00e0 Plentzia \u00e9tait situ\u00e9e \u00e0 proximit\u00e9 du portail ou arc de Santiago de l&#039;enceinte fortifi\u00e9e de la Villa.\" \/>\n<meta name=\"robots\" content=\"index, follow, max-snippet:-1, max-image-preview:large, max-video-preview:-1\" \/>\n<link rel=\"canonical\" href=\"https:\/\/visitplentzia.eus\/fr\/que-voir\/patrimoine\/vieille-ville\/ferme-goni-portal\/\" \/>\n<meta property=\"og:locale\" content=\"fr_FR\" \/>\n<meta property=\"og:type\" content=\"article\" \/>\n<meta property=\"og:title\" content=\"Ferme Go\u00f1i Portal \u00e0 Plentzia\" \/>\n<meta property=\"og:description\" content=\"La Ferme Go\u00f1i Portal \u00e0 Plentzia \u00e9tait situ\u00e9e \u00e0 proximit\u00e9 du portail ou arc de Santiago de l&#039;enceinte fortifi\u00e9e de la Villa.\" \/>\n<meta property=\"og:url\" content=\"https:\/\/visitplentzia.eus\/fr\/que-voir\/patrimoine\/vieille-ville\/ferme-goni-portal\/\" \/>\n<meta property=\"og:site_name\" content=\"Turismo Plentzia\" \/>\n<meta property=\"article:modified_time\" content=\"2024-05-23T15:43:00+00:00\" \/>\n<meta property=\"og:image\" content=\"https:\/\/visitplentzia.eus\/wp-content\/uploads\/2023\/05\/goni-portal3-768x518-1.jpg\" \/>\n\t<meta property=\"og:image:width\" content=\"768\" \/>\n\t<meta property=\"og:image:height\" content=\"518\" \/>\n\t<meta property=\"og:image:type\" content=\"image\/jpeg\" \/>\n<meta name=\"twitter:card\" content=\"summary_large_image\" \/>\n<meta name=\"twitter:label1\" content=\"Dur\u00e9e de lecture estim\u00e9e\" \/>\n\t<meta name=\"twitter:data1\" content=\"2 minutes\" \/>\n<script type=\"application\/ld+json\" class=\"yoast-schema-graph\">{\"@context\":\"https:\\\/\\\/schema.org\",\"@graph\":[{\"@type\":\"WebPage\",\"@id\":\"https:\\\/\\\/visitplentzia.eus\\\/fr\\\/que-voir\\\/patrimoine\\\/vieille-ville\\\/ferme-goni-portal\\\/\",\"url\":\"https:\\\/\\\/visitplentzia.eus\\\/fr\\\/que-voir\\\/patrimoine\\\/vieille-ville\\\/ferme-goni-portal\\\/\",\"name\":\"Ferme Go\u00f1i Portal \u00e0 Plentzia\",\"isPartOf\":{\"@id\":\"https:\\\/\\\/visitplentzia.eus\\\/fr\\\/#website\"},\"primaryImageOfPage\":{\"@id\":\"https:\\\/\\\/visitplentzia.eus\\\/fr\\\/que-voir\\\/patrimoine\\\/vieille-ville\\\/ferme-goni-portal\\\/#primaryimage\"},\"image\":{\"@id\":\"https:\\\/\\\/visitplentzia.eus\\\/fr\\\/que-voir\\\/patrimoine\\\/vieille-ville\\\/ferme-goni-portal\\\/#primaryimage\"},\"thumbnailUrl\":\"https:\\\/\\\/visitplentzia.eus\\\/wp-content\\\/uploads\\\/2023\\\/05\\\/goni-portal3-768x518-1.jpg\",\"datePublished\":\"2023-05-24T06:56:23+00:00\",\"dateModified\":\"2024-05-23T15:43:00+00:00\",\"description\":\"La Ferme Go\u00f1i Portal \u00e0 Plentzia \u00e9tait situ\u00e9e \u00e0 proximit\u00e9 du portail ou arc de Santiago de l'enceinte fortifi\u00e9e de la Villa.\",\"breadcrumb\":{\"@id\":\"https:\\\/\\\/visitplentzia.eus\\\/fr\\\/que-voir\\\/patrimoine\\\/vieille-ville\\\/ferme-goni-portal\\\/#breadcrumb\"},\"inLanguage\":\"fr-FR\",\"potentialAction\":[{\"@type\":\"ReadAction\",\"target\":[\"https:\\\/\\\/visitplentzia.eus\\\/fr\\\/que-voir\\\/patrimoine\\\/vieille-ville\\\/ferme-goni-portal\\\/\"]}]},{\"@type\":\"ImageObject\",\"inLanguage\":\"fr-FR\",\"@id\":\"https:\\\/\\\/visitplentzia.eus\\\/fr\\\/que-voir\\\/patrimoine\\\/vieille-ville\\\/ferme-goni-portal\\\/#primaryimage\",\"url\":\"https:\\\/\\\/visitplentzia.eus\\\/wp-content\\\/uploads\\\/2023\\\/05\\\/goni-portal3-768x518-1.jpg\",\"contentUrl\":\"https:\\\/\\\/visitplentzia.eus\\\/wp-content\\\/uploads\\\/2023\\\/05\\\/goni-portal3-768x518-1.jpg\",\"width\":768,\"height\":518},{\"@type\":\"BreadcrumbList\",\"@id\":\"https:\\\/\\\/visitplentzia.eus\\\/fr\\\/que-voir\\\/patrimoine\\\/vieille-ville\\\/ferme-goni-portal\\\/#breadcrumb\",\"itemListElement\":[{\"@type\":\"ListItem\",\"position\":1,\"name\":\"Home\",\"item\":\"https:\\\/\\\/visitplentzia.eus\\\/fr\\\/\"},{\"@type\":\"ListItem\",\"position\":2,\"name\":\"Que voir\",\"item\":\"https:\\\/\\\/visitplentzia.eus\\\/fr\\\/que-voir\\\/\"},{\"@type\":\"ListItem\",\"position\":3,\"name\":\"Patrimoine\",\"item\":\"https:\\\/\\\/visitplentzia.eus\\\/fr\\\/que-voir\\\/patrimoine\\\/\"},{\"@type\":\"ListItem\",\"position\":4,\"name\":\"Vieille ville\",\"item\":\"https:\\\/\\\/visitplentzia.eus\\\/fr\\\/que-voir\\\/patrimoine\\\/vieille-ville\\\/\"},{\"@type\":\"ListItem\",\"position\":5,\"name\":\"Ferme Go\u00f1i Portal\"}]},{\"@type\":\"WebSite\",\"@id\":\"https:\\\/\\\/visitplentzia.eus\\\/fr\\\/#website\",\"url\":\"https:\\\/\\\/visitplentzia.eus\\\/fr\\\/\",\"name\":\"Turismo Plentzia\",\"description\":\"P\u00e1gina oficial de Turismo Plentzia. Visita su hermosa R\u00eda, su bella playa, su puerto y su pintoresco casco antiguo\",\"publisher\":{\"@id\":\"https:\\\/\\\/visitplentzia.eus\\\/fr\\\/#organization\"},\"alternateName\":\"Turismo Plentzia\",\"potentialAction\":[{\"@type\":\"SearchAction\",\"target\":{\"@type\":\"EntryPoint\",\"urlTemplate\":\"https:\\\/\\\/visitplentzia.eus\\\/fr\\\/?s={search_term_string}\"},\"query-input\":{\"@type\":\"PropertyValueSpecification\",\"valueRequired\":true,\"valueName\":\"search_term_string\"}}],\"inLanguage\":\"fr-FR\"},{\"@type\":\"Organization\",\"@id\":\"https:\\\/\\\/visitplentzia.eus\\\/fr\\\/#organization\",\"name\":\"Plentzia turismo\",\"url\":\"https:\\\/\\\/visitplentzia.eus\\\/fr\\\/\",\"logo\":{\"@type\":\"ImageObject\",\"inLanguage\":\"fr-FR\",\"@id\":\"https:\\\/\\\/visitplentzia.eus\\\/fr\\\/#\\\/schema\\\/logo\\\/image\\\/\",\"url\":\"https:\\\/\\\/visitplentzia.eus\\\/wp-content\\\/uploads\\\/2023\\\/04\\\/logo-plentzia.png\",\"contentUrl\":\"https:\\\/\\\/visitplentzia.eus\\\/wp-content\\\/uploads\\\/2023\\\/04\\\/logo-plentzia.png\",\"width\":130,\"height\":117,\"caption\":\"Plentzia turismo\"},\"image\":{\"@id\":\"https:\\\/\\\/visitplentzia.eus\\\/fr\\\/#\\\/schema\\\/logo\\\/image\\\/\"}}]}<\/script>\n<!-- \/ Yoast SEO plugin. -->","yoast_head_json":{"title":"Ferme Go\u00f1i Portal \u00e0 Plentzia","description":"La Ferme Go\u00f1i Portal \u00e0 Plentzia \u00e9tait situ\u00e9e \u00e0 proximit\u00e9 du portail ou arc de Santiago de l'enceinte fortifi\u00e9e de la Villa.","robots":{"index":"index","follow":"follow","max-snippet":"max-snippet:-1","max-image-preview":"max-image-preview:large","max-video-preview":"max-video-preview:-1"},"canonical":"https:\/\/visitplentzia.eus\/fr\/que-voir\/patrimoine\/vieille-ville\/ferme-goni-portal\/","og_locale":"fr_FR","og_type":"article","og_title":"Ferme Go\u00f1i Portal \u00e0 Plentzia","og_description":"La Ferme Go\u00f1i Portal \u00e0 Plentzia \u00e9tait situ\u00e9e \u00e0 proximit\u00e9 du portail ou arc de Santiago de l'enceinte fortifi\u00e9e de la Villa.","og_url":"https:\/\/visitplentzia.eus\/fr\/que-voir\/patrimoine\/vieille-ville\/ferme-goni-portal\/","og_site_name":"Turismo Plentzia","article_modified_time":"2024-05-23T15:43:00+00:00","og_image":[{"width":768,"height":518,"url":"https:\/\/visitplentzia.eus\/wp-content\/uploads\/2023\/05\/goni-portal3-768x518-1.jpg","type":"image\/jpeg"}],"twitter_card":"summary_large_image","twitter_misc":{"Dur\u00e9e de lecture estim\u00e9e":"2 minutes"},"schema":{"@context":"https:\/\/schema.org","@graph":[{"@type":"WebPage","@id":"https:\/\/visitplentzia.eus\/fr\/que-voir\/patrimoine\/vieille-ville\/ferme-goni-portal\/","url":"https:\/\/visitplentzia.eus\/fr\/que-voir\/patrimoine\/vieille-ville\/ferme-goni-portal\/","name":"Ferme Go\u00f1i Portal \u00e0 Plentzia","isPartOf":{"@id":"https:\/\/visitplentzia.eus\/fr\/#website"},"primaryImageOfPage":{"@id":"https:\/\/visitplentzia.eus\/fr\/que-voir\/patrimoine\/vieille-ville\/ferme-goni-portal\/#primaryimage"},"image":{"@id":"https:\/\/visitplentzia.eus\/fr\/que-voir\/patrimoine\/vieille-ville\/ferme-goni-portal\/#primaryimage"},"thumbnailUrl":"https:\/\/visitplentzia.eus\/wp-content\/uploads\/2023\/05\/goni-portal3-768x518-1.jpg","datePublished":"2023-05-24T06:56:23+00:00","dateModified":"2024-05-23T15:43:00+00:00","description":"La Ferme Go\u00f1i Portal \u00e0 Plentzia \u00e9tait situ\u00e9e \u00e0 proximit\u00e9 du portail ou arc de Santiago de l'enceinte fortifi\u00e9e de la Villa.","breadcrumb":{"@id":"https:\/\/visitplentzia.eus\/fr\/que-voir\/patrimoine\/vieille-ville\/ferme-goni-portal\/#breadcrumb"},"inLanguage":"fr-FR","potentialAction":[{"@type":"ReadAction","target":["https:\/\/visitplentzia.eus\/fr\/que-voir\/patrimoine\/vieille-ville\/ferme-goni-portal\/"]}]},{"@type":"ImageObject","inLanguage":"fr-FR","@id":"https:\/\/visitplentzia.eus\/fr\/que-voir\/patrimoine\/vieille-ville\/ferme-goni-portal\/#primaryimage","url":"https:\/\/visitplentzia.eus\/wp-content\/uploads\/2023\/05\/goni-portal3-768x518-1.jpg","contentUrl":"https:\/\/visitplentzia.eus\/wp-content\/uploads\/2023\/05\/goni-portal3-768x518-1.jpg","width":768,"height":518},{"@type":"BreadcrumbList","@id":"https:\/\/visitplentzia.eus\/fr\/que-voir\/patrimoine\/vieille-ville\/ferme-goni-portal\/#breadcrumb","itemListElement":[{"@type":"ListItem","position":1,"name":"Home","item":"https:\/\/visitplentzia.eus\/fr\/"},{"@type":"ListItem","position":2,"name":"Que voir","item":"https:\/\/visitplentzia.eus\/fr\/que-voir\/"},{"@type":"ListItem","position":3,"name":"Patrimoine","item":"https:\/\/visitplentzia.eus\/fr\/que-voir\/patrimoine\/"},{"@type":"ListItem","position":4,"name":"Vieille ville","item":"https:\/\/visitplentzia.eus\/fr\/que-voir\/patrimoine\/vieille-ville\/"},{"@type":"ListItem","position":5,"name":"Ferme Go\u00f1i Portal"}]},{"@type":"WebSite","@id":"https:\/\/visitplentzia.eus\/fr\/#website","url":"https:\/\/visitplentzia.eus\/fr\/","name":"Turismo Plentzia","description":"P\u00e1gina oficial de Turismo Plentzia. Visita su hermosa R\u00eda, su bella playa, su puerto y su pintoresco casco antiguo","publisher":{"@id":"https:\/\/visitplentzia.eus\/fr\/#organization"},"alternateName":"Turismo Plentzia","potentialAction":[{"@type":"SearchAction","target":{"@type":"EntryPoint","urlTemplate":"https:\/\/visitplentzia.eus\/fr\/?s={search_term_string}"},"query-input":{"@type":"PropertyValueSpecification","valueRequired":true,"valueName":"search_term_string"}}],"inLanguage":"fr-FR"},{"@type":"Organization","@id":"https:\/\/visitplentzia.eus\/fr\/#organization","name":"Plentzia turismo","url":"https:\/\/visitplentzia.eus\/fr\/","logo":{"@type":"ImageObject","inLanguage":"fr-FR","@id":"https:\/\/visitplentzia.eus\/fr\/#\/schema\/logo\/image\/","url":"https:\/\/visitplentzia.eus\/wp-content\/uploads\/2023\/04\/logo-plentzia.png","contentUrl":"https:\/\/visitplentzia.eus\/wp-content\/uploads\/2023\/04\/logo-plentzia.png","width":130,"height":117,"caption":"Plentzia turismo"},"image":{"@id":"https:\/\/visitplentzia.eus\/fr\/#\/schema\/logo\/image\/"}}]}},"featured_image_src":"https:\/\/visitplentzia.eus\/wp-content\/uploads\/2023\/05\/goni-portal3-768x518-1.jpg","featured_image_src_square":"https:\/\/visitplentzia.eus\/wp-content\/uploads\/2023\/05\/goni-portal3-768x518-1.jpg","publishpress_future_workflow_manual_trigger":{"enabledWorkflows":[]},"_links":{"self":[{"href":"https:\/\/visitplentzia.eus\/fr\/wp-json\/wp\/v2\/pages\/5762","targetHints":{"allow":["GET"]}}],"collection":[{"href":"https:\/\/visitplentzia.eus\/fr\/wp-json\/wp\/v2\/pages"}],"about":[{"href":"https:\/\/visitplentzia.eus\/fr\/wp-json\/wp\/v2\/types\/page"}],"author":[{"embeddable":true,"href":"https:\/\/visitplentzia.eus\/fr\/wp-json\/wp\/v2\/users\/1"}],"replies":[{"embeddable":true,"href":"https:\/\/visitplentzia.eus\/fr\/wp-json\/wp\/v2\/comments?post=5762"}],"version-history":[{"count":4,"href":"https:\/\/visitplentzia.eus\/fr\/wp-json\/wp\/v2\/pages\/5762\/revisions"}],"predecessor-version":[{"id":6976,"href":"https:\/\/visitplentzia.eus\/fr\/wp-json\/wp\/v2\/pages\/5762\/revisions\/6976"}],"up":[{"embeddable":true,"href":"https:\/\/visitplentzia.eus\/fr\/wp-json\/wp\/v2\/pages\/5736"}],"wp:featuredmedia":[{"embeddable":true,"href":"https:\/\/visitplentzia.eus\/fr\/wp-json\/wp\/v2\/media\/5763"}],"wp:attachment":[{"href":"https:\/\/visitplentzia.eus\/fr\/wp-json\/wp\/v2\/media?parent=5762"}],"curies":[{"name":"wp","href":"https:\/\/api.w.org\/{rel}","templated":true}]}}