{"id":5774,"date":"2023-05-24T08:31:35","date_gmt":"2023-05-24T06:31:35","guid":{"rendered":"https:\/\/darkslategrey-ape-696608.hostingersite.com\/que-voir\/patrimoine\/vieille-ville\/iglesia-de-santa-maria-magdalena\/"},"modified":"2024-05-23T13:19:43","modified_gmt":"2024-05-23T11:19:43","slug":"eglise-de-santa-maria-magdalena","status":"publish","type":"page","link":"https:\/\/visitplentzia.eus\/fr\/que-voir\/patrimoine\/vieille-ville\/eglise-de-santa-maria-magdalena\/","title":{"rendered":"\u00c9glise de Santa Mar\u00eda Magdalena"},"content":{"rendered":"\n<div class=\"wp-block-columns is-layout-flex wp-container-core-columns-is-layout-9d6595d7 wp-block-columns-is-layout-flex\">\n<div class=\"wp-block-column is-layout-flow wp-block-column-is-layout-flow\">\n<figure class=\"wp-block-image size-full\"><img loading=\"lazy\" decoding=\"async\" width=\"316\" height=\"321\" src=\"http:\/\/visitplentzia.eus\/wp-content\/uploads\/2023\/05\/eleiz-enparantza-480x321-1-e1715153051212.jpg\" alt=\"\" class=\"wp-image-227\" srcset=\"https:\/\/visitplentzia.eus\/wp-content\/uploads\/2023\/05\/eleiz-enparantza-480x321-1-e1715153051212.jpg 316w, https:\/\/visitplentzia.eus\/wp-content\/uploads\/2023\/05\/eleiz-enparantza-480x321-1-e1715153051212-295x300.jpg 295w, https:\/\/visitplentzia.eus\/wp-content\/uploads\/2023\/05\/eleiz-enparantza-480x321-1-e1715153051212-75x75.jpg 75w\" sizes=\"auto, (max-width: 316px) 100vw, 316px\" \/><\/figure>\n<\/div>\n\n\n\n<div class=\"wp-block-column is-layout-flow wp-block-column-is-layout-flow\">\n<p>Le clocher robuste tenait lieu de tour de guet permettant de surveiller le cours de l\u2019estuaire. Cet \u00e9l\u00e9ment se distingue tout particuli\u00e8rement \u00e0 l\u2019ext\u00e9rieur en raison de la solidit\u00e9 de sa structure prismatique de forme cubique. Le responsable de l\u2019\u00e9dification de la tour est Mart\u00edn S\u00e1enz de Gareca, mais il n\u2019est pas confirm\u00e9 que la construction du reste du b\u00e2timent lui ait \u00e9t\u00e9 confi\u00e9e.<\/p>\n\n\n\n<p>L\u2019int\u00e9rieur se distingue par la pr\u00e9sence d\u2019un plafond \u00e0 caissons en bois, con\u00e7u par Severino de Achucarro en 1887 et ex\u00e9cut\u00e9 par l\u2019entrepreneur local Mart\u00edn Gonz\u00e1lez de Durana. Plusieurs sculptures religieuses de son ancienne d\u00e9coration sont conserv\u00e9es, comme le Christ gisant, la Madeleine p\u00e9nitente et saint Pierre.<\/p>\n<\/div>\n<\/div>\n\n\n\n<p>Les fonts baptismaux en forme de coquillage, dont la provenance est incertaine, ainsi que la maquette de bateau suspendue au plafond \u00e0 caissons sont \u00e9galement dignes d\u2019int\u00e9r\u00eat. Cette derni\u00e8re est une offrande faite en guise de demande de protection, geste typique des villes c\u00f4ti\u00e8res. Parmi le mobilier, les cinq panneaux d\u2019alb\u00e2tre qui composent le Polyptyque de la Passion du Christ, datant des ann\u00e9es 1440 et 1480, rev\u00eatent un int\u00e9r\u00eat particulier.<\/p>\n\n\n\n<iframe src=\"https:\/\/www.google.com\/maps\/embed?pb=!1m14!1m8!1m3!1d362.3312636843389!2d-2.9476408!3d43.4052421!3m2!1i1024!2i768!4f13.1!3m3!1m2!1s0xd4e5cd82a197527%3A0xd83d86cc9d7d035f!2sParroquia%20De%20Santa%20Mar%C3%ADa%20Magdalena!5e0!3m2!1ses!2ses!4v1684918023758!5m2!1ses!2ses\" width=\"1000\" height=\"400\" style=\"border:0;\" allowfullscreen=\"\" loading=\"lazy\" referrerpolicy=\"no-referrer-when-downgrade\"><\/iframe>\n","protected":false},"excerpt":{"rendered":"<p>Le clocher robuste tenait lieu de tour de guet permettant de surveiller le cours de l\u2019estuaire. Cet \u00e9l\u00e9ment se distingue tout particuli\u00e8rement \u00e0 l\u2019ext\u00e9rieur en raison de la solidit\u00e9 de sa structure prismatique de forme cubique. Le responsable de l\u2019\u00e9dification de la tour est Mart\u00edn S\u00e1enz de Gareca, mais il n\u2019est pas confirm\u00e9 que la [&hellip;]<\/p>\n","protected":false},"author":1,"featured_media":5775,"parent":5736,"menu_order":0,"comment_status":"closed","ping_status":"closed","template":"page-templates\/page-que-ver.php","meta":{"_genesis_hide_title":false,"_genesis_hide_breadcrumbs":false,"_genesis_hide_singular_image":false,"_genesis_hide_footer_widgets":false,"_genesis_custom_body_class":"","_genesis_custom_post_class":"","_genesis_layout":"","footnotes":""},"class_list":{"0":"post-5774","1":"page","2":"type-page","3":"status-publish","4":"has-post-thumbnail","6":"entry"},"acf":[],"yoast_head":"<!-- This site is optimized with the Yoast SEO plugin v27.4 - https:\/\/yoast.com\/product\/yoast-seo-wordpress\/ -->\n<title>\u00c9glise Sainte-Marie-Madeleine de Plentzia<\/title>\n<meta name=\"description\" content=\"L&#039;\u00e9glise de Santa Mar\u00eda Magdalena de Plentzia servait de tour de guet sur le cours de la ria. Cette tour est l\u2019\u00e9l\u00e9ment qui ressort le plus \u00e0 l\u2019ext\u00e9rieur.\" \/>\n<meta name=\"robots\" content=\"index, follow, max-snippet:-1, max-image-preview:large, max-video-preview:-1\" \/>\n<link rel=\"canonical\" href=\"https:\/\/visitplentzia.eus\/fr\/que-voir\/patrimoine\/vieille-ville\/eglise-de-santa-maria-magdalena\/\" \/>\n<meta property=\"og:locale\" content=\"fr_FR\" \/>\n<meta property=\"og:type\" content=\"article\" \/>\n<meta property=\"og:title\" content=\"\u00c9glise Sainte-Marie-Madeleine de Plentzia\" \/>\n<meta property=\"og:description\" content=\"L&#039;\u00e9glise de Santa Mar\u00eda Magdalena de Plentzia servait de tour de guet sur le cours de la ria. Cette tour est l\u2019\u00e9l\u00e9ment qui ressort le plus \u00e0 l\u2019ext\u00e9rieur.\" \/>\n<meta property=\"og:url\" content=\"https:\/\/visitplentzia.eus\/fr\/que-voir\/patrimoine\/vieille-ville\/eglise-de-santa-maria-magdalena\/\" \/>\n<meta property=\"og:site_name\" content=\"Turismo Plentzia\" \/>\n<meta property=\"article:modified_time\" content=\"2024-05-23T11:19:43+00:00\" \/>\n<meta property=\"og:image\" content=\"https:\/\/visitplentzia.eus\/wp-content\/uploads\/2023\/05\/eleiz-enparantza-480x321-1-e1715153051212.jpg\" \/>\n\t<meta property=\"og:image:width\" content=\"480\" \/>\n\t<meta property=\"og:image:height\" content=\"321\" \/>\n\t<meta property=\"og:image:type\" content=\"image\/jpeg\" \/>\n<meta name=\"twitter:card\" content=\"summary_large_image\" \/>\n<meta name=\"twitter:label1\" content=\"Dur\u00e9e de lecture estim\u00e9e\" \/>\n\t<meta name=\"twitter:data1\" content=\"2 minutes\" \/>\n<script type=\"application\/ld+json\" class=\"yoast-schema-graph\">{\"@context\":\"https:\\\/\\\/schema.org\",\"@graph\":[{\"@type\":\"WebPage\",\"@id\":\"https:\\\/\\\/visitplentzia.eus\\\/fr\\\/que-voir\\\/patrimoine\\\/vieille-ville\\\/eglise-de-santa-maria-magdalena\\\/\",\"url\":\"https:\\\/\\\/visitplentzia.eus\\\/fr\\\/que-voir\\\/patrimoine\\\/vieille-ville\\\/eglise-de-santa-maria-magdalena\\\/\",\"name\":\"\u00c9glise Sainte-Marie-Madeleine de Plentzia\",\"isPartOf\":{\"@id\":\"https:\\\/\\\/visitplentzia.eus\\\/fr\\\/#website\"},\"primaryImageOfPage\":{\"@id\":\"https:\\\/\\\/visitplentzia.eus\\\/fr\\\/que-voir\\\/patrimoine\\\/vieille-ville\\\/eglise-de-santa-maria-magdalena\\\/#primaryimage\"},\"image\":{\"@id\":\"https:\\\/\\\/visitplentzia.eus\\\/fr\\\/que-voir\\\/patrimoine\\\/vieille-ville\\\/eglise-de-santa-maria-magdalena\\\/#primaryimage\"},\"thumbnailUrl\":\"https:\\\/\\\/visitplentzia.eus\\\/wp-content\\\/uploads\\\/2023\\\/05\\\/eleiz-enparantza-480x321-1-e1715153051212.jpg\",\"datePublished\":\"2023-05-24T06:31:35+00:00\",\"dateModified\":\"2024-05-23T11:19:43+00:00\",\"description\":\"L'\u00e9glise de Santa Mar\u00eda Magdalena de Plentzia servait de tour de guet sur le cours de la ria. Cette tour est l\u2019\u00e9l\u00e9ment qui ressort le plus \u00e0 l\u2019ext\u00e9rieur.\",\"breadcrumb\":{\"@id\":\"https:\\\/\\\/visitplentzia.eus\\\/fr\\\/que-voir\\\/patrimoine\\\/vieille-ville\\\/eglise-de-santa-maria-magdalena\\\/#breadcrumb\"},\"inLanguage\":\"fr-FR\",\"potentialAction\":[{\"@type\":\"ReadAction\",\"target\":[\"https:\\\/\\\/visitplentzia.eus\\\/fr\\\/que-voir\\\/patrimoine\\\/vieille-ville\\\/eglise-de-santa-maria-magdalena\\\/\"]}]},{\"@type\":\"ImageObject\",\"inLanguage\":\"fr-FR\",\"@id\":\"https:\\\/\\\/visitplentzia.eus\\\/fr\\\/que-voir\\\/patrimoine\\\/vieille-ville\\\/eglise-de-santa-maria-magdalena\\\/#primaryimage\",\"url\":\"https:\\\/\\\/visitplentzia.eus\\\/wp-content\\\/uploads\\\/2023\\\/05\\\/eleiz-enparantza-480x321-1-e1715153051212.jpg\",\"contentUrl\":\"https:\\\/\\\/visitplentzia.eus\\\/wp-content\\\/uploads\\\/2023\\\/05\\\/eleiz-enparantza-480x321-1-e1715153051212.jpg\",\"width\":480,\"height\":321},{\"@type\":\"BreadcrumbList\",\"@id\":\"https:\\\/\\\/visitplentzia.eus\\\/fr\\\/que-voir\\\/patrimoine\\\/vieille-ville\\\/eglise-de-santa-maria-magdalena\\\/#breadcrumb\",\"itemListElement\":[{\"@type\":\"ListItem\",\"position\":1,\"name\":\"Home\",\"item\":\"https:\\\/\\\/visitplentzia.eus\\\/fr\\\/\"},{\"@type\":\"ListItem\",\"position\":2,\"name\":\"Que voir\",\"item\":\"https:\\\/\\\/visitplentzia.eus\\\/fr\\\/que-voir\\\/\"},{\"@type\":\"ListItem\",\"position\":3,\"name\":\"Patrimoine\",\"item\":\"https:\\\/\\\/visitplentzia.eus\\\/fr\\\/que-voir\\\/patrimoine\\\/\"},{\"@type\":\"ListItem\",\"position\":4,\"name\":\"Vieille ville\",\"item\":\"https:\\\/\\\/visitplentzia.eus\\\/fr\\\/que-voir\\\/patrimoine\\\/vieille-ville\\\/\"},{\"@type\":\"ListItem\",\"position\":5,\"name\":\"\u00c9glise de Santa Mar\u00eda Magdalena\"}]},{\"@type\":\"WebSite\",\"@id\":\"https:\\\/\\\/visitplentzia.eus\\\/fr\\\/#website\",\"url\":\"https:\\\/\\\/visitplentzia.eus\\\/fr\\\/\",\"name\":\"Turismo Plentzia\",\"description\":\"P\u00e1gina oficial de Turismo Plentzia. Visita su hermosa R\u00eda, su bella playa, su puerto y su pintoresco casco antiguo\",\"publisher\":{\"@id\":\"https:\\\/\\\/visitplentzia.eus\\\/fr\\\/#organization\"},\"alternateName\":\"Turismo Plentzia\",\"potentialAction\":[{\"@type\":\"SearchAction\",\"target\":{\"@type\":\"EntryPoint\",\"urlTemplate\":\"https:\\\/\\\/visitplentzia.eus\\\/fr\\\/?s={search_term_string}\"},\"query-input\":{\"@type\":\"PropertyValueSpecification\",\"valueRequired\":true,\"valueName\":\"search_term_string\"}}],\"inLanguage\":\"fr-FR\"},{\"@type\":\"Organization\",\"@id\":\"https:\\\/\\\/visitplentzia.eus\\\/fr\\\/#organization\",\"name\":\"Plentzia turismo\",\"url\":\"https:\\\/\\\/visitplentzia.eus\\\/fr\\\/\",\"logo\":{\"@type\":\"ImageObject\",\"inLanguage\":\"fr-FR\",\"@id\":\"https:\\\/\\\/visitplentzia.eus\\\/fr\\\/#\\\/schema\\\/logo\\\/image\\\/\",\"url\":\"https:\\\/\\\/visitplentzia.eus\\\/wp-content\\\/uploads\\\/2023\\\/04\\\/logo-plentzia.png\",\"contentUrl\":\"https:\\\/\\\/visitplentzia.eus\\\/wp-content\\\/uploads\\\/2023\\\/04\\\/logo-plentzia.png\",\"width\":130,\"height\":117,\"caption\":\"Plentzia turismo\"},\"image\":{\"@id\":\"https:\\\/\\\/visitplentzia.eus\\\/fr\\\/#\\\/schema\\\/logo\\\/image\\\/\"}}]}<\/script>\n<!-- \/ Yoast SEO plugin. -->","yoast_head_json":{"title":"\u00c9glise Sainte-Marie-Madeleine de Plentzia","description":"L'\u00e9glise de Santa Mar\u00eda Magdalena de Plentzia servait de tour de guet sur le cours de la ria. Cette tour est l\u2019\u00e9l\u00e9ment qui ressort le plus \u00e0 l\u2019ext\u00e9rieur.","robots":{"index":"index","follow":"follow","max-snippet":"max-snippet:-1","max-image-preview":"max-image-preview:large","max-video-preview":"max-video-preview:-1"},"canonical":"https:\/\/visitplentzia.eus\/fr\/que-voir\/patrimoine\/vieille-ville\/eglise-de-santa-maria-magdalena\/","og_locale":"fr_FR","og_type":"article","og_title":"\u00c9glise Sainte-Marie-Madeleine de Plentzia","og_description":"L'\u00e9glise de Santa Mar\u00eda Magdalena de Plentzia servait de tour de guet sur le cours de la ria. Cette tour est l\u2019\u00e9l\u00e9ment qui ressort le plus \u00e0 l\u2019ext\u00e9rieur.","og_url":"https:\/\/visitplentzia.eus\/fr\/que-voir\/patrimoine\/vieille-ville\/eglise-de-santa-maria-magdalena\/","og_site_name":"Turismo Plentzia","article_modified_time":"2024-05-23T11:19:43+00:00","og_image":[{"width":480,"height":321,"url":"https:\/\/visitplentzia.eus\/wp-content\/uploads\/2023\/05\/eleiz-enparantza-480x321-1-e1715153051212.jpg","type":"image\/jpeg"}],"twitter_card":"summary_large_image","twitter_misc":{"Dur\u00e9e de lecture estim\u00e9e":"2 minutes"},"schema":{"@context":"https:\/\/schema.org","@graph":[{"@type":"WebPage","@id":"https:\/\/visitplentzia.eus\/fr\/que-voir\/patrimoine\/vieille-ville\/eglise-de-santa-maria-magdalena\/","url":"https:\/\/visitplentzia.eus\/fr\/que-voir\/patrimoine\/vieille-ville\/eglise-de-santa-maria-magdalena\/","name":"\u00c9glise Sainte-Marie-Madeleine de Plentzia","isPartOf":{"@id":"https:\/\/visitplentzia.eus\/fr\/#website"},"primaryImageOfPage":{"@id":"https:\/\/visitplentzia.eus\/fr\/que-voir\/patrimoine\/vieille-ville\/eglise-de-santa-maria-magdalena\/#primaryimage"},"image":{"@id":"https:\/\/visitplentzia.eus\/fr\/que-voir\/patrimoine\/vieille-ville\/eglise-de-santa-maria-magdalena\/#primaryimage"},"thumbnailUrl":"https:\/\/visitplentzia.eus\/wp-content\/uploads\/2023\/05\/eleiz-enparantza-480x321-1-e1715153051212.jpg","datePublished":"2023-05-24T06:31:35+00:00","dateModified":"2024-05-23T11:19:43+00:00","description":"L'\u00e9glise de Santa Mar\u00eda Magdalena de Plentzia servait de tour de guet sur le cours de la ria. Cette tour est l\u2019\u00e9l\u00e9ment qui ressort le plus \u00e0 l\u2019ext\u00e9rieur.","breadcrumb":{"@id":"https:\/\/visitplentzia.eus\/fr\/que-voir\/patrimoine\/vieille-ville\/eglise-de-santa-maria-magdalena\/#breadcrumb"},"inLanguage":"fr-FR","potentialAction":[{"@type":"ReadAction","target":["https:\/\/visitplentzia.eus\/fr\/que-voir\/patrimoine\/vieille-ville\/eglise-de-santa-maria-magdalena\/"]}]},{"@type":"ImageObject","inLanguage":"fr-FR","@id":"https:\/\/visitplentzia.eus\/fr\/que-voir\/patrimoine\/vieille-ville\/eglise-de-santa-maria-magdalena\/#primaryimage","url":"https:\/\/visitplentzia.eus\/wp-content\/uploads\/2023\/05\/eleiz-enparantza-480x321-1-e1715153051212.jpg","contentUrl":"https:\/\/visitplentzia.eus\/wp-content\/uploads\/2023\/05\/eleiz-enparantza-480x321-1-e1715153051212.jpg","width":480,"height":321},{"@type":"BreadcrumbList","@id":"https:\/\/visitplentzia.eus\/fr\/que-voir\/patrimoine\/vieille-ville\/eglise-de-santa-maria-magdalena\/#breadcrumb","itemListElement":[{"@type":"ListItem","position":1,"name":"Home","item":"https:\/\/visitplentzia.eus\/fr\/"},{"@type":"ListItem","position":2,"name":"Que voir","item":"https:\/\/visitplentzia.eus\/fr\/que-voir\/"},{"@type":"ListItem","position":3,"name":"Patrimoine","item":"https:\/\/visitplentzia.eus\/fr\/que-voir\/patrimoine\/"},{"@type":"ListItem","position":4,"name":"Vieille ville","item":"https:\/\/visitplentzia.eus\/fr\/que-voir\/patrimoine\/vieille-ville\/"},{"@type":"ListItem","position":5,"name":"\u00c9glise de Santa Mar\u00eda Magdalena"}]},{"@type":"WebSite","@id":"https:\/\/visitplentzia.eus\/fr\/#website","url":"https:\/\/visitplentzia.eus\/fr\/","name":"Turismo Plentzia","description":"P\u00e1gina oficial de Turismo Plentzia. Visita su hermosa R\u00eda, su bella playa, su puerto y su pintoresco casco antiguo","publisher":{"@id":"https:\/\/visitplentzia.eus\/fr\/#organization"},"alternateName":"Turismo Plentzia","potentialAction":[{"@type":"SearchAction","target":{"@type":"EntryPoint","urlTemplate":"https:\/\/visitplentzia.eus\/fr\/?s={search_term_string}"},"query-input":{"@type":"PropertyValueSpecification","valueRequired":true,"valueName":"search_term_string"}}],"inLanguage":"fr-FR"},{"@type":"Organization","@id":"https:\/\/visitplentzia.eus\/fr\/#organization","name":"Plentzia turismo","url":"https:\/\/visitplentzia.eus\/fr\/","logo":{"@type":"ImageObject","inLanguage":"fr-FR","@id":"https:\/\/visitplentzia.eus\/fr\/#\/schema\/logo\/image\/","url":"https:\/\/visitplentzia.eus\/wp-content\/uploads\/2023\/04\/logo-plentzia.png","contentUrl":"https:\/\/visitplentzia.eus\/wp-content\/uploads\/2023\/04\/logo-plentzia.png","width":130,"height":117,"caption":"Plentzia turismo"},"image":{"@id":"https:\/\/visitplentzia.eus\/fr\/#\/schema\/logo\/image\/"}}]}},"featured_image_src":"https:\/\/visitplentzia.eus\/wp-content\/uploads\/2023\/05\/eleiz-enparantza-480x321-1-e1715153051212.jpg","featured_image_src_square":"https:\/\/visitplentzia.eus\/wp-content\/uploads\/2023\/05\/eleiz-enparantza-480x321-1-e1715153051212.jpg","publishpress_future_workflow_manual_trigger":{"enabledWorkflows":[]},"_links":{"self":[{"href":"https:\/\/visitplentzia.eus\/fr\/wp-json\/wp\/v2\/pages\/5774","targetHints":{"allow":["GET"]}}],"collection":[{"href":"https:\/\/visitplentzia.eus\/fr\/wp-json\/wp\/v2\/pages"}],"about":[{"href":"https:\/\/visitplentzia.eus\/fr\/wp-json\/wp\/v2\/types\/page"}],"author":[{"embeddable":true,"href":"https:\/\/visitplentzia.eus\/fr\/wp-json\/wp\/v2\/users\/1"}],"replies":[{"embeddable":true,"href":"https:\/\/visitplentzia.eus\/fr\/wp-json\/wp\/v2\/comments?post=5774"}],"version-history":[{"count":4,"href":"https:\/\/visitplentzia.eus\/fr\/wp-json\/wp\/v2\/pages\/5774\/revisions"}],"predecessor-version":[{"id":6919,"href":"https:\/\/visitplentzia.eus\/fr\/wp-json\/wp\/v2\/pages\/5774\/revisions\/6919"}],"up":[{"embeddable":true,"href":"https:\/\/visitplentzia.eus\/fr\/wp-json\/wp\/v2\/pages\/5736"}],"wp:featuredmedia":[{"embeddable":true,"href":"https:\/\/visitplentzia.eus\/fr\/wp-json\/wp\/v2\/media\/5775"}],"wp:attachment":[{"href":"https:\/\/visitplentzia.eus\/fr\/wp-json\/wp\/v2\/media?parent=5774"}],"curies":[{"name":"wp","href":"https:\/\/api.w.org\/{rel}","templated":true}]}}