{"id":5780,"date":"2023-05-24T09:58:17","date_gmt":"2023-05-24T09:58:17","guid":{"rendered":"https:\/\/darkslategrey-ape-696608.hostingersite.com\/que-voir\/patrimoine\/farmacia-museo-aramburu\/"},"modified":"2024-02-28T21:11:31","modified_gmt":"2024-02-28T21:11:31","slug":"aramburu-musee-pharmacie","status":"publish","type":"page","link":"https:\/\/visitplentzia.eus\/fr\/que-voir\/patrimoine\/aramburu-musee-pharmacie\/","title":{"rendered":"Aramburu Mus\u00e9e-Pharmacie"},"content":{"rendered":"\n<p>Il a une exposition qui occupe les espaces d\u2019origine de la pharmacie, le laboratoire primitif et l\u2019ancienne cour arri\u00e8re, lieu de rassemblements int\u00e9ressants a assist\u00e9, entre autres intellectuels, D. Miguel de Unamuno.<\/p>\n\n\n\n<p>L\u2019exposition est un \u00e9chantillon int\u00e9ressant de l\u2019\u00e9volution de la m\u00e9decine au si\u00e8cle dernier et est compos\u00e9e de rem\u00e8des naturels, de m\u00e9dicaments, de pots, de vieux gadgets et d\u2019ustensiles.<\/p>\n\n\n\n<p>Plus d\u2019information\u00a0<strong><a href=\"https:\/\/www.farmacia-museoaramburu.org\/\" target=\"_blank\" rel=\"noreferrer noopener\">Farmacia Museo Aramburu<\/a><\/strong><\/p>\n\n\n\n<iframe src=\"https:\/\/www.google.com\/maps\/embed?pb=!1m14!1m8!1m3!1d362.33990772360914!2d-2.9479079!3d43.4037969!3m2!1i1024!2i768!4f13.1!3m3!1m2!1s0xd4e5cd9dc36edf3%3A0xa45575a8dec8a0ab!2sFarmacia%20Museo%20Aramburu!5e0!3m2!1ses!2ses!4v1684922283794!5m2!1ses!2ses\" width=\"1000\" height=\"400\" style=\"border:0;\" allowfullscreen=\"\" loading=\"lazy\" referrerpolicy=\"no-referrer-when-downgrade\"><\/iframe>\n","protected":false},"excerpt":{"rendered":"<p>Il a une exposition qui occupe les espaces d\u2019origine de la pharmacie, le laboratoire primitif et l\u2019ancienne cour arri\u00e8re, lieu de rassemblements int\u00e9ressants a assist\u00e9, entre autres intellectuels, D. Miguel de Unamuno. L\u2019exposition est un \u00e9chantillon int\u00e9ressant de l\u2019\u00e9volution de la m\u00e9decine au si\u00e8cle dernier et est compos\u00e9e de rem\u00e8des naturels, de m\u00e9dicaments, de pots, [&hellip;]<\/p>\n","protected":false},"author":1,"featured_media":5781,"parent":5731,"menu_order":0,"comment_status":"closed","ping_status":"closed","template":"page-templates\/page-que-ver.php","meta":{"_genesis_hide_title":false,"_genesis_hide_breadcrumbs":false,"_genesis_hide_singular_image":false,"_genesis_hide_footer_widgets":false,"_genesis_custom_body_class":"","_genesis_custom_post_class":"","_genesis_layout":"","footnotes":""},"class_list":{"0":"post-5780","1":"page","2":"type-page","3":"status-publish","4":"has-post-thumbnail","6":"entry"},"acf":[],"yoast_head":"<!-- This site is optimized with the Yoast SEO plugin v27.4 - https:\/\/yoast.com\/product\/yoast-seo-wordpress\/ -->\n<title>Mus\u00e9e-pharmacie Aramburu \u00e0 Plentzia<\/title>\n<meta name=\"description\" content=\"Le Mus\u00e9e de la Pharmacie Aramburu de Plentzia pr\u00e9sente une exposition des espaces originaux de la pharmacie, du laboratoire primitif et de l&#039;ancienne pharmacie.\" \/>\n<meta name=\"robots\" content=\"index, follow, max-snippet:-1, max-image-preview:large, max-video-preview:-1\" \/>\n<link rel=\"canonical\" href=\"https:\/\/visitplentzia.eus\/fr\/que-voir\/patrimoine\/aramburu-musee-pharmacie\/\" \/>\n<meta property=\"og:locale\" content=\"fr_FR\" \/>\n<meta property=\"og:type\" content=\"article\" \/>\n<meta property=\"og:title\" content=\"Mus\u00e9e-pharmacie Aramburu \u00e0 Plentzia\" \/>\n<meta property=\"og:description\" content=\"Le Mus\u00e9e de la Pharmacie Aramburu de Plentzia pr\u00e9sente une exposition des espaces originaux de la pharmacie, du laboratoire primitif et de l&#039;ancienne pharmacie.\" \/>\n<meta property=\"og:url\" content=\"https:\/\/visitplentzia.eus\/fr\/que-voir\/patrimoine\/aramburu-musee-pharmacie\/\" \/>\n<meta property=\"og:site_name\" content=\"Turismo Plentzia\" \/>\n<meta property=\"article:modified_time\" content=\"2024-02-28T21:11:31+00:00\" \/>\n<meta property=\"og:image\" content=\"https:\/\/visitplentzia.eus\/wp-content\/uploads\/2023\/05\/farmacia-museo.jpeg\" \/>\n\t<meta property=\"og:image:width\" content=\"979\" \/>\n\t<meta property=\"og:image:height\" content=\"400\" \/>\n\t<meta property=\"og:image:type\" content=\"image\/jpeg\" \/>\n<meta name=\"twitter:card\" content=\"summary_large_image\" \/>\n<meta name=\"twitter:label1\" content=\"Dur\u00e9e de lecture estim\u00e9e\" \/>\n\t<meta name=\"twitter:data1\" content=\"1 minute\" \/>\n<script type=\"application\/ld+json\" class=\"yoast-schema-graph\">{\"@context\":\"https:\\\/\\\/schema.org\",\"@graph\":[{\"@type\":\"WebPage\",\"@id\":\"https:\\\/\\\/visitplentzia.eus\\\/fr\\\/que-voir\\\/patrimoine\\\/aramburu-musee-pharmacie\\\/\",\"url\":\"https:\\\/\\\/visitplentzia.eus\\\/fr\\\/que-voir\\\/patrimoine\\\/aramburu-musee-pharmacie\\\/\",\"name\":\"Mus\u00e9e-pharmacie Aramburu \u00e0 Plentzia\",\"isPartOf\":{\"@id\":\"https:\\\/\\\/visitplentzia.eus\\\/fr\\\/#website\"},\"primaryImageOfPage\":{\"@id\":\"https:\\\/\\\/visitplentzia.eus\\\/fr\\\/que-voir\\\/patrimoine\\\/aramburu-musee-pharmacie\\\/#primaryimage\"},\"image\":{\"@id\":\"https:\\\/\\\/visitplentzia.eus\\\/fr\\\/que-voir\\\/patrimoine\\\/aramburu-musee-pharmacie\\\/#primaryimage\"},\"thumbnailUrl\":\"https:\\\/\\\/visitplentzia.eus\\\/wp-content\\\/uploads\\\/2023\\\/05\\\/farmacia-museo.jpeg\",\"datePublished\":\"2023-05-24T09:58:17+00:00\",\"dateModified\":\"2024-02-28T21:11:31+00:00\",\"description\":\"Le Mus\u00e9e de la Pharmacie Aramburu de Plentzia pr\u00e9sente une exposition des espaces originaux de la pharmacie, du laboratoire primitif et de l'ancienne pharmacie.\",\"breadcrumb\":{\"@id\":\"https:\\\/\\\/visitplentzia.eus\\\/fr\\\/que-voir\\\/patrimoine\\\/aramburu-musee-pharmacie\\\/#breadcrumb\"},\"inLanguage\":\"fr-FR\",\"potentialAction\":[{\"@type\":\"ReadAction\",\"target\":[\"https:\\\/\\\/visitplentzia.eus\\\/fr\\\/que-voir\\\/patrimoine\\\/aramburu-musee-pharmacie\\\/\"]}]},{\"@type\":\"ImageObject\",\"inLanguage\":\"fr-FR\",\"@id\":\"https:\\\/\\\/visitplentzia.eus\\\/fr\\\/que-voir\\\/patrimoine\\\/aramburu-musee-pharmacie\\\/#primaryimage\",\"url\":\"https:\\\/\\\/visitplentzia.eus\\\/wp-content\\\/uploads\\\/2023\\\/05\\\/farmacia-museo.jpeg\",\"contentUrl\":\"https:\\\/\\\/visitplentzia.eus\\\/wp-content\\\/uploads\\\/2023\\\/05\\\/farmacia-museo.jpeg\",\"width\":979,\"height\":400},{\"@type\":\"BreadcrumbList\",\"@id\":\"https:\\\/\\\/visitplentzia.eus\\\/fr\\\/que-voir\\\/patrimoine\\\/aramburu-musee-pharmacie\\\/#breadcrumb\",\"itemListElement\":[{\"@type\":\"ListItem\",\"position\":1,\"name\":\"Home\",\"item\":\"https:\\\/\\\/visitplentzia.eus\\\/fr\\\/\"},{\"@type\":\"ListItem\",\"position\":2,\"name\":\"Que voir\",\"item\":\"https:\\\/\\\/visitplentzia.eus\\\/fr\\\/que-voir\\\/\"},{\"@type\":\"ListItem\",\"position\":3,\"name\":\"Patrimoine\",\"item\":\"https:\\\/\\\/visitplentzia.eus\\\/fr\\\/que-voir\\\/patrimoine\\\/\"},{\"@type\":\"ListItem\",\"position\":4,\"name\":\"Aramburu Mus\u00e9e-Pharmacie\"}]},{\"@type\":\"WebSite\",\"@id\":\"https:\\\/\\\/visitplentzia.eus\\\/fr\\\/#website\",\"url\":\"https:\\\/\\\/visitplentzia.eus\\\/fr\\\/\",\"name\":\"Turismo Plentzia\",\"description\":\"P\u00e1gina oficial de Turismo Plentzia. Visita su hermosa R\u00eda, su bella playa, su puerto y su pintoresco casco antiguo\",\"publisher\":{\"@id\":\"https:\\\/\\\/visitplentzia.eus\\\/fr\\\/#organization\"},\"alternateName\":\"Turismo Plentzia\",\"potentialAction\":[{\"@type\":\"SearchAction\",\"target\":{\"@type\":\"EntryPoint\",\"urlTemplate\":\"https:\\\/\\\/visitplentzia.eus\\\/fr\\\/?s={search_term_string}\"},\"query-input\":{\"@type\":\"PropertyValueSpecification\",\"valueRequired\":true,\"valueName\":\"search_term_string\"}}],\"inLanguage\":\"fr-FR\"},{\"@type\":\"Organization\",\"@id\":\"https:\\\/\\\/visitplentzia.eus\\\/fr\\\/#organization\",\"name\":\"Plentzia turismo\",\"url\":\"https:\\\/\\\/visitplentzia.eus\\\/fr\\\/\",\"logo\":{\"@type\":\"ImageObject\",\"inLanguage\":\"fr-FR\",\"@id\":\"https:\\\/\\\/visitplentzia.eus\\\/fr\\\/#\\\/schema\\\/logo\\\/image\\\/\",\"url\":\"https:\\\/\\\/visitplentzia.eus\\\/wp-content\\\/uploads\\\/2023\\\/04\\\/logo-plentzia.png\",\"contentUrl\":\"https:\\\/\\\/visitplentzia.eus\\\/wp-content\\\/uploads\\\/2023\\\/04\\\/logo-plentzia.png\",\"width\":130,\"height\":117,\"caption\":\"Plentzia turismo\"},\"image\":{\"@id\":\"https:\\\/\\\/visitplentzia.eus\\\/fr\\\/#\\\/schema\\\/logo\\\/image\\\/\"}}]}<\/script>\n<!-- \/ Yoast SEO plugin. -->","yoast_head_json":{"title":"Mus\u00e9e-pharmacie Aramburu \u00e0 Plentzia","description":"Le Mus\u00e9e de la Pharmacie Aramburu de Plentzia pr\u00e9sente une exposition des espaces originaux de la pharmacie, du laboratoire primitif et de l'ancienne pharmacie.","robots":{"index":"index","follow":"follow","max-snippet":"max-snippet:-1","max-image-preview":"max-image-preview:large","max-video-preview":"max-video-preview:-1"},"canonical":"https:\/\/visitplentzia.eus\/fr\/que-voir\/patrimoine\/aramburu-musee-pharmacie\/","og_locale":"fr_FR","og_type":"article","og_title":"Mus\u00e9e-pharmacie Aramburu \u00e0 Plentzia","og_description":"Le Mus\u00e9e de la Pharmacie Aramburu de Plentzia pr\u00e9sente une exposition des espaces originaux de la pharmacie, du laboratoire primitif et de l'ancienne pharmacie.","og_url":"https:\/\/visitplentzia.eus\/fr\/que-voir\/patrimoine\/aramburu-musee-pharmacie\/","og_site_name":"Turismo Plentzia","article_modified_time":"2024-02-28T21:11:31+00:00","og_image":[{"width":979,"height":400,"url":"https:\/\/visitplentzia.eus\/wp-content\/uploads\/2023\/05\/farmacia-museo.jpeg","type":"image\/jpeg"}],"twitter_card":"summary_large_image","twitter_misc":{"Dur\u00e9e de lecture estim\u00e9e":"1 minute"},"schema":{"@context":"https:\/\/schema.org","@graph":[{"@type":"WebPage","@id":"https:\/\/visitplentzia.eus\/fr\/que-voir\/patrimoine\/aramburu-musee-pharmacie\/","url":"https:\/\/visitplentzia.eus\/fr\/que-voir\/patrimoine\/aramburu-musee-pharmacie\/","name":"Mus\u00e9e-pharmacie Aramburu \u00e0 Plentzia","isPartOf":{"@id":"https:\/\/visitplentzia.eus\/fr\/#website"},"primaryImageOfPage":{"@id":"https:\/\/visitplentzia.eus\/fr\/que-voir\/patrimoine\/aramburu-musee-pharmacie\/#primaryimage"},"image":{"@id":"https:\/\/visitplentzia.eus\/fr\/que-voir\/patrimoine\/aramburu-musee-pharmacie\/#primaryimage"},"thumbnailUrl":"https:\/\/visitplentzia.eus\/wp-content\/uploads\/2023\/05\/farmacia-museo.jpeg","datePublished":"2023-05-24T09:58:17+00:00","dateModified":"2024-02-28T21:11:31+00:00","description":"Le Mus\u00e9e de la Pharmacie Aramburu de Plentzia pr\u00e9sente une exposition des espaces originaux de la pharmacie, du laboratoire primitif et de l'ancienne pharmacie.","breadcrumb":{"@id":"https:\/\/visitplentzia.eus\/fr\/que-voir\/patrimoine\/aramburu-musee-pharmacie\/#breadcrumb"},"inLanguage":"fr-FR","potentialAction":[{"@type":"ReadAction","target":["https:\/\/visitplentzia.eus\/fr\/que-voir\/patrimoine\/aramburu-musee-pharmacie\/"]}]},{"@type":"ImageObject","inLanguage":"fr-FR","@id":"https:\/\/visitplentzia.eus\/fr\/que-voir\/patrimoine\/aramburu-musee-pharmacie\/#primaryimage","url":"https:\/\/visitplentzia.eus\/wp-content\/uploads\/2023\/05\/farmacia-museo.jpeg","contentUrl":"https:\/\/visitplentzia.eus\/wp-content\/uploads\/2023\/05\/farmacia-museo.jpeg","width":979,"height":400},{"@type":"BreadcrumbList","@id":"https:\/\/visitplentzia.eus\/fr\/que-voir\/patrimoine\/aramburu-musee-pharmacie\/#breadcrumb","itemListElement":[{"@type":"ListItem","position":1,"name":"Home","item":"https:\/\/visitplentzia.eus\/fr\/"},{"@type":"ListItem","position":2,"name":"Que voir","item":"https:\/\/visitplentzia.eus\/fr\/que-voir\/"},{"@type":"ListItem","position":3,"name":"Patrimoine","item":"https:\/\/visitplentzia.eus\/fr\/que-voir\/patrimoine\/"},{"@type":"ListItem","position":4,"name":"Aramburu Mus\u00e9e-Pharmacie"}]},{"@type":"WebSite","@id":"https:\/\/visitplentzia.eus\/fr\/#website","url":"https:\/\/visitplentzia.eus\/fr\/","name":"Turismo Plentzia","description":"P\u00e1gina oficial de Turismo Plentzia. Visita su hermosa R\u00eda, su bella playa, su puerto y su pintoresco casco antiguo","publisher":{"@id":"https:\/\/visitplentzia.eus\/fr\/#organization"},"alternateName":"Turismo Plentzia","potentialAction":[{"@type":"SearchAction","target":{"@type":"EntryPoint","urlTemplate":"https:\/\/visitplentzia.eus\/fr\/?s={search_term_string}"},"query-input":{"@type":"PropertyValueSpecification","valueRequired":true,"valueName":"search_term_string"}}],"inLanguage":"fr-FR"},{"@type":"Organization","@id":"https:\/\/visitplentzia.eus\/fr\/#organization","name":"Plentzia turismo","url":"https:\/\/visitplentzia.eus\/fr\/","logo":{"@type":"ImageObject","inLanguage":"fr-FR","@id":"https:\/\/visitplentzia.eus\/fr\/#\/schema\/logo\/image\/","url":"https:\/\/visitplentzia.eus\/wp-content\/uploads\/2023\/04\/logo-plentzia.png","contentUrl":"https:\/\/visitplentzia.eus\/wp-content\/uploads\/2023\/04\/logo-plentzia.png","width":130,"height":117,"caption":"Plentzia turismo"},"image":{"@id":"https:\/\/visitplentzia.eus\/fr\/#\/schema\/logo\/image\/"}}]}},"featured_image_src":"https:\/\/visitplentzia.eus\/wp-content\/uploads\/2023\/05\/farmacia-museo.jpeg","featured_image_src_square":"https:\/\/visitplentzia.eus\/wp-content\/uploads\/2023\/05\/farmacia-museo.jpeg","publishpress_future_workflow_manual_trigger":{"enabledWorkflows":[]},"_links":{"self":[{"href":"https:\/\/visitplentzia.eus\/fr\/wp-json\/wp\/v2\/pages\/5780","targetHints":{"allow":["GET"]}}],"collection":[{"href":"https:\/\/visitplentzia.eus\/fr\/wp-json\/wp\/v2\/pages"}],"about":[{"href":"https:\/\/visitplentzia.eus\/fr\/wp-json\/wp\/v2\/types\/page"}],"author":[{"embeddable":true,"href":"https:\/\/visitplentzia.eus\/fr\/wp-json\/wp\/v2\/users\/1"}],"replies":[{"embeddable":true,"href":"https:\/\/visitplentzia.eus\/fr\/wp-json\/wp\/v2\/comments?post=5780"}],"version-history":[{"count":3,"href":"https:\/\/visitplentzia.eus\/fr\/wp-json\/wp\/v2\/pages\/5780\/revisions"}],"predecessor-version":[{"id":5864,"href":"https:\/\/visitplentzia.eus\/fr\/wp-json\/wp\/v2\/pages\/5780\/revisions\/5864"}],"up":[{"embeddable":true,"href":"https:\/\/visitplentzia.eus\/fr\/wp-json\/wp\/v2\/pages\/5731"}],"wp:featuredmedia":[{"embeddable":true,"href":"https:\/\/visitplentzia.eus\/fr\/wp-json\/wp\/v2\/media\/5781"}],"wp:attachment":[{"href":"https:\/\/visitplentzia.eus\/fr\/wp-json\/wp\/v2\/media?parent=5780"}],"curies":[{"name":"wp","href":"https:\/\/api.w.org\/{rel}","templated":true}]}}