{"id":5786,"date":"2023-05-24T10:07:22","date_gmt":"2023-05-24T08:07:22","guid":{"rendered":"https:\/\/darkslategrey-ape-696608.hostingersite.com\/que-voir\/patrimoine\/isuskiza\/"},"modified":"2024-02-28T21:12:34","modified_gmt":"2024-02-28T21:12:34","slug":"isuskiza","status":"publish","type":"page","link":"https:\/\/visitplentzia.eus\/fr\/que-voir\/patrimoine\/isuskiza\/","title":{"rendered":"Isuskiza"},"content":{"rendered":"\n<div class=\"wp-block-columns is-layout-flex wp-container-core-columns-is-layout-9d6595d7 wp-block-columns-is-layout-flex\">\n<div class=\"wp-block-column is-layout-flow wp-block-column-is-layout-flow\">\n<figure class=\"wp-block-image size-full is-resized\"><img loading=\"lazy\" decoding=\"async\" width=\"768\" height=\"565\" src=\"http:\/\/visitplentzia.eus\/wp-content\/uploads\/2023\/05\/isuskiza-1-1-768x565-1.jpg\" alt=\"\" class=\"wp-image-314\" style=\"width:768px;height:565px\" srcset=\"https:\/\/visitplentzia.eus\/wp-content\/uploads\/2023\/05\/isuskiza-1-1-768x565-1.jpg 768w, https:\/\/visitplentzia.eus\/wp-content\/uploads\/2023\/05\/isuskiza-1-1-768x565-1-300x221.jpg 300w\" sizes=\"auto, (max-width: 768px) 100vw, 768px\" \/><\/figure>\n<\/div>\n\n\n\n<div class=\"wp-block-column is-layout-flow wp-block-column-is-layout-flow\">\n<p>Isuskiza, \u00e9galement connu sous le nom de fan de Plentzia, est l\u2019un des coins secrets de la commune.<\/p>\n\n\n\n<p>La montagne Isuskiza \u00e9tait le terrain communal de la ville de Plentzia et de sa for\u00eat le bois \u00e9tait extrait pour l\u2019industrie navale de la municipalit\u00e9, qui \u00e9tait transport\u00e9 en aval.<\/p>\n\n\n\n<p>Aujourd\u2019hui, c\u2019est une urbanisation \u00e0 l\u2019atmosph\u00e8re calme et agr\u00e9able, accessible, en plus de la route, en remontant la rivi\u00e8re avec un kayak ou un SUP. \u00c0 mar\u00e9e haute, vous pouvez faire une pause sur la jet\u00e9e \u00e0 c\u00f4t\u00e9 du club social.<\/p>\n<\/div>\n<\/div>\n\n\n\n<p>Dans la partie du territoire qui est encore aujourd\u2019hui publique, nous travaillons en collaboration avec l\u2019association Bihurtuz, dans la cr\u00e9ation d\u2019un parc historique botanique, suivant le sc\u00e9nario que nos anc\u00eatres ont dessin\u00e9 il y a des si\u00e8cles.<\/p>\n\n\n\n<p>Plus d\u2019information\u00a0<a href=\"https:\/\/www.isuskizabizirik.org\/\" target=\"_blank\" rel=\"noreferrer noopener\">isuskizabizirik.org<\/a><\/p>\n\n\n\n<iframe src=\"https:\/\/www.google.com\/maps\/embed?pb=!1m18!1m12!1m3!1d11597.366829936796!2d-2.9238729500000002!3d43.3907868!2m3!1f0!2f0!3f0!3m2!1i1024!2i768!4f13.1!3m3!1m2!1s0xd4e4338e752b98d%3A0x89c5a7023537a30b!2s48620%20Isuskitza%2C%20Vizcaya!5e0!3m2!1ses!2ses!4v1684922948776!5m2!1ses!2ses\" width=\"1000\" height=\"400\" style=\"border:0;\" allowfullscreen=\"\" loading=\"lazy\" referrerpolicy=\"no-referrer-when-downgrade\"><\/iframe>\n","protected":false},"excerpt":{"rendered":"<p>Isuskiza, \u00e9galement connu sous le nom de fan de Plentzia, est l\u2019un des coins secrets de la commune. La montagne Isuskiza \u00e9tait le terrain communal de la ville de Plentzia et de sa for\u00eat le bois \u00e9tait extrait pour l\u2019industrie navale de la municipalit\u00e9, qui \u00e9tait transport\u00e9 en aval. Aujourd\u2019hui, c\u2019est une urbanisation \u00e0 l\u2019atmosph\u00e8re [&hellip;]<\/p>\n","protected":false},"author":1,"featured_media":5787,"parent":5731,"menu_order":0,"comment_status":"closed","ping_status":"closed","template":"page-templates\/page-que-ver.php","meta":{"_genesis_hide_title":false,"_genesis_hide_breadcrumbs":false,"_genesis_hide_singular_image":false,"_genesis_hide_footer_widgets":false,"_genesis_custom_body_class":"","_genesis_custom_post_class":"","_genesis_layout":"","footnotes":""},"class_list":{"0":"post-5786","1":"page","2":"type-page","3":"status-publish","4":"has-post-thumbnail","6":"entry"},"acf":[],"yoast_head":"<!-- This site is optimized with the Yoast SEO plugin v27.4 - https:\/\/yoast.com\/product\/yoast-seo-wordpress\/ -->\n<title>Isuskiza - le fan de Plentzia<\/title>\n<meta name=\"description\" content=\"Isuskiza, \u00e9galement connu sous le nom d&#039;\u00e9ventail de Plentzia, est l&#039;un des coins secrets de la commune.\" \/>\n<meta name=\"robots\" content=\"index, follow, max-snippet:-1, max-image-preview:large, max-video-preview:-1\" \/>\n<link rel=\"canonical\" href=\"https:\/\/visitplentzia.eus\/fr\/que-voir\/patrimoine\/isuskiza\/\" \/>\n<meta property=\"og:locale\" content=\"fr_FR\" \/>\n<meta property=\"og:type\" content=\"article\" \/>\n<meta property=\"og:title\" content=\"Isuskiza - le fan de Plentzia\" \/>\n<meta property=\"og:description\" content=\"Isuskiza, \u00e9galement connu sous le nom d&#039;\u00e9ventail de Plentzia, est l&#039;un des coins secrets de la commune.\" \/>\n<meta property=\"og:url\" content=\"https:\/\/visitplentzia.eus\/fr\/que-voir\/patrimoine\/isuskiza\/\" \/>\n<meta property=\"og:site_name\" content=\"Turismo Plentzia\" \/>\n<meta property=\"article:modified_time\" content=\"2024-02-28T21:12:34+00:00\" \/>\n<meta property=\"og:image\" content=\"https:\/\/visitplentzia.eus\/wp-content\/uploads\/2023\/05\/isuskiza-1-1-768x565-1.jpg\" \/>\n\t<meta property=\"og:image:width\" content=\"768\" \/>\n\t<meta property=\"og:image:height\" content=\"565\" \/>\n\t<meta property=\"og:image:type\" content=\"image\/jpeg\" \/>\n<meta name=\"twitter:card\" content=\"summary_large_image\" \/>\n<meta name=\"twitter:label1\" content=\"Dur\u00e9e de lecture estim\u00e9e\" \/>\n\t<meta name=\"twitter:data1\" content=\"1 minute\" \/>\n<script type=\"application\/ld+json\" class=\"yoast-schema-graph\">{\"@context\":\"https:\\\/\\\/schema.org\",\"@graph\":[{\"@type\":\"WebPage\",\"@id\":\"https:\\\/\\\/visitplentzia.eus\\\/fr\\\/que-voir\\\/patrimoine\\\/isuskiza\\\/\",\"url\":\"https:\\\/\\\/visitplentzia.eus\\\/fr\\\/que-voir\\\/patrimoine\\\/isuskiza\\\/\",\"name\":\"Isuskiza - le fan de Plentzia\",\"isPartOf\":{\"@id\":\"https:\\\/\\\/visitplentzia.eus\\\/fr\\\/#website\"},\"primaryImageOfPage\":{\"@id\":\"https:\\\/\\\/visitplentzia.eus\\\/fr\\\/que-voir\\\/patrimoine\\\/isuskiza\\\/#primaryimage\"},\"image\":{\"@id\":\"https:\\\/\\\/visitplentzia.eus\\\/fr\\\/que-voir\\\/patrimoine\\\/isuskiza\\\/#primaryimage\"},\"thumbnailUrl\":\"https:\\\/\\\/visitplentzia.eus\\\/wp-content\\\/uploads\\\/2023\\\/05\\\/isuskiza-1-1-768x565-1.jpg\",\"datePublished\":\"2023-05-24T08:07:22+00:00\",\"dateModified\":\"2024-02-28T21:12:34+00:00\",\"description\":\"Isuskiza, \u00e9galement connu sous le nom d'\u00e9ventail de Plentzia, est l'un des coins secrets de la commune.\",\"breadcrumb\":{\"@id\":\"https:\\\/\\\/visitplentzia.eus\\\/fr\\\/que-voir\\\/patrimoine\\\/isuskiza\\\/#breadcrumb\"},\"inLanguage\":\"fr-FR\",\"potentialAction\":[{\"@type\":\"ReadAction\",\"target\":[\"https:\\\/\\\/visitplentzia.eus\\\/fr\\\/que-voir\\\/patrimoine\\\/isuskiza\\\/\"]}]},{\"@type\":\"ImageObject\",\"inLanguage\":\"fr-FR\",\"@id\":\"https:\\\/\\\/visitplentzia.eus\\\/fr\\\/que-voir\\\/patrimoine\\\/isuskiza\\\/#primaryimage\",\"url\":\"https:\\\/\\\/visitplentzia.eus\\\/wp-content\\\/uploads\\\/2023\\\/05\\\/isuskiza-1-1-768x565-1.jpg\",\"contentUrl\":\"https:\\\/\\\/visitplentzia.eus\\\/wp-content\\\/uploads\\\/2023\\\/05\\\/isuskiza-1-1-768x565-1.jpg\",\"width\":768,\"height\":565,\"caption\":\"Image\"},{\"@type\":\"BreadcrumbList\",\"@id\":\"https:\\\/\\\/visitplentzia.eus\\\/fr\\\/que-voir\\\/patrimoine\\\/isuskiza\\\/#breadcrumb\",\"itemListElement\":[{\"@type\":\"ListItem\",\"position\":1,\"name\":\"Home\",\"item\":\"https:\\\/\\\/visitplentzia.eus\\\/fr\\\/\"},{\"@type\":\"ListItem\",\"position\":2,\"name\":\"Que voir\",\"item\":\"https:\\\/\\\/visitplentzia.eus\\\/fr\\\/que-voir\\\/\"},{\"@type\":\"ListItem\",\"position\":3,\"name\":\"Patrimoine\",\"item\":\"https:\\\/\\\/visitplentzia.eus\\\/fr\\\/que-voir\\\/patrimoine\\\/\"},{\"@type\":\"ListItem\",\"position\":4,\"name\":\"Isuskiza\"}]},{\"@type\":\"WebSite\",\"@id\":\"https:\\\/\\\/visitplentzia.eus\\\/fr\\\/#website\",\"url\":\"https:\\\/\\\/visitplentzia.eus\\\/fr\\\/\",\"name\":\"Turismo Plentzia\",\"description\":\"P\u00e1gina oficial de Turismo Plentzia. Visita su hermosa R\u00eda, su bella playa, su puerto y su pintoresco casco antiguo\",\"publisher\":{\"@id\":\"https:\\\/\\\/visitplentzia.eus\\\/fr\\\/#organization\"},\"alternateName\":\"Turismo Plentzia\",\"potentialAction\":[{\"@type\":\"SearchAction\",\"target\":{\"@type\":\"EntryPoint\",\"urlTemplate\":\"https:\\\/\\\/visitplentzia.eus\\\/fr\\\/?s={search_term_string}\"},\"query-input\":{\"@type\":\"PropertyValueSpecification\",\"valueRequired\":true,\"valueName\":\"search_term_string\"}}],\"inLanguage\":\"fr-FR\"},{\"@type\":\"Organization\",\"@id\":\"https:\\\/\\\/visitplentzia.eus\\\/fr\\\/#organization\",\"name\":\"Plentzia turismo\",\"url\":\"https:\\\/\\\/visitplentzia.eus\\\/fr\\\/\",\"logo\":{\"@type\":\"ImageObject\",\"inLanguage\":\"fr-FR\",\"@id\":\"https:\\\/\\\/visitplentzia.eus\\\/fr\\\/#\\\/schema\\\/logo\\\/image\\\/\",\"url\":\"https:\\\/\\\/visitplentzia.eus\\\/wp-content\\\/uploads\\\/2023\\\/04\\\/logo-plentzia.png\",\"contentUrl\":\"https:\\\/\\\/visitplentzia.eus\\\/wp-content\\\/uploads\\\/2023\\\/04\\\/logo-plentzia.png\",\"width\":130,\"height\":117,\"caption\":\"Plentzia turismo\"},\"image\":{\"@id\":\"https:\\\/\\\/visitplentzia.eus\\\/fr\\\/#\\\/schema\\\/logo\\\/image\\\/\"}}]}<\/script>\n<!-- \/ Yoast SEO plugin. -->","yoast_head_json":{"title":"Isuskiza - le fan de Plentzia","description":"Isuskiza, \u00e9galement connu sous le nom d'\u00e9ventail de Plentzia, est l'un des coins secrets de la commune.","robots":{"index":"index","follow":"follow","max-snippet":"max-snippet:-1","max-image-preview":"max-image-preview:large","max-video-preview":"max-video-preview:-1"},"canonical":"https:\/\/visitplentzia.eus\/fr\/que-voir\/patrimoine\/isuskiza\/","og_locale":"fr_FR","og_type":"article","og_title":"Isuskiza - le fan de Plentzia","og_description":"Isuskiza, \u00e9galement connu sous le nom d'\u00e9ventail de Plentzia, est l'un des coins secrets de la commune.","og_url":"https:\/\/visitplentzia.eus\/fr\/que-voir\/patrimoine\/isuskiza\/","og_site_name":"Turismo Plentzia","article_modified_time":"2024-02-28T21:12:34+00:00","og_image":[{"width":768,"height":565,"url":"https:\/\/visitplentzia.eus\/wp-content\/uploads\/2023\/05\/isuskiza-1-1-768x565-1.jpg","type":"image\/jpeg"}],"twitter_card":"summary_large_image","twitter_misc":{"Dur\u00e9e de lecture estim\u00e9e":"1 minute"},"schema":{"@context":"https:\/\/schema.org","@graph":[{"@type":"WebPage","@id":"https:\/\/visitplentzia.eus\/fr\/que-voir\/patrimoine\/isuskiza\/","url":"https:\/\/visitplentzia.eus\/fr\/que-voir\/patrimoine\/isuskiza\/","name":"Isuskiza - le fan de Plentzia","isPartOf":{"@id":"https:\/\/visitplentzia.eus\/fr\/#website"},"primaryImageOfPage":{"@id":"https:\/\/visitplentzia.eus\/fr\/que-voir\/patrimoine\/isuskiza\/#primaryimage"},"image":{"@id":"https:\/\/visitplentzia.eus\/fr\/que-voir\/patrimoine\/isuskiza\/#primaryimage"},"thumbnailUrl":"https:\/\/visitplentzia.eus\/wp-content\/uploads\/2023\/05\/isuskiza-1-1-768x565-1.jpg","datePublished":"2023-05-24T08:07:22+00:00","dateModified":"2024-02-28T21:12:34+00:00","description":"Isuskiza, \u00e9galement connu sous le nom d'\u00e9ventail de Plentzia, est l'un des coins secrets de la commune.","breadcrumb":{"@id":"https:\/\/visitplentzia.eus\/fr\/que-voir\/patrimoine\/isuskiza\/#breadcrumb"},"inLanguage":"fr-FR","potentialAction":[{"@type":"ReadAction","target":["https:\/\/visitplentzia.eus\/fr\/que-voir\/patrimoine\/isuskiza\/"]}]},{"@type":"ImageObject","inLanguage":"fr-FR","@id":"https:\/\/visitplentzia.eus\/fr\/que-voir\/patrimoine\/isuskiza\/#primaryimage","url":"https:\/\/visitplentzia.eus\/wp-content\/uploads\/2023\/05\/isuskiza-1-1-768x565-1.jpg","contentUrl":"https:\/\/visitplentzia.eus\/wp-content\/uploads\/2023\/05\/isuskiza-1-1-768x565-1.jpg","width":768,"height":565,"caption":"Image"},{"@type":"BreadcrumbList","@id":"https:\/\/visitplentzia.eus\/fr\/que-voir\/patrimoine\/isuskiza\/#breadcrumb","itemListElement":[{"@type":"ListItem","position":1,"name":"Home","item":"https:\/\/visitplentzia.eus\/fr\/"},{"@type":"ListItem","position":2,"name":"Que voir","item":"https:\/\/visitplentzia.eus\/fr\/que-voir\/"},{"@type":"ListItem","position":3,"name":"Patrimoine","item":"https:\/\/visitplentzia.eus\/fr\/que-voir\/patrimoine\/"},{"@type":"ListItem","position":4,"name":"Isuskiza"}]},{"@type":"WebSite","@id":"https:\/\/visitplentzia.eus\/fr\/#website","url":"https:\/\/visitplentzia.eus\/fr\/","name":"Turismo Plentzia","description":"P\u00e1gina oficial de Turismo Plentzia. Visita su hermosa R\u00eda, su bella playa, su puerto y su pintoresco casco antiguo","publisher":{"@id":"https:\/\/visitplentzia.eus\/fr\/#organization"},"alternateName":"Turismo Plentzia","potentialAction":[{"@type":"SearchAction","target":{"@type":"EntryPoint","urlTemplate":"https:\/\/visitplentzia.eus\/fr\/?s={search_term_string}"},"query-input":{"@type":"PropertyValueSpecification","valueRequired":true,"valueName":"search_term_string"}}],"inLanguage":"fr-FR"},{"@type":"Organization","@id":"https:\/\/visitplentzia.eus\/fr\/#organization","name":"Plentzia turismo","url":"https:\/\/visitplentzia.eus\/fr\/","logo":{"@type":"ImageObject","inLanguage":"fr-FR","@id":"https:\/\/visitplentzia.eus\/fr\/#\/schema\/logo\/image\/","url":"https:\/\/visitplentzia.eus\/wp-content\/uploads\/2023\/04\/logo-plentzia.png","contentUrl":"https:\/\/visitplentzia.eus\/wp-content\/uploads\/2023\/04\/logo-plentzia.png","width":130,"height":117,"caption":"Plentzia turismo"},"image":{"@id":"https:\/\/visitplentzia.eus\/fr\/#\/schema\/logo\/image\/"}}]}},"featured_image_src":"https:\/\/visitplentzia.eus\/wp-content\/uploads\/2023\/05\/isuskiza-1-1-768x565-1.jpg","featured_image_src_square":"https:\/\/visitplentzia.eus\/wp-content\/uploads\/2023\/05\/isuskiza-1-1-768x565-1.jpg","publishpress_future_workflow_manual_trigger":{"enabledWorkflows":[]},"_links":{"self":[{"href":"https:\/\/visitplentzia.eus\/fr\/wp-json\/wp\/v2\/pages\/5786","targetHints":{"allow":["GET"]}}],"collection":[{"href":"https:\/\/visitplentzia.eus\/fr\/wp-json\/wp\/v2\/pages"}],"about":[{"href":"https:\/\/visitplentzia.eus\/fr\/wp-json\/wp\/v2\/types\/page"}],"author":[{"embeddable":true,"href":"https:\/\/visitplentzia.eus\/fr\/wp-json\/wp\/v2\/users\/1"}],"replies":[{"embeddable":true,"href":"https:\/\/visitplentzia.eus\/fr\/wp-json\/wp\/v2\/comments?post=5786"}],"version-history":[{"count":3,"href":"https:\/\/visitplentzia.eus\/fr\/wp-json\/wp\/v2\/pages\/5786\/revisions"}],"predecessor-version":[{"id":5865,"href":"https:\/\/visitplentzia.eus\/fr\/wp-json\/wp\/v2\/pages\/5786\/revisions\/5865"}],"up":[{"embeddable":true,"href":"https:\/\/visitplentzia.eus\/fr\/wp-json\/wp\/v2\/pages\/5731"}],"wp:featuredmedia":[{"embeddable":true,"href":"https:\/\/visitplentzia.eus\/fr\/wp-json\/wp\/v2\/media\/5787"}],"wp:attachment":[{"href":"https:\/\/visitplentzia.eus\/fr\/wp-json\/wp\/v2\/media?parent=5786"}],"curies":[{"name":"wp","href":"https:\/\/api.w.org\/{rel}","templated":true}]}}