{"id":5796,"date":"2023-05-24T10:05:30","date_gmt":"2023-05-24T08:05:30","guid":{"rendered":"https:\/\/darkslategrey-ape-696608.hostingersite.com\/que-voir\/patrimoine\/legarrondo-parc\/molino-de-mareas-de-gazteluondo\/"},"modified":"2024-06-01T15:30:35","modified_gmt":"2024-06-01T13:30:35","slug":"moulin-a-maree-de-gazteluondo","status":"publish","type":"page","link":"https:\/\/visitplentzia.eus\/fr\/que-voir\/patrimoine\/moulin-a-maree-de-gazteluondo\/","title":{"rendered":"Moulin \u00e0 mar\u00e9e de Gazteluondo"},"content":{"rendered":"\n<div class=\"wp-block-columns is-layout-flex wp-container-core-columns-is-layout-9d6595d7 wp-block-columns-is-layout-flex\">\n<div class=\"wp-block-column is-layout-flow wp-block-column-is-layout-flow\">\n<figure class=\"wp-block-image size-full\"><img loading=\"lazy\" decoding=\"async\" width=\"360\" height=\"351\" src=\"http:\/\/visitplentzia.eus\/wp-content\/uploads\/2023\/05\/p1190027-360x480-2-e1692175194186.jpg\" alt=\"\" class=\"wp-image-305\" srcset=\"https:\/\/visitplentzia.eus\/wp-content\/uploads\/2023\/05\/p1190027-360x480-2-e1692175194186.jpg 360w, https:\/\/visitplentzia.eus\/wp-content\/uploads\/2023\/05\/p1190027-360x480-2-e1692175194186-300x293.jpg 300w\" sizes=\"auto, (max-width: 360px) 100vw, 360px\" \/><\/figure>\n<\/div>\n\n\n\n<div class=\"wp-block-column is-layout-flow wp-block-column-is-layout-flow\" style=\"flex-basis:60%\">\n<p>Le b\u00e2timent d\u2019origine de ce moulin a \u00e9t\u00e9 construit \u00e0 la fin du Moyen \u00c2ge, en 1506. Plus ancien moulin \u00e0 mar\u00e9e de Biscaye, il \u00e9tait connu sous le nom de moulin de Gazteluondo, car situ\u00e9 sous un petit ch\u00e2teau ou une forteresse. Aujourd\u2019hui, seuls le m\u00e9canisme et les roues \u00e0 moudre sont encore pr\u00e9sents. En effet, la construction du pont et de la route ont contraint au d\u00e9placement du moulin et \u00e0 l\u2019impossibilit\u00e9 de conserver le b\u00e2timent.<\/p>\n\n\n\n<p>Le moulin \u00e9tait entra\u00een\u00e9 par la mont\u00e9e et la descente du niveau de la mer, de sorte que le bassin de retenue se remplissait lorsque la mar\u00e9e montait. Lorsque la mar\u00e9e se retirait, l\u2019eau commen\u00e7ait \u00e0 sortir du bassin pour retourner dans l\u2019estuaire, passant sous le m\u00e9canisme du moulin. Ce mouvement actionnait une roue \u00e0 aubes qui faisait tourner la meule sup\u00e9rieure du moulin sur la meule fixe. Le grain introduit par la partie sup\u00e9rieure \u00e9tait ainsi transform\u00e9 en farine pour chuter dans la cuve correspondante.&nbsp;<\/p>\n<\/div>\n<\/div>\n","protected":false},"excerpt":{"rendered":"<p>Le b\u00e2timent d\u2019origine de ce moulin a \u00e9t\u00e9 construit \u00e0 la fin du Moyen \u00c2ge, en 1506. Plus ancien moulin \u00e0 mar\u00e9e de Biscaye, il \u00e9tait connu sous le nom de moulin de Gazteluondo, car situ\u00e9 sous un petit ch\u00e2teau ou une forteresse. Aujourd\u2019hui, seuls le m\u00e9canisme et les roues \u00e0 moudre sont encore pr\u00e9sents. [&hellip;]<\/p>\n","protected":false},"author":1,"featured_media":5797,"parent":5731,"menu_order":0,"comment_status":"closed","ping_status":"closed","template":"page-templates\/page-que-ver.php","meta":{"_genesis_hide_title":false,"_genesis_hide_breadcrumbs":false,"_genesis_hide_singular_image":false,"_genesis_hide_footer_widgets":false,"_genesis_custom_body_class":"","_genesis_custom_post_class":"","_genesis_layout":"","footnotes":""},"class_list":{"0":"post-5796","1":"page","2":"type-page","3":"status-publish","4":"has-post-thumbnail","6":"entry"},"acf":[],"yoast_head":"<!-- This site is optimized with the Yoast SEO plugin v27.4 - https:\/\/yoast.com\/product\/yoast-seo-wordpress\/ -->\n<title>Moulin \u00e0 mar\u00e9e Gazteluondo \u00e0 Plentzia<\/title>\n<meta name=\"description\" content=\"Le moulin \u00e0 mar\u00e9e Gazteluondo de Plentzia servait \u00e0 d\u00e9placer une roue qui faisait tourner la pierre sup\u00e9rieure du moulin sur la pierre fixe.\" \/>\n<meta name=\"robots\" content=\"index, follow, max-snippet:-1, max-image-preview:large, max-video-preview:-1\" \/>\n<link rel=\"canonical\" href=\"https:\/\/visitplentzia.eus\/fr\/que-voir\/patrimoine\/moulin-a-maree-de-gazteluondo\/\" \/>\n<meta property=\"og:locale\" content=\"fr_FR\" \/>\n<meta property=\"og:type\" content=\"article\" \/>\n<meta property=\"og:title\" content=\"Moulin \u00e0 mar\u00e9e Gazteluondo \u00e0 Plentzia\" \/>\n<meta property=\"og:description\" content=\"Le moulin \u00e0 mar\u00e9e Gazteluondo de Plentzia servait \u00e0 d\u00e9placer une roue qui faisait tourner la pierre sup\u00e9rieure du moulin sur la pierre fixe.\" \/>\n<meta property=\"og:url\" content=\"https:\/\/visitplentzia.eus\/fr\/que-voir\/patrimoine\/moulin-a-maree-de-gazteluondo\/\" \/>\n<meta property=\"og:site_name\" content=\"Turismo Plentzia\" \/>\n<meta property=\"article:modified_time\" content=\"2024-06-01T13:30:35+00:00\" \/>\n<meta property=\"og:image\" content=\"https:\/\/visitplentzia.eus\/wp-content\/uploads\/2023\/05\/p1190027-360x480-1.jpg\" \/>\n\t<meta property=\"og:image:width\" content=\"360\" \/>\n\t<meta property=\"og:image:height\" content=\"480\" \/>\n\t<meta property=\"og:image:type\" content=\"image\/jpeg\" \/>\n<meta name=\"twitter:card\" content=\"summary_large_image\" \/>\n<meta name=\"twitter:label1\" content=\"Dur\u00e9e de lecture estim\u00e9e\" \/>\n\t<meta name=\"twitter:data1\" content=\"2 minutes\" \/>\n<script type=\"application\/ld+json\" class=\"yoast-schema-graph\">{\"@context\":\"https:\\\/\\\/schema.org\",\"@graph\":[{\"@type\":\"WebPage\",\"@id\":\"https:\\\/\\\/visitplentzia.eus\\\/fr\\\/que-voir\\\/patrimoine\\\/moulin-a-maree-de-gazteluondo\\\/\",\"url\":\"https:\\\/\\\/visitplentzia.eus\\\/fr\\\/que-voir\\\/patrimoine\\\/moulin-a-maree-de-gazteluondo\\\/\",\"name\":\"Moulin \u00e0 mar\u00e9e Gazteluondo \u00e0 Plentzia\",\"isPartOf\":{\"@id\":\"https:\\\/\\\/visitplentzia.eus\\\/fr\\\/#website\"},\"primaryImageOfPage\":{\"@id\":\"https:\\\/\\\/visitplentzia.eus\\\/fr\\\/que-voir\\\/patrimoine\\\/moulin-a-maree-de-gazteluondo\\\/#primaryimage\"},\"image\":{\"@id\":\"https:\\\/\\\/visitplentzia.eus\\\/fr\\\/que-voir\\\/patrimoine\\\/moulin-a-maree-de-gazteluondo\\\/#primaryimage\"},\"thumbnailUrl\":\"https:\\\/\\\/visitplentzia.eus\\\/wp-content\\\/uploads\\\/2023\\\/05\\\/p1190027-360x480-1.jpg\",\"datePublished\":\"2023-05-24T08:05:30+00:00\",\"dateModified\":\"2024-06-01T13:30:35+00:00\",\"description\":\"Le moulin \u00e0 mar\u00e9e Gazteluondo de Plentzia servait \u00e0 d\u00e9placer une roue qui faisait tourner la pierre sup\u00e9rieure du moulin sur la pierre fixe.\",\"breadcrumb\":{\"@id\":\"https:\\\/\\\/visitplentzia.eus\\\/fr\\\/que-voir\\\/patrimoine\\\/moulin-a-maree-de-gazteluondo\\\/#breadcrumb\"},\"inLanguage\":\"fr-FR\",\"potentialAction\":[{\"@type\":\"ReadAction\",\"target\":[\"https:\\\/\\\/visitplentzia.eus\\\/fr\\\/que-voir\\\/patrimoine\\\/moulin-a-maree-de-gazteluondo\\\/\"]}]},{\"@type\":\"ImageObject\",\"inLanguage\":\"fr-FR\",\"@id\":\"https:\\\/\\\/visitplentzia.eus\\\/fr\\\/que-voir\\\/patrimoine\\\/moulin-a-maree-de-gazteluondo\\\/#primaryimage\",\"url\":\"https:\\\/\\\/visitplentzia.eus\\\/wp-content\\\/uploads\\\/2023\\\/05\\\/p1190027-360x480-1.jpg\",\"contentUrl\":\"https:\\\/\\\/visitplentzia.eus\\\/wp-content\\\/uploads\\\/2023\\\/05\\\/p1190027-360x480-1.jpg\",\"width\":360,\"height\":480},{\"@type\":\"BreadcrumbList\",\"@id\":\"https:\\\/\\\/visitplentzia.eus\\\/fr\\\/que-voir\\\/patrimoine\\\/moulin-a-maree-de-gazteluondo\\\/#breadcrumb\",\"itemListElement\":[{\"@type\":\"ListItem\",\"position\":1,\"name\":\"Home\",\"item\":\"https:\\\/\\\/visitplentzia.eus\\\/fr\\\/\"},{\"@type\":\"ListItem\",\"position\":2,\"name\":\"Que voir\",\"item\":\"https:\\\/\\\/visitplentzia.eus\\\/fr\\\/que-voir\\\/\"},{\"@type\":\"ListItem\",\"position\":3,\"name\":\"Patrimoine\",\"item\":\"https:\\\/\\\/visitplentzia.eus\\\/fr\\\/que-voir\\\/patrimoine\\\/\"},{\"@type\":\"ListItem\",\"position\":4,\"name\":\"Moulin \u00e0 mar\u00e9e de Gazteluondo\"}]},{\"@type\":\"WebSite\",\"@id\":\"https:\\\/\\\/visitplentzia.eus\\\/fr\\\/#website\",\"url\":\"https:\\\/\\\/visitplentzia.eus\\\/fr\\\/\",\"name\":\"Turismo Plentzia\",\"description\":\"P\u00e1gina oficial de Turismo Plentzia. Visita su hermosa R\u00eda, su bella playa, su puerto y su pintoresco casco antiguo\",\"publisher\":{\"@id\":\"https:\\\/\\\/visitplentzia.eus\\\/fr\\\/#organization\"},\"alternateName\":\"Turismo Plentzia\",\"potentialAction\":[{\"@type\":\"SearchAction\",\"target\":{\"@type\":\"EntryPoint\",\"urlTemplate\":\"https:\\\/\\\/visitplentzia.eus\\\/fr\\\/?s={search_term_string}\"},\"query-input\":{\"@type\":\"PropertyValueSpecification\",\"valueRequired\":true,\"valueName\":\"search_term_string\"}}],\"inLanguage\":\"fr-FR\"},{\"@type\":\"Organization\",\"@id\":\"https:\\\/\\\/visitplentzia.eus\\\/fr\\\/#organization\",\"name\":\"Plentzia turismo\",\"url\":\"https:\\\/\\\/visitplentzia.eus\\\/fr\\\/\",\"logo\":{\"@type\":\"ImageObject\",\"inLanguage\":\"fr-FR\",\"@id\":\"https:\\\/\\\/visitplentzia.eus\\\/fr\\\/#\\\/schema\\\/logo\\\/image\\\/\",\"url\":\"https:\\\/\\\/visitplentzia.eus\\\/wp-content\\\/uploads\\\/2023\\\/04\\\/logo-plentzia.png\",\"contentUrl\":\"https:\\\/\\\/visitplentzia.eus\\\/wp-content\\\/uploads\\\/2023\\\/04\\\/logo-plentzia.png\",\"width\":130,\"height\":117,\"caption\":\"Plentzia turismo\"},\"image\":{\"@id\":\"https:\\\/\\\/visitplentzia.eus\\\/fr\\\/#\\\/schema\\\/logo\\\/image\\\/\"}}]}<\/script>\n<!-- \/ Yoast SEO plugin. -->","yoast_head_json":{"title":"Moulin \u00e0 mar\u00e9e Gazteluondo \u00e0 Plentzia","description":"Le moulin \u00e0 mar\u00e9e Gazteluondo de Plentzia servait \u00e0 d\u00e9placer une roue qui faisait tourner la pierre sup\u00e9rieure du moulin sur la pierre fixe.","robots":{"index":"index","follow":"follow","max-snippet":"max-snippet:-1","max-image-preview":"max-image-preview:large","max-video-preview":"max-video-preview:-1"},"canonical":"https:\/\/visitplentzia.eus\/fr\/que-voir\/patrimoine\/moulin-a-maree-de-gazteluondo\/","og_locale":"fr_FR","og_type":"article","og_title":"Moulin \u00e0 mar\u00e9e Gazteluondo \u00e0 Plentzia","og_description":"Le moulin \u00e0 mar\u00e9e Gazteluondo de Plentzia servait \u00e0 d\u00e9placer une roue qui faisait tourner la pierre sup\u00e9rieure du moulin sur la pierre fixe.","og_url":"https:\/\/visitplentzia.eus\/fr\/que-voir\/patrimoine\/moulin-a-maree-de-gazteluondo\/","og_site_name":"Turismo Plentzia","article_modified_time":"2024-06-01T13:30:35+00:00","og_image":[{"width":360,"height":480,"url":"https:\/\/visitplentzia.eus\/wp-content\/uploads\/2023\/05\/p1190027-360x480-1.jpg","type":"image\/jpeg"}],"twitter_card":"summary_large_image","twitter_misc":{"Dur\u00e9e de lecture estim\u00e9e":"2 minutes"},"schema":{"@context":"https:\/\/schema.org","@graph":[{"@type":"WebPage","@id":"https:\/\/visitplentzia.eus\/fr\/que-voir\/patrimoine\/moulin-a-maree-de-gazteluondo\/","url":"https:\/\/visitplentzia.eus\/fr\/que-voir\/patrimoine\/moulin-a-maree-de-gazteluondo\/","name":"Moulin \u00e0 mar\u00e9e Gazteluondo \u00e0 Plentzia","isPartOf":{"@id":"https:\/\/visitplentzia.eus\/fr\/#website"},"primaryImageOfPage":{"@id":"https:\/\/visitplentzia.eus\/fr\/que-voir\/patrimoine\/moulin-a-maree-de-gazteluondo\/#primaryimage"},"image":{"@id":"https:\/\/visitplentzia.eus\/fr\/que-voir\/patrimoine\/moulin-a-maree-de-gazteluondo\/#primaryimage"},"thumbnailUrl":"https:\/\/visitplentzia.eus\/wp-content\/uploads\/2023\/05\/p1190027-360x480-1.jpg","datePublished":"2023-05-24T08:05:30+00:00","dateModified":"2024-06-01T13:30:35+00:00","description":"Le moulin \u00e0 mar\u00e9e Gazteluondo de Plentzia servait \u00e0 d\u00e9placer une roue qui faisait tourner la pierre sup\u00e9rieure du moulin sur la pierre fixe.","breadcrumb":{"@id":"https:\/\/visitplentzia.eus\/fr\/que-voir\/patrimoine\/moulin-a-maree-de-gazteluondo\/#breadcrumb"},"inLanguage":"fr-FR","potentialAction":[{"@type":"ReadAction","target":["https:\/\/visitplentzia.eus\/fr\/que-voir\/patrimoine\/moulin-a-maree-de-gazteluondo\/"]}]},{"@type":"ImageObject","inLanguage":"fr-FR","@id":"https:\/\/visitplentzia.eus\/fr\/que-voir\/patrimoine\/moulin-a-maree-de-gazteluondo\/#primaryimage","url":"https:\/\/visitplentzia.eus\/wp-content\/uploads\/2023\/05\/p1190027-360x480-1.jpg","contentUrl":"https:\/\/visitplentzia.eus\/wp-content\/uploads\/2023\/05\/p1190027-360x480-1.jpg","width":360,"height":480},{"@type":"BreadcrumbList","@id":"https:\/\/visitplentzia.eus\/fr\/que-voir\/patrimoine\/moulin-a-maree-de-gazteluondo\/#breadcrumb","itemListElement":[{"@type":"ListItem","position":1,"name":"Home","item":"https:\/\/visitplentzia.eus\/fr\/"},{"@type":"ListItem","position":2,"name":"Que voir","item":"https:\/\/visitplentzia.eus\/fr\/que-voir\/"},{"@type":"ListItem","position":3,"name":"Patrimoine","item":"https:\/\/visitplentzia.eus\/fr\/que-voir\/patrimoine\/"},{"@type":"ListItem","position":4,"name":"Moulin \u00e0 mar\u00e9e de Gazteluondo"}]},{"@type":"WebSite","@id":"https:\/\/visitplentzia.eus\/fr\/#website","url":"https:\/\/visitplentzia.eus\/fr\/","name":"Turismo Plentzia","description":"P\u00e1gina oficial de Turismo Plentzia. Visita su hermosa R\u00eda, su bella playa, su puerto y su pintoresco casco antiguo","publisher":{"@id":"https:\/\/visitplentzia.eus\/fr\/#organization"},"alternateName":"Turismo Plentzia","potentialAction":[{"@type":"SearchAction","target":{"@type":"EntryPoint","urlTemplate":"https:\/\/visitplentzia.eus\/fr\/?s={search_term_string}"},"query-input":{"@type":"PropertyValueSpecification","valueRequired":true,"valueName":"search_term_string"}}],"inLanguage":"fr-FR"},{"@type":"Organization","@id":"https:\/\/visitplentzia.eus\/fr\/#organization","name":"Plentzia turismo","url":"https:\/\/visitplentzia.eus\/fr\/","logo":{"@type":"ImageObject","inLanguage":"fr-FR","@id":"https:\/\/visitplentzia.eus\/fr\/#\/schema\/logo\/image\/","url":"https:\/\/visitplentzia.eus\/wp-content\/uploads\/2023\/04\/logo-plentzia.png","contentUrl":"https:\/\/visitplentzia.eus\/wp-content\/uploads\/2023\/04\/logo-plentzia.png","width":130,"height":117,"caption":"Plentzia turismo"},"image":{"@id":"https:\/\/visitplentzia.eus\/fr\/#\/schema\/logo\/image\/"}}]}},"featured_image_src":"https:\/\/visitplentzia.eus\/wp-content\/uploads\/2023\/05\/p1190027-360x480-1.jpg","featured_image_src_square":"https:\/\/visitplentzia.eus\/wp-content\/uploads\/2023\/05\/p1190027-360x480-1.jpg","publishpress_future_workflow_manual_trigger":{"enabledWorkflows":[]},"_links":{"self":[{"href":"https:\/\/visitplentzia.eus\/fr\/wp-json\/wp\/v2\/pages\/5796","targetHints":{"allow":["GET"]}}],"collection":[{"href":"https:\/\/visitplentzia.eus\/fr\/wp-json\/wp\/v2\/pages"}],"about":[{"href":"https:\/\/visitplentzia.eus\/fr\/wp-json\/wp\/v2\/types\/page"}],"author":[{"embeddable":true,"href":"https:\/\/visitplentzia.eus\/fr\/wp-json\/wp\/v2\/users\/1"}],"replies":[{"embeddable":true,"href":"https:\/\/visitplentzia.eus\/fr\/wp-json\/wp\/v2\/comments?post=5796"}],"version-history":[{"count":3,"href":"https:\/\/visitplentzia.eus\/fr\/wp-json\/wp\/v2\/pages\/5796\/revisions"}],"predecessor-version":[{"id":7225,"href":"https:\/\/visitplentzia.eus\/fr\/wp-json\/wp\/v2\/pages\/5796\/revisions\/7225"}],"up":[{"embeddable":true,"href":"https:\/\/visitplentzia.eus\/fr\/wp-json\/wp\/v2\/pages\/5731"}],"wp:featuredmedia":[{"embeddable":true,"href":"https:\/\/visitplentzia.eus\/fr\/wp-json\/wp\/v2\/media\/5797"}],"wp:attachment":[{"href":"https:\/\/visitplentzia.eus\/fr\/wp-json\/wp\/v2\/media?parent=5796"}],"curies":[{"name":"wp","href":"https:\/\/api.w.org\/{rel}","templated":true}]}}