{"id":7050,"date":"2024-06-04T12:55:05","date_gmt":"2024-06-04T10:55:05","guid":{"rendered":"https:\/\/darkslategrey-ape-696608.hostingersite.com\/?page_id=7050"},"modified":"2024-06-19T10:39:55","modified_gmt":"2024-06-19T08:39:55","slug":"txipio","status":"publish","type":"page","link":"https:\/\/visitplentzia.eus\/fr\/txipio\/","title":{"rendered":"Txipio"},"content":{"rendered":"\n<div class=\"wp-block-columns is-layout-flex wp-container-core-columns-is-layout-9d6595d7 wp-block-columns-is-layout-flex\">\n<div class=\"wp-block-column is-layout-flow wp-block-column-is-layout-flow\">\n<p>Pleine de vie, cette partie de la ville se caract\u00e9rise par la tranquillit\u00e9 de sa zone r\u00e9sidentielle et par ses nombreuses ressources naturelles (for\u00eats, collines, marais, etc.).<\/p>\n\n\n\n<p>Les marais sont des zones c\u00f4ti\u00e8res basses inond\u00e9es quotidiennement par les mar\u00e9es et recouvertes d\u2019une v\u00e9g\u00e9tation d\u2019affinit\u00e9 saline. M\u00eame si l\u2019environnement de l\u2019estuaire s\u2019est \u00e9lev\u00e9 au fil des ans, une partie du marais de Txipio est encore conserv\u00e9e, bien que celle-ci ait \u00e9t\u00e9 sur le point de dispara\u00eetre \u00e0 plusieurs reprises, emportant avec elle la biodiversit\u00e9 que l\u2019on peut y trouver. Cet espace a \u00e9t\u00e9 utilis\u00e9 \u00e0 des fins agricoles \u00e0 partir du milieu du XIX<sup>e<\/sup>\u00a0si\u00e8cle. Remblay\u00e9 de mani\u00e8re artificielle, des canaux rectilignes, encore visibles aujourd\u2019hui, ont \u00e9t\u00e9 construits pour favoriser son drainage vers l\u2019estuaire. Une digue de retenue a \u00e9galement \u00e9t\u00e9 \u00e9rig\u00e9e avec deux vannes par lesquelles l\u2019eau \u00e9tait \u00e9vacu\u00e9e vers l\u2019estuaire. La route reliant Barrika \u00e0 Plentzia construite par la suite passe sur cette digue. Le marais a \u00e9t\u00e9 abandonn\u00e9 apr\u00e8s un si\u00e8cle d\u2019exploitation agricole. <\/p>\n\n\n\n<p>Cependant, gr\u00e2ce \u00e0 l\u2019apport d\u2019eau de l\u2019estuaire provoqu\u00e9 par les mar\u00e9es \u00e0 travers les vannes, qui ne sont plus utilis\u00e9es, le marais s\u2019est rapidement r\u00e9g\u00e9n\u00e9r\u00e9 en l\u2019espace d\u2019une cinquantaine d\u2019ann\u00e9es. \u00c0 l\u2019heure actuelle, les marais de Txipio constituent l\u2019environnement naturel le plus pr\u00e9cieux de l\u2019estuaire de Plentzia, se r\u00e9v\u00e9lant \u00eatre un important refuge et une zone de repos remarquable pour les oiseaux migrateurs.<\/p>\n<\/div>\n<\/div>\n\n\n\n<figure class=\"wp-block-gallery has-nested-images columns-default is-cropped wp-block-gallery-1 is-layout-flex wp-block-gallery-is-layout-flex\">\n<figure class=\"wp-block-image size-large\"><img loading=\"lazy\" decoding=\"async\" width=\"1024\" height=\"768\" data-id=\"7023\" src=\"http:\/\/visitplentzia.eus\/wp-content\/uploads\/2024\/05\/IMG_20210302_092849-1024x768.jpg\" alt=\"\" class=\"wp-image-7023\" srcset=\"https:\/\/visitplentzia.eus\/wp-content\/uploads\/2024\/05\/IMG_20210302_092849-1024x768.jpg 1024w, https:\/\/visitplentzia.eus\/wp-content\/uploads\/2024\/05\/IMG_20210302_092849-300x225.jpg 300w, https:\/\/visitplentzia.eus\/wp-content\/uploads\/2024\/05\/IMG_20210302_092849-768x576.jpg 768w, https:\/\/visitplentzia.eus\/wp-content\/uploads\/2024\/05\/IMG_20210302_092849-1536x1152.jpg 1536w, https:\/\/visitplentzia.eus\/wp-content\/uploads\/2024\/05\/IMG_20210302_092849-2048x1536.jpg 2048w, https:\/\/visitplentzia.eus\/wp-content\/uploads\/2024\/05\/IMG_20210302_092849-702x526.jpg 702w\" sizes=\"auto, (max-width: 1024px) 100vw, 1024px\" \/><\/figure>\n\n\n\n<figure class=\"wp-block-image size-large\"><img loading=\"lazy\" decoding=\"async\" width=\"1024\" height=\"768\" data-id=\"7031\" src=\"http:\/\/visitplentzia.eus\/wp-content\/uploads\/2024\/05\/WhatsApp-Image-2024-03-28-at-10.40.312-1024x768.jpeg\" alt=\"\" class=\"wp-image-7031\" srcset=\"https:\/\/visitplentzia.eus\/wp-content\/uploads\/2024\/05\/WhatsApp-Image-2024-03-28-at-10.40.312-1024x768.jpeg 1024w, https:\/\/visitplentzia.eus\/wp-content\/uploads\/2024\/05\/WhatsApp-Image-2024-03-28-at-10.40.312-300x225.jpeg 300w, https:\/\/visitplentzia.eus\/wp-content\/uploads\/2024\/05\/WhatsApp-Image-2024-03-28-at-10.40.312-768x576.jpeg 768w, https:\/\/visitplentzia.eus\/wp-content\/uploads\/2024\/05\/WhatsApp-Image-2024-03-28-at-10.40.312-1536x1152.jpeg 1536w, https:\/\/visitplentzia.eus\/wp-content\/uploads\/2024\/05\/WhatsApp-Image-2024-03-28-at-10.40.312-702x526.jpeg 702w, https:\/\/visitplentzia.eus\/wp-content\/uploads\/2024\/05\/WhatsApp-Image-2024-03-28-at-10.40.312.jpeg 2000w\" sizes=\"auto, (max-width: 1024px) 100vw, 1024px\" \/><\/figure>\n\n\n\n<figure class=\"wp-block-image size-large\"><img loading=\"lazy\" decoding=\"async\" width=\"1024\" height=\"768\" data-id=\"7027\" src=\"http:\/\/visitplentzia.eus\/wp-content\/uploads\/2024\/05\/WhatsApp-Image-2024-03-28-at-10.40.30-1024x768.jpeg\" alt=\"\" class=\"wp-image-7027\" srcset=\"https:\/\/visitplentzia.eus\/wp-content\/uploads\/2024\/05\/WhatsApp-Image-2024-03-28-at-10.40.30-1024x768.jpeg 1024w, https:\/\/visitplentzia.eus\/wp-content\/uploads\/2024\/05\/WhatsApp-Image-2024-03-28-at-10.40.30-300x225.jpeg 300w, https:\/\/visitplentzia.eus\/wp-content\/uploads\/2024\/05\/WhatsApp-Image-2024-03-28-at-10.40.30-768x576.jpeg 768w, https:\/\/visitplentzia.eus\/wp-content\/uploads\/2024\/05\/WhatsApp-Image-2024-03-28-at-10.40.30-1536x1152.jpeg 1536w, https:\/\/visitplentzia.eus\/wp-content\/uploads\/2024\/05\/WhatsApp-Image-2024-03-28-at-10.40.30-702x526.jpeg 702w, https:\/\/visitplentzia.eus\/wp-content\/uploads\/2024\/05\/WhatsApp-Image-2024-03-28-at-10.40.30.jpeg 2000w\" sizes=\"auto, (max-width: 1024px) 100vw, 1024px\" \/><\/figure>\n<\/figure>\n\n\n\n<h2 class=\"wp-block-heading\"><\/h2>\n\n\n\n<iframe src=\"https:\/\/www.google.com\/maps\/embed?pb=!1m18!1m12!1m3!1d4099.650640787001!2d-2.9514408473359883!3d43.40021244813595!2m3!1f0!2f0!3f0!3m2!1i1024!2i768!4f13.1!3m3!1m2!1s0xd4e5cda88945193%3A0x3862d36ba99de6b3!2sTxipio%2C%20Vizcaya!5e0!3m2!1ses!2ses!4v1717574181601!5m2!1ses!2ses\" width=\"1200\" height=\"400\" style=\"border:0;\" allowfullscreen=\"\" loading=\"lazy\" referrerpolicy=\"no-referrer-when-downgrade\"><\/iframe>\n","protected":false},"excerpt":{"rendered":"<p>Pleine de vie, cette partie de la ville se caract\u00e9rise par la tranquillit\u00e9 de sa zone r\u00e9sidentielle et par ses nombreuses ressources naturelles (for\u00eats, collines, marais, etc.). Les marais sont des zones c\u00f4ti\u00e8res basses inond\u00e9es quotidiennement par les mar\u00e9es et recouvertes d\u2019une v\u00e9g\u00e9tation d\u2019affinit\u00e9 saline. M\u00eame si l\u2019environnement de l\u2019estuaire s\u2019est \u00e9lev\u00e9 au fil des [&hellip;]<\/p>\n","protected":false},"author":1,"featured_media":6764,"parent":0,"menu_order":0,"comment_status":"closed","ping_status":"closed","template":"page-templates\/page-que-ver.php","meta":{"_genesis_hide_title":false,"_genesis_hide_breadcrumbs":false,"_genesis_hide_singular_image":false,"_genesis_hide_footer_widgets":false,"_genesis_custom_body_class":"","_genesis_custom_post_class":"","_genesis_layout":"","footnotes":""},"class_list":{"0":"post-7050","1":"page","2":"type-page","3":"status-publish","4":"has-post-thumbnail","6":"entry"},"acf":[],"yoast_head":"<!-- This site is optimized with the Yoast SEO plugin v27.4 - https:\/\/yoast.com\/product\/yoast-seo-wordpress\/ -->\n<title>Txipio - Turismo Plentzia<\/title>\n<meta name=\"description\" content=\"Se trata del barrio de Plentzia m\u00e1s apartado de la \u201ccivilizaci\u00f3n\u201d, \u00a0pero a la vez m\u00e1s enfocado en ser una zona residencial.\" \/>\n<meta name=\"robots\" content=\"index, follow, max-snippet:-1, max-image-preview:large, max-video-preview:-1\" \/>\n<link rel=\"canonical\" href=\"https:\/\/visitplentzia.eus\/fr\/txipio\/\" \/>\n<meta property=\"og:locale\" content=\"fr_FR\" \/>\n<meta property=\"og:type\" content=\"article\" \/>\n<meta property=\"og:title\" content=\"Txipio - Turismo Plentzia\" \/>\n<meta property=\"og:description\" content=\"Se trata del barrio de Plentzia m\u00e1s apartado de la \u201ccivilizaci\u00f3n\u201d, \u00a0pero a la vez m\u00e1s enfocado en ser una zona residencial.\" \/>\n<meta property=\"og:url\" content=\"https:\/\/visitplentzia.eus\/fr\/txipio\/\" \/>\n<meta property=\"og:site_name\" content=\"Turismo Plentzia\" \/>\n<meta property=\"article:modified_time\" content=\"2024-06-19T08:39:55+00:00\" \/>\n<meta property=\"og:image\" content=\"https:\/\/visitplentzia.eus\/wp-content\/uploads\/2024\/04\/WhatsApp-Image-2022-03-14-at-12.08.31.jpeg\" \/>\n\t<meta property=\"og:image:width\" content=\"2000\" \/>\n\t<meta property=\"og:image:height\" content=\"1500\" \/>\n\t<meta property=\"og:image:type\" content=\"image\/jpeg\" \/>\n<meta name=\"twitter:card\" content=\"summary_large_image\" \/>\n<meta name=\"twitter:label1\" content=\"Dur\u00e9e de lecture estim\u00e9e\" \/>\n\t<meta name=\"twitter:data1\" content=\"2 minutes\" \/>\n<script type=\"application\/ld+json\" class=\"yoast-schema-graph\">{\"@context\":\"https:\\\/\\\/schema.org\",\"@graph\":[{\"@type\":\"WebPage\",\"@id\":\"https:\\\/\\\/visitplentzia.eus\\\/fr\\\/txipio\\\/\",\"url\":\"https:\\\/\\\/visitplentzia.eus\\\/fr\\\/txipio\\\/\",\"name\":\"Txipio - Turismo Plentzia\",\"isPartOf\":{\"@id\":\"https:\\\/\\\/visitplentzia.eus\\\/fr\\\/#website\"},\"primaryImageOfPage\":{\"@id\":\"https:\\\/\\\/visitplentzia.eus\\\/fr\\\/txipio\\\/#primaryimage\"},\"image\":{\"@id\":\"https:\\\/\\\/visitplentzia.eus\\\/fr\\\/txipio\\\/#primaryimage\"},\"thumbnailUrl\":\"https:\\\/\\\/visitplentzia.eus\\\/wp-content\\\/uploads\\\/2024\\\/04\\\/WhatsApp-Image-2022-03-14-at-12.08.31.jpeg\",\"datePublished\":\"2024-06-04T10:55:05+00:00\",\"dateModified\":\"2024-06-19T08:39:55+00:00\",\"description\":\"Se trata del barrio de Plentzia m\u00e1s apartado de la \u201ccivilizaci\u00f3n\u201d, \u00a0pero a la vez m\u00e1s enfocado en ser una zona residencial.\",\"breadcrumb\":{\"@id\":\"https:\\\/\\\/visitplentzia.eus\\\/fr\\\/txipio\\\/#breadcrumb\"},\"inLanguage\":\"fr-FR\",\"potentialAction\":[{\"@type\":\"ReadAction\",\"target\":[\"https:\\\/\\\/visitplentzia.eus\\\/fr\\\/txipio\\\/\"]}]},{\"@type\":\"ImageObject\",\"inLanguage\":\"fr-FR\",\"@id\":\"https:\\\/\\\/visitplentzia.eus\\\/fr\\\/txipio\\\/#primaryimage\",\"url\":\"https:\\\/\\\/visitplentzia.eus\\\/wp-content\\\/uploads\\\/2024\\\/04\\\/WhatsApp-Image-2022-03-14-at-12.08.31.jpeg\",\"contentUrl\":\"https:\\\/\\\/visitplentzia.eus\\\/wp-content\\\/uploads\\\/2024\\\/04\\\/WhatsApp-Image-2022-03-14-at-12.08.31.jpeg\",\"width\":2000,\"height\":1500},{\"@type\":\"BreadcrumbList\",\"@id\":\"https:\\\/\\\/visitplentzia.eus\\\/fr\\\/txipio\\\/#breadcrumb\",\"itemListElement\":[{\"@type\":\"ListItem\",\"position\":1,\"name\":\"Home\",\"item\":\"https:\\\/\\\/visitplentzia.eus\\\/fr\\\/\"},{\"@type\":\"ListItem\",\"position\":2,\"name\":\"Txipio\"}]},{\"@type\":\"WebSite\",\"@id\":\"https:\\\/\\\/visitplentzia.eus\\\/fr\\\/#website\",\"url\":\"https:\\\/\\\/visitplentzia.eus\\\/fr\\\/\",\"name\":\"Turismo Plentzia\",\"description\":\"P\u00e1gina oficial de Turismo Plentzia. Visita su hermosa R\u00eda, su bella playa, su puerto y su pintoresco casco antiguo\",\"publisher\":{\"@id\":\"https:\\\/\\\/visitplentzia.eus\\\/fr\\\/#organization\"},\"alternateName\":\"Turismo Plentzia\",\"potentialAction\":[{\"@type\":\"SearchAction\",\"target\":{\"@type\":\"EntryPoint\",\"urlTemplate\":\"https:\\\/\\\/visitplentzia.eus\\\/fr\\\/?s={search_term_string}\"},\"query-input\":{\"@type\":\"PropertyValueSpecification\",\"valueRequired\":true,\"valueName\":\"search_term_string\"}}],\"inLanguage\":\"fr-FR\"},{\"@type\":\"Organization\",\"@id\":\"https:\\\/\\\/visitplentzia.eus\\\/fr\\\/#organization\",\"name\":\"Plentzia turismo\",\"url\":\"https:\\\/\\\/visitplentzia.eus\\\/fr\\\/\",\"logo\":{\"@type\":\"ImageObject\",\"inLanguage\":\"fr-FR\",\"@id\":\"https:\\\/\\\/visitplentzia.eus\\\/fr\\\/#\\\/schema\\\/logo\\\/image\\\/\",\"url\":\"https:\\\/\\\/visitplentzia.eus\\\/wp-content\\\/uploads\\\/2023\\\/04\\\/logo-plentzia.png\",\"contentUrl\":\"https:\\\/\\\/visitplentzia.eus\\\/wp-content\\\/uploads\\\/2023\\\/04\\\/logo-plentzia.png\",\"width\":130,\"height\":117,\"caption\":\"Plentzia turismo\"},\"image\":{\"@id\":\"https:\\\/\\\/visitplentzia.eus\\\/fr\\\/#\\\/schema\\\/logo\\\/image\\\/\"}}]}<\/script>\n<!-- \/ Yoast SEO plugin. -->","yoast_head_json":{"title":"Txipio - Turismo Plentzia","description":"Se trata del barrio de Plentzia m\u00e1s apartado de la \u201ccivilizaci\u00f3n\u201d, \u00a0pero a la vez m\u00e1s enfocado en ser una zona residencial.","robots":{"index":"index","follow":"follow","max-snippet":"max-snippet:-1","max-image-preview":"max-image-preview:large","max-video-preview":"max-video-preview:-1"},"canonical":"https:\/\/visitplentzia.eus\/fr\/txipio\/","og_locale":"fr_FR","og_type":"article","og_title":"Txipio - Turismo Plentzia","og_description":"Se trata del barrio de Plentzia m\u00e1s apartado de la \u201ccivilizaci\u00f3n\u201d, \u00a0pero a la vez m\u00e1s enfocado en ser una zona residencial.","og_url":"https:\/\/visitplentzia.eus\/fr\/txipio\/","og_site_name":"Turismo Plentzia","article_modified_time":"2024-06-19T08:39:55+00:00","og_image":[{"width":2000,"height":1500,"url":"https:\/\/visitplentzia.eus\/wp-content\/uploads\/2024\/04\/WhatsApp-Image-2022-03-14-at-12.08.31.jpeg","type":"image\/jpeg"}],"twitter_card":"summary_large_image","twitter_misc":{"Dur\u00e9e de lecture estim\u00e9e":"2 minutes"},"schema":{"@context":"https:\/\/schema.org","@graph":[{"@type":"WebPage","@id":"https:\/\/visitplentzia.eus\/fr\/txipio\/","url":"https:\/\/visitplentzia.eus\/fr\/txipio\/","name":"Txipio - Turismo Plentzia","isPartOf":{"@id":"https:\/\/visitplentzia.eus\/fr\/#website"},"primaryImageOfPage":{"@id":"https:\/\/visitplentzia.eus\/fr\/txipio\/#primaryimage"},"image":{"@id":"https:\/\/visitplentzia.eus\/fr\/txipio\/#primaryimage"},"thumbnailUrl":"https:\/\/visitplentzia.eus\/wp-content\/uploads\/2024\/04\/WhatsApp-Image-2022-03-14-at-12.08.31.jpeg","datePublished":"2024-06-04T10:55:05+00:00","dateModified":"2024-06-19T08:39:55+00:00","description":"Se trata del barrio de Plentzia m\u00e1s apartado de la \u201ccivilizaci\u00f3n\u201d, \u00a0pero a la vez m\u00e1s enfocado en ser una zona residencial.","breadcrumb":{"@id":"https:\/\/visitplentzia.eus\/fr\/txipio\/#breadcrumb"},"inLanguage":"fr-FR","potentialAction":[{"@type":"ReadAction","target":["https:\/\/visitplentzia.eus\/fr\/txipio\/"]}]},{"@type":"ImageObject","inLanguage":"fr-FR","@id":"https:\/\/visitplentzia.eus\/fr\/txipio\/#primaryimage","url":"https:\/\/visitplentzia.eus\/wp-content\/uploads\/2024\/04\/WhatsApp-Image-2022-03-14-at-12.08.31.jpeg","contentUrl":"https:\/\/visitplentzia.eus\/wp-content\/uploads\/2024\/04\/WhatsApp-Image-2022-03-14-at-12.08.31.jpeg","width":2000,"height":1500},{"@type":"BreadcrumbList","@id":"https:\/\/visitplentzia.eus\/fr\/txipio\/#breadcrumb","itemListElement":[{"@type":"ListItem","position":1,"name":"Home","item":"https:\/\/visitplentzia.eus\/fr\/"},{"@type":"ListItem","position":2,"name":"Txipio"}]},{"@type":"WebSite","@id":"https:\/\/visitplentzia.eus\/fr\/#website","url":"https:\/\/visitplentzia.eus\/fr\/","name":"Turismo Plentzia","description":"P\u00e1gina oficial de Turismo Plentzia. Visita su hermosa R\u00eda, su bella playa, su puerto y su pintoresco casco antiguo","publisher":{"@id":"https:\/\/visitplentzia.eus\/fr\/#organization"},"alternateName":"Turismo Plentzia","potentialAction":[{"@type":"SearchAction","target":{"@type":"EntryPoint","urlTemplate":"https:\/\/visitplentzia.eus\/fr\/?s={search_term_string}"},"query-input":{"@type":"PropertyValueSpecification","valueRequired":true,"valueName":"search_term_string"}}],"inLanguage":"fr-FR"},{"@type":"Organization","@id":"https:\/\/visitplentzia.eus\/fr\/#organization","name":"Plentzia turismo","url":"https:\/\/visitplentzia.eus\/fr\/","logo":{"@type":"ImageObject","inLanguage":"fr-FR","@id":"https:\/\/visitplentzia.eus\/fr\/#\/schema\/logo\/image\/","url":"https:\/\/visitplentzia.eus\/wp-content\/uploads\/2023\/04\/logo-plentzia.png","contentUrl":"https:\/\/visitplentzia.eus\/wp-content\/uploads\/2023\/04\/logo-plentzia.png","width":130,"height":117,"caption":"Plentzia turismo"},"image":{"@id":"https:\/\/visitplentzia.eus\/fr\/#\/schema\/logo\/image\/"}}]}},"featured_image_src":"https:\/\/visitplentzia.eus\/wp-content\/uploads\/2024\/04\/WhatsApp-Image-2022-03-14-at-12.08.31-600x400.jpeg","featured_image_src_square":"https:\/\/visitplentzia.eus\/wp-content\/uploads\/2024\/04\/WhatsApp-Image-2022-03-14-at-12.08.31-600x600.jpeg","publishpress_future_workflow_manual_trigger":{"enabledWorkflows":[]},"_links":{"self":[{"href":"https:\/\/visitplentzia.eus\/fr\/wp-json\/wp\/v2\/pages\/7050","targetHints":{"allow":["GET"]}}],"collection":[{"href":"https:\/\/visitplentzia.eus\/fr\/wp-json\/wp\/v2\/pages"}],"about":[{"href":"https:\/\/visitplentzia.eus\/fr\/wp-json\/wp\/v2\/types\/page"}],"author":[{"embeddable":true,"href":"https:\/\/visitplentzia.eus\/fr\/wp-json\/wp\/v2\/users\/1"}],"replies":[{"embeddable":true,"href":"https:\/\/visitplentzia.eus\/fr\/wp-json\/wp\/v2\/comments?post=7050"}],"version-history":[{"count":20,"href":"https:\/\/visitplentzia.eus\/fr\/wp-json\/wp\/v2\/pages\/7050\/revisions"}],"predecessor-version":[{"id":7669,"href":"https:\/\/visitplentzia.eus\/fr\/wp-json\/wp\/v2\/pages\/7050\/revisions\/7669"}],"wp:featuredmedia":[{"embeddable":true,"href":"https:\/\/visitplentzia.eus\/fr\/wp-json\/wp\/v2\/media\/6764"}],"wp:attachment":[{"href":"https:\/\/visitplentzia.eus\/fr\/wp-json\/wp\/v2\/media?parent=7050"}],"curies":[{"name":"wp","href":"https:\/\/api.w.org\/{rel}","templated":true}]}}