{"id":7112,"date":"2024-06-04T12:54:00","date_gmt":"2024-06-04T10:54:00","guid":{"rendered":"https:\/\/darkslategrey-ape-696608.hostingersite.com\/?page_id=7112"},"modified":"2024-07-04T11:00:44","modified_gmt":"2024-07-04T09:00:44","slug":"gandia","status":"publish","type":"page","link":"https:\/\/visitplentzia.eus\/fr\/gandia\/","title":{"rendered":"GANDIA"},"content":{"rendered":"\n<p>Situ\u00e9 en p\u00e9riph\u00e9rie et entour\u00e9 d\u2019un environnement naturel, il constitue une zone de transition pour plusieurs activit\u00e9s p\u00e9destres de la r\u00e9gion.<\/p>\n\n\n\n<p>Ce quartier abrite \u00e9galement un parc, id\u00e9al pour venir y passer l\u2019apr\u00e8s-midi, y faire un pique-nique ou tout simplement pour s\u2019y balader. Situ\u00e9 \u00e0 proximit\u00e9 de l\u2019estuaire, il dispose de plusieurs zones d\u2019acc\u00e8s \u00e0 l\u2019eau. Il est possible d\u2019y observer une esp\u00e8ce de plante* unique au monde que l\u2019on ne trouve que sur les rives de l\u2019estuaire du Butr\u00f3n.<\/p>\n\n\n\n<p>*L\u2019<em>Apium graveolens subsp. butronensis<\/em> est une plante \u00e9rig\u00e9e et ramifi\u00e9e pouvant atteindre 1,50&nbsp;m de haut. Elle poss\u00e8de des feuilles penn\u00e9es l\u00e9g\u00e8rement \u00e9paisses et de petites fleurs blanc verd\u00e2tre r\u00e9unies en ombelles compos\u00e9es \u00e0 involucre et involucelle nuls.<\/p>\n\n\n\n<figure class=\"wp-block-gallery has-nested-images columns-default is-cropped wp-block-gallery-1 is-layout-flex wp-block-gallery-is-layout-flex\">\n<figure class=\"wp-block-image size-large\"><img loading=\"lazy\" decoding=\"async\" width=\"1024\" height=\"768\" data-id=\"6810\" src=\"http:\/\/visitplentzia.eus\/wp-content\/uploads\/2024\/04\/WhatsApp-Image-2022-03-14-at-12.08.30-1-1024x768.jpeg\" alt=\"\" class=\"wp-image-6810\" srcset=\"https:\/\/visitplentzia.eus\/wp-content\/uploads\/2024\/04\/WhatsApp-Image-2022-03-14-at-12.08.30-1-1024x768.jpeg 1024w, https:\/\/visitplentzia.eus\/wp-content\/uploads\/2024\/04\/WhatsApp-Image-2022-03-14-at-12.08.30-1-300x225.jpeg 300w, https:\/\/visitplentzia.eus\/wp-content\/uploads\/2024\/04\/WhatsApp-Image-2022-03-14-at-12.08.30-1-768x576.jpeg 768w, https:\/\/visitplentzia.eus\/wp-content\/uploads\/2024\/04\/WhatsApp-Image-2022-03-14-at-12.08.30-1-1536x1152.jpeg 1536w, https:\/\/visitplentzia.eus\/wp-content\/uploads\/2024\/04\/WhatsApp-Image-2022-03-14-at-12.08.30-1-702x526.jpeg 702w, https:\/\/visitplentzia.eus\/wp-content\/uploads\/2024\/04\/WhatsApp-Image-2022-03-14-at-12.08.30-1.jpeg 2000w\" sizes=\"auto, (max-width: 1024px) 100vw, 1024px\" \/><\/figure>\n\n\n\n<figure class=\"wp-block-image size-large\"><img loading=\"lazy\" decoding=\"async\" width=\"1024\" height=\"768\" data-id=\"6802\" src=\"http:\/\/visitplentzia.eus\/wp-content\/uploads\/2024\/04\/WhatsApp-Image-2022-03-14-at-12.08.311-1024x768.jpeg\" alt=\"\" class=\"wp-image-6802\" srcset=\"https:\/\/visitplentzia.eus\/wp-content\/uploads\/2024\/04\/WhatsApp-Image-2022-03-14-at-12.08.311-1024x768.jpeg 1024w, https:\/\/visitplentzia.eus\/wp-content\/uploads\/2024\/04\/WhatsApp-Image-2022-03-14-at-12.08.311-300x225.jpeg 300w, https:\/\/visitplentzia.eus\/wp-content\/uploads\/2024\/04\/WhatsApp-Image-2022-03-14-at-12.08.311-768x576.jpeg 768w, https:\/\/visitplentzia.eus\/wp-content\/uploads\/2024\/04\/WhatsApp-Image-2022-03-14-at-12.08.311-1536x1152.jpeg 1536w, https:\/\/visitplentzia.eus\/wp-content\/uploads\/2024\/04\/WhatsApp-Image-2022-03-14-at-12.08.311-702x526.jpeg 702w, https:\/\/visitplentzia.eus\/wp-content\/uploads\/2024\/04\/WhatsApp-Image-2022-03-14-at-12.08.311.jpeg 2000w\" sizes=\"auto, (max-width: 1024px) 100vw, 1024px\" \/><\/figure>\n\n\n\n<figure class=\"wp-block-image size-large\"><img loading=\"lazy\" decoding=\"async\" width=\"1024\" height=\"768\" data-id=\"6803\" src=\"http:\/\/visitplentzia.eus\/wp-content\/uploads\/2024\/04\/WhatsApp-Image-2022-03-14-at-12.08.31-1-1024x768.jpeg\" alt=\"\" class=\"wp-image-6803\" srcset=\"https:\/\/visitplentzia.eus\/wp-content\/uploads\/2024\/04\/WhatsApp-Image-2022-03-14-at-12.08.31-1-1024x768.jpeg 1024w, https:\/\/visitplentzia.eus\/wp-content\/uploads\/2024\/04\/WhatsApp-Image-2022-03-14-at-12.08.31-1-300x225.jpeg 300w, https:\/\/visitplentzia.eus\/wp-content\/uploads\/2024\/04\/WhatsApp-Image-2022-03-14-at-12.08.31-1-768x576.jpeg 768w, https:\/\/visitplentzia.eus\/wp-content\/uploads\/2024\/04\/WhatsApp-Image-2022-03-14-at-12.08.31-1-1536x1152.jpeg 1536w, https:\/\/visitplentzia.eus\/wp-content\/uploads\/2024\/04\/WhatsApp-Image-2022-03-14-at-12.08.31-1-702x526.jpeg 702w, https:\/\/visitplentzia.eus\/wp-content\/uploads\/2024\/04\/WhatsApp-Image-2022-03-14-at-12.08.31-1.jpeg 2000w\" sizes=\"auto, (max-width: 1024px) 100vw, 1024px\" \/><\/figure>\n<\/figure>\n","protected":false},"excerpt":{"rendered":"<p>Situ\u00e9 en p\u00e9riph\u00e9rie et entour\u00e9 d\u2019un environnement naturel, il constitue une zone de transition pour plusieurs activit\u00e9s p\u00e9destres de la r\u00e9gion. Ce quartier abrite \u00e9galement un parc, id\u00e9al pour venir y passer l\u2019apr\u00e8s-midi, y faire un pique-nique ou tout simplement pour s\u2019y balader. Situ\u00e9 \u00e0 proximit\u00e9 de l\u2019estuaire, il dispose de plusieurs zones d\u2019acc\u00e8s \u00e0 [&hellip;]<\/p>\n","protected":false},"author":1,"featured_media":6813,"parent":0,"menu_order":0,"comment_status":"closed","ping_status":"closed","template":"page-templates\/page-que-ver.php","meta":{"_genesis_hide_title":false,"_genesis_hide_breadcrumbs":false,"_genesis_hide_singular_image":false,"_genesis_hide_footer_widgets":false,"_genesis_custom_body_class":"","_genesis_custom_post_class":"","_genesis_layout":"","footnotes":""},"class_list":{"0":"post-7112","1":"page","2":"type-page","3":"status-publish","4":"has-post-thumbnail","6":"entry"},"acf":[],"yoast_head":"<!-- This site is optimized with the Yoast SEO plugin v27.4 - https:\/\/yoast.com\/product\/yoast-seo-wordpress\/ -->\n<title>GANDIA - Turismo Plentzia<\/title>\n<meta name=\"description\" content=\"Il s\u2019agit du quartier de Plentzia le plus \u00e9loign\u00e9 de la \u00ab\u00a0civilisation&quot;, mais aussi le plus r\u00e9sidentiel.\" \/>\n<meta name=\"robots\" content=\"index, follow, max-snippet:-1, max-image-preview:large, max-video-preview:-1\" \/>\n<link rel=\"canonical\" href=\"https:\/\/visitplentzia.eus\/fr\/gandia\/\" \/>\n<meta property=\"og:locale\" content=\"fr_FR\" \/>\n<meta property=\"og:type\" content=\"article\" \/>\n<meta property=\"og:title\" content=\"GANDIA - Turismo Plentzia\" \/>\n<meta property=\"og:description\" content=\"Il s\u2019agit du quartier de Plentzia le plus \u00e9loign\u00e9 de la \u00ab\u00a0civilisation&quot;, mais aussi le plus r\u00e9sidentiel.\" \/>\n<meta property=\"og:url\" content=\"https:\/\/visitplentzia.eus\/fr\/gandia\/\" \/>\n<meta property=\"og:site_name\" content=\"Turismo Plentzia\" \/>\n<meta property=\"article:modified_time\" content=\"2024-07-04T09:00:44+00:00\" \/>\n<meta property=\"og:image\" content=\"https:\/\/visitplentzia.eus\/wp-content\/uploads\/2024\/04\/WhatsApp-Image-2022-03-14-at-12.08.30-1.jpeg\" \/>\n\t<meta property=\"og:image:width\" content=\"2000\" \/>\n\t<meta property=\"og:image:height\" content=\"1500\" \/>\n\t<meta property=\"og:image:type\" content=\"image\/jpeg\" \/>\n<meta name=\"twitter:card\" content=\"summary_large_image\" \/>\n<meta name=\"twitter:label1\" content=\"Dur\u00e9e de lecture estim\u00e9e\" \/>\n\t<meta name=\"twitter:data1\" content=\"2 minutes\" \/>\n<script type=\"application\/ld+json\" class=\"yoast-schema-graph\">{\"@context\":\"https:\\\/\\\/schema.org\",\"@graph\":[{\"@type\":\"WebPage\",\"@id\":\"https:\\\/\\\/visitplentzia.eus\\\/fr\\\/gandia\\\/\",\"url\":\"https:\\\/\\\/visitplentzia.eus\\\/fr\\\/gandia\\\/\",\"name\":\"GANDIA - Turismo Plentzia\",\"isPartOf\":{\"@id\":\"https:\\\/\\\/visitplentzia.eus\\\/fr\\\/#website\"},\"primaryImageOfPage\":{\"@id\":\"https:\\\/\\\/visitplentzia.eus\\\/fr\\\/gandia\\\/#primaryimage\"},\"image\":{\"@id\":\"https:\\\/\\\/visitplentzia.eus\\\/fr\\\/gandia\\\/#primaryimage\"},\"thumbnailUrl\":\"https:\\\/\\\/visitplentzia.eus\\\/wp-content\\\/uploads\\\/2024\\\/04\\\/WhatsApp-Image-2022-03-14-at-12.08.30-1.jpeg\",\"datePublished\":\"2024-06-04T10:54:00+00:00\",\"dateModified\":\"2024-07-04T09:00:44+00:00\",\"description\":\"Il s\u2019agit du quartier de Plentzia le plus \u00e9loign\u00e9 de la \u00ab\u00a0civilisation\\\", mais aussi le plus r\u00e9sidentiel.\",\"breadcrumb\":{\"@id\":\"https:\\\/\\\/visitplentzia.eus\\\/fr\\\/gandia\\\/#breadcrumb\"},\"inLanguage\":\"fr-FR\",\"potentialAction\":[{\"@type\":\"ReadAction\",\"target\":[\"https:\\\/\\\/visitplentzia.eus\\\/fr\\\/gandia\\\/\"]}]},{\"@type\":\"ImageObject\",\"inLanguage\":\"fr-FR\",\"@id\":\"https:\\\/\\\/visitplentzia.eus\\\/fr\\\/gandia\\\/#primaryimage\",\"url\":\"https:\\\/\\\/visitplentzia.eus\\\/wp-content\\\/uploads\\\/2024\\\/04\\\/WhatsApp-Image-2022-03-14-at-12.08.30-1.jpeg\",\"contentUrl\":\"https:\\\/\\\/visitplentzia.eus\\\/wp-content\\\/uploads\\\/2024\\\/04\\\/WhatsApp-Image-2022-03-14-at-12.08.30-1.jpeg\",\"width\":2000,\"height\":1500},{\"@type\":\"BreadcrumbList\",\"@id\":\"https:\\\/\\\/visitplentzia.eus\\\/fr\\\/gandia\\\/#breadcrumb\",\"itemListElement\":[{\"@type\":\"ListItem\",\"position\":1,\"name\":\"Home\",\"item\":\"https:\\\/\\\/visitplentzia.eus\\\/fr\\\/\"},{\"@type\":\"ListItem\",\"position\":2,\"name\":\"GANDIA\"}]},{\"@type\":\"WebSite\",\"@id\":\"https:\\\/\\\/visitplentzia.eus\\\/fr\\\/#website\",\"url\":\"https:\\\/\\\/visitplentzia.eus\\\/fr\\\/\",\"name\":\"Turismo Plentzia\",\"description\":\"P\u00e1gina oficial de Turismo Plentzia. Visita su hermosa R\u00eda, su bella playa, su puerto y su pintoresco casco antiguo\",\"publisher\":{\"@id\":\"https:\\\/\\\/visitplentzia.eus\\\/fr\\\/#organization\"},\"alternateName\":\"Turismo Plentzia\",\"potentialAction\":[{\"@type\":\"SearchAction\",\"target\":{\"@type\":\"EntryPoint\",\"urlTemplate\":\"https:\\\/\\\/visitplentzia.eus\\\/fr\\\/?s={search_term_string}\"},\"query-input\":{\"@type\":\"PropertyValueSpecification\",\"valueRequired\":true,\"valueName\":\"search_term_string\"}}],\"inLanguage\":\"fr-FR\"},{\"@type\":\"Organization\",\"@id\":\"https:\\\/\\\/visitplentzia.eus\\\/fr\\\/#organization\",\"name\":\"Plentzia turismo\",\"url\":\"https:\\\/\\\/visitplentzia.eus\\\/fr\\\/\",\"logo\":{\"@type\":\"ImageObject\",\"inLanguage\":\"fr-FR\",\"@id\":\"https:\\\/\\\/visitplentzia.eus\\\/fr\\\/#\\\/schema\\\/logo\\\/image\\\/\",\"url\":\"https:\\\/\\\/visitplentzia.eus\\\/wp-content\\\/uploads\\\/2023\\\/04\\\/logo-plentzia.png\",\"contentUrl\":\"https:\\\/\\\/visitplentzia.eus\\\/wp-content\\\/uploads\\\/2023\\\/04\\\/logo-plentzia.png\",\"width\":130,\"height\":117,\"caption\":\"Plentzia turismo\"},\"image\":{\"@id\":\"https:\\\/\\\/visitplentzia.eus\\\/fr\\\/#\\\/schema\\\/logo\\\/image\\\/\"}}]}<\/script>\n<!-- \/ Yoast SEO plugin. -->","yoast_head_json":{"title":"GANDIA - Turismo Plentzia","description":"Il s\u2019agit du quartier de Plentzia le plus \u00e9loign\u00e9 de la \u00ab\u00a0civilisation\", mais aussi le plus r\u00e9sidentiel.","robots":{"index":"index","follow":"follow","max-snippet":"max-snippet:-1","max-image-preview":"max-image-preview:large","max-video-preview":"max-video-preview:-1"},"canonical":"https:\/\/visitplentzia.eus\/fr\/gandia\/","og_locale":"fr_FR","og_type":"article","og_title":"GANDIA - Turismo Plentzia","og_description":"Il s\u2019agit du quartier de Plentzia le plus \u00e9loign\u00e9 de la \u00ab\u00a0civilisation\", mais aussi le plus r\u00e9sidentiel.","og_url":"https:\/\/visitplentzia.eus\/fr\/gandia\/","og_site_name":"Turismo Plentzia","article_modified_time":"2024-07-04T09:00:44+00:00","og_image":[{"width":2000,"height":1500,"url":"https:\/\/visitplentzia.eus\/wp-content\/uploads\/2024\/04\/WhatsApp-Image-2022-03-14-at-12.08.30-1.jpeg","type":"image\/jpeg"}],"twitter_card":"summary_large_image","twitter_misc":{"Dur\u00e9e de lecture estim\u00e9e":"2 minutes"},"schema":{"@context":"https:\/\/schema.org","@graph":[{"@type":"WebPage","@id":"https:\/\/visitplentzia.eus\/fr\/gandia\/","url":"https:\/\/visitplentzia.eus\/fr\/gandia\/","name":"GANDIA - Turismo Plentzia","isPartOf":{"@id":"https:\/\/visitplentzia.eus\/fr\/#website"},"primaryImageOfPage":{"@id":"https:\/\/visitplentzia.eus\/fr\/gandia\/#primaryimage"},"image":{"@id":"https:\/\/visitplentzia.eus\/fr\/gandia\/#primaryimage"},"thumbnailUrl":"https:\/\/visitplentzia.eus\/wp-content\/uploads\/2024\/04\/WhatsApp-Image-2022-03-14-at-12.08.30-1.jpeg","datePublished":"2024-06-04T10:54:00+00:00","dateModified":"2024-07-04T09:00:44+00:00","description":"Il s\u2019agit du quartier de Plentzia le plus \u00e9loign\u00e9 de la \u00ab\u00a0civilisation\", mais aussi le plus r\u00e9sidentiel.","breadcrumb":{"@id":"https:\/\/visitplentzia.eus\/fr\/gandia\/#breadcrumb"},"inLanguage":"fr-FR","potentialAction":[{"@type":"ReadAction","target":["https:\/\/visitplentzia.eus\/fr\/gandia\/"]}]},{"@type":"ImageObject","inLanguage":"fr-FR","@id":"https:\/\/visitplentzia.eus\/fr\/gandia\/#primaryimage","url":"https:\/\/visitplentzia.eus\/wp-content\/uploads\/2024\/04\/WhatsApp-Image-2022-03-14-at-12.08.30-1.jpeg","contentUrl":"https:\/\/visitplentzia.eus\/wp-content\/uploads\/2024\/04\/WhatsApp-Image-2022-03-14-at-12.08.30-1.jpeg","width":2000,"height":1500},{"@type":"BreadcrumbList","@id":"https:\/\/visitplentzia.eus\/fr\/gandia\/#breadcrumb","itemListElement":[{"@type":"ListItem","position":1,"name":"Home","item":"https:\/\/visitplentzia.eus\/fr\/"},{"@type":"ListItem","position":2,"name":"GANDIA"}]},{"@type":"WebSite","@id":"https:\/\/visitplentzia.eus\/fr\/#website","url":"https:\/\/visitplentzia.eus\/fr\/","name":"Turismo Plentzia","description":"P\u00e1gina oficial de Turismo Plentzia. Visita su hermosa R\u00eda, su bella playa, su puerto y su pintoresco casco antiguo","publisher":{"@id":"https:\/\/visitplentzia.eus\/fr\/#organization"},"alternateName":"Turismo Plentzia","potentialAction":[{"@type":"SearchAction","target":{"@type":"EntryPoint","urlTemplate":"https:\/\/visitplentzia.eus\/fr\/?s={search_term_string}"},"query-input":{"@type":"PropertyValueSpecification","valueRequired":true,"valueName":"search_term_string"}}],"inLanguage":"fr-FR"},{"@type":"Organization","@id":"https:\/\/visitplentzia.eus\/fr\/#organization","name":"Plentzia turismo","url":"https:\/\/visitplentzia.eus\/fr\/","logo":{"@type":"ImageObject","inLanguage":"fr-FR","@id":"https:\/\/visitplentzia.eus\/fr\/#\/schema\/logo\/image\/","url":"https:\/\/visitplentzia.eus\/wp-content\/uploads\/2023\/04\/logo-plentzia.png","contentUrl":"https:\/\/visitplentzia.eus\/wp-content\/uploads\/2023\/04\/logo-plentzia.png","width":130,"height":117,"caption":"Plentzia turismo"},"image":{"@id":"https:\/\/visitplentzia.eus\/fr\/#\/schema\/logo\/image\/"}}]}},"featured_image_src":"https:\/\/visitplentzia.eus\/wp-content\/uploads\/2024\/04\/WhatsApp-Image-2022-03-14-at-12.08.30-1-600x400.jpeg","featured_image_src_square":"https:\/\/visitplentzia.eus\/wp-content\/uploads\/2024\/04\/WhatsApp-Image-2022-03-14-at-12.08.30-1-600x600.jpeg","publishpress_future_workflow_manual_trigger":{"enabledWorkflows":[]},"_links":{"self":[{"href":"https:\/\/visitplentzia.eus\/fr\/wp-json\/wp\/v2\/pages\/7112","targetHints":{"allow":["GET"]}}],"collection":[{"href":"https:\/\/visitplentzia.eus\/fr\/wp-json\/wp\/v2\/pages"}],"about":[{"href":"https:\/\/visitplentzia.eus\/fr\/wp-json\/wp\/v2\/types\/page"}],"author":[{"embeddable":true,"href":"https:\/\/visitplentzia.eus\/fr\/wp-json\/wp\/v2\/users\/1"}],"replies":[{"embeddable":true,"href":"https:\/\/visitplentzia.eus\/fr\/wp-json\/wp\/v2\/comments?post=7112"}],"version-history":[{"count":3,"href":"https:\/\/visitplentzia.eus\/fr\/wp-json\/wp\/v2\/pages\/7112\/revisions"}],"predecessor-version":[{"id":7414,"href":"https:\/\/visitplentzia.eus\/fr\/wp-json\/wp\/v2\/pages\/7112\/revisions\/7414"}],"wp:featuredmedia":[{"embeddable":true,"href":"https:\/\/visitplentzia.eus\/fr\/wp-json\/wp\/v2\/media\/6813"}],"wp:attachment":[{"href":"https:\/\/visitplentzia.eus\/fr\/wp-json\/wp\/v2\/media?parent=7112"}],"curies":[{"name":"wp","href":"https:\/\/api.w.org\/{rel}","templated":true}]}}