{"id":7144,"date":"2024-04-20T13:17:28","date_gmt":"2024-04-20T11:17:28","guid":{"rendered":"https:\/\/darkslategrey-ape-696608.hostingersite.com\/?page_id=7144"},"modified":"2024-07-04T11:05:09","modified_gmt":"2024-07-04T09:05:09","slug":"quartiers-de-plentzia","status":"publish","type":"page","link":"https:\/\/visitplentzia.eus\/fr\/quartiers-de-plentzia\/","title":{"rendered":"Quartiers de Plentzia"},"content":{"rendered":"\n<div class=\"wp-block-columns is-layout-flex wp-container-core-columns-is-layout-9d6595d7 wp-block-columns-is-layout-flex\">\n<div class=\"wp-block-column is-layout-flow wp-block-column-is-layout-flow\">\n<p>Des anciens marais r\u00e9g\u00e9n\u00e9r\u00e9s de Txipio au charme rural de Saratxaga, en passant par le quartier bien cach\u00e9 d\u2019Isuskiza et la s\u00e9r\u00e9nit\u00e9 r\u00e9sidentielle de Gandia, chaque partie de la ville poss\u00e8de sa propre identit\u00e9 et ses attraits sp\u00e9cifiques, ces derniers invitant \u00e0 d\u00e9couvrir chaque recoin et \u00e0 profiter pleinement de la beaut\u00e9 de la r\u00e9gion.<\/p>\n<\/div>\n<\/div>\n\n\n\n<div id=\"listado-cards-block_845d644995feda5480ae7839168ae55b\" class=\"listado-cards \">\n\n                    <div class=\"control-cards-grid horizontal-block\">\n                    \n                                                <div class=\"single-card\">\n                            <div class=\"image\">\n                                <a href=\"https:\/\/visitplentzia.eus\/fr\/gandia\/\">\n                                    <img loading=\"lazy\" decoding=\"async\" width=\"2000\" height=\"1500\" src=\"https:\/\/visitplentzia.eus\/wp-content\/uploads\/2024\/04\/WhatsApp-Image-2022-03-14-at-12.08.31.jpeg\" class=\"attachment-full size-full\" alt=\"\" srcset=\"https:\/\/visitplentzia.eus\/wp-content\/uploads\/2024\/04\/WhatsApp-Image-2022-03-14-at-12.08.31.jpeg 2000w, https:\/\/visitplentzia.eus\/wp-content\/uploads\/2024\/04\/WhatsApp-Image-2022-03-14-at-12.08.31-300x225.jpeg 300w, https:\/\/visitplentzia.eus\/wp-content\/uploads\/2024\/04\/WhatsApp-Image-2022-03-14-at-12.08.31-1024x768.jpeg 1024w, https:\/\/visitplentzia.eus\/wp-content\/uploads\/2024\/04\/WhatsApp-Image-2022-03-14-at-12.08.31-768x576.jpeg 768w, https:\/\/visitplentzia.eus\/wp-content\/uploads\/2024\/04\/WhatsApp-Image-2022-03-14-at-12.08.31-1536x1152.jpeg 1536w, https:\/\/visitplentzia.eus\/wp-content\/uploads\/2024\/04\/WhatsApp-Image-2022-03-14-at-12.08.31-702x526.jpeg 702w\" sizes=\"auto, (max-width: 2000px) 100vw, 2000px\" \/>                                <\/a>\n                            <\/div>\n                            <div class=\"texto\">\n                                <p class=\"title\">\n                                    <a href=\"https:\/\/visitplentzia.eus\/fr\/gandia\/\">\n                                        GANDIA                                    <\/a>\n                                <\/p>\n                                <div class=\"resumen\">\n                                    <p>Il s\u2019agit du quartier de Plentzia le plus \u00e9loign\u00e9 de la \u00ab\u00a0civilisation\u00a0\u00bb, mais aussi le plus r\u00e9sidentiel.<\/p>\n                                <\/div>\n                                <div class=\"button-container\">\n                                    <p>\n                                        <a class=\"button\" href=\"https:\/\/visitplentzia.eus\/fr\/gandia\/\">Plus d&rsquo;informations<\/a>\n                                    <\/p>\n                                <\/div>\n                            <\/div>\n                        <\/div>\n                \n                    \n                                                <div class=\"single-card\">\n                            <div class=\"image\">\n                                <a href=\"https:\/\/visitplentzia.eus\/fr\/isuskiza\/\">\n                                    <img loading=\"lazy\" decoding=\"async\" width=\"768\" height=\"565\" src=\"https:\/\/visitplentzia.eus\/wp-content\/uploads\/2024\/05\/isuskiza-1-1-768x565-1-e1717574091625.jpg\" class=\"attachment-full size-full\" alt=\"\" \/>                                <\/a>\n                            <\/div>\n                            <div class=\"texto\">\n                                <p class=\"title\">\n                                    <a href=\"https:\/\/visitplentzia.eus\/fr\/isuskiza\/\">\n                                        Isuskiza                                    <\/a>\n                                <\/p>\n                                <div class=\"resumen\">\n                                    <p>Also known as the fan of Plentzia, Isuskiza is one of the secret spots of the town.<\/p>\n                                <\/div>\n                                <div class=\"button-container\">\n                                    <p>\n                                        <a class=\"button\" href=\"https:\/\/visitplentzia.eus\/fr\/isuskiza\/\">Plus d&rsquo;informations<\/a>\n                                    <\/p>\n                                <\/div>\n                            <\/div>\n                        <\/div>\n                \n                    \n                                                <div class=\"single-card\">\n                            <div class=\"image\">\n                                <a href=\"https:\/\/visitplentzia.eus\/fr\/saratxaga\/\">\n                                    <img loading=\"lazy\" decoding=\"async\" width=\"2000\" height=\"1500\" src=\"https:\/\/visitplentzia.eus\/wp-content\/uploads\/2024\/05\/WhatsApp-Image-2022-03-14-at-12.08.34.jpeg\" class=\"attachment-full size-full\" alt=\"\" srcset=\"https:\/\/visitplentzia.eus\/wp-content\/uploads\/2024\/05\/WhatsApp-Image-2022-03-14-at-12.08.34.jpeg 2000w, https:\/\/visitplentzia.eus\/wp-content\/uploads\/2024\/05\/WhatsApp-Image-2022-03-14-at-12.08.34-300x225.jpeg 300w, https:\/\/visitplentzia.eus\/wp-content\/uploads\/2024\/05\/WhatsApp-Image-2022-03-14-at-12.08.34-1024x768.jpeg 1024w, https:\/\/visitplentzia.eus\/wp-content\/uploads\/2024\/05\/WhatsApp-Image-2022-03-14-at-12.08.34-768x576.jpeg 768w, https:\/\/visitplentzia.eus\/wp-content\/uploads\/2024\/05\/WhatsApp-Image-2022-03-14-at-12.08.34-1536x1152.jpeg 1536w, https:\/\/visitplentzia.eus\/wp-content\/uploads\/2024\/05\/WhatsApp-Image-2022-03-14-at-12.08.34-702x526.jpeg 702w\" sizes=\"auto, (max-width: 2000px) 100vw, 2000px\" \/>                                <\/a>\n                            <\/div>\n                            <div class=\"texto\">\n                                <p class=\"title\">\n                                    <a href=\"https:\/\/visitplentzia.eus\/fr\/saratxaga\/\">\n                                        Saratxaga                                     <\/a>\n                                <\/p>\n                                <div class=\"resumen\">\n                                    <p>Plentzia poss\u00e8de une zone rurale qui abrite une biodiversit\u00e9 unique, aussi fascinante que celle des milieux aquatiques.<\/p>\n                                <\/div>\n                                <div class=\"button-container\">\n                                    <p>\n                                        <a class=\"button\" href=\"https:\/\/visitplentzia.eus\/fr\/saratxaga\/\">Plus d&rsquo;informations<\/a>\n                                    <\/p>\n                                <\/div>\n                            <\/div>\n                        <\/div>\n                \n                    \n                                                <div class=\"single-card\">\n                            <div class=\"image\">\n                                <a href=\"https:\/\/visitplentzia.eus\/fr\/txipio\/\">\n                                    <img loading=\"lazy\" decoding=\"async\" width=\"2560\" height=\"1920\" src=\"https:\/\/visitplentzia.eus\/wp-content\/uploads\/2024\/05\/IMG_20210302_092849-scaled.jpg\" class=\"attachment-full size-full\" alt=\"\" srcset=\"https:\/\/visitplentzia.eus\/wp-content\/uploads\/2024\/05\/IMG_20210302_092849-scaled.jpg 2560w, https:\/\/visitplentzia.eus\/wp-content\/uploads\/2024\/05\/IMG_20210302_092849-300x225.jpg 300w, https:\/\/visitplentzia.eus\/wp-content\/uploads\/2024\/05\/IMG_20210302_092849-1024x768.jpg 1024w, https:\/\/visitplentzia.eus\/wp-content\/uploads\/2024\/05\/IMG_20210302_092849-768x576.jpg 768w, https:\/\/visitplentzia.eus\/wp-content\/uploads\/2024\/05\/IMG_20210302_092849-1536x1152.jpg 1536w, https:\/\/visitplentzia.eus\/wp-content\/uploads\/2024\/05\/IMG_20210302_092849-2048x1536.jpg 2048w, https:\/\/visitplentzia.eus\/wp-content\/uploads\/2024\/05\/IMG_20210302_092849-702x526.jpg 702w\" sizes=\"auto, (max-width: 2560px) 100vw, 2560px\" \/>                                <\/a>\n                            <\/div>\n                            <div class=\"texto\">\n                                <p class=\"title\">\n                                    <a href=\"https:\/\/visitplentzia.eus\/fr\/txipio\/\">\n                                        Txipio                                    <\/a>\n                                <\/p>\n                                <div class=\"resumen\">\n                                    <p>Txipio est un ancien quartier de Plentzia situ\u00e9 de l\u2019autre c\u00f4t\u00e9 de l\u2019estuaire. Il s\u2019\u00e9tend de la zone du parking du m\u00e9tro aux collines et sentiers qui sillonnent bien au-del\u00e0 de la route principale.<\/p>\n                                <\/div>\n                                <div class=\"button-container\">\n                                    <p>\n                                        <a class=\"button\" href=\"https:\/\/visitplentzia.eus\/fr\/txipio\/\">Plus d&rsquo;informations<\/a>\n                                    <\/p>\n                                <\/div>\n                            <\/div>\n                        <\/div>\n                \n                                    <\/div>\n            \n    \n\n\n\n    \n    \n<\/div>\n\n","protected":false},"excerpt":{"rendered":"<p>Des anciens marais r\u00e9g\u00e9n\u00e9r\u00e9s de Txipio au charme rural de Saratxaga, en passant par le quartier bien cach\u00e9 d\u2019Isuskiza et la s\u00e9r\u00e9nit\u00e9 r\u00e9sidentielle de Gandia, chaque partie de la ville poss\u00e8de sa propre identit\u00e9 et ses attraits sp\u00e9cifiques, ces derniers invitant \u00e0 d\u00e9couvrir chaque recoin et \u00e0 profiter pleinement de la beaut\u00e9 de la r\u00e9gion.<\/p>\n","protected":false},"author":1,"featured_media":0,"parent":0,"menu_order":0,"comment_status":"closed","ping_status":"closed","template":"page-templates\/page-que-ver.php","meta":{"_genesis_hide_title":false,"_genesis_hide_breadcrumbs":false,"_genesis_hide_singular_image":false,"_genesis_hide_footer_widgets":false,"_genesis_custom_body_class":"","_genesis_custom_post_class":"","_genesis_layout":"","footnotes":""},"class_list":{"0":"post-7144","1":"page","2":"type-page","3":"status-publish","5":"entry"},"acf":[],"yoast_head":"<!-- This site is optimized with the Yoast SEO plugin v27.4 - https:\/\/yoast.com\/product\/yoast-seo-wordpress\/ -->\n<title>Quartiers de Plentzia - Turismo Plentzia<\/title>\n<meta name=\"robots\" content=\"index, follow, max-snippet:-1, max-image-preview:large, max-video-preview:-1\" \/>\n<link rel=\"canonical\" href=\"https:\/\/visitplentzia.eus\/fr\/quartiers-de-plentzia\/\" \/>\n<meta property=\"og:locale\" content=\"fr_FR\" \/>\n<meta property=\"og:type\" content=\"article\" \/>\n<meta property=\"og:title\" content=\"Quartiers de Plentzia - Turismo Plentzia\" \/>\n<meta property=\"og:description\" content=\"Des anciens marais r\u00e9g\u00e9n\u00e9r\u00e9s de Txipio au charme rural de Saratxaga, en passant par le quartier bien cach\u00e9 d\u2019Isuskiza et la s\u00e9r\u00e9nit\u00e9 r\u00e9sidentielle de Gandia, chaque partie de la ville poss\u00e8de sa propre identit\u00e9 et ses attraits sp\u00e9cifiques, ces derniers invitant \u00e0 d\u00e9couvrir chaque recoin et \u00e0 profiter pleinement de la beaut\u00e9 de la r\u00e9gion.\" \/>\n<meta property=\"og:url\" content=\"https:\/\/visitplentzia.eus\/fr\/quartiers-de-plentzia\/\" \/>\n<meta property=\"og:site_name\" content=\"Turismo Plentzia\" \/>\n<meta property=\"article:modified_time\" content=\"2024-07-04T09:05:09+00:00\" \/>\n<meta name=\"twitter:card\" content=\"summary_large_image\" \/>\n<meta name=\"twitter:label1\" content=\"Dur\u00e9e de lecture estim\u00e9e\" \/>\n\t<meta name=\"twitter:data1\" content=\"1 minute\" \/>\n<script type=\"application\/ld+json\" class=\"yoast-schema-graph\">{\"@context\":\"https:\\\/\\\/schema.org\",\"@graph\":[{\"@type\":\"WebPage\",\"@id\":\"https:\\\/\\\/visitplentzia.eus\\\/fr\\\/quartiers-de-plentzia\\\/\",\"url\":\"https:\\\/\\\/visitplentzia.eus\\\/fr\\\/quartiers-de-plentzia\\\/\",\"name\":\"Quartiers de Plentzia - Turismo Plentzia\",\"isPartOf\":{\"@id\":\"https:\\\/\\\/visitplentzia.eus\\\/fr\\\/#website\"},\"datePublished\":\"2024-04-20T11:17:28+00:00\",\"dateModified\":\"2024-07-04T09:05:09+00:00\",\"breadcrumb\":{\"@id\":\"https:\\\/\\\/visitplentzia.eus\\\/fr\\\/quartiers-de-plentzia\\\/#breadcrumb\"},\"inLanguage\":\"fr-FR\",\"potentialAction\":[{\"@type\":\"ReadAction\",\"target\":[\"https:\\\/\\\/visitplentzia.eus\\\/fr\\\/quartiers-de-plentzia\\\/\"]}]},{\"@type\":\"BreadcrumbList\",\"@id\":\"https:\\\/\\\/visitplentzia.eus\\\/fr\\\/quartiers-de-plentzia\\\/#breadcrumb\",\"itemListElement\":[{\"@type\":\"ListItem\",\"position\":1,\"name\":\"Home\",\"item\":\"https:\\\/\\\/visitplentzia.eus\\\/fr\\\/\"},{\"@type\":\"ListItem\",\"position\":2,\"name\":\"Quartiers de Plentzia\"}]},{\"@type\":\"WebSite\",\"@id\":\"https:\\\/\\\/visitplentzia.eus\\\/fr\\\/#website\",\"url\":\"https:\\\/\\\/visitplentzia.eus\\\/fr\\\/\",\"name\":\"Turismo Plentzia\",\"description\":\"P\u00e1gina oficial de Turismo Plentzia. Visita su hermosa R\u00eda, su bella playa, su puerto y su pintoresco casco antiguo\",\"publisher\":{\"@id\":\"https:\\\/\\\/visitplentzia.eus\\\/fr\\\/#organization\"},\"alternateName\":\"Turismo Plentzia\",\"potentialAction\":[{\"@type\":\"SearchAction\",\"target\":{\"@type\":\"EntryPoint\",\"urlTemplate\":\"https:\\\/\\\/visitplentzia.eus\\\/fr\\\/?s={search_term_string}\"},\"query-input\":{\"@type\":\"PropertyValueSpecification\",\"valueRequired\":true,\"valueName\":\"search_term_string\"}}],\"inLanguage\":\"fr-FR\"},{\"@type\":\"Organization\",\"@id\":\"https:\\\/\\\/visitplentzia.eus\\\/fr\\\/#organization\",\"name\":\"Plentzia turismo\",\"url\":\"https:\\\/\\\/visitplentzia.eus\\\/fr\\\/\",\"logo\":{\"@type\":\"ImageObject\",\"inLanguage\":\"fr-FR\",\"@id\":\"https:\\\/\\\/visitplentzia.eus\\\/fr\\\/#\\\/schema\\\/logo\\\/image\\\/\",\"url\":\"https:\\\/\\\/visitplentzia.eus\\\/wp-content\\\/uploads\\\/2023\\\/04\\\/logo-plentzia.png\",\"contentUrl\":\"https:\\\/\\\/visitplentzia.eus\\\/wp-content\\\/uploads\\\/2023\\\/04\\\/logo-plentzia.png\",\"width\":130,\"height\":117,\"caption\":\"Plentzia turismo\"},\"image\":{\"@id\":\"https:\\\/\\\/visitplentzia.eus\\\/fr\\\/#\\\/schema\\\/logo\\\/image\\\/\"}}]}<\/script>\n<!-- \/ Yoast SEO plugin. -->","yoast_head_json":{"title":"Quartiers de Plentzia - Turismo Plentzia","robots":{"index":"index","follow":"follow","max-snippet":"max-snippet:-1","max-image-preview":"max-image-preview:large","max-video-preview":"max-video-preview:-1"},"canonical":"https:\/\/visitplentzia.eus\/fr\/quartiers-de-plentzia\/","og_locale":"fr_FR","og_type":"article","og_title":"Quartiers de Plentzia - Turismo Plentzia","og_description":"Des anciens marais r\u00e9g\u00e9n\u00e9r\u00e9s de Txipio au charme rural de Saratxaga, en passant par le quartier bien cach\u00e9 d\u2019Isuskiza et la s\u00e9r\u00e9nit\u00e9 r\u00e9sidentielle de Gandia, chaque partie de la ville poss\u00e8de sa propre identit\u00e9 et ses attraits sp\u00e9cifiques, ces derniers invitant \u00e0 d\u00e9couvrir chaque recoin et \u00e0 profiter pleinement de la beaut\u00e9 de la r\u00e9gion.","og_url":"https:\/\/visitplentzia.eus\/fr\/quartiers-de-plentzia\/","og_site_name":"Turismo Plentzia","article_modified_time":"2024-07-04T09:05:09+00:00","twitter_card":"summary_large_image","twitter_misc":{"Dur\u00e9e de lecture estim\u00e9e":"1 minute"},"schema":{"@context":"https:\/\/schema.org","@graph":[{"@type":"WebPage","@id":"https:\/\/visitplentzia.eus\/fr\/quartiers-de-plentzia\/","url":"https:\/\/visitplentzia.eus\/fr\/quartiers-de-plentzia\/","name":"Quartiers de Plentzia - Turismo Plentzia","isPartOf":{"@id":"https:\/\/visitplentzia.eus\/fr\/#website"},"datePublished":"2024-04-20T11:17:28+00:00","dateModified":"2024-07-04T09:05:09+00:00","breadcrumb":{"@id":"https:\/\/visitplentzia.eus\/fr\/quartiers-de-plentzia\/#breadcrumb"},"inLanguage":"fr-FR","potentialAction":[{"@type":"ReadAction","target":["https:\/\/visitplentzia.eus\/fr\/quartiers-de-plentzia\/"]}]},{"@type":"BreadcrumbList","@id":"https:\/\/visitplentzia.eus\/fr\/quartiers-de-plentzia\/#breadcrumb","itemListElement":[{"@type":"ListItem","position":1,"name":"Home","item":"https:\/\/visitplentzia.eus\/fr\/"},{"@type":"ListItem","position":2,"name":"Quartiers de Plentzia"}]},{"@type":"WebSite","@id":"https:\/\/visitplentzia.eus\/fr\/#website","url":"https:\/\/visitplentzia.eus\/fr\/","name":"Turismo Plentzia","description":"P\u00e1gina oficial de Turismo Plentzia. Visita su hermosa R\u00eda, su bella playa, su puerto y su pintoresco casco antiguo","publisher":{"@id":"https:\/\/visitplentzia.eus\/fr\/#organization"},"alternateName":"Turismo Plentzia","potentialAction":[{"@type":"SearchAction","target":{"@type":"EntryPoint","urlTemplate":"https:\/\/visitplentzia.eus\/fr\/?s={search_term_string}"},"query-input":{"@type":"PropertyValueSpecification","valueRequired":true,"valueName":"search_term_string"}}],"inLanguage":"fr-FR"},{"@type":"Organization","@id":"https:\/\/visitplentzia.eus\/fr\/#organization","name":"Plentzia turismo","url":"https:\/\/visitplentzia.eus\/fr\/","logo":{"@type":"ImageObject","inLanguage":"fr-FR","@id":"https:\/\/visitplentzia.eus\/fr\/#\/schema\/logo\/image\/","url":"https:\/\/visitplentzia.eus\/wp-content\/uploads\/2023\/04\/logo-plentzia.png","contentUrl":"https:\/\/visitplentzia.eus\/wp-content\/uploads\/2023\/04\/logo-plentzia.png","width":130,"height":117,"caption":"Plentzia turismo"},"image":{"@id":"https:\/\/visitplentzia.eus\/fr\/#\/schema\/logo\/image\/"}}]}},"featured_image_src":null,"featured_image_src_square":null,"publishpress_future_workflow_manual_trigger":{"enabledWorkflows":[]},"_links":{"self":[{"href":"https:\/\/visitplentzia.eus\/fr\/wp-json\/wp\/v2\/pages\/7144","targetHints":{"allow":["GET"]}}],"collection":[{"href":"https:\/\/visitplentzia.eus\/fr\/wp-json\/wp\/v2\/pages"}],"about":[{"href":"https:\/\/visitplentzia.eus\/fr\/wp-json\/wp\/v2\/types\/page"}],"author":[{"embeddable":true,"href":"https:\/\/visitplentzia.eus\/fr\/wp-json\/wp\/v2\/users\/1"}],"replies":[{"embeddable":true,"href":"https:\/\/visitplentzia.eus\/fr\/wp-json\/wp\/v2\/comments?post=7144"}],"version-history":[{"count":7,"href":"https:\/\/visitplentzia.eus\/fr\/wp-json\/wp\/v2\/pages\/7144\/revisions"}],"predecessor-version":[{"id":7903,"href":"https:\/\/visitplentzia.eus\/fr\/wp-json\/wp\/v2\/pages\/7144\/revisions\/7903"}],"wp:attachment":[{"href":"https:\/\/visitplentzia.eus\/fr\/wp-json\/wp\/v2\/media?parent=7144"}],"curies":[{"name":"wp","href":"https:\/\/api.w.org\/{rel}","templated":true}]}}