{"id":7822,"date":"2024-06-18T10:07:05","date_gmt":"2024-06-18T08:07:05","guid":{"rendered":"https:\/\/darkslategrey-ape-696608.hostingersite.com\/?page_id=7822"},"modified":"2024-06-24T17:23:14","modified_gmt":"2024-06-24T15:23:14","slug":"route-des-falaises","status":"publish","type":"page","link":"https:\/\/visitplentzia.eus\/fr\/que-faire\/route-des-falaises\/","title":{"rendered":"Route des falaises"},"content":{"rendered":"\n<div class=\"wp-block-group\"><div class=\"wp-block-group__inner-container is-layout-constrained wp-block-group-is-layout-constrained\">\n<div class=\"wp-block-genesis-blocks-gb-accordion gb-slate-accordion gpb-rounded-md gb-block-accordion gb-font-size-19\"><details><summary class=\"gb-accordion-title\">Ce parcours de randonn\u00e9e, qui s\u2019\u00e9tend de Plentzia \u00e0 Getxo, fait partie de la route du Flysch. Il vous fera vivre une exp\u00e9rience tout simplement spectaculaire, avec l\u2019une des plus belles vues panoramiques de la c\u00f4te de Biscaye.<br\/><br\/><strong>Dur\u00e9e<\/strong>\u00a0: 2\u00a0h jusqu\u2019\u00e0 Sopelana et 4\u00a0h jusqu\u2019\u00e0 Getxo<br\/><strong>Distance<\/strong>\u00a0: 11\u00a0km jusqu\u2019\u00e0 Sopelana et 18\u00a0km jusqu\u2019\u00e0 Getxo<br\/><strong>Niveau<\/strong> <strong>de<\/strong> <strong>difficult\u00e9<\/strong>\u00a0: faible<br\/><a href=\"https:\/\/es.wikiloc.com\/rutas-senderismo\/ruta-de-los-acantilados-uribe-kosta-algorta-plentzia-6402746\">https:\/\/es.wikiloc.com\/rutas-senderismo\/ruta-de-los-acantilados-uribe-kosta-algorta-plentzia-6402746<\/a> <br\/><br\/><\/summary><div class=\"gb-accordion-text\"><\/div><\/details><\/div>\n\n\n\n<div style=\"height:30px\" aria-hidden=\"true\" class=\"wp-block-spacer\"><\/div>\n<\/div><\/div>\n","protected":false},"excerpt":{"rendered":"","protected":false},"author":1,"featured_media":7528,"parent":5661,"menu_order":0,"comment_status":"closed","ping_status":"closed","template":"page-templates\/page-que-hacer.php","meta":{"_genesis_hide_title":false,"_genesis_hide_breadcrumbs":false,"_genesis_hide_singular_image":false,"_genesis_hide_footer_widgets":false,"_genesis_custom_body_class":"","_genesis_custom_post_class":"","_genesis_layout":"","footnotes":""},"class_list":{"0":"post-7822","1":"page","2":"type-page","3":"status-publish","4":"has-post-thumbnail","6":"entry"},"acf":[],"yoast_head":"<!-- This site is optimized with the Yoast SEO plugin v24.9 - https:\/\/yoast.com\/wordpress\/plugins\/seo\/ -->\n<title>Route des falaises - Turismo Plentzia<\/title>\n<meta name=\"description\" content=\"Ce parcours de randonn\u00e9e, qui s\u2019\u00e9tend de Plentzia \u00e0 Getxo, fait partie de la route du Flysch. Il vous fera vivre une exp\u00e9rience tout simplement spectaculaire, avec l\u2019une des plus belles vues panoramiques de la c\u00f4te de Biscaye.\" \/>\n<meta name=\"robots\" content=\"index, follow, max-snippet:-1, max-image-preview:large, max-video-preview:-1\" \/>\n<link rel=\"canonical\" href=\"https:\/\/visitplentzia.eus\/fr\/que-faire\/route-des-falaises\/\" \/>\n<meta property=\"og:locale\" content=\"fr_FR\" \/>\n<meta property=\"og:type\" content=\"article\" \/>\n<meta property=\"og:title\" content=\"Route des falaises - Turismo Plentzia\" \/>\n<meta property=\"og:description\" content=\"Ce parcours de randonn\u00e9e, qui s\u2019\u00e9tend de Plentzia \u00e0 Getxo, fait partie de la route du Flysch. Il vous fera vivre une exp\u00e9rience tout simplement spectaculaire, avec l\u2019une des plus belles vues panoramiques de la c\u00f4te de Biscaye.\" \/>\n<meta property=\"og:url\" content=\"https:\/\/visitplentzia.eus\/fr\/que-faire\/route-des-falaises\/\" \/>\n<meta property=\"og:site_name\" content=\"Turismo Plentzia\" \/>\n<meta property=\"article:modified_time\" content=\"2024-06-24T15:23:14+00:00\" \/>\n<meta property=\"og:image\" content=\"https:\/\/visitplentzia.eus\/wp-content\/uploads\/2024\/06\/WhatsApp-Image-2024-06-05-at-10.36.47-1-1.jpeg\" \/>\n\t<meta property=\"og:image:width\" content=\"1600\" \/>\n\t<meta property=\"og:image:height\" content=\"739\" \/>\n\t<meta property=\"og:image:type\" content=\"image\/jpeg\" \/>\n<meta name=\"twitter:card\" content=\"summary_large_image\" \/>\n<meta name=\"twitter:label1\" content=\"Dur\u00e9e de lecture estim\u00e9e\" \/>\n\t<meta name=\"twitter:data1\" content=\"1 minute\" \/>\n<script type=\"application\/ld+json\" class=\"yoast-schema-graph\">{\"@context\":\"https:\/\/schema.org\",\"@graph\":[{\"@type\":\"WebPage\",\"@id\":\"https:\/\/visitplentzia.eus\/fr\/que-faire\/route-des-falaises\/\",\"url\":\"https:\/\/visitplentzia.eus\/fr\/que-faire\/route-des-falaises\/\",\"name\":\"Route des falaises - Turismo Plentzia\",\"isPartOf\":{\"@id\":\"https:\/\/visitplentzia.eus\/fr\/#website\"},\"primaryImageOfPage\":{\"@id\":\"https:\/\/visitplentzia.eus\/fr\/que-faire\/route-des-falaises\/#primaryimage\"},\"image\":{\"@id\":\"https:\/\/visitplentzia.eus\/fr\/que-faire\/route-des-falaises\/#primaryimage\"},\"thumbnailUrl\":\"https:\/\/visitplentzia.eus\/wp-content\/uploads\/2024\/06\/WhatsApp-Image-2024-06-05-at-10.36.47-1-1.jpeg\",\"datePublished\":\"2024-06-18T08:07:05+00:00\",\"dateModified\":\"2024-06-24T15:23:14+00:00\",\"description\":\"Ce parcours de randonn\u00e9e, qui s\u2019\u00e9tend de Plentzia \u00e0 Getxo, fait partie de la route du Flysch. Il vous fera vivre une exp\u00e9rience tout simplement spectaculaire, avec l\u2019une des plus belles vues panoramiques de la c\u00f4te de Biscaye.\",\"breadcrumb\":{\"@id\":\"https:\/\/visitplentzia.eus\/fr\/que-faire\/route-des-falaises\/#breadcrumb\"},\"inLanguage\":\"fr-FR\",\"potentialAction\":[{\"@type\":\"ReadAction\",\"target\":[\"https:\/\/visitplentzia.eus\/fr\/que-faire\/route-des-falaises\/\"]}]},{\"@type\":\"ImageObject\",\"inLanguage\":\"fr-FR\",\"@id\":\"https:\/\/visitplentzia.eus\/fr\/que-faire\/route-des-falaises\/#primaryimage\",\"url\":\"https:\/\/visitplentzia.eus\/wp-content\/uploads\/2024\/06\/WhatsApp-Image-2024-06-05-at-10.36.47-1-1.jpeg\",\"contentUrl\":\"https:\/\/visitplentzia.eus\/wp-content\/uploads\/2024\/06\/WhatsApp-Image-2024-06-05-at-10.36.47-1-1.jpeg\",\"width\":1600,\"height\":739},{\"@type\":\"BreadcrumbList\",\"@id\":\"https:\/\/visitplentzia.eus\/fr\/que-faire\/route-des-falaises\/#breadcrumb\",\"itemListElement\":[{\"@type\":\"ListItem\",\"position\":1,\"name\":\"Home\",\"item\":\"https:\/\/visitplentzia.eus\/fr\/\"},{\"@type\":\"ListItem\",\"position\":2,\"name\":\"Que faire\",\"item\":\"https:\/\/visitplentzia.eus\/fr\/que-faire\/\"},{\"@type\":\"ListItem\",\"position\":3,\"name\":\"Route des falaises\"}]},{\"@type\":\"WebSite\",\"@id\":\"https:\/\/visitplentzia.eus\/fr\/#website\",\"url\":\"https:\/\/visitplentzia.eus\/fr\/\",\"name\":\"Turismo Plentzia\",\"description\":\"P\u00e1gina oficial de Turismo Plentzia. Visita su hermosa R\u00eda, su bella playa, su puerto y su pintoresco casco antiguo\",\"publisher\":{\"@id\":\"https:\/\/visitplentzia.eus\/fr\/#organization\"},\"alternateName\":\"Turismo Plentzia\",\"potentialAction\":[{\"@type\":\"SearchAction\",\"target\":{\"@type\":\"EntryPoint\",\"urlTemplate\":\"https:\/\/visitplentzia.eus\/fr\/?s={search_term_string}\"},\"query-input\":{\"@type\":\"PropertyValueSpecification\",\"valueRequired\":true,\"valueName\":\"search_term_string\"}}],\"inLanguage\":\"fr-FR\"},{\"@type\":\"Organization\",\"@id\":\"https:\/\/visitplentzia.eus\/fr\/#organization\",\"name\":\"Plentzia turismo\",\"url\":\"https:\/\/visitplentzia.eus\/fr\/\",\"logo\":{\"@type\":\"ImageObject\",\"inLanguage\":\"fr-FR\",\"@id\":\"https:\/\/visitplentzia.eus\/fr\/#\/schema\/logo\/image\/\",\"url\":\"https:\/\/visitplentzia.eus\/wp-content\/uploads\/2023\/04\/logo-plentzia.png\",\"contentUrl\":\"https:\/\/visitplentzia.eus\/wp-content\/uploads\/2023\/04\/logo-plentzia.png\",\"width\":130,\"height\":117,\"caption\":\"Plentzia turismo\"},\"image\":{\"@id\":\"https:\/\/visitplentzia.eus\/fr\/#\/schema\/logo\/image\/\"}}]}<\/script>\n<!-- \/ Yoast SEO plugin. -->","yoast_head_json":{"title":"Route des falaises - Turismo Plentzia","description":"Ce parcours de randonn\u00e9e, qui s\u2019\u00e9tend de Plentzia \u00e0 Getxo, fait partie de la route du Flysch. Il vous fera vivre une exp\u00e9rience tout simplement spectaculaire, avec l\u2019une des plus belles vues panoramiques de la c\u00f4te de Biscaye.","robots":{"index":"index","follow":"follow","max-snippet":"max-snippet:-1","max-image-preview":"max-image-preview:large","max-video-preview":"max-video-preview:-1"},"canonical":"https:\/\/visitplentzia.eus\/fr\/que-faire\/route-des-falaises\/","og_locale":"fr_FR","og_type":"article","og_title":"Route des falaises - Turismo Plentzia","og_description":"Ce parcours de randonn\u00e9e, qui s\u2019\u00e9tend de Plentzia \u00e0 Getxo, fait partie de la route du Flysch. Il vous fera vivre une exp\u00e9rience tout simplement spectaculaire, avec l\u2019une des plus belles vues panoramiques de la c\u00f4te de Biscaye.","og_url":"https:\/\/visitplentzia.eus\/fr\/que-faire\/route-des-falaises\/","og_site_name":"Turismo Plentzia","article_modified_time":"2024-06-24T15:23:14+00:00","og_image":[{"width":1600,"height":739,"url":"https:\/\/visitplentzia.eus\/wp-content\/uploads\/2024\/06\/WhatsApp-Image-2024-06-05-at-10.36.47-1-1.jpeg","type":"image\/jpeg"}],"twitter_card":"summary_large_image","twitter_misc":{"Dur\u00e9e de lecture estim\u00e9e":"1 minute"},"schema":{"@context":"https:\/\/schema.org","@graph":[{"@type":"WebPage","@id":"https:\/\/visitplentzia.eus\/fr\/que-faire\/route-des-falaises\/","url":"https:\/\/visitplentzia.eus\/fr\/que-faire\/route-des-falaises\/","name":"Route des falaises - Turismo Plentzia","isPartOf":{"@id":"https:\/\/visitplentzia.eus\/fr\/#website"},"primaryImageOfPage":{"@id":"https:\/\/visitplentzia.eus\/fr\/que-faire\/route-des-falaises\/#primaryimage"},"image":{"@id":"https:\/\/visitplentzia.eus\/fr\/que-faire\/route-des-falaises\/#primaryimage"},"thumbnailUrl":"https:\/\/visitplentzia.eus\/wp-content\/uploads\/2024\/06\/WhatsApp-Image-2024-06-05-at-10.36.47-1-1.jpeg","datePublished":"2024-06-18T08:07:05+00:00","dateModified":"2024-06-24T15:23:14+00:00","description":"Ce parcours de randonn\u00e9e, qui s\u2019\u00e9tend de Plentzia \u00e0 Getxo, fait partie de la route du Flysch. Il vous fera vivre une exp\u00e9rience tout simplement spectaculaire, avec l\u2019une des plus belles vues panoramiques de la c\u00f4te de Biscaye.","breadcrumb":{"@id":"https:\/\/visitplentzia.eus\/fr\/que-faire\/route-des-falaises\/#breadcrumb"},"inLanguage":"fr-FR","potentialAction":[{"@type":"ReadAction","target":["https:\/\/visitplentzia.eus\/fr\/que-faire\/route-des-falaises\/"]}]},{"@type":"ImageObject","inLanguage":"fr-FR","@id":"https:\/\/visitplentzia.eus\/fr\/que-faire\/route-des-falaises\/#primaryimage","url":"https:\/\/visitplentzia.eus\/wp-content\/uploads\/2024\/06\/WhatsApp-Image-2024-06-05-at-10.36.47-1-1.jpeg","contentUrl":"https:\/\/visitplentzia.eus\/wp-content\/uploads\/2024\/06\/WhatsApp-Image-2024-06-05-at-10.36.47-1-1.jpeg","width":1600,"height":739},{"@type":"BreadcrumbList","@id":"https:\/\/visitplentzia.eus\/fr\/que-faire\/route-des-falaises\/#breadcrumb","itemListElement":[{"@type":"ListItem","position":1,"name":"Home","item":"https:\/\/visitplentzia.eus\/fr\/"},{"@type":"ListItem","position":2,"name":"Que faire","item":"https:\/\/visitplentzia.eus\/fr\/que-faire\/"},{"@type":"ListItem","position":3,"name":"Route des falaises"}]},{"@type":"WebSite","@id":"https:\/\/visitplentzia.eus\/fr\/#website","url":"https:\/\/visitplentzia.eus\/fr\/","name":"Turismo Plentzia","description":"P\u00e1gina oficial de Turismo Plentzia. Visita su hermosa R\u00eda, su bella playa, su puerto y su pintoresco casco antiguo","publisher":{"@id":"https:\/\/visitplentzia.eus\/fr\/#organization"},"alternateName":"Turismo Plentzia","potentialAction":[{"@type":"SearchAction","target":{"@type":"EntryPoint","urlTemplate":"https:\/\/visitplentzia.eus\/fr\/?s={search_term_string}"},"query-input":{"@type":"PropertyValueSpecification","valueRequired":true,"valueName":"search_term_string"}}],"inLanguage":"fr-FR"},{"@type":"Organization","@id":"https:\/\/visitplentzia.eus\/fr\/#organization","name":"Plentzia turismo","url":"https:\/\/visitplentzia.eus\/fr\/","logo":{"@type":"ImageObject","inLanguage":"fr-FR","@id":"https:\/\/visitplentzia.eus\/fr\/#\/schema\/logo\/image\/","url":"https:\/\/visitplentzia.eus\/wp-content\/uploads\/2023\/04\/logo-plentzia.png","contentUrl":"https:\/\/visitplentzia.eus\/wp-content\/uploads\/2023\/04\/logo-plentzia.png","width":130,"height":117,"caption":"Plentzia turismo"},"image":{"@id":"https:\/\/visitplentzia.eus\/fr\/#\/schema\/logo\/image\/"}}]}},"featured_image_src":"https:\/\/visitplentzia.eus\/wp-content\/uploads\/2024\/06\/WhatsApp-Image-2024-06-05-at-10.36.47-1-1-600x400.jpeg","featured_image_src_square":"https:\/\/visitplentzia.eus\/wp-content\/uploads\/2024\/06\/WhatsApp-Image-2024-06-05-at-10.36.47-1-1-600x600.jpeg","publishpress_future_workflow_manual_trigger":{"enabledWorkflows":[]},"_links":{"self":[{"href":"https:\/\/visitplentzia.eus\/fr\/wp-json\/wp\/v2\/pages\/7822","targetHints":{"allow":["GET"]}}],"collection":[{"href":"https:\/\/visitplentzia.eus\/fr\/wp-json\/wp\/v2\/pages"}],"about":[{"href":"https:\/\/visitplentzia.eus\/fr\/wp-json\/wp\/v2\/types\/page"}],"author":[{"embeddable":true,"href":"https:\/\/visitplentzia.eus\/fr\/wp-json\/wp\/v2\/users\/1"}],"replies":[{"embeddable":true,"href":"https:\/\/visitplentzia.eus\/fr\/wp-json\/wp\/v2\/comments?post=7822"}],"version-history":[{"count":2,"href":"https:\/\/visitplentzia.eus\/fr\/wp-json\/wp\/v2\/pages\/7822\/revisions"}],"predecessor-version":[{"id":7824,"href":"https:\/\/visitplentzia.eus\/fr\/wp-json\/wp\/v2\/pages\/7822\/revisions\/7824"}],"up":[{"embeddable":true,"href":"https:\/\/visitplentzia.eus\/fr\/wp-json\/wp\/v2\/pages\/5661"}],"wp:featuredmedia":[{"embeddable":true,"href":"https:\/\/visitplentzia.eus\/fr\/wp-json\/wp\/v2\/media\/7528"}],"wp:attachment":[{"href":"https:\/\/visitplentzia.eus\/fr\/wp-json\/wp\/v2\/media?parent=7822"}],"curies":[{"name":"wp","href":"https:\/\/api.w.org\/{rel}","templated":true}]}}