{"id":7835,"date":"2024-06-18T10:06:38","date_gmt":"2024-06-18T08:06:38","guid":{"rendered":"https:\/\/darkslategrey-ape-696608.hostingersite.com\/?page_id=7835"},"modified":"2024-07-06T12:58:40","modified_gmt":"2024-07-06T10:58:40","slug":"itineraire-plentzia-armintza","status":"publish","type":"page","link":"https:\/\/visitplentzia.eus\/fr\/que-faire\/itineraire-plentzia-armintza\/","title":{"rendered":"Itin\u00e9raire Plentzia-Armintza"},"content":{"rendered":"\n<div class=\"wp-block-group\"><div class=\"wp-block-group__inner-container is-layout-constrained wp-block-group-is-layout-constrained\">\n<div class=\"wp-block-genesis-blocks-gb-accordion gb-slate-accordion gpb-rounded-md gb-block-accordion gb-font-size-19\"><details><summary class=\"gb-accordion-title\">Cet itin\u00e9raire vous permettra de d\u00e9couvrir le quartier de Saratxaga, puis de suivre le cours d\u2019eau Andraka jusqu\u2019\u00e0 Armintza.<br\/><br\/><strong>Dur\u00e9e<\/strong>\u00a0: environ 2\u00a0h\u00a030\u00a0min<br\/><strong>Distance<\/strong>\u00a0: 8\u00a0km<br\/><strong>Niveau<\/strong> <strong>de<\/strong> <strong>difficult\u00e9<\/strong>\u00a0: mod\u00e9r\u00e9<br\/><br\/><a href=\"https:\/\/es.wikiloc.com\/rutas-senderismo\/plentzia-saratxaga-armintza-55925197\">https:\/\/es.wikiloc.com\/rutas-senderismo\/plentzia-saratxaga-armintza-55925197<\/a> <\/summary><div class=\"gb-accordion-text\"><\/div><\/details><\/div>\n\n\n\n<div style=\"height:30px\" aria-hidden=\"true\" class=\"wp-block-spacer\"><\/div>\n<\/div><\/div>\n","protected":false},"excerpt":{"rendered":"","protected":false},"author":1,"featured_media":7403,"parent":5661,"menu_order":0,"comment_status":"closed","ping_status":"closed","template":"page-templates\/page-que-hacer.php","meta":{"_genesis_hide_title":false,"_genesis_hide_breadcrumbs":false,"_genesis_hide_singular_image":false,"_genesis_hide_footer_widgets":false,"_genesis_custom_body_class":"","_genesis_custom_post_class":"","_genesis_layout":"","footnotes":""},"class_list":{"0":"post-7835","1":"page","2":"type-page","3":"status-publish","4":"has-post-thumbnail","6":"entry"},"acf":[],"yoast_head":"<!-- This site is optimized with the Yoast SEO plugin v24.9 - https:\/\/yoast.com\/wordpress\/plugins\/seo\/ -->\n<title>Itin\u00e9raire Plentzia-Armintza - Turismo Plentzia<\/title>\n<meta name=\"description\" content=\"Cet itin\u00e9raire vous permettra de d\u00e9couvrir le quartier de Saratxaga, puis de suivre le cours d\u2019eau Andraka jusqu\u2019\u00e0 Armintza.\" \/>\n<meta name=\"robots\" content=\"index, follow, max-snippet:-1, max-image-preview:large, max-video-preview:-1\" \/>\n<link rel=\"canonical\" href=\"https:\/\/visitplentzia.eus\/fr\/que-faire\/itineraire-plentzia-armintza\/\" \/>\n<meta property=\"og:locale\" content=\"fr_FR\" \/>\n<meta property=\"og:type\" content=\"article\" \/>\n<meta property=\"og:title\" content=\"Itin\u00e9raire Plentzia-Armintza - Turismo Plentzia\" \/>\n<meta property=\"og:description\" content=\"Cet itin\u00e9raire vous permettra de d\u00e9couvrir le quartier de Saratxaga, puis de suivre le cours d\u2019eau Andraka jusqu\u2019\u00e0 Armintza.\" \/>\n<meta property=\"og:url\" content=\"https:\/\/visitplentzia.eus\/fr\/que-faire\/itineraire-plentzia-armintza\/\" \/>\n<meta property=\"og:site_name\" content=\"Turismo Plentzia\" \/>\n<meta property=\"article:modified_time\" content=\"2024-07-06T10:58:40+00:00\" \/>\n<meta property=\"og:image\" content=\"https:\/\/visitplentzia.eus\/wp-content\/uploads\/2024\/06\/WhatsApp-Image-2024-06-05-at-10.36.48.jpeg\" \/>\n\t<meta property=\"og:image:width\" content=\"1600\" \/>\n\t<meta property=\"og:image:height\" content=\"739\" \/>\n\t<meta property=\"og:image:type\" content=\"image\/jpeg\" \/>\n<meta name=\"twitter:card\" content=\"summary_large_image\" \/>\n<meta name=\"twitter:label1\" content=\"Dur\u00e9e de lecture estim\u00e9e\" \/>\n\t<meta name=\"twitter:data1\" content=\"1 minute\" \/>\n<script type=\"application\/ld+json\" class=\"yoast-schema-graph\">{\"@context\":\"https:\/\/schema.org\",\"@graph\":[{\"@type\":\"WebPage\",\"@id\":\"https:\/\/visitplentzia.eus\/fr\/que-faire\/itineraire-plentzia-armintza\/\",\"url\":\"https:\/\/visitplentzia.eus\/fr\/que-faire\/itineraire-plentzia-armintza\/\",\"name\":\"Itin\u00e9raire Plentzia-Armintza - Turismo Plentzia\",\"isPartOf\":{\"@id\":\"https:\/\/visitplentzia.eus\/fr\/#website\"},\"primaryImageOfPage\":{\"@id\":\"https:\/\/visitplentzia.eus\/fr\/que-faire\/itineraire-plentzia-armintza\/#primaryimage\"},\"image\":{\"@id\":\"https:\/\/visitplentzia.eus\/fr\/que-faire\/itineraire-plentzia-armintza\/#primaryimage\"},\"thumbnailUrl\":\"https:\/\/visitplentzia.eus\/wp-content\/uploads\/2024\/06\/WhatsApp-Image-2024-06-05-at-10.36.48.jpeg\",\"datePublished\":\"2024-06-18T08:06:38+00:00\",\"dateModified\":\"2024-07-06T10:58:40+00:00\",\"description\":\"Cet itin\u00e9raire vous permettra de d\u00e9couvrir le quartier de Saratxaga, puis de suivre le cours d\u2019eau Andraka jusqu\u2019\u00e0 Armintza.\",\"breadcrumb\":{\"@id\":\"https:\/\/visitplentzia.eus\/fr\/que-faire\/itineraire-plentzia-armintza\/#breadcrumb\"},\"inLanguage\":\"fr-FR\",\"potentialAction\":[{\"@type\":\"ReadAction\",\"target\":[\"https:\/\/visitplentzia.eus\/fr\/que-faire\/itineraire-plentzia-armintza\/\"]}]},{\"@type\":\"ImageObject\",\"inLanguage\":\"fr-FR\",\"@id\":\"https:\/\/visitplentzia.eus\/fr\/que-faire\/itineraire-plentzia-armintza\/#primaryimage\",\"url\":\"https:\/\/visitplentzia.eus\/wp-content\/uploads\/2024\/06\/WhatsApp-Image-2024-06-05-at-10.36.48.jpeg\",\"contentUrl\":\"https:\/\/visitplentzia.eus\/wp-content\/uploads\/2024\/06\/WhatsApp-Image-2024-06-05-at-10.36.48.jpeg\",\"width\":1600,\"height\":739},{\"@type\":\"BreadcrumbList\",\"@id\":\"https:\/\/visitplentzia.eus\/fr\/que-faire\/itineraire-plentzia-armintza\/#breadcrumb\",\"itemListElement\":[{\"@type\":\"ListItem\",\"position\":1,\"name\":\"Home\",\"item\":\"https:\/\/visitplentzia.eus\/fr\/\"},{\"@type\":\"ListItem\",\"position\":2,\"name\":\"Que faire\",\"item\":\"https:\/\/visitplentzia.eus\/fr\/que-faire\/\"},{\"@type\":\"ListItem\",\"position\":3,\"name\":\"Itin\u00e9raire Plentzia-Armintza\"}]},{\"@type\":\"WebSite\",\"@id\":\"https:\/\/visitplentzia.eus\/fr\/#website\",\"url\":\"https:\/\/visitplentzia.eus\/fr\/\",\"name\":\"Turismo Plentzia\",\"description\":\"P\u00e1gina oficial de Turismo Plentzia. Visita su hermosa R\u00eda, su bella playa, su puerto y su pintoresco casco antiguo\",\"publisher\":{\"@id\":\"https:\/\/visitplentzia.eus\/fr\/#organization\"},\"alternateName\":\"Turismo Plentzia\",\"potentialAction\":[{\"@type\":\"SearchAction\",\"target\":{\"@type\":\"EntryPoint\",\"urlTemplate\":\"https:\/\/visitplentzia.eus\/fr\/?s={search_term_string}\"},\"query-input\":{\"@type\":\"PropertyValueSpecification\",\"valueRequired\":true,\"valueName\":\"search_term_string\"}}],\"inLanguage\":\"fr-FR\"},{\"@type\":\"Organization\",\"@id\":\"https:\/\/visitplentzia.eus\/fr\/#organization\",\"name\":\"Plentzia turismo\",\"url\":\"https:\/\/visitplentzia.eus\/fr\/\",\"logo\":{\"@type\":\"ImageObject\",\"inLanguage\":\"fr-FR\",\"@id\":\"https:\/\/visitplentzia.eus\/fr\/#\/schema\/logo\/image\/\",\"url\":\"https:\/\/visitplentzia.eus\/wp-content\/uploads\/2023\/04\/logo-plentzia.png\",\"contentUrl\":\"https:\/\/visitplentzia.eus\/wp-content\/uploads\/2023\/04\/logo-plentzia.png\",\"width\":130,\"height\":117,\"caption\":\"Plentzia turismo\"},\"image\":{\"@id\":\"https:\/\/visitplentzia.eus\/fr\/#\/schema\/logo\/image\/\"}}]}<\/script>\n<!-- \/ Yoast SEO plugin. -->","yoast_head_json":{"title":"Itin\u00e9raire Plentzia-Armintza - Turismo Plentzia","description":"Cet itin\u00e9raire vous permettra de d\u00e9couvrir le quartier de Saratxaga, puis de suivre le cours d\u2019eau Andraka jusqu\u2019\u00e0 Armintza.","robots":{"index":"index","follow":"follow","max-snippet":"max-snippet:-1","max-image-preview":"max-image-preview:large","max-video-preview":"max-video-preview:-1"},"canonical":"https:\/\/visitplentzia.eus\/fr\/que-faire\/itineraire-plentzia-armintza\/","og_locale":"fr_FR","og_type":"article","og_title":"Itin\u00e9raire Plentzia-Armintza - Turismo Plentzia","og_description":"Cet itin\u00e9raire vous permettra de d\u00e9couvrir le quartier de Saratxaga, puis de suivre le cours d\u2019eau Andraka jusqu\u2019\u00e0 Armintza.","og_url":"https:\/\/visitplentzia.eus\/fr\/que-faire\/itineraire-plentzia-armintza\/","og_site_name":"Turismo Plentzia","article_modified_time":"2024-07-06T10:58:40+00:00","og_image":[{"width":1600,"height":739,"url":"https:\/\/visitplentzia.eus\/wp-content\/uploads\/2024\/06\/WhatsApp-Image-2024-06-05-at-10.36.48.jpeg","type":"image\/jpeg"}],"twitter_card":"summary_large_image","twitter_misc":{"Dur\u00e9e de lecture estim\u00e9e":"1 minute"},"schema":{"@context":"https:\/\/schema.org","@graph":[{"@type":"WebPage","@id":"https:\/\/visitplentzia.eus\/fr\/que-faire\/itineraire-plentzia-armintza\/","url":"https:\/\/visitplentzia.eus\/fr\/que-faire\/itineraire-plentzia-armintza\/","name":"Itin\u00e9raire Plentzia-Armintza - Turismo Plentzia","isPartOf":{"@id":"https:\/\/visitplentzia.eus\/fr\/#website"},"primaryImageOfPage":{"@id":"https:\/\/visitplentzia.eus\/fr\/que-faire\/itineraire-plentzia-armintza\/#primaryimage"},"image":{"@id":"https:\/\/visitplentzia.eus\/fr\/que-faire\/itineraire-plentzia-armintza\/#primaryimage"},"thumbnailUrl":"https:\/\/visitplentzia.eus\/wp-content\/uploads\/2024\/06\/WhatsApp-Image-2024-06-05-at-10.36.48.jpeg","datePublished":"2024-06-18T08:06:38+00:00","dateModified":"2024-07-06T10:58:40+00:00","description":"Cet itin\u00e9raire vous permettra de d\u00e9couvrir le quartier de Saratxaga, puis de suivre le cours d\u2019eau Andraka jusqu\u2019\u00e0 Armintza.","breadcrumb":{"@id":"https:\/\/visitplentzia.eus\/fr\/que-faire\/itineraire-plentzia-armintza\/#breadcrumb"},"inLanguage":"fr-FR","potentialAction":[{"@type":"ReadAction","target":["https:\/\/visitplentzia.eus\/fr\/que-faire\/itineraire-plentzia-armintza\/"]}]},{"@type":"ImageObject","inLanguage":"fr-FR","@id":"https:\/\/visitplentzia.eus\/fr\/que-faire\/itineraire-plentzia-armintza\/#primaryimage","url":"https:\/\/visitplentzia.eus\/wp-content\/uploads\/2024\/06\/WhatsApp-Image-2024-06-05-at-10.36.48.jpeg","contentUrl":"https:\/\/visitplentzia.eus\/wp-content\/uploads\/2024\/06\/WhatsApp-Image-2024-06-05-at-10.36.48.jpeg","width":1600,"height":739},{"@type":"BreadcrumbList","@id":"https:\/\/visitplentzia.eus\/fr\/que-faire\/itineraire-plentzia-armintza\/#breadcrumb","itemListElement":[{"@type":"ListItem","position":1,"name":"Home","item":"https:\/\/visitplentzia.eus\/fr\/"},{"@type":"ListItem","position":2,"name":"Que faire","item":"https:\/\/visitplentzia.eus\/fr\/que-faire\/"},{"@type":"ListItem","position":3,"name":"Itin\u00e9raire Plentzia-Armintza"}]},{"@type":"WebSite","@id":"https:\/\/visitplentzia.eus\/fr\/#website","url":"https:\/\/visitplentzia.eus\/fr\/","name":"Turismo Plentzia","description":"P\u00e1gina oficial de Turismo Plentzia. Visita su hermosa R\u00eda, su bella playa, su puerto y su pintoresco casco antiguo","publisher":{"@id":"https:\/\/visitplentzia.eus\/fr\/#organization"},"alternateName":"Turismo Plentzia","potentialAction":[{"@type":"SearchAction","target":{"@type":"EntryPoint","urlTemplate":"https:\/\/visitplentzia.eus\/fr\/?s={search_term_string}"},"query-input":{"@type":"PropertyValueSpecification","valueRequired":true,"valueName":"search_term_string"}}],"inLanguage":"fr-FR"},{"@type":"Organization","@id":"https:\/\/visitplentzia.eus\/fr\/#organization","name":"Plentzia turismo","url":"https:\/\/visitplentzia.eus\/fr\/","logo":{"@type":"ImageObject","inLanguage":"fr-FR","@id":"https:\/\/visitplentzia.eus\/fr\/#\/schema\/logo\/image\/","url":"https:\/\/visitplentzia.eus\/wp-content\/uploads\/2023\/04\/logo-plentzia.png","contentUrl":"https:\/\/visitplentzia.eus\/wp-content\/uploads\/2023\/04\/logo-plentzia.png","width":130,"height":117,"caption":"Plentzia turismo"},"image":{"@id":"https:\/\/visitplentzia.eus\/fr\/#\/schema\/logo\/image\/"}}]}},"featured_image_src":"https:\/\/visitplentzia.eus\/wp-content\/uploads\/2024\/06\/WhatsApp-Image-2024-06-05-at-10.36.48-600x400.jpeg","featured_image_src_square":"https:\/\/visitplentzia.eus\/wp-content\/uploads\/2024\/06\/WhatsApp-Image-2024-06-05-at-10.36.48-600x600.jpeg","publishpress_future_workflow_manual_trigger":{"enabledWorkflows":[]},"_links":{"self":[{"href":"https:\/\/visitplentzia.eus\/fr\/wp-json\/wp\/v2\/pages\/7835","targetHints":{"allow":["GET"]}}],"collection":[{"href":"https:\/\/visitplentzia.eus\/fr\/wp-json\/wp\/v2\/pages"}],"about":[{"href":"https:\/\/visitplentzia.eus\/fr\/wp-json\/wp\/v2\/types\/page"}],"author":[{"embeddable":true,"href":"https:\/\/visitplentzia.eus\/fr\/wp-json\/wp\/v2\/users\/1"}],"replies":[{"embeddable":true,"href":"https:\/\/visitplentzia.eus\/fr\/wp-json\/wp\/v2\/comments?post=7835"}],"version-history":[{"count":3,"href":"https:\/\/visitplentzia.eus\/fr\/wp-json\/wp\/v2\/pages\/7835\/revisions"}],"predecessor-version":[{"id":7908,"href":"https:\/\/visitplentzia.eus\/fr\/wp-json\/wp\/v2\/pages\/7835\/revisions\/7908"}],"up":[{"embeddable":true,"href":"https:\/\/visitplentzia.eus\/fr\/wp-json\/wp\/v2\/pages\/5661"}],"wp:featuredmedia":[{"embeddable":true,"href":"https:\/\/visitplentzia.eus\/fr\/wp-json\/wp\/v2\/media\/7403"}],"wp:attachment":[{"href":"https:\/\/visitplentzia.eus\/fr\/wp-json\/wp\/v2\/media?parent=7835"}],"curies":[{"name":"wp","href":"https:\/\/api.w.org\/{rel}","templated":true}]}}