{"id":7838,"date":"2024-06-18T10:07:28","date_gmt":"2024-06-18T08:07:28","guid":{"rendered":"https:\/\/darkslategrey-ape-696608.hostingersite.com\/?page_id=7838"},"modified":"2024-06-24T18:23:31","modified_gmt":"2024-06-24T16:23:31","slug":"uribe-kosta-rural-plentzia-barrika-sopela","status":"publish","type":"page","link":"https:\/\/visitplentzia.eus\/fr\/que-faire\/uribe-kosta-rural-plentzia-barrika-sopela\/","title":{"rendered":"Uribe Kosta Rural, Plentzia-Barrika-Sopela"},"content":{"rendered":"\n<div class=\"wp-block-group\"><div class=\"wp-block-group__inner-container is-layout-constrained wp-block-group-is-layout-constrained\">\n<div class=\"wp-block-genesis-blocks-gb-accordion gb-slate-accordion gpb-rounded-md gb-block-accordion gb-font-size-19\"><details><summary class=\"gb-accordion-title\">Itin\u00e9raire de courte dur\u00e9e, id\u00e9al pour les plus jeunes membres de la famille. Sur le chemin de Barrika, vous traverserez une petite for\u00eat unique en son genre qui abrite une superbe cascade.<br\/><br\/><strong>Dur\u00e9e<\/strong>\u00a0: environ 1\u00a0h\u00a030\u00a0min<br\/><strong>Distance<\/strong>\u00a0: 5\u00a0km<br\/><strong>Niveau<\/strong> <strong>de<\/strong> <strong>difficult\u00e9<\/strong>\u00a0: faible<br\/><br\/><\/summary><div class=\"gb-accordion-text\"><\/div><\/details><\/div>\n\n\n\n<div style=\"height:30px\" aria-hidden=\"true\" class=\"wp-block-spacer\"><\/div>\n<\/div><\/div>\n","protected":false},"excerpt":{"rendered":"","protected":false},"author":1,"featured_media":7516,"parent":5661,"menu_order":0,"comment_status":"closed","ping_status":"closed","template":"page-templates\/page-que-hacer.php","meta":{"_genesis_hide_title":false,"_genesis_hide_breadcrumbs":false,"_genesis_hide_singular_image":false,"_genesis_hide_footer_widgets":false,"_genesis_custom_body_class":"","_genesis_custom_post_class":"","_genesis_layout":"","footnotes":""},"class_list":{"0":"post-7838","1":"page","2":"type-page","3":"status-publish","4":"has-post-thumbnail","6":"entry"},"acf":[],"yoast_head":"<!-- This site is optimized with the Yoast SEO plugin v27.4 - https:\/\/yoast.com\/product\/yoast-seo-wordpress\/ -->\n<title>Uribe Kosta Rural, Plentzia-Barrika-Sopela - Turismo Plentzia<\/title>\n<meta name=\"description\" content=\"Itin\u00e9raire de courte dur\u00e9e, id\u00e9al pour les plus jeunes membres de la famille. Sur le chemin de Barrika, vous traverserez une petite for\u00eat unique en son genre qui abrite une superbe cascade.\" \/>\n<meta name=\"robots\" content=\"index, follow, max-snippet:-1, max-image-preview:large, max-video-preview:-1\" \/>\n<link rel=\"canonical\" href=\"https:\/\/visitplentzia.eus\/fr\/que-faire\/uribe-kosta-rural-plentzia-barrika-sopela\/\" \/>\n<meta property=\"og:locale\" content=\"fr_FR\" \/>\n<meta property=\"og:type\" content=\"article\" \/>\n<meta property=\"og:title\" content=\"Uribe Kosta Rural, Plentzia-Barrika-Sopela - Turismo Plentzia\" \/>\n<meta property=\"og:description\" content=\"Itin\u00e9raire de courte dur\u00e9e, id\u00e9al pour les plus jeunes membres de la famille. Sur le chemin de Barrika, vous traverserez une petite for\u00eat unique en son genre qui abrite une superbe cascade.\" \/>\n<meta property=\"og:url\" content=\"https:\/\/visitplentzia.eus\/fr\/que-faire\/uribe-kosta-rural-plentzia-barrika-sopela\/\" \/>\n<meta property=\"og:site_name\" content=\"Turismo Plentzia\" \/>\n<meta property=\"article:modified_time\" content=\"2024-06-24T16:23:31+00:00\" \/>\n<meta property=\"og:image\" content=\"https:\/\/visitplentzia.eus\/wp-content\/uploads\/2024\/06\/WhatsApp-Image-2024-06-05-at-10.36.48-3.jpeg\" \/>\n\t<meta property=\"og:image:width\" content=\"1600\" \/>\n\t<meta property=\"og:image:height\" content=\"739\" \/>\n\t<meta property=\"og:image:type\" content=\"image\/jpeg\" \/>\n<meta name=\"twitter:card\" content=\"summary_large_image\" \/>\n<meta name=\"twitter:label1\" content=\"Dur\u00e9e de lecture estim\u00e9e\" \/>\n\t<meta name=\"twitter:data1\" content=\"1 minute\" \/>\n<script type=\"application\/ld+json\" class=\"yoast-schema-graph\">{\"@context\":\"https:\\\/\\\/schema.org\",\"@graph\":[{\"@type\":\"WebPage\",\"@id\":\"https:\\\/\\\/visitplentzia.eus\\\/fr\\\/que-faire\\\/uribe-kosta-rural-plentzia-barrika-sopela\\\/\",\"url\":\"https:\\\/\\\/visitplentzia.eus\\\/fr\\\/que-faire\\\/uribe-kosta-rural-plentzia-barrika-sopela\\\/\",\"name\":\"Uribe Kosta Rural, Plentzia-Barrika-Sopela - Turismo Plentzia\",\"isPartOf\":{\"@id\":\"https:\\\/\\\/visitplentzia.eus\\\/fr\\\/#website\"},\"primaryImageOfPage\":{\"@id\":\"https:\\\/\\\/visitplentzia.eus\\\/fr\\\/que-faire\\\/uribe-kosta-rural-plentzia-barrika-sopela\\\/#primaryimage\"},\"image\":{\"@id\":\"https:\\\/\\\/visitplentzia.eus\\\/fr\\\/que-faire\\\/uribe-kosta-rural-plentzia-barrika-sopela\\\/#primaryimage\"},\"thumbnailUrl\":\"https:\\\/\\\/visitplentzia.eus\\\/wp-content\\\/uploads\\\/2024\\\/06\\\/WhatsApp-Image-2024-06-05-at-10.36.48-3.jpeg\",\"datePublished\":\"2024-06-18T08:07:28+00:00\",\"dateModified\":\"2024-06-24T16:23:31+00:00\",\"description\":\"Itin\u00e9raire de courte dur\u00e9e, id\u00e9al pour les plus jeunes membres de la famille. Sur le chemin de Barrika, vous traverserez une petite for\u00eat unique en son genre qui abrite une superbe cascade.\",\"breadcrumb\":{\"@id\":\"https:\\\/\\\/visitplentzia.eus\\\/fr\\\/que-faire\\\/uribe-kosta-rural-plentzia-barrika-sopela\\\/#breadcrumb\"},\"inLanguage\":\"fr-FR\",\"potentialAction\":[{\"@type\":\"ReadAction\",\"target\":[\"https:\\\/\\\/visitplentzia.eus\\\/fr\\\/que-faire\\\/uribe-kosta-rural-plentzia-barrika-sopela\\\/\"]}]},{\"@type\":\"ImageObject\",\"inLanguage\":\"fr-FR\",\"@id\":\"https:\\\/\\\/visitplentzia.eus\\\/fr\\\/que-faire\\\/uribe-kosta-rural-plentzia-barrika-sopela\\\/#primaryimage\",\"url\":\"https:\\\/\\\/visitplentzia.eus\\\/wp-content\\\/uploads\\\/2024\\\/06\\\/WhatsApp-Image-2024-06-05-at-10.36.48-3.jpeg\",\"contentUrl\":\"https:\\\/\\\/visitplentzia.eus\\\/wp-content\\\/uploads\\\/2024\\\/06\\\/WhatsApp-Image-2024-06-05-at-10.36.48-3.jpeg\",\"width\":1600,\"height\":739},{\"@type\":\"BreadcrumbList\",\"@id\":\"https:\\\/\\\/visitplentzia.eus\\\/fr\\\/que-faire\\\/uribe-kosta-rural-plentzia-barrika-sopela\\\/#breadcrumb\",\"itemListElement\":[{\"@type\":\"ListItem\",\"position\":1,\"name\":\"Home\",\"item\":\"https:\\\/\\\/visitplentzia.eus\\\/fr\\\/\"},{\"@type\":\"ListItem\",\"position\":2,\"name\":\"Que faire\",\"item\":\"https:\\\/\\\/visitplentzia.eus\\\/fr\\\/que-faire\\\/\"},{\"@type\":\"ListItem\",\"position\":3,\"name\":\"Uribe Kosta Rural, Plentzia-Barrika-Sopela\"}]},{\"@type\":\"WebSite\",\"@id\":\"https:\\\/\\\/visitplentzia.eus\\\/fr\\\/#website\",\"url\":\"https:\\\/\\\/visitplentzia.eus\\\/fr\\\/\",\"name\":\"Turismo Plentzia\",\"description\":\"P\u00e1gina oficial de Turismo Plentzia. Visita su hermosa R\u00eda, su bella playa, su puerto y su pintoresco casco antiguo\",\"publisher\":{\"@id\":\"https:\\\/\\\/visitplentzia.eus\\\/fr\\\/#organization\"},\"alternateName\":\"Turismo Plentzia\",\"potentialAction\":[{\"@type\":\"SearchAction\",\"target\":{\"@type\":\"EntryPoint\",\"urlTemplate\":\"https:\\\/\\\/visitplentzia.eus\\\/fr\\\/?s={search_term_string}\"},\"query-input\":{\"@type\":\"PropertyValueSpecification\",\"valueRequired\":true,\"valueName\":\"search_term_string\"}}],\"inLanguage\":\"fr-FR\"},{\"@type\":\"Organization\",\"@id\":\"https:\\\/\\\/visitplentzia.eus\\\/fr\\\/#organization\",\"name\":\"Plentzia turismo\",\"url\":\"https:\\\/\\\/visitplentzia.eus\\\/fr\\\/\",\"logo\":{\"@type\":\"ImageObject\",\"inLanguage\":\"fr-FR\",\"@id\":\"https:\\\/\\\/visitplentzia.eus\\\/fr\\\/#\\\/schema\\\/logo\\\/image\\\/\",\"url\":\"https:\\\/\\\/visitplentzia.eus\\\/wp-content\\\/uploads\\\/2023\\\/04\\\/logo-plentzia.png\",\"contentUrl\":\"https:\\\/\\\/visitplentzia.eus\\\/wp-content\\\/uploads\\\/2023\\\/04\\\/logo-plentzia.png\",\"width\":130,\"height\":117,\"caption\":\"Plentzia turismo\"},\"image\":{\"@id\":\"https:\\\/\\\/visitplentzia.eus\\\/fr\\\/#\\\/schema\\\/logo\\\/image\\\/\"}}]}<\/script>\n<!-- \/ Yoast SEO plugin. -->","yoast_head_json":{"title":"Uribe Kosta Rural, Plentzia-Barrika-Sopela - Turismo Plentzia","description":"Itin\u00e9raire de courte dur\u00e9e, id\u00e9al pour les plus jeunes membres de la famille. Sur le chemin de Barrika, vous traverserez une petite for\u00eat unique en son genre qui abrite une superbe cascade.","robots":{"index":"index","follow":"follow","max-snippet":"max-snippet:-1","max-image-preview":"max-image-preview:large","max-video-preview":"max-video-preview:-1"},"canonical":"https:\/\/visitplentzia.eus\/fr\/que-faire\/uribe-kosta-rural-plentzia-barrika-sopela\/","og_locale":"fr_FR","og_type":"article","og_title":"Uribe Kosta Rural, Plentzia-Barrika-Sopela - Turismo Plentzia","og_description":"Itin\u00e9raire de courte dur\u00e9e, id\u00e9al pour les plus jeunes membres de la famille. Sur le chemin de Barrika, vous traverserez une petite for\u00eat unique en son genre qui abrite une superbe cascade.","og_url":"https:\/\/visitplentzia.eus\/fr\/que-faire\/uribe-kosta-rural-plentzia-barrika-sopela\/","og_site_name":"Turismo Plentzia","article_modified_time":"2024-06-24T16:23:31+00:00","og_image":[{"width":1600,"height":739,"url":"https:\/\/visitplentzia.eus\/wp-content\/uploads\/2024\/06\/WhatsApp-Image-2024-06-05-at-10.36.48-3.jpeg","type":"image\/jpeg"}],"twitter_card":"summary_large_image","twitter_misc":{"Dur\u00e9e de lecture estim\u00e9e":"1 minute"},"schema":{"@context":"https:\/\/schema.org","@graph":[{"@type":"WebPage","@id":"https:\/\/visitplentzia.eus\/fr\/que-faire\/uribe-kosta-rural-plentzia-barrika-sopela\/","url":"https:\/\/visitplentzia.eus\/fr\/que-faire\/uribe-kosta-rural-plentzia-barrika-sopela\/","name":"Uribe Kosta Rural, Plentzia-Barrika-Sopela - Turismo Plentzia","isPartOf":{"@id":"https:\/\/visitplentzia.eus\/fr\/#website"},"primaryImageOfPage":{"@id":"https:\/\/visitplentzia.eus\/fr\/que-faire\/uribe-kosta-rural-plentzia-barrika-sopela\/#primaryimage"},"image":{"@id":"https:\/\/visitplentzia.eus\/fr\/que-faire\/uribe-kosta-rural-plentzia-barrika-sopela\/#primaryimage"},"thumbnailUrl":"https:\/\/visitplentzia.eus\/wp-content\/uploads\/2024\/06\/WhatsApp-Image-2024-06-05-at-10.36.48-3.jpeg","datePublished":"2024-06-18T08:07:28+00:00","dateModified":"2024-06-24T16:23:31+00:00","description":"Itin\u00e9raire de courte dur\u00e9e, id\u00e9al pour les plus jeunes membres de la famille. Sur le chemin de Barrika, vous traverserez une petite for\u00eat unique en son genre qui abrite une superbe cascade.","breadcrumb":{"@id":"https:\/\/visitplentzia.eus\/fr\/que-faire\/uribe-kosta-rural-plentzia-barrika-sopela\/#breadcrumb"},"inLanguage":"fr-FR","potentialAction":[{"@type":"ReadAction","target":["https:\/\/visitplentzia.eus\/fr\/que-faire\/uribe-kosta-rural-plentzia-barrika-sopela\/"]}]},{"@type":"ImageObject","inLanguage":"fr-FR","@id":"https:\/\/visitplentzia.eus\/fr\/que-faire\/uribe-kosta-rural-plentzia-barrika-sopela\/#primaryimage","url":"https:\/\/visitplentzia.eus\/wp-content\/uploads\/2024\/06\/WhatsApp-Image-2024-06-05-at-10.36.48-3.jpeg","contentUrl":"https:\/\/visitplentzia.eus\/wp-content\/uploads\/2024\/06\/WhatsApp-Image-2024-06-05-at-10.36.48-3.jpeg","width":1600,"height":739},{"@type":"BreadcrumbList","@id":"https:\/\/visitplentzia.eus\/fr\/que-faire\/uribe-kosta-rural-plentzia-barrika-sopela\/#breadcrumb","itemListElement":[{"@type":"ListItem","position":1,"name":"Home","item":"https:\/\/visitplentzia.eus\/fr\/"},{"@type":"ListItem","position":2,"name":"Que faire","item":"https:\/\/visitplentzia.eus\/fr\/que-faire\/"},{"@type":"ListItem","position":3,"name":"Uribe Kosta Rural, Plentzia-Barrika-Sopela"}]},{"@type":"WebSite","@id":"https:\/\/visitplentzia.eus\/fr\/#website","url":"https:\/\/visitplentzia.eus\/fr\/","name":"Turismo Plentzia","description":"P\u00e1gina oficial de Turismo Plentzia. Visita su hermosa R\u00eda, su bella playa, su puerto y su pintoresco casco antiguo","publisher":{"@id":"https:\/\/visitplentzia.eus\/fr\/#organization"},"alternateName":"Turismo Plentzia","potentialAction":[{"@type":"SearchAction","target":{"@type":"EntryPoint","urlTemplate":"https:\/\/visitplentzia.eus\/fr\/?s={search_term_string}"},"query-input":{"@type":"PropertyValueSpecification","valueRequired":true,"valueName":"search_term_string"}}],"inLanguage":"fr-FR"},{"@type":"Organization","@id":"https:\/\/visitplentzia.eus\/fr\/#organization","name":"Plentzia turismo","url":"https:\/\/visitplentzia.eus\/fr\/","logo":{"@type":"ImageObject","inLanguage":"fr-FR","@id":"https:\/\/visitplentzia.eus\/fr\/#\/schema\/logo\/image\/","url":"https:\/\/visitplentzia.eus\/wp-content\/uploads\/2023\/04\/logo-plentzia.png","contentUrl":"https:\/\/visitplentzia.eus\/wp-content\/uploads\/2023\/04\/logo-plentzia.png","width":130,"height":117,"caption":"Plentzia turismo"},"image":{"@id":"https:\/\/visitplentzia.eus\/fr\/#\/schema\/logo\/image\/"}}]}},"featured_image_src":"https:\/\/visitplentzia.eus\/wp-content\/uploads\/2024\/06\/WhatsApp-Image-2024-06-05-at-10.36.48-3-600x400.jpeg","featured_image_src_square":"https:\/\/visitplentzia.eus\/wp-content\/uploads\/2024\/06\/WhatsApp-Image-2024-06-05-at-10.36.48-3-600x600.jpeg","publishpress_future_workflow_manual_trigger":{"enabledWorkflows":[]},"_links":{"self":[{"href":"https:\/\/visitplentzia.eus\/fr\/wp-json\/wp\/v2\/pages\/7838","targetHints":{"allow":["GET"]}}],"collection":[{"href":"https:\/\/visitplentzia.eus\/fr\/wp-json\/wp\/v2\/pages"}],"about":[{"href":"https:\/\/visitplentzia.eus\/fr\/wp-json\/wp\/v2\/types\/page"}],"author":[{"embeddable":true,"href":"https:\/\/visitplentzia.eus\/fr\/wp-json\/wp\/v2\/users\/1"}],"replies":[{"embeddable":true,"href":"https:\/\/visitplentzia.eus\/fr\/wp-json\/wp\/v2\/comments?post=7838"}],"version-history":[{"count":2,"href":"https:\/\/visitplentzia.eus\/fr\/wp-json\/wp\/v2\/pages\/7838\/revisions"}],"predecessor-version":[{"id":7840,"href":"https:\/\/visitplentzia.eus\/fr\/wp-json\/wp\/v2\/pages\/7838\/revisions\/7840"}],"up":[{"embeddable":true,"href":"https:\/\/visitplentzia.eus\/fr\/wp-json\/wp\/v2\/pages\/5661"}],"wp:featuredmedia":[{"embeddable":true,"href":"https:\/\/visitplentzia.eus\/fr\/wp-json\/wp\/v2\/media\/7516"}],"wp:attachment":[{"href":"https:\/\/visitplentzia.eus\/fr\/wp-json\/wp\/v2\/media?parent=7838"}],"curies":[{"name":"wp","href":"https:\/\/api.w.org\/{rel}","templated":true}]}}