{"id":7844,"date":"2024-06-04T12:27:23","date_gmt":"2024-06-04T10:27:23","guid":{"rendered":"https:\/\/darkslategrey-ape-696608.hostingersite.com\/?page_id=7844"},"modified":"2024-06-25T10:54:48","modified_gmt":"2024-06-25T08:54:48","slug":"culture","status":"publish","type":"page","link":"https:\/\/visitplentzia.eus\/fr\/que-voir\/culture\/","title":{"rendered":"Culture"},"content":{"rendered":"\n<p>Tout au long de l\u2019ann\u00e9e, Plentzia organise plusieurs \u00e9v\u00e9nements et propose de nombreuses activit\u00e9s culturelles qui se d\u00e9roulent dans les lieux les plus embl\u00e9matiques de la ville. Deux mus\u00e9es de grand int\u00e9r\u00eat vous invitent \u00e9galement \u00e0 plonger dans son histoire.<\/p>\n\n\n\n<div id=\"listado-cards-block_4a7ff89a844326a82d3102262131a60d\" class=\"listado-cards \">\n\n                    <div class=\"control-cards-grid horizontal-block\">\n                    \n                                                <div class=\"single-card\">\n                            <div class=\"image\">\n                                <a href=\"https:\/\/visitplentzia.eus\/fr\/activit\u00e9\/musee-plasentia-de-butron\/\">\n                                    <img loading=\"lazy\" decoding=\"async\" width=\"2560\" height=\"1582\" src=\"https:\/\/visitplentzia.eus\/wp-content\/uploads\/2023\/05\/20210208_114441-scaled-e1692181303747.jpg\" class=\"attachment-full size-full\" alt=\"\" srcset=\"https:\/\/visitplentzia.eus\/wp-content\/uploads\/2023\/05\/20210208_114441-scaled-e1692181303747.jpg 2560w, https:\/\/visitplentzia.eus\/wp-content\/uploads\/2023\/05\/20210208_114441-scaled-e1692181303747-300x185.jpg 300w, https:\/\/visitplentzia.eus\/wp-content\/uploads\/2023\/05\/20210208_114441-scaled-e1692181303747-1024x633.jpg 1024w, https:\/\/visitplentzia.eus\/wp-content\/uploads\/2023\/05\/20210208_114441-scaled-e1692181303747-768x475.jpg 768w, https:\/\/visitplentzia.eus\/wp-content\/uploads\/2023\/05\/20210208_114441-scaled-e1692181303747-1536x949.jpg 1536w, https:\/\/visitplentzia.eus\/wp-content\/uploads\/2023\/05\/20210208_114441-scaled-e1692181303747-2048x1266.jpg 2048w\" sizes=\"auto, (max-width: 2560px) 100vw, 2560px\" \/>                                <\/a>\n                            <\/div>\n                            <div class=\"texto\">\n                                <p class=\"title\">\n                                    <a href=\"https:\/\/visitplentzia.eus\/fr\/activit\u00e9\/musee-plasentia-de-butron\/\">\n                                        Mus\u00e9e Plasentia de Butr\u00f3n                                    <\/a>\n                                <\/p>\n                                <div class=\"resumen\">\n                                    <p><span style=\"font-weight: 400;\">En 1988, la Fondation Plasentia de Butr\u00f3n a inaugur\u00e9 le mus\u00e9e, situ\u00e9 dans la maison-tour de 1562 qui abritait l\u2019ancien h\u00f4tel de ville, dans le but de r\u00e9cup\u00e9rer et d\u2019exposer diff\u00e9rents \u00e9l\u00e9ments de l\u2019histoire de Plentzia et de sa r\u00e9gion.<\/span><\/p>\n                                <\/div>\n                                <div class=\"button-container\">\n                                    <p>\n                                        <a class=\"button\" href=\"https:\/\/visitplentzia.eus\/fr\/activit\u00e9\/musee-plasentia-de-butron\/\">Plus d&rsquo;informations<\/a>\n                                    <\/p>\n                                <\/div>\n                            <\/div>\n                        <\/div>\n                \n                    \n                                                <div class=\"single-card\">\n                            <div class=\"image\">\n                                <a href=\"https:\/\/visitplentzia.eus\/fr\/que-voir\/patrimoine\/aramburu-musee-pharmacie\/\">\n                                    <img loading=\"lazy\" decoding=\"async\" width=\"979\" height=\"400\" src=\"https:\/\/visitplentzia.eus\/wp-content\/uploads\/2023\/05\/farmacia-museo.jpeg\" class=\"attachment-full size-full\" alt=\"\" srcset=\"https:\/\/visitplentzia.eus\/wp-content\/uploads\/2023\/05\/farmacia-museo.jpeg 979w, https:\/\/visitplentzia.eus\/wp-content\/uploads\/2023\/05\/farmacia-museo-300x123.jpeg 300w, https:\/\/visitplentzia.eus\/wp-content\/uploads\/2023\/05\/farmacia-museo-768x314.jpeg 768w\" sizes=\"auto, (max-width: 979px) 100vw, 979px\" \/>                                <\/a>\n                            <\/div>\n                            <div class=\"texto\">\n                                <p class=\"title\">\n                                    <a href=\"https:\/\/visitplentzia.eus\/fr\/que-voir\/patrimoine\/aramburu-musee-pharmacie\/\">\n                                        Aramburu Mus\u00e9e-Pharmacie                                    <\/a>\n                                <\/p>\n                                <div class=\"resumen\">\n                                    <p><span style=\"font-weight: 400;\">Pharmacie familiale fond\u00e9e en 1888 qui fait \u00e9galement office de mus\u00e9e. Elle propose une exposition am\u00e9nag\u00e9e dans les espaces d\u2019origine de la pharmacie, du laboratoire et de l\u2019ancienne arri\u00e8re-boutique.<\/span><\/p>\n                                <\/div>\n                                <div class=\"button-container\">\n                                    <p>\n                                        <a class=\"button\" href=\"https:\/\/visitplentzia.eus\/fr\/que-voir\/patrimoine\/aramburu-musee-pharmacie\/\">Plus d&rsquo;informations<\/a>\n                                    <\/p>\n                                <\/div>\n                            <\/div>\n                        <\/div>\n                \n                    \n                                                <div class=\"single-card\">\n                            <div class=\"image\">\n                                <a href=\"https:\/\/visitplentzia.eus\/fr\/que-voir\/patrimoine\/vieille-ville\/ferme-goni-portal\/\">\n                                    <img loading=\"lazy\" decoding=\"async\" width=\"768\" height=\"518\" src=\"https:\/\/visitplentzia.eus\/wp-content\/uploads\/2023\/05\/goni-portal3-768x518-1.jpg\" class=\"attachment-full size-full\" alt=\"\" srcset=\"https:\/\/visitplentzia.eus\/wp-content\/uploads\/2023\/05\/goni-portal3-768x518-1.jpg 768w, https:\/\/visitplentzia.eus\/wp-content\/uploads\/2023\/05\/goni-portal3-768x518-1-300x202.jpg 300w\" sizes=\"auto, (max-width: 768px) 100vw, 768px\" \/>                                <\/a>\n                            <\/div>\n                            <div class=\"texto\">\n                                <p class=\"title\">\n                                    <a href=\"https:\/\/visitplentzia.eus\/fr\/que-voir\/patrimoine\/vieille-ville\/ferme-goni-portal\/\">\n                                        Ferme Go\u00f1i Portal                                    <\/a>\n                                <\/p>\n                                <div class=\"resumen\">\n                                    <p><span style=\"font-weight: 400;\">Singuli\u00e8re construction de type rural ins\u00e9r\u00e9e dans la ville derri\u00e8re le chevet de l\u2019\u00e9glise paroissiale Santa Mar\u00eda Magdalena.<\/span><\/p>\n                                <\/div>\n                                <div class=\"button-container\">\n                                    <p>\n                                        <a class=\"button\" href=\"https:\/\/visitplentzia.eus\/fr\/que-voir\/patrimoine\/vieille-ville\/ferme-goni-portal\/\">Plus d&rsquo;informations<\/a>\n                                    <\/p>\n                                <\/div>\n                            <\/div>\n                        <\/div>\n                \n                                    <\/div>\n            \n    \n\n\n\n    \n    \n<\/div>\n\n","protected":false},"excerpt":{"rendered":"<p>Tout au long de l\u2019ann\u00e9e, Plentzia organise plusieurs \u00e9v\u00e9nements et propose de nombreuses activit\u00e9s culturelles qui se d\u00e9roulent dans les lieux les plus embl\u00e9matiques de la ville. Deux mus\u00e9es de grand int\u00e9r\u00eat vous invitent \u00e9galement \u00e0 plonger dans son histoire.<\/p>\n","protected":false},"author":1,"featured_media":7320,"parent":5718,"menu_order":0,"comment_status":"closed","ping_status":"closed","template":"page-templates\/page-que-ver.php","meta":{"_genesis_hide_title":false,"_genesis_hide_breadcrumbs":false,"_genesis_hide_singular_image":false,"_genesis_hide_footer_widgets":false,"_genesis_custom_body_class":"","_genesis_custom_post_class":"","_genesis_layout":"","footnotes":""},"class_list":{"0":"post-7844","1":"page","2":"type-page","3":"status-publish","4":"has-post-thumbnail","6":"entry"},"acf":[],"yoast_head":"<!-- This site is optimized with the Yoast SEO plugin v27.4 - https:\/\/yoast.com\/product\/yoast-seo-wordpress\/ -->\n<title>Culture - Turismo Plentzia<\/title>\n<meta name=\"description\" content=\"Tout au long de l\u2019ann\u00e9e, Plentzia organise plusieurs \u00e9v\u00e9nements et propose de nombreuses activit\u00e9s culturelles qui se d\u00e9roulent dans les lieux les plus embl\u00e9matiques de la ville.\" \/>\n<meta name=\"robots\" content=\"index, follow, max-snippet:-1, max-image-preview:large, max-video-preview:-1\" \/>\n<link rel=\"canonical\" href=\"https:\/\/visitplentzia.eus\/fr\/que-voir\/culture\/\" \/>\n<meta property=\"og:locale\" content=\"fr_FR\" \/>\n<meta property=\"og:type\" content=\"article\" \/>\n<meta property=\"og:title\" content=\"Culture - Turismo Plentzia\" \/>\n<meta property=\"og:description\" content=\"Tout au long de l\u2019ann\u00e9e, Plentzia organise plusieurs \u00e9v\u00e9nements et propose de nombreuses activit\u00e9s culturelles qui se d\u00e9roulent dans les lieux les plus embl\u00e9matiques de la ville.\" \/>\n<meta property=\"og:url\" content=\"https:\/\/visitplentzia.eus\/fr\/que-voir\/culture\/\" \/>\n<meta property=\"og:site_name\" content=\"Turismo Plentzia\" \/>\n<meta property=\"article:modified_time\" content=\"2024-06-25T08:54:48+00:00\" \/>\n<meta property=\"og:image\" content=\"https:\/\/visitplentzia.eus\/wp-content\/uploads\/2024\/06\/a636b3f9-e82c-44a8-8b2b-33782180fb81.jpg\" \/>\n\t<meta property=\"og:image:width\" content=\"2048\" \/>\n\t<meta property=\"og:image:height\" content=\"1535\" \/>\n\t<meta property=\"og:image:type\" content=\"image\/jpeg\" \/>\n<meta name=\"twitter:card\" content=\"summary_large_image\" \/>\n<meta name=\"twitter:label1\" content=\"Dur\u00e9e de lecture estim\u00e9e\" \/>\n\t<meta name=\"twitter:data1\" content=\"1 minute\" \/>\n<script type=\"application\/ld+json\" class=\"yoast-schema-graph\">{\"@context\":\"https:\\\/\\\/schema.org\",\"@graph\":[{\"@type\":\"WebPage\",\"@id\":\"https:\\\/\\\/visitplentzia.eus\\\/fr\\\/que-voir\\\/culture\\\/\",\"url\":\"https:\\\/\\\/visitplentzia.eus\\\/fr\\\/que-voir\\\/culture\\\/\",\"name\":\"Culture - Turismo Plentzia\",\"isPartOf\":{\"@id\":\"https:\\\/\\\/visitplentzia.eus\\\/fr\\\/#website\"},\"primaryImageOfPage\":{\"@id\":\"https:\\\/\\\/visitplentzia.eus\\\/fr\\\/que-voir\\\/culture\\\/#primaryimage\"},\"image\":{\"@id\":\"https:\\\/\\\/visitplentzia.eus\\\/fr\\\/que-voir\\\/culture\\\/#primaryimage\"},\"thumbnailUrl\":\"https:\\\/\\\/visitplentzia.eus\\\/wp-content\\\/uploads\\\/2024\\\/06\\\/a636b3f9-e82c-44a8-8b2b-33782180fb81.jpg\",\"datePublished\":\"2024-06-04T10:27:23+00:00\",\"dateModified\":\"2024-06-25T08:54:48+00:00\",\"description\":\"Tout au long de l\u2019ann\u00e9e, Plentzia organise plusieurs \u00e9v\u00e9nements et propose de nombreuses activit\u00e9s culturelles qui se d\u00e9roulent dans les lieux les plus embl\u00e9matiques de la ville.\",\"breadcrumb\":{\"@id\":\"https:\\\/\\\/visitplentzia.eus\\\/fr\\\/que-voir\\\/culture\\\/#breadcrumb\"},\"inLanguage\":\"fr-FR\",\"potentialAction\":[{\"@type\":\"ReadAction\",\"target\":[\"https:\\\/\\\/visitplentzia.eus\\\/fr\\\/que-voir\\\/culture\\\/\"]}]},{\"@type\":\"ImageObject\",\"inLanguage\":\"fr-FR\",\"@id\":\"https:\\\/\\\/visitplentzia.eus\\\/fr\\\/que-voir\\\/culture\\\/#primaryimage\",\"url\":\"https:\\\/\\\/visitplentzia.eus\\\/wp-content\\\/uploads\\\/2024\\\/06\\\/a636b3f9-e82c-44a8-8b2b-33782180fb81.jpg\",\"contentUrl\":\"https:\\\/\\\/visitplentzia.eus\\\/wp-content\\\/uploads\\\/2024\\\/06\\\/a636b3f9-e82c-44a8-8b2b-33782180fb81.jpg\",\"width\":2048,\"height\":1535},{\"@type\":\"BreadcrumbList\",\"@id\":\"https:\\\/\\\/visitplentzia.eus\\\/fr\\\/que-voir\\\/culture\\\/#breadcrumb\",\"itemListElement\":[{\"@type\":\"ListItem\",\"position\":1,\"name\":\"Home\",\"item\":\"https:\\\/\\\/visitplentzia.eus\\\/fr\\\/\"},{\"@type\":\"ListItem\",\"position\":2,\"name\":\"Que voir\",\"item\":\"https:\\\/\\\/visitplentzia.eus\\\/fr\\\/que-voir\\\/\"},{\"@type\":\"ListItem\",\"position\":3,\"name\":\"Culture\"}]},{\"@type\":\"WebSite\",\"@id\":\"https:\\\/\\\/visitplentzia.eus\\\/fr\\\/#website\",\"url\":\"https:\\\/\\\/visitplentzia.eus\\\/fr\\\/\",\"name\":\"Turismo Plentzia\",\"description\":\"P\u00e1gina oficial de Turismo Plentzia. Visita su hermosa R\u00eda, su bella playa, su puerto y su pintoresco casco antiguo\",\"publisher\":{\"@id\":\"https:\\\/\\\/visitplentzia.eus\\\/fr\\\/#organization\"},\"alternateName\":\"Turismo Plentzia\",\"potentialAction\":[{\"@type\":\"SearchAction\",\"target\":{\"@type\":\"EntryPoint\",\"urlTemplate\":\"https:\\\/\\\/visitplentzia.eus\\\/fr\\\/?s={search_term_string}\"},\"query-input\":{\"@type\":\"PropertyValueSpecification\",\"valueRequired\":true,\"valueName\":\"search_term_string\"}}],\"inLanguage\":\"fr-FR\"},{\"@type\":\"Organization\",\"@id\":\"https:\\\/\\\/visitplentzia.eus\\\/fr\\\/#organization\",\"name\":\"Plentzia turismo\",\"url\":\"https:\\\/\\\/visitplentzia.eus\\\/fr\\\/\",\"logo\":{\"@type\":\"ImageObject\",\"inLanguage\":\"fr-FR\",\"@id\":\"https:\\\/\\\/visitplentzia.eus\\\/fr\\\/#\\\/schema\\\/logo\\\/image\\\/\",\"url\":\"https:\\\/\\\/visitplentzia.eus\\\/wp-content\\\/uploads\\\/2023\\\/04\\\/logo-plentzia.png\",\"contentUrl\":\"https:\\\/\\\/visitplentzia.eus\\\/wp-content\\\/uploads\\\/2023\\\/04\\\/logo-plentzia.png\",\"width\":130,\"height\":117,\"caption\":\"Plentzia turismo\"},\"image\":{\"@id\":\"https:\\\/\\\/visitplentzia.eus\\\/fr\\\/#\\\/schema\\\/logo\\\/image\\\/\"}}]}<\/script>\n<!-- \/ Yoast SEO plugin. -->","yoast_head_json":{"title":"Culture - Turismo Plentzia","description":"Tout au long de l\u2019ann\u00e9e, Plentzia organise plusieurs \u00e9v\u00e9nements et propose de nombreuses activit\u00e9s culturelles qui se d\u00e9roulent dans les lieux les plus embl\u00e9matiques de la ville.","robots":{"index":"index","follow":"follow","max-snippet":"max-snippet:-1","max-image-preview":"max-image-preview:large","max-video-preview":"max-video-preview:-1"},"canonical":"https:\/\/visitplentzia.eus\/fr\/que-voir\/culture\/","og_locale":"fr_FR","og_type":"article","og_title":"Culture - Turismo Plentzia","og_description":"Tout au long de l\u2019ann\u00e9e, Plentzia organise plusieurs \u00e9v\u00e9nements et propose de nombreuses activit\u00e9s culturelles qui se d\u00e9roulent dans les lieux les plus embl\u00e9matiques de la ville.","og_url":"https:\/\/visitplentzia.eus\/fr\/que-voir\/culture\/","og_site_name":"Turismo Plentzia","article_modified_time":"2024-06-25T08:54:48+00:00","og_image":[{"width":2048,"height":1535,"url":"https:\/\/visitplentzia.eus\/wp-content\/uploads\/2024\/06\/a636b3f9-e82c-44a8-8b2b-33782180fb81.jpg","type":"image\/jpeg"}],"twitter_card":"summary_large_image","twitter_misc":{"Dur\u00e9e de lecture estim\u00e9e":"1 minute"},"schema":{"@context":"https:\/\/schema.org","@graph":[{"@type":"WebPage","@id":"https:\/\/visitplentzia.eus\/fr\/que-voir\/culture\/","url":"https:\/\/visitplentzia.eus\/fr\/que-voir\/culture\/","name":"Culture - Turismo Plentzia","isPartOf":{"@id":"https:\/\/visitplentzia.eus\/fr\/#website"},"primaryImageOfPage":{"@id":"https:\/\/visitplentzia.eus\/fr\/que-voir\/culture\/#primaryimage"},"image":{"@id":"https:\/\/visitplentzia.eus\/fr\/que-voir\/culture\/#primaryimage"},"thumbnailUrl":"https:\/\/visitplentzia.eus\/wp-content\/uploads\/2024\/06\/a636b3f9-e82c-44a8-8b2b-33782180fb81.jpg","datePublished":"2024-06-04T10:27:23+00:00","dateModified":"2024-06-25T08:54:48+00:00","description":"Tout au long de l\u2019ann\u00e9e, Plentzia organise plusieurs \u00e9v\u00e9nements et propose de nombreuses activit\u00e9s culturelles qui se d\u00e9roulent dans les lieux les plus embl\u00e9matiques de la ville.","breadcrumb":{"@id":"https:\/\/visitplentzia.eus\/fr\/que-voir\/culture\/#breadcrumb"},"inLanguage":"fr-FR","potentialAction":[{"@type":"ReadAction","target":["https:\/\/visitplentzia.eus\/fr\/que-voir\/culture\/"]}]},{"@type":"ImageObject","inLanguage":"fr-FR","@id":"https:\/\/visitplentzia.eus\/fr\/que-voir\/culture\/#primaryimage","url":"https:\/\/visitplentzia.eus\/wp-content\/uploads\/2024\/06\/a636b3f9-e82c-44a8-8b2b-33782180fb81.jpg","contentUrl":"https:\/\/visitplentzia.eus\/wp-content\/uploads\/2024\/06\/a636b3f9-e82c-44a8-8b2b-33782180fb81.jpg","width":2048,"height":1535},{"@type":"BreadcrumbList","@id":"https:\/\/visitplentzia.eus\/fr\/que-voir\/culture\/#breadcrumb","itemListElement":[{"@type":"ListItem","position":1,"name":"Home","item":"https:\/\/visitplentzia.eus\/fr\/"},{"@type":"ListItem","position":2,"name":"Que voir","item":"https:\/\/visitplentzia.eus\/fr\/que-voir\/"},{"@type":"ListItem","position":3,"name":"Culture"}]},{"@type":"WebSite","@id":"https:\/\/visitplentzia.eus\/fr\/#website","url":"https:\/\/visitplentzia.eus\/fr\/","name":"Turismo Plentzia","description":"P\u00e1gina oficial de Turismo Plentzia. Visita su hermosa R\u00eda, su bella playa, su puerto y su pintoresco casco antiguo","publisher":{"@id":"https:\/\/visitplentzia.eus\/fr\/#organization"},"alternateName":"Turismo Plentzia","potentialAction":[{"@type":"SearchAction","target":{"@type":"EntryPoint","urlTemplate":"https:\/\/visitplentzia.eus\/fr\/?s={search_term_string}"},"query-input":{"@type":"PropertyValueSpecification","valueRequired":true,"valueName":"search_term_string"}}],"inLanguage":"fr-FR"},{"@type":"Organization","@id":"https:\/\/visitplentzia.eus\/fr\/#organization","name":"Plentzia turismo","url":"https:\/\/visitplentzia.eus\/fr\/","logo":{"@type":"ImageObject","inLanguage":"fr-FR","@id":"https:\/\/visitplentzia.eus\/fr\/#\/schema\/logo\/image\/","url":"https:\/\/visitplentzia.eus\/wp-content\/uploads\/2023\/04\/logo-plentzia.png","contentUrl":"https:\/\/visitplentzia.eus\/wp-content\/uploads\/2023\/04\/logo-plentzia.png","width":130,"height":117,"caption":"Plentzia turismo"},"image":{"@id":"https:\/\/visitplentzia.eus\/fr\/#\/schema\/logo\/image\/"}}]}},"featured_image_src":"https:\/\/visitplentzia.eus\/wp-content\/uploads\/2024\/06\/a636b3f9-e82c-44a8-8b2b-33782180fb81-600x400.jpg","featured_image_src_square":"https:\/\/visitplentzia.eus\/wp-content\/uploads\/2024\/06\/a636b3f9-e82c-44a8-8b2b-33782180fb81-600x600.jpg","publishpress_future_workflow_manual_trigger":{"enabledWorkflows":[]},"_links":{"self":[{"href":"https:\/\/visitplentzia.eus\/fr\/wp-json\/wp\/v2\/pages\/7844","targetHints":{"allow":["GET"]}}],"collection":[{"href":"https:\/\/visitplentzia.eus\/fr\/wp-json\/wp\/v2\/pages"}],"about":[{"href":"https:\/\/visitplentzia.eus\/fr\/wp-json\/wp\/v2\/types\/page"}],"author":[{"embeddable":true,"href":"https:\/\/visitplentzia.eus\/fr\/wp-json\/wp\/v2\/users\/1"}],"replies":[{"embeddable":true,"href":"https:\/\/visitplentzia.eus\/fr\/wp-json\/wp\/v2\/comments?post=7844"}],"version-history":[{"count":2,"href":"https:\/\/visitplentzia.eus\/fr\/wp-json\/wp\/v2\/pages\/7844\/revisions"}],"predecessor-version":[{"id":7846,"href":"https:\/\/visitplentzia.eus\/fr\/wp-json\/wp\/v2\/pages\/7844\/revisions\/7846"}],"up":[{"embeddable":true,"href":"https:\/\/visitplentzia.eus\/fr\/wp-json\/wp\/v2\/pages\/5718"}],"wp:featuredmedia":[{"embeddable":true,"href":"https:\/\/visitplentzia.eus\/fr\/wp-json\/wp\/v2\/media\/7320"}],"wp:attachment":[{"href":"https:\/\/visitplentzia.eus\/fr\/wp-json\/wp\/v2\/media?parent=7844"}],"curies":[{"name":"wp","href":"https:\/\/api.w.org\/{rel}","templated":true}]}}