{"id":7847,"date":"2024-06-05T10:23:43","date_gmt":"2024-06-05T08:23:43","guid":{"rendered":"https:\/\/darkslategrey-ape-696608.hostingersite.com\/?page_id=7847"},"modified":"2024-06-25T11:20:09","modified_gmt":"2024-06-25T09:20:09","slug":"oenotourisme","status":"publish","type":"page","link":"https:\/\/visitplentzia.eus\/fr\/que-faire\/oenotourisme\/","title":{"rendered":"\u0152notourisme"},"content":{"rendered":"\n<div class=\"wp-block-group\"><div class=\"wp-block-group__inner-container is-layout-constrained wp-block-group-is-layout-constrained\">\n<p>Uribe est une r\u00e9gion de tradition sp\u00e9cifique au txakoli (vin blanc sec l\u00e9g\u00e8rement p\u00e9tillant), o\u00f9 la superficie couverte par les vignobles et le nombre de caves sont sup\u00e9rieurs \u00e0 la moyenne de la Biscaye. Toutefois, la cave que vous trouverez \u00e0 Plentzia est unique. <\/p>\n\n\n\n<div style=\"height:30px\" aria-hidden=\"true\" class=\"wp-block-spacer\"><\/div>\n\n\n\n<div id=\"listado-cards-block_e53322e1bb6e90a0a9297e462c2bf81b\" class=\"listado-cards \">\n\n                    <div class=\"control-cards-grid horizontal-block\">\n                    \n                                                <div class=\"single-card\">\n                            <div class=\"image\">\n                                <a href=\"https:\/\/visitplentzia.eus\/fr\/que-faire\/vie-maritime\/cave-sous-marine-crusoe-treasure\/\">\n                                    <img loading=\"lazy\" decoding=\"async\" width=\"1200\" height=\"693\" src=\"https:\/\/visitplentzia.eus\/wp-content\/uploads\/2023\/05\/bodega-plentzia.jpg\" class=\"attachment-full size-full\" alt=\"\" srcset=\"https:\/\/visitplentzia.eus\/wp-content\/uploads\/2023\/05\/bodega-plentzia.jpg 1200w, https:\/\/visitplentzia.eus\/wp-content\/uploads\/2023\/05\/bodega-plentzia-300x173.jpg 300w, https:\/\/visitplentzia.eus\/wp-content\/uploads\/2023\/05\/bodega-plentzia-1024x591.jpg 1024w, https:\/\/visitplentzia.eus\/wp-content\/uploads\/2023\/05\/bodega-plentzia-768x444.jpg 768w\" sizes=\"auto, (max-width: 1200px) 100vw, 1200px\" \/>                                <\/a>\n                            <\/div>\n                            <div class=\"texto\">\n                                <p class=\"title\">\n                                    <a href=\"https:\/\/visitplentzia.eus\/fr\/que-faire\/vie-maritime\/cave-sous-marine-crusoe-treasure\/\">\n                                        Cave sous-marine Crusoe Treasure                                    <\/a>\n                                <\/p>\n                                <div class=\"resumen\">\n                                    <p><span style=\"font-weight: 400;\">Crusoe Treasure est une \u00e9dition limit\u00e9e boutique vin vieilli au fond de la mer dans la premi\u00e8re cave sous-marine et de r\u00e9cifs artificiels dans le monde.<\/span><\/p>\n                                <\/div>\n                                <div class=\"button-container\">\n                                    <p>\n                                        <a class=\"button\" href=\"https:\/\/visitplentzia.eus\/fr\/que-faire\/vie-maritime\/cave-sous-marine-crusoe-treasure\/\">Plus d&rsquo;informations<\/a>\n                                    <\/p>\n                                <\/div>\n                            <\/div>\n                        <\/div>\n                \n                                    <\/div>\n            \n    \n\n\n\n    \n    \n<\/div>\n\n<\/div><\/div>\n","protected":false},"excerpt":{"rendered":"<p>Uribe est une r\u00e9gion de tradition sp\u00e9cifique au txakoli (vin blanc sec l\u00e9g\u00e8rement p\u00e9tillant), o\u00f9 la superficie couverte par les vignobles et le nombre de caves sont sup\u00e9rieurs \u00e0 la moyenne de la Biscaye. Toutefois, la cave que vous trouverez \u00e0 Plentzia est unique.<\/p>\n","protected":false},"author":1,"featured_media":5608,"parent":5661,"menu_order":0,"comment_status":"closed","ping_status":"closed","template":"page-templates\/page-que-hacer.php","meta":{"_genesis_hide_title":false,"_genesis_hide_breadcrumbs":false,"_genesis_hide_singular_image":false,"_genesis_hide_footer_widgets":false,"_genesis_custom_body_class":"","_genesis_custom_post_class":"","_genesis_layout":"","footnotes":""},"class_list":{"0":"post-7847","1":"page","2":"type-page","3":"status-publish","4":"has-post-thumbnail","6":"entry"},"acf":[],"yoast_head":"<!-- This site is optimized with the Yoast SEO plugin v27.4 - https:\/\/yoast.com\/product\/yoast-seo-wordpress\/ -->\n<title>\u0152notourisme - Turismo Plentzia<\/title>\n<meta name=\"description\" content=\"Uribe est une r\u00e9gion de tradition sp\u00e9cifique au txakoli (vin blanc sec l\u00e9g\u00e8rement p\u00e9tillant), o\u00f9 la superficie couverte par les vignobles et le nombre de caves sont sup\u00e9rieurs \u00e0 la moyenne de la Biscaye.\" \/>\n<meta name=\"robots\" content=\"index, follow, max-snippet:-1, max-image-preview:large, max-video-preview:-1\" \/>\n<link rel=\"canonical\" href=\"https:\/\/visitplentzia.eus\/fr\/que-faire\/oenotourisme\/\" \/>\n<meta property=\"og:locale\" content=\"fr_FR\" \/>\n<meta property=\"og:type\" content=\"article\" \/>\n<meta property=\"og:title\" content=\"\u0152notourisme - Turismo Plentzia\" \/>\n<meta property=\"og:description\" content=\"Uribe est une r\u00e9gion de tradition sp\u00e9cifique au txakoli (vin blanc sec l\u00e9g\u00e8rement p\u00e9tillant), o\u00f9 la superficie couverte par les vignobles et le nombre de caves sont sup\u00e9rieurs \u00e0 la moyenne de la Biscaye.\" \/>\n<meta property=\"og:url\" content=\"https:\/\/visitplentzia.eus\/fr\/que-faire\/oenotourisme\/\" \/>\n<meta property=\"og:site_name\" content=\"Turismo Plentzia\" \/>\n<meta property=\"article:modified_time\" content=\"2024-06-25T09:20:09+00:00\" \/>\n<meta property=\"og:image\" content=\"https:\/\/visitplentzia.eus\/wp-content\/uploads\/2023\/05\/DSC_8513-scaled.jpg\" \/>\n\t<meta property=\"og:image:width\" content=\"2560\" \/>\n\t<meta property=\"og:image:height\" content=\"1695\" \/>\n\t<meta property=\"og:image:type\" content=\"image\/jpeg\" \/>\n<meta name=\"twitter:card\" content=\"summary_large_image\" \/>\n<meta name=\"twitter:label1\" content=\"Dur\u00e9e de lecture estim\u00e9e\" \/>\n\t<meta name=\"twitter:data1\" content=\"1 minute\" \/>\n<script type=\"application\/ld+json\" class=\"yoast-schema-graph\">{\"@context\":\"https:\\\/\\\/schema.org\",\"@graph\":[{\"@type\":\"WebPage\",\"@id\":\"https:\\\/\\\/visitplentzia.eus\\\/fr\\\/que-faire\\\/oenotourisme\\\/\",\"url\":\"https:\\\/\\\/visitplentzia.eus\\\/fr\\\/que-faire\\\/oenotourisme\\\/\",\"name\":\"\u0152notourisme - Turismo Plentzia\",\"isPartOf\":{\"@id\":\"https:\\\/\\\/visitplentzia.eus\\\/fr\\\/#website\"},\"primaryImageOfPage\":{\"@id\":\"https:\\\/\\\/visitplentzia.eus\\\/fr\\\/que-faire\\\/oenotourisme\\\/#primaryimage\"},\"image\":{\"@id\":\"https:\\\/\\\/visitplentzia.eus\\\/fr\\\/que-faire\\\/oenotourisme\\\/#primaryimage\"},\"thumbnailUrl\":\"https:\\\/\\\/visitplentzia.eus\\\/wp-content\\\/uploads\\\/2023\\\/05\\\/DSC_8513-scaled.jpg\",\"datePublished\":\"2024-06-05T08:23:43+00:00\",\"dateModified\":\"2024-06-25T09:20:09+00:00\",\"description\":\"Uribe est une r\u00e9gion de tradition sp\u00e9cifique au txakoli (vin blanc sec l\u00e9g\u00e8rement p\u00e9tillant), o\u00f9 la superficie couverte par les vignobles et le nombre de caves sont sup\u00e9rieurs \u00e0 la moyenne de la Biscaye.\",\"breadcrumb\":{\"@id\":\"https:\\\/\\\/visitplentzia.eus\\\/fr\\\/que-faire\\\/oenotourisme\\\/#breadcrumb\"},\"inLanguage\":\"fr-FR\",\"potentialAction\":[{\"@type\":\"ReadAction\",\"target\":[\"https:\\\/\\\/visitplentzia.eus\\\/fr\\\/que-faire\\\/oenotourisme\\\/\"]}]},{\"@type\":\"ImageObject\",\"inLanguage\":\"fr-FR\",\"@id\":\"https:\\\/\\\/visitplentzia.eus\\\/fr\\\/que-faire\\\/oenotourisme\\\/#primaryimage\",\"url\":\"https:\\\/\\\/visitplentzia.eus\\\/wp-content\\\/uploads\\\/2023\\\/05\\\/DSC_8513-scaled.jpg\",\"contentUrl\":\"https:\\\/\\\/visitplentzia.eus\\\/wp-content\\\/uploads\\\/2023\\\/05\\\/DSC_8513-scaled.jpg\",\"width\":2560,\"height\":1695},{\"@type\":\"BreadcrumbList\",\"@id\":\"https:\\\/\\\/visitplentzia.eus\\\/fr\\\/que-faire\\\/oenotourisme\\\/#breadcrumb\",\"itemListElement\":[{\"@type\":\"ListItem\",\"position\":1,\"name\":\"Home\",\"item\":\"https:\\\/\\\/visitplentzia.eus\\\/fr\\\/\"},{\"@type\":\"ListItem\",\"position\":2,\"name\":\"Que faire\",\"item\":\"https:\\\/\\\/visitplentzia.eus\\\/fr\\\/que-faire\\\/\"},{\"@type\":\"ListItem\",\"position\":3,\"name\":\"\u0152notourisme\"}]},{\"@type\":\"WebSite\",\"@id\":\"https:\\\/\\\/visitplentzia.eus\\\/fr\\\/#website\",\"url\":\"https:\\\/\\\/visitplentzia.eus\\\/fr\\\/\",\"name\":\"Turismo Plentzia\",\"description\":\"P\u00e1gina oficial de Turismo Plentzia. Visita su hermosa R\u00eda, su bella playa, su puerto y su pintoresco casco antiguo\",\"publisher\":{\"@id\":\"https:\\\/\\\/visitplentzia.eus\\\/fr\\\/#organization\"},\"alternateName\":\"Turismo Plentzia\",\"potentialAction\":[{\"@type\":\"SearchAction\",\"target\":{\"@type\":\"EntryPoint\",\"urlTemplate\":\"https:\\\/\\\/visitplentzia.eus\\\/fr\\\/?s={search_term_string}\"},\"query-input\":{\"@type\":\"PropertyValueSpecification\",\"valueRequired\":true,\"valueName\":\"search_term_string\"}}],\"inLanguage\":\"fr-FR\"},{\"@type\":\"Organization\",\"@id\":\"https:\\\/\\\/visitplentzia.eus\\\/fr\\\/#organization\",\"name\":\"Plentzia turismo\",\"url\":\"https:\\\/\\\/visitplentzia.eus\\\/fr\\\/\",\"logo\":{\"@type\":\"ImageObject\",\"inLanguage\":\"fr-FR\",\"@id\":\"https:\\\/\\\/visitplentzia.eus\\\/fr\\\/#\\\/schema\\\/logo\\\/image\\\/\",\"url\":\"https:\\\/\\\/visitplentzia.eus\\\/wp-content\\\/uploads\\\/2023\\\/04\\\/logo-plentzia.png\",\"contentUrl\":\"https:\\\/\\\/visitplentzia.eus\\\/wp-content\\\/uploads\\\/2023\\\/04\\\/logo-plentzia.png\",\"width\":130,\"height\":117,\"caption\":\"Plentzia turismo\"},\"image\":{\"@id\":\"https:\\\/\\\/visitplentzia.eus\\\/fr\\\/#\\\/schema\\\/logo\\\/image\\\/\"}}]}<\/script>\n<!-- \/ Yoast SEO plugin. -->","yoast_head_json":{"title":"\u0152notourisme - Turismo Plentzia","description":"Uribe est une r\u00e9gion de tradition sp\u00e9cifique au txakoli (vin blanc sec l\u00e9g\u00e8rement p\u00e9tillant), o\u00f9 la superficie couverte par les vignobles et le nombre de caves sont sup\u00e9rieurs \u00e0 la moyenne de la Biscaye.","robots":{"index":"index","follow":"follow","max-snippet":"max-snippet:-1","max-image-preview":"max-image-preview:large","max-video-preview":"max-video-preview:-1"},"canonical":"https:\/\/visitplentzia.eus\/fr\/que-faire\/oenotourisme\/","og_locale":"fr_FR","og_type":"article","og_title":"\u0152notourisme - Turismo Plentzia","og_description":"Uribe est une r\u00e9gion de tradition sp\u00e9cifique au txakoli (vin blanc sec l\u00e9g\u00e8rement p\u00e9tillant), o\u00f9 la superficie couverte par les vignobles et le nombre de caves sont sup\u00e9rieurs \u00e0 la moyenne de la Biscaye.","og_url":"https:\/\/visitplentzia.eus\/fr\/que-faire\/oenotourisme\/","og_site_name":"Turismo Plentzia","article_modified_time":"2024-06-25T09:20:09+00:00","og_image":[{"width":2560,"height":1695,"url":"https:\/\/visitplentzia.eus\/wp-content\/uploads\/2023\/05\/DSC_8513-scaled.jpg","type":"image\/jpeg"}],"twitter_card":"summary_large_image","twitter_misc":{"Dur\u00e9e de lecture estim\u00e9e":"1 minute"},"schema":{"@context":"https:\/\/schema.org","@graph":[{"@type":"WebPage","@id":"https:\/\/visitplentzia.eus\/fr\/que-faire\/oenotourisme\/","url":"https:\/\/visitplentzia.eus\/fr\/que-faire\/oenotourisme\/","name":"\u0152notourisme - Turismo Plentzia","isPartOf":{"@id":"https:\/\/visitplentzia.eus\/fr\/#website"},"primaryImageOfPage":{"@id":"https:\/\/visitplentzia.eus\/fr\/que-faire\/oenotourisme\/#primaryimage"},"image":{"@id":"https:\/\/visitplentzia.eus\/fr\/que-faire\/oenotourisme\/#primaryimage"},"thumbnailUrl":"https:\/\/visitplentzia.eus\/wp-content\/uploads\/2023\/05\/DSC_8513-scaled.jpg","datePublished":"2024-06-05T08:23:43+00:00","dateModified":"2024-06-25T09:20:09+00:00","description":"Uribe est une r\u00e9gion de tradition sp\u00e9cifique au txakoli (vin blanc sec l\u00e9g\u00e8rement p\u00e9tillant), o\u00f9 la superficie couverte par les vignobles et le nombre de caves sont sup\u00e9rieurs \u00e0 la moyenne de la Biscaye.","breadcrumb":{"@id":"https:\/\/visitplentzia.eus\/fr\/que-faire\/oenotourisme\/#breadcrumb"},"inLanguage":"fr-FR","potentialAction":[{"@type":"ReadAction","target":["https:\/\/visitplentzia.eus\/fr\/que-faire\/oenotourisme\/"]}]},{"@type":"ImageObject","inLanguage":"fr-FR","@id":"https:\/\/visitplentzia.eus\/fr\/que-faire\/oenotourisme\/#primaryimage","url":"https:\/\/visitplentzia.eus\/wp-content\/uploads\/2023\/05\/DSC_8513-scaled.jpg","contentUrl":"https:\/\/visitplentzia.eus\/wp-content\/uploads\/2023\/05\/DSC_8513-scaled.jpg","width":2560,"height":1695},{"@type":"BreadcrumbList","@id":"https:\/\/visitplentzia.eus\/fr\/que-faire\/oenotourisme\/#breadcrumb","itemListElement":[{"@type":"ListItem","position":1,"name":"Home","item":"https:\/\/visitplentzia.eus\/fr\/"},{"@type":"ListItem","position":2,"name":"Que faire","item":"https:\/\/visitplentzia.eus\/fr\/que-faire\/"},{"@type":"ListItem","position":3,"name":"\u0152notourisme"}]},{"@type":"WebSite","@id":"https:\/\/visitplentzia.eus\/fr\/#website","url":"https:\/\/visitplentzia.eus\/fr\/","name":"Turismo Plentzia","description":"P\u00e1gina oficial de Turismo Plentzia. Visita su hermosa R\u00eda, su bella playa, su puerto y su pintoresco casco antiguo","publisher":{"@id":"https:\/\/visitplentzia.eus\/fr\/#organization"},"alternateName":"Turismo Plentzia","potentialAction":[{"@type":"SearchAction","target":{"@type":"EntryPoint","urlTemplate":"https:\/\/visitplentzia.eus\/fr\/?s={search_term_string}"},"query-input":{"@type":"PropertyValueSpecification","valueRequired":true,"valueName":"search_term_string"}}],"inLanguage":"fr-FR"},{"@type":"Organization","@id":"https:\/\/visitplentzia.eus\/fr\/#organization","name":"Plentzia turismo","url":"https:\/\/visitplentzia.eus\/fr\/","logo":{"@type":"ImageObject","inLanguage":"fr-FR","@id":"https:\/\/visitplentzia.eus\/fr\/#\/schema\/logo\/image\/","url":"https:\/\/visitplentzia.eus\/wp-content\/uploads\/2023\/04\/logo-plentzia.png","contentUrl":"https:\/\/visitplentzia.eus\/wp-content\/uploads\/2023\/04\/logo-plentzia.png","width":130,"height":117,"caption":"Plentzia turismo"},"image":{"@id":"https:\/\/visitplentzia.eus\/fr\/#\/schema\/logo\/image\/"}}]}},"featured_image_src":"https:\/\/visitplentzia.eus\/wp-content\/uploads\/2023\/05\/DSC_8513-600x400.jpg","featured_image_src_square":"https:\/\/visitplentzia.eus\/wp-content\/uploads\/2023\/05\/DSC_8513-600x600.jpg","publishpress_future_workflow_manual_trigger":{"enabledWorkflows":[]},"_links":{"self":[{"href":"https:\/\/visitplentzia.eus\/fr\/wp-json\/wp\/v2\/pages\/7847","targetHints":{"allow":["GET"]}}],"collection":[{"href":"https:\/\/visitplentzia.eus\/fr\/wp-json\/wp\/v2\/pages"}],"about":[{"href":"https:\/\/visitplentzia.eus\/fr\/wp-json\/wp\/v2\/types\/page"}],"author":[{"embeddable":true,"href":"https:\/\/visitplentzia.eus\/fr\/wp-json\/wp\/v2\/users\/1"}],"replies":[{"embeddable":true,"href":"https:\/\/visitplentzia.eus\/fr\/wp-json\/wp\/v2\/comments?post=7847"}],"version-history":[{"count":2,"href":"https:\/\/visitplentzia.eus\/fr\/wp-json\/wp\/v2\/pages\/7847\/revisions"}],"predecessor-version":[{"id":7849,"href":"https:\/\/visitplentzia.eus\/fr\/wp-json\/wp\/v2\/pages\/7847\/revisions\/7849"}],"up":[{"embeddable":true,"href":"https:\/\/visitplentzia.eus\/fr\/wp-json\/wp\/v2\/pages\/5661"}],"wp:featuredmedia":[{"embeddable":true,"href":"https:\/\/visitplentzia.eus\/fr\/wp-json\/wp\/v2\/media\/5608"}],"wp:attachment":[{"href":"https:\/\/visitplentzia.eus\/fr\/wp-json\/wp\/v2\/media?parent=7847"}],"curies":[{"name":"wp","href":"https:\/\/api.w.org\/{rel}","templated":true}]}}